{"id":987503666,"date":"2024-11-13T13:07:18","date_gmt":"2024-11-13T13:07:18","guid":{"rendered":"https:\/\/converzar.com\/aplicaciones-electricas\/"},"modified":"2025-04-15T09:31:40","modified_gmt":"2025-04-15T09:31:40","slug":"electrical-applications","status":"publish","type":"page","link":"https:\/\/converzar.com\/en\/electrical-applications\/","title":{"rendered":"Electrical applications"},"content":{"rendered":"\t\t<div data-elementor-type=\"wp-page\" data-elementor-id=\"987503666\" class=\"elementor elementor-987503666 elementor-11607\">\n\t\t\t\t<div class=\"elementor-element elementor-element-ebdbdab e-con-full e-flex parallax_section_no qode_elementor_container_no e-con e-parent\" data-id=\"ebdbdab\" data-element_type=\"container\" data-settings=\"{&quot;background_background&quot;:&quot;classic&quot;}\">\n\t\t<div class=\"elementor-element elementor-element-bec1771 e-con-full e-flex parallax_section_no qode_elementor_container_no e-con e-child\" data-id=\"bec1771\" data-element_type=\"container\">\n\t\t\t\t<div class=\"elementor-element elementor-element-7fd385a elementor-widget elementor-widget-heading\" data-id=\"7fd385a\" data-element_type=\"widget\" data-widget_type=\"heading.default\">\n\t\t\t\t<div class=\"elementor-widget-container\">\n\t\t\t\t\t<h1 class=\"elementor-heading-title elementor-size-default\">| Electrical applications<\/h1>\t\t\t\t<\/div>\n\t\t\t\t<\/div>\n\t\t\t\t<div class=\"elementor-element elementor-element-f9358c5 elementor-widget__width-initial elementor-widget elementor-widget-qi_addons_for_elementor_section_title\" data-id=\"f9358c5\" data-element_type=\"widget\" data-widget_type=\"qi_addons_for_elementor_section_title.default\">\n\t\t\t\t<div class=\"elementor-widget-container\">\n\t\t\t\t\t<div class=\"qodef-shortcode qodef-m qodef-qi-section-title qodef-decoration--italic qodef-link--underline-draw qodef-subtitle-icon--left\">\n\t\t\t\t\t\t<h2 class=\"qodef-m-title\">\n\t\tOur solutions are UL certified\t<\/h2>\n\t\t\t<\/div>\n\t\t\t\t<\/div>\n\t\t\t\t<\/div>\n\t\t\t\t<\/div>\n\t\t<div class=\"elementor-element elementor-element-81a34b8 e-con-full e-flex parallax_section_no qode_elementor_container_no e-con e-child\" data-id=\"81a34b8\" data-element_type=\"container\">\n\t\t\t\t<div class=\"elementor-element elementor-element-4f62ae6 elementor-widget__width-auto elementor-widget elementor-widget-bridge_image_gallery\" data-id=\"4f62ae6\" data-element_type=\"widget\" data-widget_type=\"bridge_image_gallery.default\">\n\t\t\t\t<div class=\"elementor-widget-container\">\n\t\t\t\t\t<div class=\"qode-image-gallery\"><div class=\"qode-image-gallery-inner\"><div class=\"qode-image-gallery-slides drag_enabled wpb_image_grid\" data-interval=\"\"data-control=&quot;false&quot;data-direction=&quot;false&quot;data-pause-on-hover=&quot;false&quot;data-drag=&quot;true&quot;><div class=\"gallery_holder\"><ul class=\"gallery_inner   v0\"><li class=\"no_grayscale\"><img decoding=\"async\" src=\"https:\/\/converzar.com\/wp-content\/uploads\/2025\/02\/aplicacionelectrica.jpg\" \/><\/li><\/ul><\/div><\/div><\/div><\/div>\t\t\t\t<\/div>\n\t\t\t\t<\/div>\n\t\t\t\t<\/div>\n\t\t\t\t<\/div>\n\t\t<div class=\"elementor-element elementor-element-1c28ee2 e-flex e-con-boxed parallax_section_no qode_elementor_container_no e-con e-parent\" data-id=\"1c28ee2\" data-element_type=\"container\" data-settings=\"{&quot;background_background&quot;:&quot;classic&quot;}\">\n\t\t\t\t\t<div class=\"e-con-inner\">\n\t\t<div class=\"elementor-element elementor-element-0ef3719 e-con-full e-flex parallax_section_no qode_elementor_container_no e-con e-child\" data-id=\"0ef3719\" data-element_type=\"container\">\n\t\t\t\t<div class=\"elementor-element elementor-element-2479366 elementor-widget__width-initial elementor-widget elementor-widget-qi_addons_for_elementor_section_title\" data-id=\"2479366\" data-element_type=\"widget\" data-widget_type=\"qi_addons_for_elementor_section_title.default\">\n\t\t\t\t<div class=\"elementor-widget-container\">\n\t\t\t\t\t<div class=\"qodef-shortcode qodef-m qodef-qi-section-title qodef-decoration--italic qodef-link--underline-draw qodef-subtitle-icon--left\">\n\t\t\t\t\t\t\t\t<div class=\"qodef-m-text\"><p><span>The<\/span> <span>manufacturing<\/span> <span>of<\/span> <span>electrical<\/span> <span>and<\/span> <span>electronic<\/span> <span>equipment<\/span> <span>presents<\/span> <span>numerous<\/span> <span>technical<\/span> <br \/><span>challenges,<\/span> <span>all<\/span> <span>of<\/span> <span>which<\/span> <span>are<\/span> <span>precisely<\/span> <span>addressed<\/span> <span>by<\/span> <span>our<\/span> <span>high-performance<\/span> <span>adhesive<\/span> <span>tapes.<\/span><\/p><p><br \/><span>These<\/span> <span>solutions<\/span> <span>not<\/span> <span>only<\/span> <span>provide<\/span> <span>reliable<\/span> <span>electrical<\/span> <span>insulation<\/span> <span>but<\/span> <span>also<\/span> <span>offer<\/span> <span>mechanical <\/span><span>protection<\/span> <span>against<\/span> <span>component<\/span> <span>wear.<\/span> <span>In<\/span> <span>industries<\/span> <span>requiring<\/span> <span>strict <\/span><span>electromagnetic<\/span> <span>interference <\/span><span>control,<\/span> <span>our<\/span> <span>shielding<\/span> <span>tapes<\/span> <span>ensure<\/span> <span>effective<\/span> <span>and<\/span> <span>long-lasting<\/span> <span>protection.<\/span><\/p><p><span>Our<\/span> <span>products<\/span> <span>are<\/span> <span>made<\/span> <span>from<\/span> <span>cutting-edge<\/span> <span>materials<\/span> <span>such<\/span> <span>as<\/span> <span>Kapton\u00ae,<\/span> <span>fiberglass, <\/span><span>high-performance<\/span> <span>silicones,<\/span> <span>and<\/span> <span>other<\/span> <span>advanced<\/span> <span>developments<\/span> <span>in<\/span> <span>the<\/span> <span>electronics<\/span> <span>sector.<\/span><\/p><p>\u00a0<\/p><p><span>Many<\/span> <span>of<\/span> <span>these<\/span> <span>materials<\/span> <span>withstand<\/span> <span>extreme <\/span><span>temperatures\u2014some<\/span> <span>up<\/span> <span>to<\/span> <span>450\u00b0C\u2014making<\/span> <span>them <\/span><span>ideal<\/span> <span>for<\/span> <span>high<\/span> <span>thermal-demand<\/span> <span>applications.<\/span> <span>Additionally,<\/span> <span>our<\/span> <span>solutions<\/span> <span>are<\/span> <span>UL-certified, <\/span><span>ensuring<\/span> <span>compliance<\/span> <span>with<\/span> <span>the<\/span> <span>highest<\/span> <span>safety<\/span> <span>standards<\/span> <span>in<\/span> <span>the<\/span> <span>electrical<\/span> <span>industry.<\/span><\/p><\/div>\n\t<\/div>\n\t\t\t\t<\/div>\n\t\t\t\t<\/div>\n\t\t\t\t<\/div>\n\t\t<div class=\"elementor-element elementor-element-ab2d472 e-con-full e-flex parallax_section_no qode_elementor_container_no e-con e-child\" data-id=\"ab2d472\" data-element_type=\"container\">\n\t\t\t\t<div class=\"elementor-element elementor-element-66121c7 elementor-widget elementor-widget-text-editor\" data-id=\"66121c7\" data-element_type=\"widget\" data-widget_type=\"text-editor.default\">\n\t\t\t\t<div class=\"elementor-widget-container\">\n\t\t\t\t\t\t\t\t\t<p><span style=\"color: #ed0928; font-size: 14px;\"><img decoding=\"async\" class=\"alignnone wp-image-11298\" style=\"margin-top: -5px;\" src=\"https:\/\/converzar.com\/wp-content\/uploads\/2024\/10\/Imago_converzar.png\" alt=\"\" width=\"14\" height=\"18\" \/> OUR SOLUTIONS<\/span><\/p>\t\t\t\t\t\t\t\t<\/div>\n\t\t\t\t<\/div>\n\t\t\t\t<div class=\"elementor-element elementor-element-9fc9951 elementor-widget__width-initial elementor-widget elementor-widget-qi_addons_for_elementor_section_title\" data-id=\"9fc9951\" data-element_type=\"widget\" data-widget_type=\"qi_addons_for_elementor_section_title.default\">\n\t\t\t\t<div class=\"elementor-widget-container\">\n\t\t\t\t\t<div class=\"qodef-shortcode qodef-m qodef-qi-section-title qodef-decoration--italic qodef-link--underline-draw qodef-subtitle-icon--left\">\n\t\t\t\t\t\t\t\t<div class=\"qodef-m-text\"><h5 style=\"margin-bottom: 8px\"><span style=\"font-weight: 400\"><span style=\"color: #ed0928\">|<\/span> P<span>recise<\/span> <span>component<\/span> <span>marking<\/span> <span>for<\/span> <span>easy<\/span> <span>identification<\/span> <span>in<\/span> <span>complex<\/span> <span>systems.<\/span>\u00a0<br \/><\/span><\/h5><h5 style=\"margin-bottom: 8px\"><span style=\"font-weight: 400\"><span style=\"color: #ed0928\">|<\/span> S<span>ecure<\/span> <span>cable<\/span> <span>bundling<\/span> <span>to<\/span> <span>optimize<\/span> <span>space<\/span> <span>and<\/span> <span>improve<\/span> <span>workflow.<\/span>\u00a0<\/span><\/h5><h5 style=\"margin-bottom: 8px\"><span style=\"font-weight: 400\"><span style=\"color: #ed0928\">|<\/span> S<span>pecialized<\/span> <span>masking<\/span> <span>during<\/span> <span>soldering<\/span> <span>processes<\/span> <span>to<\/span> <span>protect<\/span> <span>delicate<\/span> <span>components.<\/span> <br \/><\/span><\/h5><h5 style=\"margin-bottom: 8px\"><span style=\"font-weight: 400\"><span style=\"color: #ed0928\">|<\/span> T<span>hermal dissipation for heat-generating electronic devices.<\/span><br \/><\/span><\/h5><\/div>\n\t<\/div>\n\t\t\t\t<\/div>\n\t\t\t\t<\/div>\n\t\t\t\t<div class=\"elementor-element elementor-element-5830647 elementor-widget elementor-widget-bridge_button_v2\" data-id=\"5830647\" data-element_type=\"widget\" data-widget_type=\"bridge_button_v2.default\">\n\t\t\t\t<div class=\"elementor-widget-container\">\n\t\t\t\t\t\n\n\t<a href=\"https:\/\/converzar.com\/en\/capabilities\/\" target=\"_self\" style=\"color: #ED0928;font-family: quicksand;font-size: 20px\" class=\"qode-btn qode-btn-medium qode-btn-simple\"  >\n\t    <span class=\"qode-btn-text\">View capabilities here<\/span>\t<\/a>\n\n\t\t\t\t<\/div>\n\t\t\t\t<\/div>\n\t\t\t\t<\/div>\n\t\t\t\t\t<\/div>\n\t\t\t\t<\/div>\n\t\t\t\t<\/div>\n\t\t","protected":false},"excerpt":{"rendered":"<p>| Electrical applications Our solutions&#8230;<\/p>\n","protected":false},"author":1,"featured_media":0,"parent":0,"menu_order":0,"comment_status":"closed","ping_status":"closed","template":"full_width.php","meta":{"_mbp_gutenberg_autopost":false,"footnotes":""},"class_list":["post-987503666","page","type-page","status-publish","hentry"],"yoast_head":"<!-- This site is optimized with the Yoast SEO plugin v24.8.1 - https:\/\/yoast.com\/wordpress\/plugins\/seo\/ -->\n<title>Adhesivos para Aplicaciones El\u00e9ctricas | Converzar<\/title>\n<meta name=\"description\" content=\"Asegura conexiones el\u00e9ctricas seguras con adhesivos industriales de alta calidad. Resistencia diel\u00e9ctrica y fiabilidad en cada aplicaci\u00f3n.\" \/>\n<meta name=\"robots\" content=\"index, follow, max-snippet:-1, max-image-preview:large, max-video-preview:-1\" \/>\n<link rel=\"canonical\" href=\"https:\/\/converzar.com\/en\/electrical-applications\/\" \/>\n<meta property=\"og:locale\" content=\"en_US\" \/>\n<meta property=\"og:type\" content=\"article\" \/>\n<meta property=\"og:title\" content=\"Adhesivos para Aplicaciones El\u00e9ctricas | Converzar\" \/>\n<meta property=\"og:description\" content=\"Asegura conexiones el\u00e9ctricas seguras con adhesivos industriales de alta calidad. Resistencia diel\u00e9ctrica y fiabilidad en cada aplicaci\u00f3n.\" \/>\n<meta property=\"og:url\" content=\"https:\/\/converzar.com\/en\/electrical-applications\/\" \/>\n<meta property=\"og:site_name\" content=\"Converzar\" \/>\n<meta property=\"article:modified_time\" content=\"2025-04-15T09:31:40+00:00\" \/>\n<meta property=\"og:image\" content=\"https:\/\/converzar.com\/wp-content\/uploads\/2025\/02\/aplicacionelectrica.jpg\" \/>\n<meta name=\"twitter:card\" content=\"summary_large_image\" \/>\n<meta name=\"twitter:label1\" content=\"Est. reading time\" \/>\n\t<meta name=\"twitter:data1\" content=\"2 minutes\" \/>\n<script type=\"application\/ld+json\" class=\"yoast-schema-graph\">{\"@context\":\"https:\/\/schema.org\",\"@graph\":[{\"@type\":\"WebPage\",\"@id\":\"https:\/\/converzar.com\/en\/electrical-applications\/\",\"url\":\"https:\/\/converzar.com\/en\/electrical-applications\/\",\"name\":\"Adhesivos para Aplicaciones El\u00e9ctricas | Converzar\",\"isPartOf\":{\"@id\":\"https:\/\/converzar.com\/en\/#website\"},\"primaryImageOfPage\":{\"@id\":\"https:\/\/converzar.com\/en\/electrical-applications\/#primaryimage\"},\"image\":{\"@id\":\"https:\/\/converzar.com\/en\/electrical-applications\/#primaryimage\"},\"thumbnailUrl\":\"https:\/\/converzar.com\/wp-content\/uploads\/2025\/02\/aplicacionelectrica.jpg\",\"datePublished\":\"2024-11-13T13:07:18+00:00\",\"dateModified\":\"2025-04-15T09:31:40+00:00\",\"description\":\"Asegura conexiones el\u00e9ctricas seguras con adhesivos industriales de alta calidad. Resistencia diel\u00e9ctrica y fiabilidad en cada aplicaci\u00f3n.\",\"breadcrumb\":{\"@id\":\"https:\/\/converzar.com\/en\/electrical-applications\/#breadcrumb\"},\"inLanguage\":\"en-US\",\"potentialAction\":[{\"@type\":\"ReadAction\",\"target\":[\"https:\/\/converzar.com\/en\/electrical-applications\/\"]}]},{\"@type\":\"ImageObject\",\"inLanguage\":\"en-US\",\"@id\":\"https:\/\/converzar.com\/en\/electrical-applications\/#primaryimage\",\"url\":\"https:\/\/converzar.com\/wp-content\/uploads\/2025\/02\/aplicacionelectrica.jpg\",\"contentUrl\":\"https:\/\/converzar.com\/wp-content\/uploads\/2025\/02\/aplicacionelectrica.jpg\"},{\"@type\":\"BreadcrumbList\",\"@id\":\"https:\/\/converzar.com\/en\/electrical-applications\/#breadcrumb\",\"itemListElement\":[{\"@type\":\"ListItem\",\"position\":1,\"name\":\"Portada\",\"item\":\"https:\/\/converzar.com\/en\/\"},{\"@type\":\"ListItem\",\"position\":2,\"name\":\"Electrical applications\"}]},{\"@type\":\"WebSite\",\"@id\":\"https:\/\/converzar.com\/en\/#website\",\"url\":\"https:\/\/converzar.com\/en\/\",\"name\":\"Converzar\",\"description\":\"\",\"potentialAction\":[{\"@type\":\"SearchAction\",\"target\":{\"@type\":\"EntryPoint\",\"urlTemplate\":\"https:\/\/converzar.com\/en\/?s={search_term_string}\"},\"query-input\":{\"@type\":\"PropertyValueSpecification\",\"valueRequired\":true,\"valueName\":\"search_term_string\"}}],\"inLanguage\":\"en-US\"}]}<\/script>\n<!-- \/ Yoast SEO plugin. -->","yoast_head_json":{"title":"Adhesivos para Aplicaciones El\u00e9ctricas | Converzar","description":"Asegura conexiones el\u00e9ctricas seguras con adhesivos industriales de alta calidad. Resistencia diel\u00e9ctrica y fiabilidad en cada aplicaci\u00f3n.","robots":{"index":"index","follow":"follow","max-snippet":"max-snippet:-1","max-image-preview":"max-image-preview:large","max-video-preview":"max-video-preview:-1"},"canonical":"https:\/\/converzar.com\/en\/electrical-applications\/","og_locale":"en_US","og_type":"article","og_title":"Adhesivos para Aplicaciones El\u00e9ctricas | Converzar","og_description":"Asegura conexiones el\u00e9ctricas seguras con adhesivos industriales de alta calidad. Resistencia diel\u00e9ctrica y fiabilidad en cada aplicaci\u00f3n.","og_url":"https:\/\/converzar.com\/en\/electrical-applications\/","og_site_name":"Converzar","article_modified_time":"2025-04-15T09:31:40+00:00","og_image":[{"url":"https:\/\/converzar.com\/wp-content\/uploads\/2025\/02\/aplicacionelectrica.jpg","type":"","width":"","height":""}],"twitter_card":"summary_large_image","twitter_misc":{"Est. reading time":"2 minutes"},"schema":{"@context":"https:\/\/schema.org","@graph":[{"@type":"WebPage","@id":"https:\/\/converzar.com\/en\/electrical-applications\/","url":"https:\/\/converzar.com\/en\/electrical-applications\/","name":"Adhesivos para Aplicaciones El\u00e9ctricas | Converzar","isPartOf":{"@id":"https:\/\/converzar.com\/en\/#website"},"primaryImageOfPage":{"@id":"https:\/\/converzar.com\/en\/electrical-applications\/#primaryimage"},"image":{"@id":"https:\/\/converzar.com\/en\/electrical-applications\/#primaryimage"},"thumbnailUrl":"https:\/\/converzar.com\/wp-content\/uploads\/2025\/02\/aplicacionelectrica.jpg","datePublished":"2024-11-13T13:07:18+00:00","dateModified":"2025-04-15T09:31:40+00:00","description":"Asegura conexiones el\u00e9ctricas seguras con adhesivos industriales de alta calidad. Resistencia diel\u00e9ctrica y fiabilidad en cada aplicaci\u00f3n.","breadcrumb":{"@id":"https:\/\/converzar.com\/en\/electrical-applications\/#breadcrumb"},"inLanguage":"en-US","potentialAction":[{"@type":"ReadAction","target":["https:\/\/converzar.com\/en\/electrical-applications\/"]}]},{"@type":"ImageObject","inLanguage":"en-US","@id":"https:\/\/converzar.com\/en\/electrical-applications\/#primaryimage","url":"https:\/\/converzar.com\/wp-content\/uploads\/2025\/02\/aplicacionelectrica.jpg","contentUrl":"https:\/\/converzar.com\/wp-content\/uploads\/2025\/02\/aplicacionelectrica.jpg"},{"@type":"BreadcrumbList","@id":"https:\/\/converzar.com\/en\/electrical-applications\/#breadcrumb","itemListElement":[{"@type":"ListItem","position":1,"name":"Portada","item":"https:\/\/converzar.com\/en\/"},{"@type":"ListItem","position":2,"name":"Electrical applications"}]},{"@type":"WebSite","@id":"https:\/\/converzar.com\/en\/#website","url":"https:\/\/converzar.com\/en\/","name":"Converzar","description":"","potentialAction":[{"@type":"SearchAction","target":{"@type":"EntryPoint","urlTemplate":"https:\/\/converzar.com\/en\/?s={search_term_string}"},"query-input":{"@type":"PropertyValueSpecification","valueRequired":true,"valueName":"search_term_string"}}],"inLanguage":"en-US"}]}},"_links":{"self":[{"href":"https:\/\/converzar.com\/en\/wp-json\/wp\/v2\/pages\/987503666","targetHints":{"allow":["GET"]}}],"collection":[{"href":"https:\/\/converzar.com\/en\/wp-json\/wp\/v2\/pages"}],"about":[{"href":"https:\/\/converzar.com\/en\/wp-json\/wp\/v2\/types\/page"}],"author":[{"embeddable":true,"href":"https:\/\/converzar.com\/en\/wp-json\/wp\/v2\/users\/1"}],"replies":[{"embeddable":true,"href":"https:\/\/converzar.com\/en\/wp-json\/wp\/v2\/comments?post=987503666"}],"version-history":[{"count":11,"href":"https:\/\/converzar.com\/en\/wp-json\/wp\/v2\/pages\/987503666\/revisions"}],"predecessor-version":[{"id":987504117,"href":"https:\/\/converzar.com\/en\/wp-json\/wp\/v2\/pages\/987503666\/revisions\/987504117"}],"wp:attachment":[{"href":"https:\/\/converzar.com\/en\/wp-json\/wp\/v2\/media?parent=987503666"}],"curies":[{"name":"wp","href":"https:\/\/api.w.org\/{rel}","templated":true}]}}