{"id":987503681,"date":"2024-11-13T14:36:46","date_gmt":"2024-11-13T14:36:46","guid":{"rendered":"https:\/\/converzar.com\/masking\/"},"modified":"2025-04-15T09:35:45","modified_gmt":"2025-04-15T09:35:45","slug":"masking","status":"publish","type":"page","link":"https:\/\/converzar.com\/en\/masking\/","title":{"rendered":"Masking"},"content":{"rendered":"\t\t<div data-elementor-type=\"wp-page\" data-elementor-id=\"987503681\" class=\"elementor elementor-987503681 elementor-11674\">\n\t\t\t\t<div class=\"elementor-element elementor-element-ebdbdab e-con-full e-flex parallax_section_no qode_elementor_container_no e-con e-parent\" data-id=\"ebdbdab\" data-element_type=\"container\" data-settings=\"{&quot;background_background&quot;:&quot;classic&quot;}\">\n\t\t<div class=\"elementor-element elementor-element-bec1771 e-con-full e-flex parallax_section_no qode_elementor_container_no e-con e-child\" data-id=\"bec1771\" data-element_type=\"container\">\n\t\t\t\t<div class=\"elementor-element elementor-element-7fd385a elementor-widget elementor-widget-heading\" data-id=\"7fd385a\" data-element_type=\"widget\" data-widget_type=\"heading.default\">\n\t\t\t\t<div class=\"elementor-widget-container\">\n\t\t\t\t\t<h1 class=\"elementor-heading-title elementor-size-default\">| Masking<\/h1>\t\t\t\t<\/div>\n\t\t\t\t<\/div>\n\t\t\t\t<div class=\"elementor-element elementor-element-f9358c5 elementor-widget__width-initial elementor-widget elementor-widget-qi_addons_for_elementor_section_title\" data-id=\"f9358c5\" data-element_type=\"widget\" data-widget_type=\"qi_addons_for_elementor_section_title.default\">\n\t\t\t\t<div class=\"elementor-widget-container\">\n\t\t\t\t\t<div class=\"qodef-shortcode qodef-m qodef-qi-section-title qodef-decoration--italic qodef-link--underline-draw qodef-subtitle-icon--left\">\n\t\t\t\t\t\t<h2 class=\"qodef-m-title\">\n\t\tMasking solutions for all industries\t<\/h2>\n\t\t\t<\/div>\n\t\t\t\t<\/div>\n\t\t\t\t<\/div>\n\t\t\t\t<\/div>\n\t\t<div class=\"elementor-element elementor-element-81a34b8 e-con-full e-flex parallax_section_no qode_elementor_container_no e-con e-child\" data-id=\"81a34b8\" data-element_type=\"container\">\n\t\t\t\t<div class=\"elementor-element elementor-element-4f62ae6 elementor-widget__width-auto elementor-widget elementor-widget-bridge_image_gallery\" data-id=\"4f62ae6\" data-element_type=\"widget\" data-widget_type=\"bridge_image_gallery.default\">\n\t\t\t\t<div class=\"elementor-widget-container\">\n\t\t\t\t\t<div class=\"qode-image-gallery\"><div class=\"qode-image-gallery-inner\"><div class=\"qode-image-gallery-slides drag_enabled wpb_image_grid\" data-interval=\"\"data-control=&quot;false&quot;data-direction=&quot;false&quot;data-pause-on-hover=&quot;false&quot;data-drag=&quot;true&quot;><div class=\"gallery_holder\"><ul class=\"gallery_inner   v0\"><li class=\"no_grayscale\"><img decoding=\"async\" src=\"https:\/\/converzar.com\/wp-content\/uploads\/2025\/02\/Masking.jpg\" \/><\/li><\/ul><\/div><\/div><\/div><\/div>\t\t\t\t<\/div>\n\t\t\t\t<\/div>\n\t\t\t\t<\/div>\n\t\t\t\t<\/div>\n\t\t<div class=\"elementor-element elementor-element-1c28ee2 e-flex e-con-boxed parallax_section_no qode_elementor_container_no e-con e-parent\" data-id=\"1c28ee2\" data-element_type=\"container\" data-settings=\"{&quot;background_background&quot;:&quot;classic&quot;}\">\n\t\t\t\t\t<div class=\"e-con-inner\">\n\t\t<div class=\"elementor-element elementor-element-0ef3719 e-con-full e-flex parallax_section_no qode_elementor_container_no e-con e-child\" data-id=\"0ef3719\" data-element_type=\"container\">\n\t\t\t\t<div class=\"elementor-element elementor-element-2479366 elementor-widget__width-initial elementor-widget elementor-widget-qi_addons_for_elementor_section_title\" data-id=\"2479366\" data-element_type=\"widget\" data-widget_type=\"qi_addons_for_elementor_section_title.default\">\n\t\t\t\t<div class=\"elementor-widget-container\">\n\t\t\t\t\t<div class=\"qodef-shortcode qodef-m qodef-qi-section-title qodef-decoration--italic qodef-link--underline-draw qodef-subtitle-icon--left\">\n\t\t\t\t\t\t\t\t<div class=\"qodef-m-text\"><p><span>Masking<\/span> <span>is<\/span> <span>a<\/span> <span>crucial<\/span> <span>solution<\/span> <span>in<\/span> <span>a<\/span> <span>wide<\/span> <span>range<\/span> <span>of<\/span> <span>industries,<\/span> <span>from<\/span> <span>construction<\/span> <span>to<\/span> <span>automotive <\/span><span>and<\/span> <span>appliance<\/span> <span>manufacturing.<\/span> <span>Our<\/span> <span>masking<\/span> <span>tapes<\/span> <span>are<\/span> <span>designed<\/span> <span>for<\/span> <span>industrial<\/span> <span>processes<\/span> <span>that <\/span><span>require<\/span> <span>precision<\/span> <span>and<\/span> <span>durability,<\/span> <span>protecting<\/span> <span>surfaces<\/span> <span>during<\/span> <span>surface<\/span> <span>treatments,<\/span> <span>industrial <\/span><span>painting,<\/span> <span>or<\/span> <span>metallic<\/span> <span>coating<\/span> <span>applications.<\/span><\/p><p><span>We<\/span> <span>offer<\/span> <span>a<\/span> <span>complete<\/span> <span>range<\/span> <span>of<\/span> <span>masking<\/span> <span>tapes,<\/span> <span>from<\/span> <span>simple<\/span> <span>and<\/span> <span>cost-effective<\/span> <span>paper-based <\/span><span>options<\/span> <span>to<\/span> <span>advanced<\/span> <span>solutions<\/span> <span>for<\/span> <span>robotic<\/span> <span>applications<\/span> <span>in<\/span> <span>the<\/span> <span>automotive<\/span> <span>industry.<\/span><\/p><\/div>\n\t<\/div>\n\t\t\t\t<\/div>\n\t\t\t\t<\/div>\n\t\t\t\t<\/div>\n\t\t<div class=\"elementor-element elementor-element-ab2d472 e-con-full e-flex parallax_section_no qode_elementor_container_no e-con e-child\" data-id=\"ab2d472\" data-element_type=\"container\">\n\t\t\t\t<div class=\"elementor-element elementor-element-9fc9951 elementor-widget__width-initial elementor-widget elementor-widget-qi_addons_for_elementor_section_title\" data-id=\"9fc9951\" data-element_type=\"widget\" data-widget_type=\"qi_addons_for_elementor_section_title.default\">\n\t\t\t\t<div class=\"elementor-widget-container\">\n\t\t\t\t\t<div class=\"qodef-shortcode qodef-m qodef-qi-section-title qodef-decoration--italic qodef-link--underline-draw qodef-subtitle-icon--left\">\n\t\t\t\t\t\t\t\t<div class=\"qodef-m-text\"><p style=\"margin-bottom: 8px\"><span style=\"font-weight: 400\"><span style=\"color: #ed0928;font-size: 14px\"><img decoding=\"async\" class=\"alignnone wp-image-11298\" src=\"https:\/\/converzar.com\/wp-content\/uploads\/2024\/10\/Imago_converzar.png\" alt=\"\" width=\"14\" height=\"18\" \/><\/span> Depending on the specific usage requirements, our solutions include materials such as <span style=\"color: #ed0928\">technical paper, specialized fabrics, or high-resisance technical films.<\/span><\/span><\/p><\/div>\n\t<\/div>\n\t\t\t\t<\/div>\n\t\t\t\t<\/div>\n\t\t\t\t<div class=\"elementor-element elementor-element-8a9d38f elementor-widget elementor-widget-bridge_button_v2\" data-id=\"8a9d38f\" data-element_type=\"widget\" data-widget_type=\"bridge_button_v2.default\">\n\t\t\t\t<div class=\"elementor-widget-container\">\n\t\t\t\t\t\n\n\t<a href=\"https:\/\/converzar.com\/en\/capabilities\/\" target=\"_self\" style=\"color: #ED0928;font-family: quicksand;font-size: 20px\" class=\"qode-btn qode-btn-medium qode-btn-simple\"  >\n\t    <span class=\"qode-btn-text\">View capabilities here<\/span>\t<\/a>\n\n\t\t\t\t<\/div>\n\t\t\t\t<\/div>\n\t\t\t\t<\/div>\n\t\t\t\t\t<\/div>\n\t\t\t\t<\/div>\n\t\t\t\t<\/div>\n\t\t","protected":false},"excerpt":{"rendered":"<p>| Masking Masking solutions for&#8230;<\/p>\n","protected":false},"author":1,"featured_media":0,"parent":0,"menu_order":0,"comment_status":"closed","ping_status":"closed","template":"full_width.php","meta":{"_mbp_gutenberg_autopost":false,"footnotes":""},"class_list":["post-987503681","page","type-page","status-publish","hentry"],"yoast_head":"<!-- This site is optimized with the Yoast SEO plugin v24.8.1 - https:\/\/yoast.com\/wordpress\/plugins\/seo\/ -->\n<title>Adhesivos para Masking y Protecci\u00f3n de Superficies | Converzar<\/title>\n<meta name=\"description\" content=\"Adhesivos de alta precisi\u00f3n para procesos de masking. Protecci\u00f3n eficaz en pintura, recubrimientos y tratamientos industriales.\" \/>\n<meta name=\"robots\" content=\"index, follow, max-snippet:-1, max-image-preview:large, max-video-preview:-1\" \/>\n<link rel=\"canonical\" href=\"https:\/\/converzar.com\/en\/masking\/\" \/>\n<meta property=\"og:locale\" content=\"en_US\" \/>\n<meta property=\"og:type\" content=\"article\" \/>\n<meta property=\"og:title\" content=\"Adhesivos para Masking y Protecci\u00f3n de Superficies | Converzar\" \/>\n<meta property=\"og:description\" content=\"Adhesivos de alta precisi\u00f3n para procesos de masking. Protecci\u00f3n eficaz en pintura, recubrimientos y tratamientos industriales.\" \/>\n<meta property=\"og:url\" content=\"https:\/\/converzar.com\/en\/masking\/\" \/>\n<meta property=\"og:site_name\" content=\"Converzar\" \/>\n<meta property=\"article:modified_time\" content=\"2025-04-15T09:35:45+00:00\" \/>\n<meta property=\"og:image\" content=\"https:\/\/converzar.com\/wp-content\/uploads\/2025\/02\/Masking.jpg\" \/>\n<meta name=\"twitter:card\" content=\"summary_large_image\" \/>\n<meta name=\"twitter:label1\" content=\"Est. reading time\" \/>\n\t<meta name=\"twitter:data1\" content=\"1 minute\" \/>\n<script type=\"application\/ld+json\" class=\"yoast-schema-graph\">{\"@context\":\"https:\/\/schema.org\",\"@graph\":[{\"@type\":\"WebPage\",\"@id\":\"https:\/\/converzar.com\/en\/masking\/\",\"url\":\"https:\/\/converzar.com\/en\/masking\/\",\"name\":\"Adhesivos para Masking y Protecci\u00f3n de Superficies | Converzar\",\"isPartOf\":{\"@id\":\"https:\/\/converzar.com\/en\/#website\"},\"primaryImageOfPage\":{\"@id\":\"https:\/\/converzar.com\/en\/masking\/#primaryimage\"},\"image\":{\"@id\":\"https:\/\/converzar.com\/en\/masking\/#primaryimage\"},\"thumbnailUrl\":\"https:\/\/converzar.com\/wp-content\/uploads\/2025\/02\/Masking.jpg\",\"datePublished\":\"2024-11-13T14:36:46+00:00\",\"dateModified\":\"2025-04-15T09:35:45+00:00\",\"description\":\"Adhesivos de alta precisi\u00f3n para procesos de masking. Protecci\u00f3n eficaz en pintura, recubrimientos y tratamientos industriales.\",\"breadcrumb\":{\"@id\":\"https:\/\/converzar.com\/en\/masking\/#breadcrumb\"},\"inLanguage\":\"en-US\",\"potentialAction\":[{\"@type\":\"ReadAction\",\"target\":[\"https:\/\/converzar.com\/en\/masking\/\"]}]},{\"@type\":\"ImageObject\",\"inLanguage\":\"en-US\",\"@id\":\"https:\/\/converzar.com\/en\/masking\/#primaryimage\",\"url\":\"https:\/\/converzar.com\/wp-content\/uploads\/2025\/02\/Masking.jpg\",\"contentUrl\":\"https:\/\/converzar.com\/wp-content\/uploads\/2025\/02\/Masking.jpg\"},{\"@type\":\"BreadcrumbList\",\"@id\":\"https:\/\/converzar.com\/en\/masking\/#breadcrumb\",\"itemListElement\":[{\"@type\":\"ListItem\",\"position\":1,\"name\":\"Portada\",\"item\":\"https:\/\/converzar.com\/en\/\"},{\"@type\":\"ListItem\",\"position\":2,\"name\":\"Masking\"}]},{\"@type\":\"WebSite\",\"@id\":\"https:\/\/converzar.com\/en\/#website\",\"url\":\"https:\/\/converzar.com\/en\/\",\"name\":\"Converzar\",\"description\":\"\",\"potentialAction\":[{\"@type\":\"SearchAction\",\"target\":{\"@type\":\"EntryPoint\",\"urlTemplate\":\"https:\/\/converzar.com\/en\/?s={search_term_string}\"},\"query-input\":{\"@type\":\"PropertyValueSpecification\",\"valueRequired\":true,\"valueName\":\"search_term_string\"}}],\"inLanguage\":\"en-US\"}]}<\/script>\n<!-- \/ Yoast SEO plugin. -->","yoast_head_json":{"title":"Adhesivos para Masking y Protecci\u00f3n de Superficies | Converzar","description":"Adhesivos de alta precisi\u00f3n para procesos de masking. Protecci\u00f3n eficaz en pintura, recubrimientos y tratamientos industriales.","robots":{"index":"index","follow":"follow","max-snippet":"max-snippet:-1","max-image-preview":"max-image-preview:large","max-video-preview":"max-video-preview:-1"},"canonical":"https:\/\/converzar.com\/en\/masking\/","og_locale":"en_US","og_type":"article","og_title":"Adhesivos para Masking y Protecci\u00f3n de Superficies | Converzar","og_description":"Adhesivos de alta precisi\u00f3n para procesos de masking. Protecci\u00f3n eficaz en pintura, recubrimientos y tratamientos industriales.","og_url":"https:\/\/converzar.com\/en\/masking\/","og_site_name":"Converzar","article_modified_time":"2025-04-15T09:35:45+00:00","og_image":[{"url":"https:\/\/converzar.com\/wp-content\/uploads\/2025\/02\/Masking.jpg","type":"","width":"","height":""}],"twitter_card":"summary_large_image","twitter_misc":{"Est. reading time":"1 minute"},"schema":{"@context":"https:\/\/schema.org","@graph":[{"@type":"WebPage","@id":"https:\/\/converzar.com\/en\/masking\/","url":"https:\/\/converzar.com\/en\/masking\/","name":"Adhesivos para Masking y Protecci\u00f3n de Superficies | Converzar","isPartOf":{"@id":"https:\/\/converzar.com\/en\/#website"},"primaryImageOfPage":{"@id":"https:\/\/converzar.com\/en\/masking\/#primaryimage"},"image":{"@id":"https:\/\/converzar.com\/en\/masking\/#primaryimage"},"thumbnailUrl":"https:\/\/converzar.com\/wp-content\/uploads\/2025\/02\/Masking.jpg","datePublished":"2024-11-13T14:36:46+00:00","dateModified":"2025-04-15T09:35:45+00:00","description":"Adhesivos de alta precisi\u00f3n para procesos de masking. Protecci\u00f3n eficaz en pintura, recubrimientos y tratamientos industriales.","breadcrumb":{"@id":"https:\/\/converzar.com\/en\/masking\/#breadcrumb"},"inLanguage":"en-US","potentialAction":[{"@type":"ReadAction","target":["https:\/\/converzar.com\/en\/masking\/"]}]},{"@type":"ImageObject","inLanguage":"en-US","@id":"https:\/\/converzar.com\/en\/masking\/#primaryimage","url":"https:\/\/converzar.com\/wp-content\/uploads\/2025\/02\/Masking.jpg","contentUrl":"https:\/\/converzar.com\/wp-content\/uploads\/2025\/02\/Masking.jpg"},{"@type":"BreadcrumbList","@id":"https:\/\/converzar.com\/en\/masking\/#breadcrumb","itemListElement":[{"@type":"ListItem","position":1,"name":"Portada","item":"https:\/\/converzar.com\/en\/"},{"@type":"ListItem","position":2,"name":"Masking"}]},{"@type":"WebSite","@id":"https:\/\/converzar.com\/en\/#website","url":"https:\/\/converzar.com\/en\/","name":"Converzar","description":"","potentialAction":[{"@type":"SearchAction","target":{"@type":"EntryPoint","urlTemplate":"https:\/\/converzar.com\/en\/?s={search_term_string}"},"query-input":{"@type":"PropertyValueSpecification","valueRequired":true,"valueName":"search_term_string"}}],"inLanguage":"en-US"}]}},"_links":{"self":[{"href":"https:\/\/converzar.com\/en\/wp-json\/wp\/v2\/pages\/987503681","targetHints":{"allow":["GET"]}}],"collection":[{"href":"https:\/\/converzar.com\/en\/wp-json\/wp\/v2\/pages"}],"about":[{"href":"https:\/\/converzar.com\/en\/wp-json\/wp\/v2\/types\/page"}],"author":[{"embeddable":true,"href":"https:\/\/converzar.com\/en\/wp-json\/wp\/v2\/users\/1"}],"replies":[{"embeddable":true,"href":"https:\/\/converzar.com\/en\/wp-json\/wp\/v2\/comments?post=987503681"}],"version-history":[{"count":9,"href":"https:\/\/converzar.com\/en\/wp-json\/wp\/v2\/pages\/987503681\/revisions"}],"predecessor-version":[{"id":987504123,"href":"https:\/\/converzar.com\/en\/wp-json\/wp\/v2\/pages\/987503681\/revisions\/987504123"}],"wp:attachment":[{"href":"https:\/\/converzar.com\/en\/wp-json\/wp\/v2\/media?parent=987503681"}],"curies":[{"name":"wp","href":"https:\/\/api.w.org\/{rel}","templated":true}]}}