{"id":987503762,"date":"2024-11-27T09:01:02","date_gmt":"2024-11-27T09:01:02","guid":{"rendered":"https:\/\/converzar.com\/corte-cuchilla-plotter\/"},"modified":"2025-04-11T10:39:27","modified_gmt":"2025-04-11T10:39:27","slug":"knife-cutting-plotter","status":"publish","type":"page","link":"https:\/\/converzar.com\/en\/knife-cutting-plotter\/","title":{"rendered":"Knife cutting-plotter"},"content":{"rendered":"\t\t<div data-elementor-type=\"wp-page\" data-elementor-id=\"987503762\" class=\"elementor elementor-987503762 elementor-987502418\">\n\t\t\t\t<div class=\"elementor-element elementor-element-ebdbdab e-con-full e-flex parallax_section_no qode_elementor_container_no e-con e-parent\" data-id=\"ebdbdab\" data-element_type=\"container\" data-settings=\"{&quot;background_background&quot;:&quot;classic&quot;}\">\n\t\t<div class=\"elementor-element elementor-element-bec1771 e-con-full e-flex parallax_section_no qode_elementor_container_no e-con e-child\" data-id=\"bec1771\" data-element_type=\"container\">\n\t\t\t\t<div class=\"elementor-element elementor-element-ddc33aa elementor-widget__width-initial elementor-widget elementor-widget-heading\" data-id=\"ddc33aa\" data-element_type=\"widget\" data-widget_type=\"heading.default\">\n\t\t\t\t<div class=\"elementor-widget-container\">\n\t\t\t\t\t<h2 class=\"elementor-heading-title elementor-size-default\">| Knife cutting- plotter<\/h2>\t\t\t\t<\/div>\n\t\t\t\t<\/div>\n\t\t\t\t<div class=\"elementor-element elementor-element-8f77c5a elementor-widget elementor-widget-text-editor\" data-id=\"8f77c5a\" data-element_type=\"widget\" data-widget_type=\"text-editor.default\">\n\t\t\t\t<div class=\"elementor-widget-container\">\n\t\t\t\t\t\t\t\t\t<p><span dir=\"ltr\" role=\"presentation\">&#8220;Die-cutting<\/span> <span dir=\"ltr\" role=\"presentation\">without<\/span> <span dir=\"ltr\" role=\"presentation\">a<\/span> <span dir=\"ltr\" role=\"presentation\">die&#8221;<\/span> <span dir=\"ltr\" role=\"presentation\">has<\/span> <span dir=\"ltr\" role=\"presentation\">multiple<\/span> <span dir=\"ltr\" role=\"presentation\">applications<\/span> <span dir=\"ltr\" role=\"presentation\">for<\/span> <span dir=\"ltr\" role=\"presentation\">large<\/span> <span dir=\"ltr\" role=\"presentation\">or<\/span> <span dir=\"ltr\" role=\"presentation\">extra-large<\/span> <span dir=\"ltr\" role=\"presentation\">pieces<\/span> <span dir=\"ltr\" role=\"presentation\">and<\/span> <span dir=\"ltr\" role=\"presentation\">highly <\/span><span dir=\"ltr\" role=\"presentation\">flexible<\/span> <span dir=\"ltr\" role=\"presentation\">production<\/span> <span dir=\"ltr\" role=\"presentation\">runs.<\/span> <span dir=\"ltr\" role=\"presentation\">An<\/span> <span dir=\"ltr\" role=\"presentation\">oscillating<\/span> <span dir=\"ltr\" role=\"presentation\">blade,<\/span> <span dir=\"ltr\" role=\"presentation\">along<\/span> <span dir=\"ltr\" role=\"presentation\">with<\/span> <span dir=\"ltr\" role=\"presentation\">auxiliary<\/span> <span dir=\"ltr\" role=\"presentation\">punching<\/span> <span dir=\"ltr\" role=\"presentation\">and<\/span> <span dir=\"ltr\" role=\"presentation\">engraving <\/span><span dir=\"ltr\" role=\"presentation\">tools,<\/span> <span dir=\"ltr\" role=\"presentation\">follows<\/span> <span dir=\"ltr\" role=\"presentation\">CAD-designed<\/span> <span dir=\"ltr\" role=\"presentation\">paths<\/span> <span dir=\"ltr\" role=\"presentation\">to<\/span> <span dir=\"ltr\" role=\"presentation\">cut<\/span> <span dir=\"ltr\" role=\"presentation\">materials.<\/span> <span dir=\"ltr\" role=\"presentation\">We<\/span> <span dir=\"ltr\" role=\"presentation\">can<\/span> <span dir=\"ltr\" role=\"presentation\">process<\/span> <span dir=\"ltr\" role=\"presentation\">flexible<\/span> <span dir=\"ltr\" role=\"presentation\">materials<\/span> <span dir=\"ltr\" role=\"presentation\">up<\/span> <span dir=\"ltr\" role=\"presentation\">to <\/span><span dir=\"ltr\" role=\"presentation\">3<\/span> <span dir=\"ltr\" role=\"presentation\">meters<\/span> <span dir=\"ltr\" role=\"presentation\">wide,<\/span> <span dir=\"ltr\" role=\"presentation\">40<\/span> <span dir=\"ltr\" role=\"presentation\">mm<\/span> <span dir=\"ltr\" role=\"presentation\">thick,<\/span> <span dir=\"ltr\" role=\"presentation\">and<\/span> <span dir=\"ltr\" role=\"presentation\">virtually<\/span> <span dir=\"ltr\" role=\"presentation\">any<\/span> <span dir=\"ltr\" role=\"presentation\">length<\/span> <span dir=\"ltr\" role=\"presentation\">using<\/span> <span dir=\"ltr\" role=\"presentation\">our<\/span> <span dir=\"ltr\" role=\"presentation\">six<\/span> <span dir=\"ltr\" role=\"presentation\">static<\/span> <span dir=\"ltr\" role=\"presentation\">or<\/span> <span dir=\"ltr\" role=\"presentation\">conveyorized<\/span> <br role=\"presentation\" \/><span dir=\"ltr\" role=\"presentation\">plotter<\/span> <span dir=\"ltr\" role=\"presentation\">tables.<\/span><\/p>\t\t\t\t\t\t\t\t<\/div>\n\t\t\t\t<\/div>\n\t\t\t\t<\/div>\n\t\t<div class=\"elementor-element elementor-element-81a34b8 e-con-full e-flex parallax_section_no qode_elementor_container_no e-con e-child\" data-id=\"81a34b8\" data-element_type=\"container\">\n\t\t\t\t<div class=\"elementor-element elementor-element-4f62ae6 elementor-widget__width-auto elementor-widget elementor-widget-bridge_image_gallery\" data-id=\"4f62ae6\" data-element_type=\"widget\" data-widget_type=\"bridge_image_gallery.default\">\n\t\t\t\t<div class=\"elementor-widget-container\">\n\t\t\t\t\t<div class=\"qode-image-gallery\"><div class=\"qode-image-gallery-inner\"><div class=\"qode-image-gallery-slides drag_enabled wpb_image_grid\" data-interval=\"\"data-control=&quot;false&quot;data-direction=&quot;false&quot;data-pause-on-hover=&quot;false&quot;data-drag=&quot;true&quot;><div class=\"gallery_holder\"><ul class=\"gallery_inner   v0\"><li class=\"no_grayscale\"><img decoding=\"async\" src=\"https:\/\/converzar.com\/wp-content\/uploads\/2025\/02\/Diseno-sin-titulo-2025-02-11T163237.615.png\" \/><\/li><\/ul><\/div><\/div><\/div><\/div>\t\t\t\t<\/div>\n\t\t\t\t<\/div>\n\t\t\t\t<\/div>\n\t\t\t\t<\/div>\n\t\t\t\t<\/div>\n\t\t","protected":false},"excerpt":{"rendered":"<p>| Knife cutting- plotter &#8220;Die-cutting&#8230;<\/p>\n","protected":false},"author":1,"featured_media":0,"parent":0,"menu_order":0,"comment_status":"closed","ping_status":"closed","template":"full_width.php","meta":{"_mbp_gutenberg_autopost":false,"footnotes":""},"class_list":["post-987503762","page","type-page","status-publish","hentry"],"yoast_head":"<!-- This site is optimized with the Yoast SEO plugin v24.8.1 - https:\/\/yoast.com\/wordpress\/plugins\/seo\/ -->\n<title>Corte y dise\u00f1o con Plotter de precisi\u00f3n | Converzar<\/title>\n<meta name=\"description\" content=\"Corte de materiales mediante plotter de alta precisi\u00f3n. Ideal para prototipado, producci\u00f3n flexible y dise\u00f1os personalizados.\" \/>\n<meta name=\"robots\" content=\"index, follow, max-snippet:-1, max-image-preview:large, max-video-preview:-1\" \/>\n<link rel=\"canonical\" href=\"https:\/\/converzar.com\/en\/knife-cutting-plotter\/\" \/>\n<meta property=\"og:locale\" content=\"en_US\" \/>\n<meta property=\"og:type\" content=\"article\" \/>\n<meta property=\"og:title\" content=\"Corte y dise\u00f1o con Plotter de precisi\u00f3n | Converzar\" \/>\n<meta property=\"og:description\" content=\"Corte de materiales mediante plotter de alta precisi\u00f3n. Ideal para prototipado, producci\u00f3n flexible y dise\u00f1os personalizados.\" \/>\n<meta property=\"og:url\" content=\"https:\/\/converzar.com\/en\/knife-cutting-plotter\/\" \/>\n<meta property=\"og:site_name\" content=\"Converzar\" \/>\n<meta property=\"article:modified_time\" content=\"2025-04-11T10:39:27+00:00\" \/>\n<meta property=\"og:image\" content=\"https:\/\/converzar.com\/wp-content\/uploads\/2025\/02\/Diseno-sin-titulo-2025-02-11T163237.615.png\" \/>\n<meta name=\"twitter:card\" content=\"summary_large_image\" \/>\n<meta name=\"twitter:label1\" content=\"Est. reading time\" \/>\n\t<meta name=\"twitter:data1\" content=\"1 minute\" \/>\n<script type=\"application\/ld+json\" class=\"yoast-schema-graph\">{\"@context\":\"https:\/\/schema.org\",\"@graph\":[{\"@type\":\"WebPage\",\"@id\":\"https:\/\/converzar.com\/en\/knife-cutting-plotter\/\",\"url\":\"https:\/\/converzar.com\/en\/knife-cutting-plotter\/\",\"name\":\"Corte y dise\u00f1o con Plotter de precisi\u00f3n | Converzar\",\"isPartOf\":{\"@id\":\"https:\/\/converzar.com\/en\/#website\"},\"primaryImageOfPage\":{\"@id\":\"https:\/\/converzar.com\/en\/knife-cutting-plotter\/#primaryimage\"},\"image\":{\"@id\":\"https:\/\/converzar.com\/en\/knife-cutting-plotter\/#primaryimage\"},\"thumbnailUrl\":\"https:\/\/converzar.com\/wp-content\/uploads\/2025\/02\/Diseno-sin-titulo-2025-02-11T163237.615.png\",\"datePublished\":\"2024-11-27T09:01:02+00:00\",\"dateModified\":\"2025-04-11T10:39:27+00:00\",\"description\":\"Corte de materiales mediante plotter de alta precisi\u00f3n. Ideal para prototipado, producci\u00f3n flexible y dise\u00f1os personalizados.\",\"breadcrumb\":{\"@id\":\"https:\/\/converzar.com\/en\/knife-cutting-plotter\/#breadcrumb\"},\"inLanguage\":\"en-US\",\"potentialAction\":[{\"@type\":\"ReadAction\",\"target\":[\"https:\/\/converzar.com\/en\/knife-cutting-plotter\/\"]}]},{\"@type\":\"ImageObject\",\"inLanguage\":\"en-US\",\"@id\":\"https:\/\/converzar.com\/en\/knife-cutting-plotter\/#primaryimage\",\"url\":\"https:\/\/converzar.com\/wp-content\/uploads\/2025\/02\/Diseno-sin-titulo-2025-02-11T163237.615.png\",\"contentUrl\":\"https:\/\/converzar.com\/wp-content\/uploads\/2025\/02\/Diseno-sin-titulo-2025-02-11T163237.615.png\"},{\"@type\":\"BreadcrumbList\",\"@id\":\"https:\/\/converzar.com\/en\/knife-cutting-plotter\/#breadcrumb\",\"itemListElement\":[{\"@type\":\"ListItem\",\"position\":1,\"name\":\"Portada\",\"item\":\"https:\/\/converzar.com\/en\/\"},{\"@type\":\"ListItem\",\"position\":2,\"name\":\"Knife cutting-plotter\"}]},{\"@type\":\"WebSite\",\"@id\":\"https:\/\/converzar.com\/en\/#website\",\"url\":\"https:\/\/converzar.com\/en\/\",\"name\":\"Converzar\",\"description\":\"\",\"potentialAction\":[{\"@type\":\"SearchAction\",\"target\":{\"@type\":\"EntryPoint\",\"urlTemplate\":\"https:\/\/converzar.com\/en\/?s={search_term_string}\"},\"query-input\":{\"@type\":\"PropertyValueSpecification\",\"valueRequired\":true,\"valueName\":\"search_term_string\"}}],\"inLanguage\":\"en-US\"}]}<\/script>\n<!-- \/ Yoast SEO plugin. -->","yoast_head_json":{"title":"Corte y dise\u00f1o con Plotter de precisi\u00f3n | Converzar","description":"Corte de materiales mediante plotter de alta precisi\u00f3n. Ideal para prototipado, producci\u00f3n flexible y dise\u00f1os personalizados.","robots":{"index":"index","follow":"follow","max-snippet":"max-snippet:-1","max-image-preview":"max-image-preview:large","max-video-preview":"max-video-preview:-1"},"canonical":"https:\/\/converzar.com\/en\/knife-cutting-plotter\/","og_locale":"en_US","og_type":"article","og_title":"Corte y dise\u00f1o con Plotter de precisi\u00f3n | Converzar","og_description":"Corte de materiales mediante plotter de alta precisi\u00f3n. Ideal para prototipado, producci\u00f3n flexible y dise\u00f1os personalizados.","og_url":"https:\/\/converzar.com\/en\/knife-cutting-plotter\/","og_site_name":"Converzar","article_modified_time":"2025-04-11T10:39:27+00:00","og_image":[{"url":"https:\/\/converzar.com\/wp-content\/uploads\/2025\/02\/Diseno-sin-titulo-2025-02-11T163237.615.png","type":"","width":"","height":""}],"twitter_card":"summary_large_image","twitter_misc":{"Est. reading time":"1 minute"},"schema":{"@context":"https:\/\/schema.org","@graph":[{"@type":"WebPage","@id":"https:\/\/converzar.com\/en\/knife-cutting-plotter\/","url":"https:\/\/converzar.com\/en\/knife-cutting-plotter\/","name":"Corte y dise\u00f1o con Plotter de precisi\u00f3n | Converzar","isPartOf":{"@id":"https:\/\/converzar.com\/en\/#website"},"primaryImageOfPage":{"@id":"https:\/\/converzar.com\/en\/knife-cutting-plotter\/#primaryimage"},"image":{"@id":"https:\/\/converzar.com\/en\/knife-cutting-plotter\/#primaryimage"},"thumbnailUrl":"https:\/\/converzar.com\/wp-content\/uploads\/2025\/02\/Diseno-sin-titulo-2025-02-11T163237.615.png","datePublished":"2024-11-27T09:01:02+00:00","dateModified":"2025-04-11T10:39:27+00:00","description":"Corte de materiales mediante plotter de alta precisi\u00f3n. Ideal para prototipado, producci\u00f3n flexible y dise\u00f1os personalizados.","breadcrumb":{"@id":"https:\/\/converzar.com\/en\/knife-cutting-plotter\/#breadcrumb"},"inLanguage":"en-US","potentialAction":[{"@type":"ReadAction","target":["https:\/\/converzar.com\/en\/knife-cutting-plotter\/"]}]},{"@type":"ImageObject","inLanguage":"en-US","@id":"https:\/\/converzar.com\/en\/knife-cutting-plotter\/#primaryimage","url":"https:\/\/converzar.com\/wp-content\/uploads\/2025\/02\/Diseno-sin-titulo-2025-02-11T163237.615.png","contentUrl":"https:\/\/converzar.com\/wp-content\/uploads\/2025\/02\/Diseno-sin-titulo-2025-02-11T163237.615.png"},{"@type":"BreadcrumbList","@id":"https:\/\/converzar.com\/en\/knife-cutting-plotter\/#breadcrumb","itemListElement":[{"@type":"ListItem","position":1,"name":"Portada","item":"https:\/\/converzar.com\/en\/"},{"@type":"ListItem","position":2,"name":"Knife cutting-plotter"}]},{"@type":"WebSite","@id":"https:\/\/converzar.com\/en\/#website","url":"https:\/\/converzar.com\/en\/","name":"Converzar","description":"","potentialAction":[{"@type":"SearchAction","target":{"@type":"EntryPoint","urlTemplate":"https:\/\/converzar.com\/en\/?s={search_term_string}"},"query-input":{"@type":"PropertyValueSpecification","valueRequired":true,"valueName":"search_term_string"}}],"inLanguage":"en-US"}]}},"_links":{"self":[{"href":"https:\/\/converzar.com\/en\/wp-json\/wp\/v2\/pages\/987503762","targetHints":{"allow":["GET"]}}],"collection":[{"href":"https:\/\/converzar.com\/en\/wp-json\/wp\/v2\/pages"}],"about":[{"href":"https:\/\/converzar.com\/en\/wp-json\/wp\/v2\/types\/page"}],"author":[{"embeddable":true,"href":"https:\/\/converzar.com\/en\/wp-json\/wp\/v2\/users\/1"}],"replies":[{"embeddable":true,"href":"https:\/\/converzar.com\/en\/wp-json\/wp\/v2\/comments?post=987503762"}],"version-history":[{"count":5,"href":"https:\/\/converzar.com\/en\/wp-json\/wp\/v2\/pages\/987503762\/revisions"}],"predecessor-version":[{"id":987504006,"href":"https:\/\/converzar.com\/en\/wp-json\/wp\/v2\/pages\/987503762\/revisions\/987504006"}],"wp:attachment":[{"href":"https:\/\/converzar.com\/en\/wp-json\/wp\/v2\/media?parent=987503762"}],"curies":[{"name":"wp","href":"https:\/\/api.w.org\/{rel}","templated":true}]}}