{"id":987503769,"date":"2024-11-27T09:54:23","date_gmt":"2024-11-27T09:54:23","guid":{"rendered":"https:\/\/converzar.com\/corte-laser\/"},"modified":"2025-04-11T10:41:16","modified_gmt":"2025-04-11T10:41:16","slug":"laser-cutting","status":"publish","type":"page","link":"https:\/\/converzar.com\/en\/laser-cutting\/","title":{"rendered":"Laser cutting"},"content":{"rendered":"\t\t<div data-elementor-type=\"wp-page\" data-elementor-id=\"987503769\" class=\"elementor elementor-987503769 elementor-987502426\">\n\t\t\t\t<div class=\"elementor-element elementor-element-ebdbdab e-con-full e-flex parallax_section_no qode_elementor_container_no e-con e-parent\" data-id=\"ebdbdab\" data-element_type=\"container\" data-settings=\"{&quot;background_background&quot;:&quot;classic&quot;}\">\n\t\t<div class=\"elementor-element elementor-element-bec1771 e-con-full e-flex parallax_section_no qode_elementor_container_no e-con e-child\" data-id=\"bec1771\" data-element_type=\"container\">\n\t\t\t\t<div class=\"elementor-element elementor-element-ddc33aa elementor-widget__width-initial elementor-widget elementor-widget-heading\" data-id=\"ddc33aa\" data-element_type=\"widget\" data-widget_type=\"heading.default\">\n\t\t\t\t<div class=\"elementor-widget-container\">\n\t\t\t\t\t<h2 class=\"elementor-heading-title elementor-size-default\">| Laser Cutting<\/h2>\t\t\t\t<\/div>\n\t\t\t\t<\/div>\n\t\t\t\t<div class=\"elementor-element elementor-element-8f77c5a elementor-widget elementor-widget-text-editor\" data-id=\"8f77c5a\" data-element_type=\"widget\" data-widget_type=\"text-editor.default\">\n\t\t\t\t<div class=\"elementor-widget-container\">\n\t\t\t\t\t\t\t\t\t<p><span dir=\"ltr\" role=\"presentation\">With<\/span> <span dir=\"ltr\" role=\"presentation\">the<\/span> <span dir=\"ltr\" role=\"presentation\">same<\/span> <span dir=\"ltr\" role=\"presentation\">advantages<\/span> <span dir=\"ltr\" role=\"presentation\">of<\/span> <span dir=\"ltr\" role=\"presentation\">flexibility<\/span> <span dir=\"ltr\" role=\"presentation\">and<\/span> <span dir=\"ltr\" role=\"presentation\">zero<\/span> <span dir=\"ltr\" role=\"presentation\">tooling<\/span> <span dir=\"ltr\" role=\"presentation\">costs,<\/span> <span dir=\"ltr\" role=\"presentation\">laser<\/span> <span dir=\"ltr\" role=\"presentation\">processing<\/span> <span dir=\"ltr\" role=\"presentation\">provides <\/span><span dir=\"ltr\" role=\"presentation\">higher<\/span> <span dir=\"ltr\" role=\"presentation\">precision<\/span> <span dir=\"ltr\" role=\"presentation\">for<\/span> <span dir=\"ltr\" role=\"presentation\">extremely<\/span> <span dir=\"ltr\" role=\"presentation\">complex<\/span> <span dir=\"ltr\" role=\"presentation\">geometries.<\/span> <span dir=\"ltr\" role=\"presentation\">The<\/span> <span dir=\"ltr\" role=\"presentation\">laser<\/span> <span dir=\"ltr\" role=\"presentation\">follows<\/span> <span dir=\"ltr\" role=\"presentation\">the<\/span> <span dir=\"ltr\" role=\"presentation\">CAD-designed <\/span><span dir=\"ltr\" role=\"presentation\">path,<\/span> <span dir=\"ltr\" role=\"presentation\">cutting<\/span> <span dir=\"ltr\" role=\"presentation\">without<\/span> <span dir=\"ltr\" role=\"presentation\">contact<\/span> <span dir=\"ltr\" role=\"presentation\">and<\/span> <span dir=\"ltr\" role=\"presentation\">achieving<\/span> <span dir=\"ltr\" role=\"presentation\">ultra-fine<\/span> <span dir=\"ltr\" role=\"presentation\">details<\/span> <span dir=\"ltr\" role=\"presentation\">with<\/span> <span dir=\"ltr\" role=\"presentation\">exceptional<\/span> <span dir=\"ltr\" role=\"presentation\">accuracy.<\/span><\/p>\t\t\t\t\t\t\t\t<\/div>\n\t\t\t\t<\/div>\n\t\t\t\t<\/div>\n\t\t<div class=\"elementor-element elementor-element-81a34b8 e-con-full e-flex parallax_section_no qode_elementor_container_no e-con e-child\" data-id=\"81a34b8\" data-element_type=\"container\">\n\t\t\t\t<div class=\"elementor-element elementor-element-4f62ae6 elementor-widget__width-auto elementor-widget elementor-widget-bridge_image_gallery\" data-id=\"4f62ae6\" data-element_type=\"widget\" data-widget_type=\"bridge_image_gallery.default\">\n\t\t\t\t<div class=\"elementor-widget-container\">\n\t\t\t\t\t<div class=\"qode-image-gallery\"><div class=\"qode-image-gallery-inner\"><div class=\"qode-image-gallery-slides drag_enabled wpb_image_grid\" data-interval=\"\"data-control=&quot;false&quot;data-direction=&quot;false&quot;data-pause-on-hover=&quot;false&quot;data-drag=&quot;true&quot;><div class=\"gallery_holder\"><ul class=\"gallery_inner   v0\"><li class=\"no_grayscale\"><img decoding=\"async\" src=\"https:\/\/converzar.com\/wp-content\/uploads\/2024\/11\/converzar_2joint_cortelaser.jpg\" \/><\/li><\/ul><\/div><\/div><\/div><\/div>\t\t\t\t<\/div>\n\t\t\t\t<\/div>\n\t\t\t\t<\/div>\n\t\t\t\t<\/div>\n\t\t\t\t<\/div>\n\t\t","protected":false},"excerpt":{"rendered":"<p>| Corte l\u00e1ser With the&#8230;<\/p>\n","protected":false},"author":1,"featured_media":0,"parent":0,"menu_order":0,"comment_status":"closed","ping_status":"closed","template":"full_width.php","meta":{"_mbp_gutenberg_autopost":false,"footnotes":""},"class_list":["post-987503769","page","type-page","status-publish","hentry"],"yoast_head":"<!-- This site is optimized with the Yoast SEO plugin v24.8.1 - https:\/\/yoast.com\/wordpress\/plugins\/seo\/ -->\n<title>Corte L\u00e1ser de alta precisi\u00f3n | Procesos Industriales | Converzar<\/title>\n<meta name=\"description\" content=\"Servicio de corte l\u00e1ser para piezas con m\u00e1xima precisi\u00f3n y acabado perfecto. Soluciones adaptadas a las necesidades de la industria.\" \/>\n<meta name=\"robots\" content=\"index, follow, max-snippet:-1, max-image-preview:large, max-video-preview:-1\" \/>\n<link rel=\"canonical\" href=\"https:\/\/converzar.com\/en\/laser-cutting\/\" \/>\n<meta property=\"og:locale\" content=\"en_US\" \/>\n<meta property=\"og:type\" content=\"article\" \/>\n<meta property=\"og:title\" content=\"Corte L\u00e1ser de alta precisi\u00f3n | Procesos Industriales | Converzar\" \/>\n<meta property=\"og:description\" content=\"Servicio de corte l\u00e1ser para piezas con m\u00e1xima precisi\u00f3n y acabado perfecto. Soluciones adaptadas a las necesidades de la industria.\" \/>\n<meta property=\"og:url\" content=\"https:\/\/converzar.com\/en\/laser-cutting\/\" \/>\n<meta property=\"og:site_name\" content=\"Converzar\" \/>\n<meta property=\"article:modified_time\" content=\"2025-04-11T10:41:16+00:00\" \/>\n<meta property=\"og:image\" content=\"https:\/\/converzar.com\/wp-content\/uploads\/2024\/11\/converzar_2joint_cortelaser.jpg\" \/>\n<meta name=\"twitter:card\" content=\"summary_large_image\" \/>\n<meta name=\"twitter:label1\" content=\"Est. reading time\" \/>\n\t<meta name=\"twitter:data1\" content=\"1 minute\" \/>\n<script type=\"application\/ld+json\" class=\"yoast-schema-graph\">{\"@context\":\"https:\/\/schema.org\",\"@graph\":[{\"@type\":\"WebPage\",\"@id\":\"https:\/\/converzar.com\/en\/laser-cutting\/\",\"url\":\"https:\/\/converzar.com\/en\/laser-cutting\/\",\"name\":\"Corte L\u00e1ser de alta precisi\u00f3n | Procesos Industriales | Converzar\",\"isPartOf\":{\"@id\":\"https:\/\/converzar.com\/en\/#website\"},\"primaryImageOfPage\":{\"@id\":\"https:\/\/converzar.com\/en\/laser-cutting\/#primaryimage\"},\"image\":{\"@id\":\"https:\/\/converzar.com\/en\/laser-cutting\/#primaryimage\"},\"thumbnailUrl\":\"https:\/\/converzar.com\/wp-content\/uploads\/2024\/11\/converzar_2joint_cortelaser.jpg\",\"datePublished\":\"2024-11-27T09:54:23+00:00\",\"dateModified\":\"2025-04-11T10:41:16+00:00\",\"description\":\"Servicio de corte l\u00e1ser para piezas con m\u00e1xima precisi\u00f3n y acabado perfecto. Soluciones adaptadas a las necesidades de la industria.\",\"breadcrumb\":{\"@id\":\"https:\/\/converzar.com\/en\/laser-cutting\/#breadcrumb\"},\"inLanguage\":\"en-US\",\"potentialAction\":[{\"@type\":\"ReadAction\",\"target\":[\"https:\/\/converzar.com\/en\/laser-cutting\/\"]}]},{\"@type\":\"ImageObject\",\"inLanguage\":\"en-US\",\"@id\":\"https:\/\/converzar.com\/en\/laser-cutting\/#primaryimage\",\"url\":\"https:\/\/converzar.com\/wp-content\/uploads\/2024\/11\/converzar_2joint_cortelaser.jpg\",\"contentUrl\":\"https:\/\/converzar.com\/wp-content\/uploads\/2024\/11\/converzar_2joint_cortelaser.jpg\"},{\"@type\":\"BreadcrumbList\",\"@id\":\"https:\/\/converzar.com\/en\/laser-cutting\/#breadcrumb\",\"itemListElement\":[{\"@type\":\"ListItem\",\"position\":1,\"name\":\"Portada\",\"item\":\"https:\/\/converzar.com\/en\/\"},{\"@type\":\"ListItem\",\"position\":2,\"name\":\"Laser cutting\"}]},{\"@type\":\"WebSite\",\"@id\":\"https:\/\/converzar.com\/en\/#website\",\"url\":\"https:\/\/converzar.com\/en\/\",\"name\":\"Converzar\",\"description\":\"\",\"potentialAction\":[{\"@type\":\"SearchAction\",\"target\":{\"@type\":\"EntryPoint\",\"urlTemplate\":\"https:\/\/converzar.com\/en\/?s={search_term_string}\"},\"query-input\":{\"@type\":\"PropertyValueSpecification\",\"valueRequired\":true,\"valueName\":\"search_term_string\"}}],\"inLanguage\":\"en-US\"}]}<\/script>\n<!-- \/ Yoast SEO plugin. -->","yoast_head_json":{"title":"Corte L\u00e1ser de alta precisi\u00f3n | Procesos Industriales | Converzar","description":"Servicio de corte l\u00e1ser para piezas con m\u00e1xima precisi\u00f3n y acabado perfecto. Soluciones adaptadas a las necesidades de la industria.","robots":{"index":"index","follow":"follow","max-snippet":"max-snippet:-1","max-image-preview":"max-image-preview:large","max-video-preview":"max-video-preview:-1"},"canonical":"https:\/\/converzar.com\/en\/laser-cutting\/","og_locale":"en_US","og_type":"article","og_title":"Corte L\u00e1ser de alta precisi\u00f3n | Procesos Industriales | Converzar","og_description":"Servicio de corte l\u00e1ser para piezas con m\u00e1xima precisi\u00f3n y acabado perfecto. Soluciones adaptadas a las necesidades de la industria.","og_url":"https:\/\/converzar.com\/en\/laser-cutting\/","og_site_name":"Converzar","article_modified_time":"2025-04-11T10:41:16+00:00","og_image":[{"url":"https:\/\/converzar.com\/wp-content\/uploads\/2024\/11\/converzar_2joint_cortelaser.jpg","type":"","width":"","height":""}],"twitter_card":"summary_large_image","twitter_misc":{"Est. reading time":"1 minute"},"schema":{"@context":"https:\/\/schema.org","@graph":[{"@type":"WebPage","@id":"https:\/\/converzar.com\/en\/laser-cutting\/","url":"https:\/\/converzar.com\/en\/laser-cutting\/","name":"Corte L\u00e1ser de alta precisi\u00f3n | Procesos Industriales | Converzar","isPartOf":{"@id":"https:\/\/converzar.com\/en\/#website"},"primaryImageOfPage":{"@id":"https:\/\/converzar.com\/en\/laser-cutting\/#primaryimage"},"image":{"@id":"https:\/\/converzar.com\/en\/laser-cutting\/#primaryimage"},"thumbnailUrl":"https:\/\/converzar.com\/wp-content\/uploads\/2024\/11\/converzar_2joint_cortelaser.jpg","datePublished":"2024-11-27T09:54:23+00:00","dateModified":"2025-04-11T10:41:16+00:00","description":"Servicio de corte l\u00e1ser para piezas con m\u00e1xima precisi\u00f3n y acabado perfecto. Soluciones adaptadas a las necesidades de la industria.","breadcrumb":{"@id":"https:\/\/converzar.com\/en\/laser-cutting\/#breadcrumb"},"inLanguage":"en-US","potentialAction":[{"@type":"ReadAction","target":["https:\/\/converzar.com\/en\/laser-cutting\/"]}]},{"@type":"ImageObject","inLanguage":"en-US","@id":"https:\/\/converzar.com\/en\/laser-cutting\/#primaryimage","url":"https:\/\/converzar.com\/wp-content\/uploads\/2024\/11\/converzar_2joint_cortelaser.jpg","contentUrl":"https:\/\/converzar.com\/wp-content\/uploads\/2024\/11\/converzar_2joint_cortelaser.jpg"},{"@type":"BreadcrumbList","@id":"https:\/\/converzar.com\/en\/laser-cutting\/#breadcrumb","itemListElement":[{"@type":"ListItem","position":1,"name":"Portada","item":"https:\/\/converzar.com\/en\/"},{"@type":"ListItem","position":2,"name":"Laser cutting"}]},{"@type":"WebSite","@id":"https:\/\/converzar.com\/en\/#website","url":"https:\/\/converzar.com\/en\/","name":"Converzar","description":"","potentialAction":[{"@type":"SearchAction","target":{"@type":"EntryPoint","urlTemplate":"https:\/\/converzar.com\/en\/?s={search_term_string}"},"query-input":{"@type":"PropertyValueSpecification","valueRequired":true,"valueName":"search_term_string"}}],"inLanguage":"en-US"}]}},"_links":{"self":[{"href":"https:\/\/converzar.com\/en\/wp-json\/wp\/v2\/pages\/987503769","targetHints":{"allow":["GET"]}}],"collection":[{"href":"https:\/\/converzar.com\/en\/wp-json\/wp\/v2\/pages"}],"about":[{"href":"https:\/\/converzar.com\/en\/wp-json\/wp\/v2\/types\/page"}],"author":[{"embeddable":true,"href":"https:\/\/converzar.com\/en\/wp-json\/wp\/v2\/users\/1"}],"replies":[{"embeddable":true,"href":"https:\/\/converzar.com\/en\/wp-json\/wp\/v2\/comments?post=987503769"}],"version-history":[{"count":8,"href":"https:\/\/converzar.com\/en\/wp-json\/wp\/v2\/pages\/987503769\/revisions"}],"predecessor-version":[{"id":987504010,"href":"https:\/\/converzar.com\/en\/wp-json\/wp\/v2\/pages\/987503769\/revisions\/987504010"}],"wp:attachment":[{"href":"https:\/\/converzar.com\/en\/wp-json\/wp\/v2\/media?parent=987503769"}],"curies":[{"name":"wp","href":"https:\/\/api.w.org\/{rel}","templated":true}]}}