{"id":987503782,"date":"2024-11-27T11:59:15","date_gmt":"2024-11-27T11:59:15","guid":{"rendered":"https:\/\/converzar.com\/rfid\/"},"modified":"2025-04-08T07:56:20","modified_gmt":"2025-04-08T07:56:20","slug":"rfid","status":"publish","type":"page","link":"https:\/\/converzar.com\/en\/rfid\/","title":{"rendered":"RFID"},"content":{"rendered":"\t\t<div data-elementor-type=\"wp-page\" data-elementor-id=\"987503782\" class=\"elementor elementor-987503782 elementor-987502446\">\n\t\t\t\t<div class=\"elementor-element elementor-element-ebdbdab e-con-full e-flex parallax_section_no qode_elementor_container_no e-con e-parent\" data-id=\"ebdbdab\" data-element_type=\"container\" data-settings=\"{&quot;background_background&quot;:&quot;classic&quot;}\">\n\t\t<div class=\"elementor-element elementor-element-bec1771 e-con-full e-flex parallax_section_no qode_elementor_container_no e-con e-child\" data-id=\"bec1771\" data-element_type=\"container\">\n\t\t\t\t<div class=\"elementor-element elementor-element-ddc33aa elementor-widget__width-initial elementor-widget elementor-widget-heading\" data-id=\"ddc33aa\" data-element_type=\"widget\" data-widget_type=\"heading.default\">\n\t\t\t\t<div class=\"elementor-widget-container\">\n\t\t\t\t\t<h2 class=\"elementor-heading-title elementor-size-default\">| Rfid<\/h2>\t\t\t\t<\/div>\n\t\t\t\t<\/div>\n\t\t\t\t<div class=\"elementor-element elementor-element-8f77c5a elementor-widget elementor-widget-text-editor\" data-id=\"8f77c5a\" data-element_type=\"widget\" data-widget_type=\"text-editor.default\">\n\t\t\t\t<div class=\"elementor-widget-container\">\n\t\t\t\t\t\t\t\t\t<p><span dir=\"ltr\" role=\"presentation\">RFID<\/span> <span dir=\"ltr\" role=\"presentation\">technology<\/span> <span dir=\"ltr\" role=\"presentation\">enables<\/span> <span dir=\"ltr\" role=\"presentation\">product<\/span> <span dir=\"ltr\" role=\"presentation\">traceability<\/span> <span dir=\"ltr\" role=\"presentation\">through<\/span> <span dir=\"ltr\" role=\"presentation\">radio<\/span> <span dir=\"ltr\" role=\"presentation\">frequency.<\/span> <span dir=\"ltr\" role=\"presentation\">This<\/span> <span dir=\"ltr\" role=\"presentation\">system<\/span> <span dir=\"ltr\" role=\"presentation\">includes <\/span><span dir=\"ltr\" role=\"presentation\">components<\/span> <span dir=\"ltr\" role=\"presentation\">such<\/span> <span dir=\"ltr\" role=\"presentation\">as<\/span> <span dir=\"ltr\" role=\"presentation\">readers,<\/span> <span dir=\"ltr\" role=\"presentation\">antennas,<\/span> <span dir=\"ltr\" role=\"presentation\">software,<\/span> <span dir=\"ltr\" role=\"presentation\">and<\/span> <span dir=\"ltr\" role=\"presentation\">tags.<\/span><\/p><p>\u00a0<\/p><p><span dir=\"ltr\" role=\"presentation\">We<\/span> <span dir=\"ltr\" role=\"presentation\">specialize<\/span> <span dir=\"ltr\" role=\"presentation\">in<\/span> <strong><span dir=\"ltr\" role=\"presentation\">RFID<\/span> <span dir=\"ltr\" role=\"presentation\">labels<\/span> <span dir=\"ltr\" role=\"presentation\">for<\/span> <span dir=\"ltr\" role=\"presentation\">metallic<\/span> <span dir=\"ltr\" role=\"presentation\">surfaces<\/span><\/strong><span dir=\"ltr\" role=\"presentation\">,<\/span> <span dir=\"ltr\" role=\"presentation\">which<\/span> <span dir=\"ltr\" role=\"presentation\">incorporate<\/span> <span dir=\"ltr\" role=\"presentation\">materials<\/span> <span dir=\"ltr\" role=\"presentation\">designed<\/span><span dir=\"ltr\" role=\"presentation\">to<\/span> <span dir=\"ltr\" role=\"presentation\">prevent<\/span> <span dir=\"ltr\" role=\"presentation\">interference<\/span> <span dir=\"ltr\" role=\"presentation\">and<\/span> <span dir=\"ltr\" role=\"presentation\">withstand<\/span> <span dir=\"ltr\" role=\"presentation\">extreme<\/span> <span dir=\"ltr\" role=\"presentation\">temperatures.<\/span>\u00a0<\/p>\t\t\t\t\t\t\t\t<\/div>\n\t\t\t\t<\/div>\n\t\t\t\t<\/div>\n\t\t<div class=\"elementor-element elementor-element-81a34b8 e-con-full e-flex parallax_section_no qode_elementor_container_no e-con e-child\" data-id=\"81a34b8\" data-element_type=\"container\">\n\t\t\t\t<div class=\"elementor-element elementor-element-4f62ae6 elementor-widget__width-auto elementor-widget elementor-widget-bridge_image_gallery\" data-id=\"4f62ae6\" data-element_type=\"widget\" data-widget_type=\"bridge_image_gallery.default\">\n\t\t\t\t<div class=\"elementor-widget-container\">\n\t\t\t\t\t<div class=\"qode-image-gallery\"><div class=\"qode-image-gallery-inner\"><div class=\"qode-image-gallery-slides drag_enabled wpb_image_grid\" data-interval=\"\"data-control=&quot;false&quot;data-direction=&quot;false&quot;data-pause-on-hover=&quot;false&quot;data-drag=&quot;true&quot;><div class=\"gallery_holder\"><ul class=\"gallery_inner   v0\"><li class=\"no_grayscale\"><img decoding=\"async\" src=\"https:\/\/converzar.com\/wp-content\/uploads\/2025\/02\/Diseno-sin-titulo-2025-02-11T163533.575.png\" \/><\/li><\/ul><\/div><\/div><\/div><\/div>\t\t\t\t<\/div>\n\t\t\t\t<\/div>\n\t\t\t\t<\/div>\n\t\t\t\t<\/div>\n\t\t\t\t<\/div>\n\t\t","protected":false},"excerpt":{"rendered":"<p>| Rfid RFID technology enables&#8230;<\/p>\n","protected":false},"author":1,"featured_media":0,"parent":0,"menu_order":0,"comment_status":"closed","ping_status":"closed","template":"full_width.php","meta":{"_mbp_gutenberg_autopost":false,"footnotes":""},"class_list":["post-987503782","page","type-page","status-publish","hentry"],"yoast_head":"<!-- This site is optimized with the Yoast SEO plugin v24.8.1 - https:\/\/yoast.com\/wordpress\/plugins\/seo\/ -->\n<title>Soluciones RFID para Identificaci\u00f3n y Control de Producci\u00f3n<\/title>\n<meta name=\"description\" content=\"Implementaci\u00f3n de tecnolog\u00eda RFID para seguimiento, trazabilidad y control eficiente en procesos industriales.\" \/>\n<meta name=\"robots\" content=\"index, follow, max-snippet:-1, max-image-preview:large, max-video-preview:-1\" \/>\n<link rel=\"canonical\" href=\"https:\/\/converzar.com\/en\/rfid\/\" \/>\n<meta property=\"og:locale\" content=\"en_US\" \/>\n<meta property=\"og:type\" content=\"article\" \/>\n<meta property=\"og:title\" content=\"Soluciones RFID para Identificaci\u00f3n y Control de Producci\u00f3n\" \/>\n<meta property=\"og:description\" content=\"Implementaci\u00f3n de tecnolog\u00eda RFID para seguimiento, trazabilidad y control eficiente en procesos industriales.\" \/>\n<meta property=\"og:url\" content=\"https:\/\/converzar.com\/en\/rfid\/\" \/>\n<meta property=\"og:site_name\" content=\"Converzar\" \/>\n<meta property=\"article:modified_time\" content=\"2025-04-08T07:56:20+00:00\" \/>\n<meta property=\"og:image\" content=\"https:\/\/converzar.com\/wp-content\/uploads\/2025\/02\/Diseno-sin-titulo-2025-02-11T163533.575.png\" \/>\n<meta name=\"twitter:card\" content=\"summary_large_image\" \/>\n<meta name=\"twitter:label1\" content=\"Est. reading time\" \/>\n\t<meta name=\"twitter:data1\" content=\"1 minute\" \/>\n<script type=\"application\/ld+json\" class=\"yoast-schema-graph\">{\"@context\":\"https:\/\/schema.org\",\"@graph\":[{\"@type\":\"WebPage\",\"@id\":\"https:\/\/converzar.com\/en\/rfid\/\",\"url\":\"https:\/\/converzar.com\/en\/rfid\/\",\"name\":\"Soluciones RFID para Identificaci\u00f3n y Control de Producci\u00f3n\",\"isPartOf\":{\"@id\":\"https:\/\/converzar.com\/en\/#website\"},\"primaryImageOfPage\":{\"@id\":\"https:\/\/converzar.com\/en\/rfid\/#primaryimage\"},\"image\":{\"@id\":\"https:\/\/converzar.com\/en\/rfid\/#primaryimage\"},\"thumbnailUrl\":\"https:\/\/converzar.com\/wp-content\/uploads\/2025\/02\/Diseno-sin-titulo-2025-02-11T163533.575.png\",\"datePublished\":\"2024-11-27T11:59:15+00:00\",\"dateModified\":\"2025-04-08T07:56:20+00:00\",\"description\":\"Implementaci\u00f3n de tecnolog\u00eda RFID para seguimiento, trazabilidad y control eficiente en procesos industriales.\",\"breadcrumb\":{\"@id\":\"https:\/\/converzar.com\/en\/rfid\/#breadcrumb\"},\"inLanguage\":\"en-US\",\"potentialAction\":[{\"@type\":\"ReadAction\",\"target\":[\"https:\/\/converzar.com\/en\/rfid\/\"]}]},{\"@type\":\"ImageObject\",\"inLanguage\":\"en-US\",\"@id\":\"https:\/\/converzar.com\/en\/rfid\/#primaryimage\",\"url\":\"https:\/\/converzar.com\/wp-content\/uploads\/2025\/02\/Diseno-sin-titulo-2025-02-11T163533.575.png\",\"contentUrl\":\"https:\/\/converzar.com\/wp-content\/uploads\/2025\/02\/Diseno-sin-titulo-2025-02-11T163533.575.png\"},{\"@type\":\"BreadcrumbList\",\"@id\":\"https:\/\/converzar.com\/en\/rfid\/#breadcrumb\",\"itemListElement\":[{\"@type\":\"ListItem\",\"position\":1,\"name\":\"Portada\",\"item\":\"https:\/\/converzar.com\/en\/\"},{\"@type\":\"ListItem\",\"position\":2,\"name\":\"RFID\"}]},{\"@type\":\"WebSite\",\"@id\":\"https:\/\/converzar.com\/en\/#website\",\"url\":\"https:\/\/converzar.com\/en\/\",\"name\":\"Converzar\",\"description\":\"\",\"potentialAction\":[{\"@type\":\"SearchAction\",\"target\":{\"@type\":\"EntryPoint\",\"urlTemplate\":\"https:\/\/converzar.com\/en\/?s={search_term_string}\"},\"query-input\":{\"@type\":\"PropertyValueSpecification\",\"valueRequired\":true,\"valueName\":\"search_term_string\"}}],\"inLanguage\":\"en-US\"}]}<\/script>\n<!-- \/ Yoast SEO plugin. -->","yoast_head_json":{"title":"Soluciones RFID para Identificaci\u00f3n y Control de Producci\u00f3n","description":"Implementaci\u00f3n de tecnolog\u00eda RFID para seguimiento, trazabilidad y control eficiente en procesos industriales.","robots":{"index":"index","follow":"follow","max-snippet":"max-snippet:-1","max-image-preview":"max-image-preview:large","max-video-preview":"max-video-preview:-1"},"canonical":"https:\/\/converzar.com\/en\/rfid\/","og_locale":"en_US","og_type":"article","og_title":"Soluciones RFID para Identificaci\u00f3n y Control de Producci\u00f3n","og_description":"Implementaci\u00f3n de tecnolog\u00eda RFID para seguimiento, trazabilidad y control eficiente en procesos industriales.","og_url":"https:\/\/converzar.com\/en\/rfid\/","og_site_name":"Converzar","article_modified_time":"2025-04-08T07:56:20+00:00","og_image":[{"url":"https:\/\/converzar.com\/wp-content\/uploads\/2025\/02\/Diseno-sin-titulo-2025-02-11T163533.575.png","type":"","width":"","height":""}],"twitter_card":"summary_large_image","twitter_misc":{"Est. reading time":"1 minute"},"schema":{"@context":"https:\/\/schema.org","@graph":[{"@type":"WebPage","@id":"https:\/\/converzar.com\/en\/rfid\/","url":"https:\/\/converzar.com\/en\/rfid\/","name":"Soluciones RFID para Identificaci\u00f3n y Control de Producci\u00f3n","isPartOf":{"@id":"https:\/\/converzar.com\/en\/#website"},"primaryImageOfPage":{"@id":"https:\/\/converzar.com\/en\/rfid\/#primaryimage"},"image":{"@id":"https:\/\/converzar.com\/en\/rfid\/#primaryimage"},"thumbnailUrl":"https:\/\/converzar.com\/wp-content\/uploads\/2025\/02\/Diseno-sin-titulo-2025-02-11T163533.575.png","datePublished":"2024-11-27T11:59:15+00:00","dateModified":"2025-04-08T07:56:20+00:00","description":"Implementaci\u00f3n de tecnolog\u00eda RFID para seguimiento, trazabilidad y control eficiente en procesos industriales.","breadcrumb":{"@id":"https:\/\/converzar.com\/en\/rfid\/#breadcrumb"},"inLanguage":"en-US","potentialAction":[{"@type":"ReadAction","target":["https:\/\/converzar.com\/en\/rfid\/"]}]},{"@type":"ImageObject","inLanguage":"en-US","@id":"https:\/\/converzar.com\/en\/rfid\/#primaryimage","url":"https:\/\/converzar.com\/wp-content\/uploads\/2025\/02\/Diseno-sin-titulo-2025-02-11T163533.575.png","contentUrl":"https:\/\/converzar.com\/wp-content\/uploads\/2025\/02\/Diseno-sin-titulo-2025-02-11T163533.575.png"},{"@type":"BreadcrumbList","@id":"https:\/\/converzar.com\/en\/rfid\/#breadcrumb","itemListElement":[{"@type":"ListItem","position":1,"name":"Portada","item":"https:\/\/converzar.com\/en\/"},{"@type":"ListItem","position":2,"name":"RFID"}]},{"@type":"WebSite","@id":"https:\/\/converzar.com\/en\/#website","url":"https:\/\/converzar.com\/en\/","name":"Converzar","description":"","potentialAction":[{"@type":"SearchAction","target":{"@type":"EntryPoint","urlTemplate":"https:\/\/converzar.com\/en\/?s={search_term_string}"},"query-input":{"@type":"PropertyValueSpecification","valueRequired":true,"valueName":"search_term_string"}}],"inLanguage":"en-US"}]}},"_links":{"self":[{"href":"https:\/\/converzar.com\/en\/wp-json\/wp\/v2\/pages\/987503782","targetHints":{"allow":["GET"]}}],"collection":[{"href":"https:\/\/converzar.com\/en\/wp-json\/wp\/v2\/pages"}],"about":[{"href":"https:\/\/converzar.com\/en\/wp-json\/wp\/v2\/types\/page"}],"author":[{"embeddable":true,"href":"https:\/\/converzar.com\/en\/wp-json\/wp\/v2\/users\/1"}],"replies":[{"embeddable":true,"href":"https:\/\/converzar.com\/en\/wp-json\/wp\/v2\/comments?post=987503782"}],"version-history":[{"count":4,"href":"https:\/\/converzar.com\/en\/wp-json\/wp\/v2\/pages\/987503782\/revisions"}],"predecessor-version":[{"id":987503786,"href":"https:\/\/converzar.com\/en\/wp-json\/wp\/v2\/pages\/987503782\/revisions\/987503786"}],"wp:attachment":[{"href":"https:\/\/converzar.com\/en\/wp-json\/wp\/v2\/media?parent=987503782"}],"curies":[{"name":"wp","href":"https:\/\/api.w.org\/{rel}","templated":true}]}}