{"id":987503803,"date":"2024-11-28T10:18:56","date_gmt":"2024-11-28T10:18:56","guid":{"rendered":"https:\/\/converzar.com\/electrodomesticos\/"},"modified":"2025-04-11T10:52:37","modified_gmt":"2025-04-11T10:52:37","slug":"home-appliances","status":"publish","type":"page","link":"https:\/\/converzar.com\/en\/home-appliances\/","title":{"rendered":"Home Appliances"},"content":{"rendered":"\t\t<div data-elementor-type=\"wp-page\" data-elementor-id=\"987503803\" class=\"elementor elementor-987503803 elementor-987502542\">\n\t\t\t\t<div class=\"elementor-element elementor-element-3975df32 e-con-full e-flex parallax_section_no qode_elementor_container_no e-con e-parent\" data-id=\"3975df32\" data-element_type=\"container\">\n\t\t<div class=\"elementor-element elementor-element-137eef36 e-con-full e-flex parallax_section_no qode_elementor_container_no e-con e-child\" data-id=\"137eef36\" data-element_type=\"container\">\n\t\t\t\t<div class=\"elementor-element elementor-element-4267b21 elementor-widget elementor-widget-image\" data-id=\"4267b21\" data-element_type=\"widget\" data-widget_type=\"image.default\">\n\t\t\t\t<div class=\"elementor-widget-container\">\n\t\t\t\t\t\t\t\t\t\t\t\t\t\t\t<img fetchpriority=\"high\" decoding=\"async\" width=\"800\" height=\"596\" src=\"https:\/\/converzar.com\/wp-content\/uploads\/2025\/02\/Placaelectroddomestico.jpg\" class=\"attachment-full size-full wp-image-987503247\" alt=\"\" srcset=\"https:\/\/converzar.com\/wp-content\/uploads\/2025\/02\/Placaelectroddomestico.jpg 800w, https:\/\/converzar.com\/wp-content\/uploads\/2025\/02\/Placaelectroddomestico-300x224.jpg 300w, https:\/\/converzar.com\/wp-content\/uploads\/2025\/02\/Placaelectroddomestico-768x572.jpg 768w, https:\/\/converzar.com\/wp-content\/uploads\/2025\/02\/Placaelectroddomestico-700x522.jpg 700w\" sizes=\"(max-width: 800px) 100vw, 800px\" \/>\t\t\t\t\t\t\t\t\t\t\t\t\t\t\t<\/div>\n\t\t\t\t<\/div>\n\t\t\t\t<div class=\"elementor-element elementor-element-7fd385a elementor-widget elementor-widget-heading\" data-id=\"7fd385a\" data-element_type=\"widget\" data-widget_type=\"heading.default\">\n\t\t\t\t<div class=\"elementor-widget-container\">\n\t\t\t\t\t<h1 class=\"elementor-heading-title elementor-size-default\">| Home Appliances\n\n<\/h1>\t\t\t\t<\/div>\n\t\t\t\t<\/div>\n\t\t\t\t<div class=\"elementor-element elementor-element-7ad497ed elementor-widget__width-initial elementor-widget elementor-widget-qi_addons_for_elementor_section_title\" data-id=\"7ad497ed\" data-element_type=\"widget\" data-widget_type=\"qi_addons_for_elementor_section_title.default\">\n\t\t\t\t<div class=\"elementor-widget-container\">\n\t\t\t\t\t<div class=\"qodef-shortcode qodef-m qodef-qi-section-title qodef-decoration--italic qodef-link--underline-draw qodef-subtitle-icon--left\">\n\t\t\t\t\t\t\t\t<div class=\"qodef-m-text\"><p><span style=\"font-weight: 400\"><span>The<\/span> <span>home<\/span> <span>appliance<\/span> <span>sector<\/span> <span>never<\/span> <span>stops,<\/span> <span>just<\/span> <span>as<\/span> <span>consumer<\/span> <span>demands<\/span> <span>for<\/span> <span>improved<\/span> <span>efficiency, <\/span><span>weight<\/span> <span>reduction,<\/span> <span>and<\/span> <span>functionality<\/span> <span>keep<\/span> <span>evolving.<\/span> <span>This<\/span> <span>constant<\/span> <span>movement<\/span> <span>perfectly<\/span> <span>matches <\/span><span>our<\/span> <span>adaptability!<\/span><\/span><\/p><\/div>\n\t<\/div>\n\t\t\t\t<\/div>\n\t\t\t\t<\/div>\n\t\t\t\t<\/div>\n\t\t<div class=\"elementor-element elementor-element-1cfb4d8a e-con-full e-flex parallax_section_no qode_elementor_container_no e-con e-child\" data-id=\"1cfb4d8a\" data-element_type=\"container\">\n\t\t\t\t<div class=\"elementor-element elementor-element-3f981d29 elementor-widget__width-auto elementor-widget elementor-widget-bridge_image_gallery\" data-id=\"3f981d29\" data-element_type=\"widget\" data-widget_type=\"bridge_image_gallery.default\">\n\t\t\t\t<div class=\"elementor-widget-container\">\n\t\t\t\t\t<div class=\"qode-image-gallery\"><div class=\"qode-image-gallery-inner\"><div class=\"qode-image-gallery-slides drag_enabled wpb_image_grid\" data-interval=\"\"data-control=&quot;false&quot;data-direction=&quot;false&quot;data-pause-on-hover=&quot;false&quot;data-drag=&quot;true&quot;><div class=\"gallery_holder\"><ul class=\"gallery_inner   v0\"><li class=\"no_grayscale\"><img decoding=\"async\" src=\"https:\/\/converzar.com\/wp-content\/uploads\/2024\/11\/electrodomesticos.png\" \/><\/li><\/ul><\/div><\/div><\/div><\/div>\t\t\t\t<\/div>\n\t\t\t\t<\/div>\n\t\t\t\t<\/div>\n\t\t\t\t<\/div>\n\t\t<div class=\"elementor-element elementor-element-87bb7e9 e-flex e-con-boxed parallax_section_no qode_elementor_container_no e-con e-parent\" data-id=\"87bb7e9\" data-element_type=\"container\" data-settings=\"{&quot;background_background&quot;:&quot;classic&quot;}\">\n\t\t\t\t\t<div class=\"e-con-inner\">\n\t\t<div class=\"elementor-element elementor-element-f364d28 e-con-full e-flex parallax_section_no qode_elementor_container_no e-con e-child\" data-id=\"f364d28\" data-element_type=\"container\">\n\t\t<div class=\"elementor-element elementor-element-ab2d472 e-con-full e-flex parallax_section_no qode_elementor_container_no e-con e-child\" data-id=\"ab2d472\" data-element_type=\"container\">\n\t\t\t\t<div class=\"elementor-element elementor-element-66121c7 elementor-widget elementor-widget-text-editor\" data-id=\"66121c7\" data-element_type=\"widget\" data-widget_type=\"text-editor.default\">\n\t\t\t\t<div class=\"elementor-widget-container\">\n\t\t\t\t\t\t\t\t\t<p><span style=\"color: #ed0928; font-size: 14px;\"><img decoding=\"async\" class=\"alignnone wp-image-11298\" style=\"margin-top: -5px;\" src=\"https:\/\/converzar.com\/wp-content\/uploads\/2024\/10\/Imago_converzar.png\" alt=\"\" width=\"14\" height=\"18\" \/> <span style=\"font-weight: 400;\">APPLICATIONS IN HOME APPLIANCES<br \/><\/span><\/span><\/p>\t\t\t\t\t\t\t\t<\/div>\n\t\t\t\t<\/div>\n\t\t\t\t<div class=\"elementor-element elementor-element-9fc9951 elementor-widget__width-initial elementor-widget elementor-widget-qi_addons_for_elementor_section_title\" data-id=\"9fc9951\" data-element_type=\"widget\" data-widget_type=\"qi_addons_for_elementor_section_title.default\">\n\t\t\t\t<div class=\"elementor-widget-container\">\n\t\t\t\t\t<div class=\"qodef-shortcode qodef-m qodef-qi-section-title qodef-decoration--italic qodef-link--underline-draw qodef-subtitle-icon--left\">\n\t\t\t\t\t\t\t\t<div class=\"qodef-m-text\"><h5><span style=\"font-weight: 400\"><span style=\"color: #ed0928\">| <\/span><\/span><span style=\"font-weight: 400\">Industrial appliances<\/span><\/h5><h5><span style=\"font-weight: 400\"><span style=\"color: #ed0928\">| <\/span><\/span><span style=\"font-weight: 400\">Overs and stovestops<\/span><\/h5><h5><span style=\"font-weight: 400\"><span style=\"color: #ed0928\">| <\/span><\/span><span style=\"font-weight: 400\">Refrigerators and freezers<\/span><\/h5><h5><span style=\"font-weight: 400\"><span style=\"color: #ed0928\">| <\/span><\/span><span style=\"font-weight: 400\">Washing machines and dishwashers<\/span><\/h5><h5>\u00a0<\/h5><\/div>\n\t<\/div>\n\t\t\t\t<\/div>\n\t\t\t\t<\/div>\n\t\t\t\t<\/div>\n\t\t\t\t<\/div>\n\t\t\t\t<div class=\"elementor-element elementor-element-2479366 elementor-widget__width-initial elementor-widget elementor-widget-qi_addons_for_elementor_section_title\" data-id=\"2479366\" data-element_type=\"widget\" data-widget_type=\"qi_addons_for_elementor_section_title.default\">\n\t\t\t\t<div class=\"elementor-widget-container\">\n\t\t\t\t\t<div class=\"qodef-shortcode qodef-m qodef-qi-section-title qodef-decoration--italic qodef-link--underline-draw qodef-subtitle-icon--left\">\n\t\t\t\t\t\t\t\t<div class=\"qodef-m-text\"><p><span style=\"font-weight: 400\"><span>Converzar\u2019s<\/span> <span>adhesive<\/span> <span>solutions<\/span> <span>are<\/span> <span>designed<\/span> <span>to<\/span> <span>enhance<\/span> <span>the<\/span> <span>durability<\/span> <span>and<\/span> <span>efficiency<\/span> <span>of <\/span><span>modern<\/span> <span>appliances.<\/span><\/span><\/p><p>\u00a0<\/p><p><span style=\"font-weight: 400\"><span>Our<\/span> <span>high-quality<\/span> <span>adhesives<\/span> <span>ensure<\/span> <span>strong<\/span> <span>bonding<\/span> <span>on<\/span> <span>surfaces<\/span> <span>such<\/span> <span>as<\/span> <span>plastic,<\/span> <span>glass,<\/span> <span>and <\/span><span>metal,<\/span> <span>ensuring<\/span> <span>the<\/span> <span>production<\/span> <span>of<\/span> <span>reliable<\/span> <span>and<\/span> <span>long-lasting<\/span> <span>products.<\/span> <span>From<\/span> <span>refrigerators<\/span> <span>to <\/span><span>washing<\/span> <span>machines,<\/span> <span>our<\/span> <span>solutions<\/span> <span>enable<\/span> <span>assembly,<\/span> <span>fixation,<\/span> <span>identification,<\/span> <span>noise<\/span> <span>reduction, <\/span><span>and<\/span> <span>protection<\/span> <span>in<\/span> <span>household<\/span> <span>appliances.<\/span> <span>This<\/span> <span>results<\/span> <span>in<\/span> <span>robust<\/span> <span>and<\/span> <span>safe<\/span> <span>equipment<\/span> <span>that <\/span><span>meets<\/span> <span>the<\/span> <span>demands<\/span> <span>of<\/span> <span>today\u2019s<\/span> <span>consumers<\/span> <span>and<\/span> <span>the<\/span> <span>market.<\/span><\/span><\/p><\/div>\n\t<\/div>\n\t\t\t\t<\/div>\n\t\t\t\t<\/div>\n\t\t\t\t\t<\/div>\n\t\t\t\t<\/div>\n\t\t\t\t<\/div>\n\t\t","protected":false},"excerpt":{"rendered":"<p>| Home Appliances The home&#8230;<\/p>\n","protected":false},"author":1,"featured_media":0,"parent":0,"menu_order":0,"comment_status":"closed","ping_status":"closed","template":"full_width.php","meta":{"_mbp_gutenberg_autopost":false,"footnotes":""},"class_list":["post-987503803","page","type-page","status-publish","hentry"],"yoast_head":"<!-- This site is optimized with the Yoast SEO plugin v24.8.1 - https:\/\/yoast.com\/wordpress\/plugins\/seo\/ -->\n<title>Adhesivos Industriales para Electrodom\u00e9sticos | Converzar<\/title>\n<meta name=\"description\" content=\"Adhesivos de alta resistencia para la fabricaci\u00f3n de electrodom\u00e9sticos. Uniones seguras y duraderas en cocinas, lavadoras y m\u00e1s.\" \/>\n<meta name=\"robots\" content=\"index, follow, max-snippet:-1, max-image-preview:large, max-video-preview:-1\" \/>\n<link rel=\"canonical\" href=\"https:\/\/converzar.com\/en\/home-appliances\/\" \/>\n<meta property=\"og:locale\" content=\"en_US\" \/>\n<meta property=\"og:type\" content=\"article\" \/>\n<meta property=\"og:title\" content=\"Adhesivos Industriales para Electrodom\u00e9sticos | Converzar\" \/>\n<meta property=\"og:description\" content=\"Adhesivos de alta resistencia para la fabricaci\u00f3n de electrodom\u00e9sticos. Uniones seguras y duraderas en cocinas, lavadoras y m\u00e1s.\" \/>\n<meta property=\"og:url\" content=\"https:\/\/converzar.com\/en\/home-appliances\/\" \/>\n<meta property=\"og:site_name\" content=\"Converzar\" \/>\n<meta property=\"article:modified_time\" content=\"2025-04-11T10:52:37+00:00\" \/>\n<meta property=\"og:image\" content=\"https:\/\/converzar.com\/wp-content\/uploads\/2025\/02\/Placaelectroddomestico.jpg\" \/>\n<meta name=\"twitter:card\" content=\"summary_large_image\" \/>\n<meta name=\"twitter:label1\" content=\"Est. reading time\" \/>\n\t<meta name=\"twitter:data1\" content=\"2 minutes\" \/>\n<script type=\"application\/ld+json\" class=\"yoast-schema-graph\">{\"@context\":\"https:\/\/schema.org\",\"@graph\":[{\"@type\":\"WebPage\",\"@id\":\"https:\/\/converzar.com\/en\/home-appliances\/\",\"url\":\"https:\/\/converzar.com\/en\/home-appliances\/\",\"name\":\"Adhesivos Industriales para Electrodom\u00e9sticos | Converzar\",\"isPartOf\":{\"@id\":\"https:\/\/converzar.com\/en\/#website\"},\"primaryImageOfPage\":{\"@id\":\"https:\/\/converzar.com\/en\/home-appliances\/#primaryimage\"},\"image\":{\"@id\":\"https:\/\/converzar.com\/en\/home-appliances\/#primaryimage\"},\"thumbnailUrl\":\"https:\/\/converzar.com\/wp-content\/uploads\/2025\/02\/Placaelectroddomestico.jpg\",\"datePublished\":\"2024-11-28T10:18:56+00:00\",\"dateModified\":\"2025-04-11T10:52:37+00:00\",\"description\":\"Adhesivos de alta resistencia para la fabricaci\u00f3n de electrodom\u00e9sticos. Uniones seguras y duraderas en cocinas, lavadoras y m\u00e1s.\",\"breadcrumb\":{\"@id\":\"https:\/\/converzar.com\/en\/home-appliances\/#breadcrumb\"},\"inLanguage\":\"en-US\",\"potentialAction\":[{\"@type\":\"ReadAction\",\"target\":[\"https:\/\/converzar.com\/en\/home-appliances\/\"]}]},{\"@type\":\"ImageObject\",\"inLanguage\":\"en-US\",\"@id\":\"https:\/\/converzar.com\/en\/home-appliances\/#primaryimage\",\"url\":\"https:\/\/converzar.com\/wp-content\/uploads\/2025\/02\/Placaelectroddomestico.jpg\",\"contentUrl\":\"https:\/\/converzar.com\/wp-content\/uploads\/2025\/02\/Placaelectroddomestico.jpg\"},{\"@type\":\"BreadcrumbList\",\"@id\":\"https:\/\/converzar.com\/en\/home-appliances\/#breadcrumb\",\"itemListElement\":[{\"@type\":\"ListItem\",\"position\":1,\"name\":\"Portada\",\"item\":\"https:\/\/converzar.com\/en\/\"},{\"@type\":\"ListItem\",\"position\":2,\"name\":\"Home Appliances\"}]},{\"@type\":\"WebSite\",\"@id\":\"https:\/\/converzar.com\/en\/#website\",\"url\":\"https:\/\/converzar.com\/en\/\",\"name\":\"Converzar\",\"description\":\"\",\"potentialAction\":[{\"@type\":\"SearchAction\",\"target\":{\"@type\":\"EntryPoint\",\"urlTemplate\":\"https:\/\/converzar.com\/en\/?s={search_term_string}\"},\"query-input\":{\"@type\":\"PropertyValueSpecification\",\"valueRequired\":true,\"valueName\":\"search_term_string\"}}],\"inLanguage\":\"en-US\"}]}<\/script>\n<!-- \/ Yoast SEO plugin. -->","yoast_head_json":{"title":"Adhesivos Industriales para Electrodom\u00e9sticos | Converzar","description":"Adhesivos de alta resistencia para la fabricaci\u00f3n de electrodom\u00e9sticos. Uniones seguras y duraderas en cocinas, lavadoras y m\u00e1s.","robots":{"index":"index","follow":"follow","max-snippet":"max-snippet:-1","max-image-preview":"max-image-preview:large","max-video-preview":"max-video-preview:-1"},"canonical":"https:\/\/converzar.com\/en\/home-appliances\/","og_locale":"en_US","og_type":"article","og_title":"Adhesivos Industriales para Electrodom\u00e9sticos | Converzar","og_description":"Adhesivos de alta resistencia para la fabricaci\u00f3n de electrodom\u00e9sticos. Uniones seguras y duraderas en cocinas, lavadoras y m\u00e1s.","og_url":"https:\/\/converzar.com\/en\/home-appliances\/","og_site_name":"Converzar","article_modified_time":"2025-04-11T10:52:37+00:00","og_image":[{"url":"https:\/\/converzar.com\/wp-content\/uploads\/2025\/02\/Placaelectroddomestico.jpg","type":"","width":"","height":""}],"twitter_card":"summary_large_image","twitter_misc":{"Est. reading time":"2 minutes"},"schema":{"@context":"https:\/\/schema.org","@graph":[{"@type":"WebPage","@id":"https:\/\/converzar.com\/en\/home-appliances\/","url":"https:\/\/converzar.com\/en\/home-appliances\/","name":"Adhesivos Industriales para Electrodom\u00e9sticos | Converzar","isPartOf":{"@id":"https:\/\/converzar.com\/en\/#website"},"primaryImageOfPage":{"@id":"https:\/\/converzar.com\/en\/home-appliances\/#primaryimage"},"image":{"@id":"https:\/\/converzar.com\/en\/home-appliances\/#primaryimage"},"thumbnailUrl":"https:\/\/converzar.com\/wp-content\/uploads\/2025\/02\/Placaelectroddomestico.jpg","datePublished":"2024-11-28T10:18:56+00:00","dateModified":"2025-04-11T10:52:37+00:00","description":"Adhesivos de alta resistencia para la fabricaci\u00f3n de electrodom\u00e9sticos. Uniones seguras y duraderas en cocinas, lavadoras y m\u00e1s.","breadcrumb":{"@id":"https:\/\/converzar.com\/en\/home-appliances\/#breadcrumb"},"inLanguage":"en-US","potentialAction":[{"@type":"ReadAction","target":["https:\/\/converzar.com\/en\/home-appliances\/"]}]},{"@type":"ImageObject","inLanguage":"en-US","@id":"https:\/\/converzar.com\/en\/home-appliances\/#primaryimage","url":"https:\/\/converzar.com\/wp-content\/uploads\/2025\/02\/Placaelectroddomestico.jpg","contentUrl":"https:\/\/converzar.com\/wp-content\/uploads\/2025\/02\/Placaelectroddomestico.jpg"},{"@type":"BreadcrumbList","@id":"https:\/\/converzar.com\/en\/home-appliances\/#breadcrumb","itemListElement":[{"@type":"ListItem","position":1,"name":"Portada","item":"https:\/\/converzar.com\/en\/"},{"@type":"ListItem","position":2,"name":"Home Appliances"}]},{"@type":"WebSite","@id":"https:\/\/converzar.com\/en\/#website","url":"https:\/\/converzar.com\/en\/","name":"Converzar","description":"","potentialAction":[{"@type":"SearchAction","target":{"@type":"EntryPoint","urlTemplate":"https:\/\/converzar.com\/en\/?s={search_term_string}"},"query-input":{"@type":"PropertyValueSpecification","valueRequired":true,"valueName":"search_term_string"}}],"inLanguage":"en-US"}]}},"_links":{"self":[{"href":"https:\/\/converzar.com\/en\/wp-json\/wp\/v2\/pages\/987503803","targetHints":{"allow":["GET"]}}],"collection":[{"href":"https:\/\/converzar.com\/en\/wp-json\/wp\/v2\/pages"}],"about":[{"href":"https:\/\/converzar.com\/en\/wp-json\/wp\/v2\/types\/page"}],"author":[{"embeddable":true,"href":"https:\/\/converzar.com\/en\/wp-json\/wp\/v2\/users\/1"}],"replies":[{"embeddable":true,"href":"https:\/\/converzar.com\/en\/wp-json\/wp\/v2\/comments?post=987503803"}],"version-history":[{"count":5,"href":"https:\/\/converzar.com\/en\/wp-json\/wp\/v2\/pages\/987503803\/revisions"}],"predecessor-version":[{"id":987504021,"href":"https:\/\/converzar.com\/en\/wp-json\/wp\/v2\/pages\/987503803\/revisions\/987504021"}],"wp:attachment":[{"href":"https:\/\/converzar.com\/en\/wp-json\/wp\/v2\/media?parent=987503803"}],"curies":[{"name":"wp","href":"https:\/\/api.w.org\/{rel}","templated":true}]}}