{"id":987503841,"date":"2024-11-28T15:36:57","date_gmt":"2024-11-28T15:36:57","guid":{"rendered":"https:\/\/converzar.com\/electricidad-electronica\/"},"modified":"2025-04-11T10:54:43","modified_gmt":"2025-04-11T10:54:43","slug":"electricity-electronics","status":"publish","type":"page","link":"https:\/\/converzar.com\/en\/electricity-electronics\/","title":{"rendered":"Electricity\/Electronics"},"content":{"rendered":"\t\t<div data-elementor-type=\"wp-page\" data-elementor-id=\"987503841\" class=\"elementor elementor-987503841 elementor-987502656\">\n\t\t\t\t<div class=\"elementor-element elementor-element-3975df32 e-con-full e-flex parallax_section_no qode_elementor_container_no e-con e-parent\" data-id=\"3975df32\" data-element_type=\"container\">\n\t\t<div class=\"elementor-element elementor-element-137eef36 e-con-full e-flex parallax_section_no qode_elementor_container_no e-con e-child\" data-id=\"137eef36\" data-element_type=\"container\">\n\t\t\t\t<div class=\"elementor-element elementor-element-4267b21 elementor-widget elementor-widget-image\" data-id=\"4267b21\" data-element_type=\"widget\" data-widget_type=\"image.default\">\n\t\t\t\t<div class=\"elementor-widget-container\">\n\t\t\t\t\t\t\t\t\t\t\t\t\t\t\t<img fetchpriority=\"high\" decoding=\"async\" width=\"800\" height=\"596\" src=\"https:\/\/converzar.com\/wp-content\/uploads\/2025\/02\/Diseno-sin-titulo-2025-02-12T094706.507-1.png\" class=\"attachment-full size-full wp-image-987502935\" alt=\"\" srcset=\"https:\/\/converzar.com\/wp-content\/uploads\/2025\/02\/Diseno-sin-titulo-2025-02-12T094706.507-1.png 800w, https:\/\/converzar.com\/wp-content\/uploads\/2025\/02\/Diseno-sin-titulo-2025-02-12T094706.507-1-300x224.png 300w, https:\/\/converzar.com\/wp-content\/uploads\/2025\/02\/Diseno-sin-titulo-2025-02-12T094706.507-1-768x572.png 768w, https:\/\/converzar.com\/wp-content\/uploads\/2025\/02\/Diseno-sin-titulo-2025-02-12T094706.507-1-700x522.png 700w\" sizes=\"(max-width: 800px) 100vw, 800px\" \/>\t\t\t\t\t\t\t\t\t\t\t\t\t\t\t<\/div>\n\t\t\t\t<\/div>\n\t\t\t\t<div class=\"elementor-element elementor-element-7fd385a elementor-widget elementor-widget-heading\" data-id=\"7fd385a\" data-element_type=\"widget\" data-widget_type=\"heading.default\">\n\t\t\t\t<div class=\"elementor-widget-container\">\n\t\t\t\t\t<h1 class=\"elementor-heading-title elementor-size-default\">| Electricity\/Electronics<\/h1>\t\t\t\t<\/div>\n\t\t\t\t<\/div>\n\t\t\t\t<div class=\"elementor-element elementor-element-7ad497ed elementor-widget__width-initial elementor-widget elementor-widget-qi_addons_for_elementor_section_title\" data-id=\"7ad497ed\" data-element_type=\"widget\" data-widget_type=\"qi_addons_for_elementor_section_title.default\">\n\t\t\t\t<div class=\"elementor-widget-container\">\n\t\t\t\t\t<div class=\"qodef-shortcode qodef-m qodef-qi-section-title qodef-decoration--italic qodef-link--underline-draw qodef-subtitle-icon--left\">\n\t\t\t\t\t\t\t\t<div class=\"qodef-m-text\"><p style=\"text-align: right\"><span>This<\/span> <span>is<\/span> <span>the<\/span> <span>most<\/span> <span>cross-functional<\/span> <span>and<\/span> <span>versatile <\/span><span>sector,<\/span> <span>as<\/span> <span>electronic <\/span><span>components<\/span> <span>and<\/span> <span>the<\/span> <br \/><span>electrical<\/span> <span>industry<\/span> <span>supply<\/span> <span>elements<\/span> <span>to<\/span> <span>automotive, <\/span><span>home<\/span> <span>appliances,<\/span> <span>metalworking,<\/span> <span>and<\/span> <span>even <\/span><span>specific<\/span> <span>solutions<\/span> <span>like<\/span> <span>battery<\/span> <span>packs<\/span> <span>that<\/span> <span>power<\/span> <span>the <\/span><span>entire<\/span> <span>EV<\/span> <span>sector.<\/span><\/p><\/div>\n\t<\/div>\n\t\t\t\t<\/div>\n\t\t\t\t<\/div>\n\t\t\t\t<\/div>\n\t\t<div class=\"elementor-element elementor-element-1cfb4d8a e-con-full e-flex parallax_section_no qode_elementor_container_no e-con e-child\" data-id=\"1cfb4d8a\" data-element_type=\"container\">\n\t\t\t\t<div class=\"elementor-element elementor-element-3f981d29 elementor-widget__width-auto elementor-widget elementor-widget-bridge_image_gallery\" data-id=\"3f981d29\" data-element_type=\"widget\" data-widget_type=\"bridge_image_gallery.default\">\n\t\t\t\t<div class=\"elementor-widget-container\">\n\t\t\t\t\t<div class=\"qode-image-gallery\"><div class=\"qode-image-gallery-inner\"><div class=\"qode-image-gallery-slides drag_enabled wpb_image_grid\" data-interval=\"\"data-control=&quot;false&quot;data-direction=&quot;false&quot;data-pause-on-hover=&quot;false&quot;data-drag=&quot;true&quot;><div class=\"gallery_holder\"><ul class=\"gallery_inner   v0\"><li class=\"no_grayscale\"><img decoding=\"async\" src=\"https:\/\/converzar.com\/wp-content\/uploads\/2024\/11\/electronica.png\" \/><\/li><\/ul><\/div><\/div><\/div><\/div>\t\t\t\t<\/div>\n\t\t\t\t<\/div>\n\t\t\t\t<\/div>\n\t\t\t\t<\/div>\n\t\t<div class=\"elementor-element elementor-element-87bb7e9 e-flex e-con-boxed parallax_section_no qode_elementor_container_no e-con e-parent\" data-id=\"87bb7e9\" data-element_type=\"container\" data-settings=\"{&quot;background_background&quot;:&quot;classic&quot;}\">\n\t\t\t\t\t<div class=\"e-con-inner\">\n\t\t<div class=\"elementor-element elementor-element-f364d28 e-con-full e-flex parallax_section_no qode_elementor_container_no e-con e-child\" data-id=\"f364d28\" data-element_type=\"container\">\n\t\t<div class=\"elementor-element elementor-element-ab2d472 e-con-full e-flex parallax_section_no qode_elementor_container_no e-con e-child\" data-id=\"ab2d472\" data-element_type=\"container\">\n\t\t\t\t<div class=\"elementor-element elementor-element-66121c7 elementor-widget elementor-widget-text-editor\" data-id=\"66121c7\" data-element_type=\"widget\" data-widget_type=\"text-editor.default\">\n\t\t\t\t<div class=\"elementor-widget-container\">\n\t\t\t\t\t\t\t\t\t<p><span style=\"color: #ed0928; font-size: 14px;\"><img decoding=\"async\" class=\"alignnone wp-image-11298\" style=\"margin-top: -5px;\" src=\"https:\/\/converzar.com\/wp-content\/uploads\/2024\/10\/Imago_converzar.png\" alt=\"\" width=\"14\" height=\"18\" \/> <span style=\"font-weight: 400;\">APPLICATIONS<\/span><\/span><\/p>\t\t\t\t\t\t\t\t<\/div>\n\t\t\t\t<\/div>\n\t\t\t\t<div class=\"elementor-element elementor-element-9fc9951 elementor-widget__width-initial elementor-widget elementor-widget-qi_addons_for_elementor_section_title\" data-id=\"9fc9951\" data-element_type=\"widget\" data-widget_type=\"qi_addons_for_elementor_section_title.default\">\n\t\t\t\t<div class=\"elementor-widget-container\">\n\t\t\t\t\t<div class=\"qodef-shortcode qodef-m qodef-qi-section-title qodef-decoration--italic qodef-link--underline-draw qodef-subtitle-icon--left\">\n\t\t\t\t\t\t\t\t<div class=\"qodef-m-text\"><h5 style=\"margin-bottom: 8px\"><span style=\"font-weight: 400\"><span style=\"color: #ed0928\">| <\/span><\/span><span style=\"font-weight: 400\">Insulation<\/span><\/h5><h5 style=\"margin-bottom: 8px\"><span style=\"font-weight: 400\"><span style=\"color: #ed0928\">| <\/span><\/span><span style=\"font-weight: 400\"><span>High-temperature\/Thermal<\/span> <span>pad<\/span>s<\/span><\/h5><h5 style=\"margin-bottom: 8px\"><span style=\"font-weight: 400\"><span style=\"color: #ed0928\">| <\/span><\/span><span style=\"font-weight: 400\">EMI\/EMC solutions<\/span><\/h5><h5 style=\"margin-bottom: 8px\"><span style=\"font-weight: 400\"><span style=\"color: #ed0928\">| <\/span><\/span><span style=\"font-weight: 400\">V<span>ibration<\/span> <span>damping<\/span><\/span><\/h5><h5 style=\"margin-bottom: 8px\"><span style=\"font-weight: 400\"><span style=\"color: #ed0928\">| <\/span><\/span><span style=\"font-weight: 400\">Industrial applications<\/span><\/h5><\/div>\n\t<\/div>\n\t\t\t\t<\/div>\n\t\t\t\t<\/div>\n\t\t\t\t<\/div>\n\t\t\t\t<\/div>\n\t\t\t\t<div class=\"elementor-element elementor-element-2479366 elementor-widget__width-initial elementor-widget elementor-widget-qi_addons_for_elementor_section_title\" data-id=\"2479366\" data-element_type=\"widget\" data-widget_type=\"qi_addons_for_elementor_section_title.default\">\n\t\t\t\t<div class=\"elementor-widget-container\">\n\t\t\t\t\t<div class=\"qodef-shortcode qodef-m qodef-qi-section-title qodef-decoration--italic qodef-link--underline-draw qodef-subtitle-icon--left\">\n\t\t\t\t\t\t\t\t<div class=\"qodef-m-text\"><p>Therefore, if versatility is the main identifier of this sector, our solutions must be versatile. At Converzar, you'll find top-level adhesive bonds for the electrical and electronics industry, ensuring reliability in critical connections and assemblies. This is a constantly evolving sector, where the need for efficiency, sustainability, and innovation is a constant.<\/p><p>\u00a0<\/p><p>Our solutions include conductive adhesives, heat sinks, and sealants that ensure the performance and durability of electronic devices, circuit boards, and electrical components. You won't find a single off-the-shelf project. All our adhesive bonds are based on specific needs and are always custom-made.<\/p><\/div>\n\t<\/div>\n\t\t\t\t<\/div>\n\t\t\t\t<\/div>\n\t\t\t\t\t<\/div>\n\t\t\t\t<\/div>\n\t\t\t\t<\/div>\n\t\t","protected":false},"excerpt":{"rendered":"<p>| Electricity\/Electronics This is the&#8230;<\/p>\n","protected":false},"author":1,"featured_media":0,"parent":0,"menu_order":0,"comment_status":"closed","ping_status":"closed","template":"full_width.php","meta":{"_mbp_gutenberg_autopost":false,"footnotes":""},"class_list":["post-987503841","page","type-page","status-publish","hentry"],"yoast_head":"<!-- This site is optimized with the Yoast SEO plugin v24.8.1 - https:\/\/yoast.com\/wordpress\/plugins\/seo\/ -->\n<title>Adhesivos para Electricidad y Electr\u00f3nica | Converzar<\/title>\n<meta name=\"description\" content=\"Adhesivos industriales para fijaci\u00f3n, aislamiento y protecci\u00f3n en componentes el\u00e9ctricos y electr\u00f3nicos. Precisi\u00f3n y fiabilidad garantizadas.\" \/>\n<meta name=\"robots\" content=\"index, follow, max-snippet:-1, max-image-preview:large, max-video-preview:-1\" \/>\n<link rel=\"canonical\" href=\"https:\/\/converzar.com\/en\/electricity-electronics\/\" \/>\n<meta property=\"og:locale\" content=\"en_US\" \/>\n<meta property=\"og:type\" content=\"article\" \/>\n<meta property=\"og:title\" content=\"Adhesivos para Electricidad y Electr\u00f3nica | Converzar\" \/>\n<meta property=\"og:description\" content=\"Adhesivos industriales para fijaci\u00f3n, aislamiento y protecci\u00f3n en componentes el\u00e9ctricos y electr\u00f3nicos. Precisi\u00f3n y fiabilidad garantizadas.\" \/>\n<meta property=\"og:url\" content=\"https:\/\/converzar.com\/en\/electricity-electronics\/\" \/>\n<meta property=\"og:site_name\" content=\"Converzar\" \/>\n<meta property=\"article:modified_time\" content=\"2025-04-11T10:54:43+00:00\" \/>\n<meta property=\"og:image\" content=\"https:\/\/converzar.com\/wp-content\/uploads\/2025\/02\/Diseno-sin-titulo-2025-02-12T094706.507-1.png\" \/>\n<meta name=\"twitter:card\" content=\"summary_large_image\" \/>\n<meta name=\"twitter:label1\" content=\"Est. reading time\" \/>\n\t<meta name=\"twitter:data1\" content=\"2 minutes\" \/>\n<script type=\"application\/ld+json\" class=\"yoast-schema-graph\">{\"@context\":\"https:\/\/schema.org\",\"@graph\":[{\"@type\":\"WebPage\",\"@id\":\"https:\/\/converzar.com\/en\/electricity-electronics\/\",\"url\":\"https:\/\/converzar.com\/en\/electricity-electronics\/\",\"name\":\"Adhesivos para Electricidad y Electr\u00f3nica | Converzar\",\"isPartOf\":{\"@id\":\"https:\/\/converzar.com\/en\/#website\"},\"primaryImageOfPage\":{\"@id\":\"https:\/\/converzar.com\/en\/electricity-electronics\/#primaryimage\"},\"image\":{\"@id\":\"https:\/\/converzar.com\/en\/electricity-electronics\/#primaryimage\"},\"thumbnailUrl\":\"https:\/\/converzar.com\/wp-content\/uploads\/2025\/02\/Diseno-sin-titulo-2025-02-12T094706.507-1.png\",\"datePublished\":\"2024-11-28T15:36:57+00:00\",\"dateModified\":\"2025-04-11T10:54:43+00:00\",\"description\":\"Adhesivos industriales para fijaci\u00f3n, aislamiento y protecci\u00f3n en componentes el\u00e9ctricos y electr\u00f3nicos. Precisi\u00f3n y fiabilidad garantizadas.\",\"breadcrumb\":{\"@id\":\"https:\/\/converzar.com\/en\/electricity-electronics\/#breadcrumb\"},\"inLanguage\":\"en-US\",\"potentialAction\":[{\"@type\":\"ReadAction\",\"target\":[\"https:\/\/converzar.com\/en\/electricity-electronics\/\"]}]},{\"@type\":\"ImageObject\",\"inLanguage\":\"en-US\",\"@id\":\"https:\/\/converzar.com\/en\/electricity-electronics\/#primaryimage\",\"url\":\"https:\/\/converzar.com\/wp-content\/uploads\/2025\/02\/Diseno-sin-titulo-2025-02-12T094706.507-1.png\",\"contentUrl\":\"https:\/\/converzar.com\/wp-content\/uploads\/2025\/02\/Diseno-sin-titulo-2025-02-12T094706.507-1.png\"},{\"@type\":\"BreadcrumbList\",\"@id\":\"https:\/\/converzar.com\/en\/electricity-electronics\/#breadcrumb\",\"itemListElement\":[{\"@type\":\"ListItem\",\"position\":1,\"name\":\"Portada\",\"item\":\"https:\/\/converzar.com\/en\/\"},{\"@type\":\"ListItem\",\"position\":2,\"name\":\"Electricity\/Electronics\"}]},{\"@type\":\"WebSite\",\"@id\":\"https:\/\/converzar.com\/en\/#website\",\"url\":\"https:\/\/converzar.com\/en\/\",\"name\":\"Converzar\",\"description\":\"\",\"potentialAction\":[{\"@type\":\"SearchAction\",\"target\":{\"@type\":\"EntryPoint\",\"urlTemplate\":\"https:\/\/converzar.com\/en\/?s={search_term_string}\"},\"query-input\":{\"@type\":\"PropertyValueSpecification\",\"valueRequired\":true,\"valueName\":\"search_term_string\"}}],\"inLanguage\":\"en-US\"}]}<\/script>\n<!-- \/ Yoast SEO plugin. -->","yoast_head_json":{"title":"Adhesivos para Electricidad y Electr\u00f3nica | Converzar","description":"Adhesivos industriales para fijaci\u00f3n, aislamiento y protecci\u00f3n en componentes el\u00e9ctricos y electr\u00f3nicos. Precisi\u00f3n y fiabilidad garantizadas.","robots":{"index":"index","follow":"follow","max-snippet":"max-snippet:-1","max-image-preview":"max-image-preview:large","max-video-preview":"max-video-preview:-1"},"canonical":"https:\/\/converzar.com\/en\/electricity-electronics\/","og_locale":"en_US","og_type":"article","og_title":"Adhesivos para Electricidad y Electr\u00f3nica | Converzar","og_description":"Adhesivos industriales para fijaci\u00f3n, aislamiento y protecci\u00f3n en componentes el\u00e9ctricos y electr\u00f3nicos. Precisi\u00f3n y fiabilidad garantizadas.","og_url":"https:\/\/converzar.com\/en\/electricity-electronics\/","og_site_name":"Converzar","article_modified_time":"2025-04-11T10:54:43+00:00","og_image":[{"url":"https:\/\/converzar.com\/wp-content\/uploads\/2025\/02\/Diseno-sin-titulo-2025-02-12T094706.507-1.png","type":"","width":"","height":""}],"twitter_card":"summary_large_image","twitter_misc":{"Est. reading time":"2 minutes"},"schema":{"@context":"https:\/\/schema.org","@graph":[{"@type":"WebPage","@id":"https:\/\/converzar.com\/en\/electricity-electronics\/","url":"https:\/\/converzar.com\/en\/electricity-electronics\/","name":"Adhesivos para Electricidad y Electr\u00f3nica | Converzar","isPartOf":{"@id":"https:\/\/converzar.com\/en\/#website"},"primaryImageOfPage":{"@id":"https:\/\/converzar.com\/en\/electricity-electronics\/#primaryimage"},"image":{"@id":"https:\/\/converzar.com\/en\/electricity-electronics\/#primaryimage"},"thumbnailUrl":"https:\/\/converzar.com\/wp-content\/uploads\/2025\/02\/Diseno-sin-titulo-2025-02-12T094706.507-1.png","datePublished":"2024-11-28T15:36:57+00:00","dateModified":"2025-04-11T10:54:43+00:00","description":"Adhesivos industriales para fijaci\u00f3n, aislamiento y protecci\u00f3n en componentes el\u00e9ctricos y electr\u00f3nicos. Precisi\u00f3n y fiabilidad garantizadas.","breadcrumb":{"@id":"https:\/\/converzar.com\/en\/electricity-electronics\/#breadcrumb"},"inLanguage":"en-US","potentialAction":[{"@type":"ReadAction","target":["https:\/\/converzar.com\/en\/electricity-electronics\/"]}]},{"@type":"ImageObject","inLanguage":"en-US","@id":"https:\/\/converzar.com\/en\/electricity-electronics\/#primaryimage","url":"https:\/\/converzar.com\/wp-content\/uploads\/2025\/02\/Diseno-sin-titulo-2025-02-12T094706.507-1.png","contentUrl":"https:\/\/converzar.com\/wp-content\/uploads\/2025\/02\/Diseno-sin-titulo-2025-02-12T094706.507-1.png"},{"@type":"BreadcrumbList","@id":"https:\/\/converzar.com\/en\/electricity-electronics\/#breadcrumb","itemListElement":[{"@type":"ListItem","position":1,"name":"Portada","item":"https:\/\/converzar.com\/en\/"},{"@type":"ListItem","position":2,"name":"Electricity\/Electronics"}]},{"@type":"WebSite","@id":"https:\/\/converzar.com\/en\/#website","url":"https:\/\/converzar.com\/en\/","name":"Converzar","description":"","potentialAction":[{"@type":"SearchAction","target":{"@type":"EntryPoint","urlTemplate":"https:\/\/converzar.com\/en\/?s={search_term_string}"},"query-input":{"@type":"PropertyValueSpecification","valueRequired":true,"valueName":"search_term_string"}}],"inLanguage":"en-US"}]}},"_links":{"self":[{"href":"https:\/\/converzar.com\/en\/wp-json\/wp\/v2\/pages\/987503841","targetHints":{"allow":["GET"]}}],"collection":[{"href":"https:\/\/converzar.com\/en\/wp-json\/wp\/v2\/pages"}],"about":[{"href":"https:\/\/converzar.com\/en\/wp-json\/wp\/v2\/types\/page"}],"author":[{"embeddable":true,"href":"https:\/\/converzar.com\/en\/wp-json\/wp\/v2\/users\/1"}],"replies":[{"embeddable":true,"href":"https:\/\/converzar.com\/en\/wp-json\/wp\/v2\/comments?post=987503841"}],"version-history":[{"count":11,"href":"https:\/\/converzar.com\/en\/wp-json\/wp\/v2\/pages\/987503841\/revisions"}],"predecessor-version":[{"id":987504022,"href":"https:\/\/converzar.com\/en\/wp-json\/wp\/v2\/pages\/987503841\/revisions\/987504022"}],"wp:attachment":[{"href":"https:\/\/converzar.com\/en\/wp-json\/wp\/v2\/media?parent=987503841"}],"curies":[{"name":"wp","href":"https:\/\/api.w.org\/{rel}","templated":true}]}}