{"id":987503950,"date":"2025-04-11T09:13:00","date_gmt":"2025-04-11T09:13:00","guid":{"rendered":"https:\/\/converzar.com\/?page_id=987503950"},"modified":"2025-04-15T09:37:15","modified_gmt":"2025-04-15T09:37:15","slug":"soundproofing","status":"publish","type":"page","link":"https:\/\/converzar.com\/en\/soundproofing\/","title":{"rendered":"Soundproofing"},"content":{"rendered":"\t\t<div data-elementor-type=\"wp-page\" data-elementor-id=\"987503950\" class=\"elementor elementor-987503950 elementor-987503946\">\n\t\t\t\t<div class=\"elementor-element elementor-element-ebdbdab e-con-full e-flex parallax_section_no qode_elementor_container_no e-con e-parent\" data-id=\"ebdbdab\" data-element_type=\"container\" data-settings=\"{&quot;background_background&quot;:&quot;classic&quot;}\">\n\t\t<div class=\"elementor-element elementor-element-bec1771 e-con-full e-flex parallax_section_no qode_elementor_container_no e-con e-child\" data-id=\"bec1771\" data-element_type=\"container\">\n\t\t\t\t<div class=\"elementor-element elementor-element-7fd385a elementor-widget elementor-widget-heading\" data-id=\"7fd385a\" data-element_type=\"widget\" data-widget_type=\"heading.default\">\n\t\t\t\t<div class=\"elementor-widget-container\">\n\t\t\t\t\t<h1 class=\"elementor-heading-title elementor-size-default\">| Soundproofing<\/h1>\t\t\t\t<\/div>\n\t\t\t\t<\/div>\n\t\t\t\t<div class=\"elementor-element elementor-element-f9358c5 elementor-widget__width-initial elementor-widget elementor-widget-qi_addons_for_elementor_section_title\" data-id=\"f9358c5\" data-element_type=\"widget\" data-widget_type=\"qi_addons_for_elementor_section_title.default\">\n\t\t\t\t<div class=\"elementor-widget-container\">\n\t\t\t\t\t<div class=\"qodef-shortcode qodef-m qodef-qi-section-title qodef-decoration--italic qodef-link--underline-draw qodef-subtitle-icon--left\">\n\t\t\t\t\t\t<h2 class=\"qodef-m-title\">\n\t\tCustomized adhesive bonding\t<\/h2>\n\t\t\t<\/div>\n\t\t\t\t<\/div>\n\t\t\t\t<\/div>\n\t\t\t\t<\/div>\n\t\t<div class=\"elementor-element elementor-element-81a34b8 e-con-full e-flex parallax_section_no qode_elementor_container_no e-con e-child\" data-id=\"81a34b8\" data-element_type=\"container\">\n\t\t\t\t<div class=\"elementor-element elementor-element-4f62ae6 elementor-widget__width-auto elementor-widget elementor-widget-bridge_image_gallery\" data-id=\"4f62ae6\" data-element_type=\"widget\" data-widget_type=\"bridge_image_gallery.default\">\n\t\t\t\t<div class=\"elementor-widget-container\">\n\t\t\t\t\t<div class=\"qode-image-gallery\"><div class=\"qode-image-gallery-inner\"><div class=\"qode-image-gallery-slides drag_enabled wpb_image_grid\" data-interval=\"\"data-control=&quot;false&quot;data-direction=&quot;false&quot;data-pause-on-hover=&quot;false&quot;data-drag=&quot;true&quot;><div class=\"gallery_holder\"><ul class=\"gallery_inner   v0\"><li class=\"no_grayscale\"><img decoding=\"async\" src=\"https:\/\/converzar.com\/wp-content\/uploads\/2025\/02\/aislamientoacustico.jpg\" \/><\/li><\/ul><\/div><\/div><\/div><\/div>\t\t\t\t<\/div>\n\t\t\t\t<\/div>\n\t\t\t\t<\/div>\n\t\t\t\t<\/div>\n\t\t<div class=\"elementor-element elementor-element-1c28ee2 e-flex e-con-boxed parallax_section_no qode_elementor_container_no e-con e-parent\" data-id=\"1c28ee2\" data-element_type=\"container\" data-settings=\"{&quot;background_background&quot;:&quot;classic&quot;}\">\n\t\t\t\t\t<div class=\"e-con-inner\">\n\t\t<div class=\"elementor-element elementor-element-0ef3719 e-con-full e-flex parallax_section_no qode_elementor_container_no e-con e-child\" data-id=\"0ef3719\" data-element_type=\"container\">\n\t\t\t\t<div class=\"elementor-element elementor-element-2479366 elementor-widget__width-initial elementor-widget elementor-widget-qi_addons_for_elementor_section_title\" data-id=\"2479366\" data-element_type=\"widget\" data-widget_type=\"qi_addons_for_elementor_section_title.default\">\n\t\t\t\t<div class=\"elementor-widget-container\">\n\t\t\t\t\t<div class=\"qodef-shortcode qodef-m qodef-qi-section-title qodef-decoration--italic qodef-link--underline-draw qodef-subtitle-icon--left\">\n\t\t\t\t\t\t\t\t<div class=\"qodef-m-text\"><p>Sound and vibration control is an increasing concern in industries such as automotive, aerospace, and appliance manufacturing. Noise emission regulations have become stricter, and end users demand quieter and more comfortable products. Our soundproofing solutions not only reduce noise but also extend the lifespan of equipment by minimizing the need for maintenance and repairs.<\/p><p><br \/>These materials can be easily adapted for self-adhesive applications, simplifying installation on various surfaces. Additionally, we offer customized converting solutions such as die-cutting, precision cutting, and ultrasonic welding, maximizing usability across all industrial projects.<\/p><\/div>\n\t<\/div>\n\t\t\t\t<\/div>\n\t\t\t\t<\/div>\n\t\t\t\t<\/div>\n\t\t<div class=\"elementor-element elementor-element-ab2d472 e-con-full e-flex parallax_section_no qode_elementor_container_no e-con e-child\" data-id=\"ab2d472\" data-element_type=\"container\">\n\t\t\t\t<div class=\"elementor-element elementor-element-66121c7 elementor-widget elementor-widget-text-editor\" data-id=\"66121c7\" data-element_type=\"widget\" data-widget_type=\"text-editor.default\">\n\t\t\t\t<div class=\"elementor-widget-container\">\n\t\t\t\t\t\t\t\t\t<p><span style=\"color: #ed0928; font-size: 14px;\"><img decoding=\"async\" class=\"alignnone wp-image-11298\" style=\"margin-top: -5px;\" src=\"https:\/\/converzar.com\/wp-content\/uploads\/2024\/10\/Imago_converzar.png\" alt=\"\" width=\"14\" height=\"18\" \/> OUR SOLUTIONS<\/span><\/p>\t\t\t\t\t\t\t\t<\/div>\n\t\t\t\t<\/div>\n\t\t\t\t<div class=\"elementor-element elementor-element-9fc9951 elementor-widget__width-initial elementor-widget elementor-widget-qi_addons_for_elementor_section_title\" data-id=\"9fc9951\" data-element_type=\"widget\" data-widget_type=\"qi_addons_for_elementor_section_title.default\">\n\t\t\t\t<div class=\"elementor-widget-container\">\n\t\t\t\t\t<div class=\"qodef-shortcode qodef-m qodef-qi-section-title qodef-decoration--italic qodef-link--underline-draw qodef-subtitle-icon--left\">\n\t\t\t\t\t\t\t\t<div class=\"qodef-m-text\"><h5 style=\"margin-bottom: 8px\"><span style=\"font-weight: 400\"><span style=\"color: #ed0928\">|<\/span> 3M Thinsulate\u00ae ultra-light fibers<\/span><\/h5><h5 style=\"margin-bottom: 8px\"><span style=\"font-weight: 400\"><span style=\"color: #ed0928\">|<\/span> <span>High-density<\/span> <span>polyurethane<\/span> <span>foams<\/span> <span>for<\/span> <span>sound<\/span> <span>absorption<\/span><\/span><\/h5><h5 style=\"margin-bottom: 8px\"><span style=\"font-weight: 400\"><span style=\"color: #ed0928\">|<\/span> <span>Damping<\/span> <span>foils<\/span> <span>and<\/span> <span>sealing<\/span> <span>gaskets<\/span> <span>that<\/span> <span>effectively<\/span> <span>block<\/span> <span>noise<\/span><\/span><\/h5><\/div>\n\t<\/div>\n\t\t\t\t<\/div>\n\t\t\t\t<\/div>\n\t\t\t\t<div class=\"elementor-element elementor-element-ddb6e9a elementor-widget elementor-widget-bridge_button_v2\" data-id=\"ddb6e9a\" data-element_type=\"widget\" data-widget_type=\"bridge_button_v2.default\">\n\t\t\t\t<div class=\"elementor-widget-container\">\n\t\t\t\t\t\n\n\t<a href=\"https:\/\/converzar.com\/en\/capabilities\/\" target=\"_self\" style=\"color: #ED0928;font-family: quicksand;font-size: 20px\" class=\"qode-btn qode-btn-medium qode-btn-simple\"  >\n\t    <span class=\"qode-btn-text\">View capabilities here<\/span>\t<\/a>\n\n\t\t\t\t<\/div>\n\t\t\t\t<\/div>\n\t\t\t\t<\/div>\n\t\t\t\t\t<\/div>\n\t\t\t\t<\/div>\n\t\t\t\t<\/div>\n\t\t","protected":false},"excerpt":{"rendered":"<p>| Soundproofing Customized adhesive bonding&#8230;<\/p>\n","protected":false},"author":1,"featured_media":0,"parent":0,"menu_order":0,"comment_status":"closed","ping_status":"closed","template":"full_width.php","meta":{"_mbp_gutenberg_autopost":false,"footnotes":""},"class_list":["post-987503950","page","type-page","status-publish","hentry"],"yoast_head":"<!-- This site is optimized with the Yoast SEO plugin v24.8.1 - https:\/\/yoast.com\/wordpress\/plugins\/seo\/ -->\n<title>Adhesivos para Insonorizaci\u00f3n | Reducci\u00f3n de Ruido y Vibraciones<\/title>\n<meta name=\"description\" content=\"Mejora el aislamiento ac\u00fastico con adhesivos especializados en insonorizaci\u00f3n. Soluciones industriales para reducir ruido y vibraciones.\" \/>\n<meta name=\"robots\" content=\"index, follow, max-snippet:-1, max-image-preview:large, max-video-preview:-1\" \/>\n<link rel=\"canonical\" href=\"https:\/\/converzar.com\/en\/soundproofing\/\" \/>\n<meta property=\"og:locale\" content=\"en_US\" \/>\n<meta property=\"og:type\" content=\"article\" \/>\n<meta property=\"og:title\" content=\"Adhesivos para Insonorizaci\u00f3n | Reducci\u00f3n de Ruido y Vibraciones\" \/>\n<meta property=\"og:description\" content=\"Mejora el aislamiento ac\u00fastico con adhesivos especializados en insonorizaci\u00f3n. Soluciones industriales para reducir ruido y vibraciones.\" \/>\n<meta property=\"og:url\" content=\"https:\/\/converzar.com\/en\/soundproofing\/\" \/>\n<meta property=\"og:site_name\" content=\"Converzar\" \/>\n<meta property=\"article:modified_time\" content=\"2025-04-15T09:37:15+00:00\" \/>\n<meta property=\"og:image\" content=\"https:\/\/converzar.com\/wp-content\/uploads\/2025\/02\/aislamientoacustico.jpg\" \/>\n<meta name=\"twitter:card\" content=\"summary_large_image\" \/>\n<meta name=\"twitter:label1\" content=\"Est. reading time\" \/>\n\t<meta name=\"twitter:data1\" content=\"1 minute\" \/>\n<script type=\"application\/ld+json\" class=\"yoast-schema-graph\">{\"@context\":\"https:\/\/schema.org\",\"@graph\":[{\"@type\":\"WebPage\",\"@id\":\"https:\/\/converzar.com\/en\/soundproofing\/\",\"url\":\"https:\/\/converzar.com\/en\/soundproofing\/\",\"name\":\"Adhesivos para Insonorizaci\u00f3n | Reducci\u00f3n de Ruido y Vibraciones\",\"isPartOf\":{\"@id\":\"https:\/\/converzar.com\/en\/#website\"},\"primaryImageOfPage\":{\"@id\":\"https:\/\/converzar.com\/en\/soundproofing\/#primaryimage\"},\"image\":{\"@id\":\"https:\/\/converzar.com\/en\/soundproofing\/#primaryimage\"},\"thumbnailUrl\":\"https:\/\/converzar.com\/wp-content\/uploads\/2025\/02\/aislamientoacustico.jpg\",\"datePublished\":\"2025-04-11T09:13:00+00:00\",\"dateModified\":\"2025-04-15T09:37:15+00:00\",\"description\":\"Mejora el aislamiento ac\u00fastico con adhesivos especializados en insonorizaci\u00f3n. Soluciones industriales para reducir ruido y vibraciones.\",\"breadcrumb\":{\"@id\":\"https:\/\/converzar.com\/en\/soundproofing\/#breadcrumb\"},\"inLanguage\":\"en-US\",\"potentialAction\":[{\"@type\":\"ReadAction\",\"target\":[\"https:\/\/converzar.com\/en\/soundproofing\/\"]}]},{\"@type\":\"ImageObject\",\"inLanguage\":\"en-US\",\"@id\":\"https:\/\/converzar.com\/en\/soundproofing\/#primaryimage\",\"url\":\"https:\/\/converzar.com\/wp-content\/uploads\/2025\/02\/aislamientoacustico.jpg\",\"contentUrl\":\"https:\/\/converzar.com\/wp-content\/uploads\/2025\/02\/aislamientoacustico.jpg\"},{\"@type\":\"BreadcrumbList\",\"@id\":\"https:\/\/converzar.com\/en\/soundproofing\/#breadcrumb\",\"itemListElement\":[{\"@type\":\"ListItem\",\"position\":1,\"name\":\"Portada\",\"item\":\"https:\/\/converzar.com\/en\/\"},{\"@type\":\"ListItem\",\"position\":2,\"name\":\"Soundproofing\"}]},{\"@type\":\"WebSite\",\"@id\":\"https:\/\/converzar.com\/en\/#website\",\"url\":\"https:\/\/converzar.com\/en\/\",\"name\":\"Converzar\",\"description\":\"\",\"potentialAction\":[{\"@type\":\"SearchAction\",\"target\":{\"@type\":\"EntryPoint\",\"urlTemplate\":\"https:\/\/converzar.com\/en\/?s={search_term_string}\"},\"query-input\":{\"@type\":\"PropertyValueSpecification\",\"valueRequired\":true,\"valueName\":\"search_term_string\"}}],\"inLanguage\":\"en-US\"}]}<\/script>\n<!-- \/ Yoast SEO plugin. -->","yoast_head_json":{"title":"Adhesivos para Insonorizaci\u00f3n | Reducci\u00f3n de Ruido y Vibraciones","description":"Mejora el aislamiento ac\u00fastico con adhesivos especializados en insonorizaci\u00f3n. Soluciones industriales para reducir ruido y vibraciones.","robots":{"index":"index","follow":"follow","max-snippet":"max-snippet:-1","max-image-preview":"max-image-preview:large","max-video-preview":"max-video-preview:-1"},"canonical":"https:\/\/converzar.com\/en\/soundproofing\/","og_locale":"en_US","og_type":"article","og_title":"Adhesivos para Insonorizaci\u00f3n | Reducci\u00f3n de Ruido y Vibraciones","og_description":"Mejora el aislamiento ac\u00fastico con adhesivos especializados en insonorizaci\u00f3n. Soluciones industriales para reducir ruido y vibraciones.","og_url":"https:\/\/converzar.com\/en\/soundproofing\/","og_site_name":"Converzar","article_modified_time":"2025-04-15T09:37:15+00:00","og_image":[{"url":"https:\/\/converzar.com\/wp-content\/uploads\/2025\/02\/aislamientoacustico.jpg","type":"","width":"","height":""}],"twitter_card":"summary_large_image","twitter_misc":{"Est. reading time":"1 minute"},"schema":{"@context":"https:\/\/schema.org","@graph":[{"@type":"WebPage","@id":"https:\/\/converzar.com\/en\/soundproofing\/","url":"https:\/\/converzar.com\/en\/soundproofing\/","name":"Adhesivos para Insonorizaci\u00f3n | Reducci\u00f3n de Ruido y Vibraciones","isPartOf":{"@id":"https:\/\/converzar.com\/en\/#website"},"primaryImageOfPage":{"@id":"https:\/\/converzar.com\/en\/soundproofing\/#primaryimage"},"image":{"@id":"https:\/\/converzar.com\/en\/soundproofing\/#primaryimage"},"thumbnailUrl":"https:\/\/converzar.com\/wp-content\/uploads\/2025\/02\/aislamientoacustico.jpg","datePublished":"2025-04-11T09:13:00+00:00","dateModified":"2025-04-15T09:37:15+00:00","description":"Mejora el aislamiento ac\u00fastico con adhesivos especializados en insonorizaci\u00f3n. Soluciones industriales para reducir ruido y vibraciones.","breadcrumb":{"@id":"https:\/\/converzar.com\/en\/soundproofing\/#breadcrumb"},"inLanguage":"en-US","potentialAction":[{"@type":"ReadAction","target":["https:\/\/converzar.com\/en\/soundproofing\/"]}]},{"@type":"ImageObject","inLanguage":"en-US","@id":"https:\/\/converzar.com\/en\/soundproofing\/#primaryimage","url":"https:\/\/converzar.com\/wp-content\/uploads\/2025\/02\/aislamientoacustico.jpg","contentUrl":"https:\/\/converzar.com\/wp-content\/uploads\/2025\/02\/aislamientoacustico.jpg"},{"@type":"BreadcrumbList","@id":"https:\/\/converzar.com\/en\/soundproofing\/#breadcrumb","itemListElement":[{"@type":"ListItem","position":1,"name":"Portada","item":"https:\/\/converzar.com\/en\/"},{"@type":"ListItem","position":2,"name":"Soundproofing"}]},{"@type":"WebSite","@id":"https:\/\/converzar.com\/en\/#website","url":"https:\/\/converzar.com\/en\/","name":"Converzar","description":"","potentialAction":[{"@type":"SearchAction","target":{"@type":"EntryPoint","urlTemplate":"https:\/\/converzar.com\/en\/?s={search_term_string}"},"query-input":{"@type":"PropertyValueSpecification","valueRequired":true,"valueName":"search_term_string"}}],"inLanguage":"en-US"}]}},"_links":{"self":[{"href":"https:\/\/converzar.com\/en\/wp-json\/wp\/v2\/pages\/987503950","targetHints":{"allow":["GET"]}}],"collection":[{"href":"https:\/\/converzar.com\/en\/wp-json\/wp\/v2\/pages"}],"about":[{"href":"https:\/\/converzar.com\/en\/wp-json\/wp\/v2\/types\/page"}],"author":[{"embeddable":true,"href":"https:\/\/converzar.com\/en\/wp-json\/wp\/v2\/users\/1"}],"replies":[{"embeddable":true,"href":"https:\/\/converzar.com\/en\/wp-json\/wp\/v2\/comments?post=987503950"}],"version-history":[{"count":8,"href":"https:\/\/converzar.com\/en\/wp-json\/wp\/v2\/pages\/987503950\/revisions"}],"predecessor-version":[{"id":987504126,"href":"https:\/\/converzar.com\/en\/wp-json\/wp\/v2\/pages\/987503950\/revisions\/987504126"}],"wp:attachment":[{"href":"https:\/\/converzar.com\/en\/wp-json\/wp\/v2\/media?parent=987503950"}],"curies":[{"name":"wp","href":"https:\/\/api.w.org\/{rel}","templated":true}]}}