{"id":987503962,"date":"2025-04-11T09:25:50","date_gmt":"2025-04-11T09:25:50","guid":{"rendered":"https:\/\/converzar.com\/?page_id=987503962"},"modified":"2025-04-15T12:47:01","modified_gmt":"2025-04-15T12:47:01","slug":"bonding-and-sealing","status":"publish","type":"page","link":"https:\/\/converzar.com\/en\/bonding-and-sealing\/","title":{"rendered":"Bonding and sealing"},"content":{"rendered":"\t\t<div data-elementor-type=\"wp-page\" data-elementor-id=\"987503962\" class=\"elementor elementor-987503962 elementor-987503958\">\n\t\t\t\t<div class=\"elementor-element elementor-element-ebdbdab e-con-full e-flex parallax_section_no qode_elementor_container_no e-con e-parent\" data-id=\"ebdbdab\" data-element_type=\"container\" data-settings=\"{&quot;background_background&quot;:&quot;classic&quot;}\">\n\t\t<div class=\"elementor-element elementor-element-bec1771 e-con-full e-flex parallax_section_no qode_elementor_container_no e-con e-child\" data-id=\"bec1771\" data-element_type=\"container\">\n\t\t\t\t<div class=\"elementor-element elementor-element-7fd385a elementor-widget elementor-widget-heading\" data-id=\"7fd385a\" data-element_type=\"widget\" data-widget_type=\"heading.default\">\n\t\t\t\t<div class=\"elementor-widget-container\">\n\t\t\t\t\t<h1 class=\"elementor-heading-title elementor-size-default\">| Bounding and sealing<\/h1>\t\t\t\t<\/div>\n\t\t\t\t<\/div>\n\t\t\t\t<div class=\"elementor-element elementor-element-f9358c5 elementor-widget__width-initial elementor-widget elementor-widget-qi_addons_for_elementor_section_title\" data-id=\"f9358c5\" data-element_type=\"widget\" data-widget_type=\"qi_addons_for_elementor_section_title.default\">\n\t\t\t\t<div class=\"elementor-widget-container\">\n\t\t\t\t\t<div class=\"qodef-shortcode qodef-m qodef-qi-section-title qodef-decoration--italic qodef-link--underline-draw qodef-subtitle-icon--left\">\n\t\t\t\t\t\t<h2 class=\"qodef-m-title\">\n\t\tCustomized solutions tailored to client needs\t<\/h2>\n\t\t\t<\/div>\n\t\t\t\t<\/div>\n\t\t\t\t<\/div>\n\t\t\t\t<\/div>\n\t\t<div class=\"elementor-element elementor-element-81a34b8 e-con-full e-flex parallax_section_no qode_elementor_container_no e-con e-child\" data-id=\"81a34b8\" data-element_type=\"container\">\n\t\t\t\t<div class=\"elementor-element elementor-element-4f62ae6 elementor-widget__width-auto elementor-widget elementor-widget-bridge_image_gallery\" data-id=\"4f62ae6\" data-element_type=\"widget\" data-widget_type=\"bridge_image_gallery.default\">\n\t\t\t\t<div class=\"elementor-widget-container\">\n\t\t\t\t\t<div class=\"qode-image-gallery\"><div class=\"qode-image-gallery-inner\"><div class=\"qode-image-gallery-slides drag_enabled wpb_image_grid\" data-interval=\"\"data-control=&quot;false&quot;data-direction=&quot;false&quot;data-pause-on-hover=&quot;false&quot;data-drag=&quot;true&quot;><div class=\"gallery_holder\"><ul class=\"gallery_inner   v0\"><li class=\"no_grayscale\"><img decoding=\"async\" src=\"https:\/\/converzar.com\/wp-content\/uploads\/2025\/02\/Unionysellado.jpg\" \/><\/li><\/ul><\/div><\/div><\/div><\/div>\t\t\t\t<\/div>\n\t\t\t\t<\/div>\n\t\t\t\t<\/div>\n\t\t\t\t<\/div>\n\t\t<div class=\"elementor-element elementor-element-1c28ee2 e-flex e-con-boxed parallax_section_no qode_elementor_container_no e-con e-parent\" data-id=\"1c28ee2\" data-element_type=\"container\" data-settings=\"{&quot;background_background&quot;:&quot;classic&quot;}\">\n\t\t\t\t\t<div class=\"e-con-inner\">\n\t\t<div class=\"elementor-element elementor-element-0ef3719 e-con-full e-flex parallax_section_no qode_elementor_container_no e-con e-child\" data-id=\"0ef3719\" data-element_type=\"container\">\n\t\t\t\t<div class=\"elementor-element elementor-element-2479366 elementor-widget__width-initial elementor-widget elementor-widget-qi_addons_for_elementor_section_title\" data-id=\"2479366\" data-element_type=\"widget\" data-widget_type=\"qi_addons_for_elementor_section_title.default\">\n\t\t\t\t<div class=\"elementor-widget-container\">\n\t\t\t\t\t<div class=\"qodef-shortcode qodef-m qodef-qi-section-title qodef-decoration--italic qodef-link--underline-draw qodef-subtitle-icon--left\">\n\t\t\t\t\t\t\t\t<div class=\"qodef-m-text\"><p>Adhesive bonding offers several technical advantages over traditional mechanical fastening methods. Beyond simply bonding, these solutions effectively seal uneven or irregular surfaces. By eliminating the stress points typical of rivets or screws, adhesive bonds ensure even stress distribution, enhancing the durability of assemblies. Additionally, they act as effective barriers against moisture and contaminants, significantly reducing the risk of corrosion over time.<\/p><p><br \/>Another key advantage of adhesive bonding is its ability to absorb impacts and dissipate vibrations, increasing the lifespan of structural components. At the same time, it can reduce noise levels, making it ideal for applications where acoustic reduction is essential. Available in a wide range of adhesive types, thicknesses, and environmental resistance levels, there is always a tape suited for even the most complex applications.<\/p><\/div>\n\t<\/div>\n\t\t\t\t<\/div>\n\t\t\t\t<\/div>\n\t\t\t\t<\/div>\n\t\t<div class=\"elementor-element elementor-element-ab2d472 e-con-full e-flex parallax_section_no qode_elementor_container_no e-con e-child\" data-id=\"ab2d472\" data-element_type=\"container\">\n\t\t\t\t<div class=\"elementor-element elementor-element-66121c7 elementor-widget elementor-widget-text-editor\" data-id=\"66121c7\" data-element_type=\"widget\" data-widget_type=\"text-editor.default\">\n\t\t\t\t<div class=\"elementor-widget-container\">\n\t\t\t\t\t\t\t\t\t<p><span style=\"color: #ed0928; font-size: 14px;\"><img decoding=\"async\" class=\"alignnone wp-image-11298\" style=\"margin-top: -5px;\" src=\"https:\/\/converzar.com\/wp-content\/uploads\/2024\/10\/Imago_converzar.png\" alt=\"\" width=\"14\" height=\"18\" \/> OUR SOLUTIONS<\/span><\/p>\t\t\t\t\t\t\t\t<\/div>\n\t\t\t\t<\/div>\n\t\t\t\t<div class=\"elementor-element elementor-element-9fc9951 elementor-widget__width-initial elementor-widget elementor-widget-qi_addons_for_elementor_section_title\" data-id=\"9fc9951\" data-element_type=\"widget\" data-widget_type=\"qi_addons_for_elementor_section_title.default\">\n\t\t\t\t<div class=\"elementor-widget-container\">\n\t\t\t\t\t<div class=\"qodef-shortcode qodef-m qodef-qi-section-title qodef-decoration--italic qodef-link--underline-draw qodef-subtitle-icon--left\">\n\t\t\t\t\t\t\t\t<div class=\"qodef-m-text\"><h5 style=\"margin-bottom: 8px\"><span style=\"font-weight: 400\"><span style=\"color: #ed0928\">|<\/span> Transfer tapes<\/span><\/h5><h5 style=\"margin-bottom: 8px\"><span style=\"font-weight: 400\"><span style=\"color: #ed0928\">|<\/span> CThin tapes with backing: tissue,\u00a0 films, non-woven fabric<\/span><\/h5><h5 style=\"margin-bottom: 8px\"><span style=\"font-weight: 400\"><span style=\"color: #ed0928\">|<\/span> Foam tapes<\/span><\/h5><h5 style=\"margin-bottom: 8px\"><span style=\"font-weight: 400\"><span style=\"color: #ed0928\">|<\/span> Acrylic tapes<\/span><\/h5><\/div>\n\t<\/div>\n\t\t\t\t<\/div>\n\t\t\t\t<\/div>\n\t\t\t\t<div class=\"elementor-element elementor-element-ddb6e9a elementor-widget elementor-widget-bridge_button_v2\" data-id=\"ddb6e9a\" data-element_type=\"widget\" data-widget_type=\"bridge_button_v2.default\">\n\t\t\t\t<div class=\"elementor-widget-container\">\n\t\t\t\t\t\n\n\t<a href=\"https:\/\/converzar.com\/en\/capabilities\/\" target=\"_self\" style=\"color: #ED0928;font-family: quicksand;font-size: 20px\" class=\"qode-btn qode-btn-medium qode-btn-simple\"  >\n\t    <span class=\"qode-btn-text\">View capabilities here<\/span>\t<\/a>\n\n\t\t\t\t<\/div>\n\t\t\t\t<\/div>\n\t\t\t\t<\/div>\n\t\t\t\t\t<\/div>\n\t\t\t\t<\/div>\n\t\t\t\t<\/div>\n\t\t","protected":false},"excerpt":{"rendered":"<p>| Bounding and sealing Customized&#8230;<\/p>\n","protected":false},"author":1,"featured_media":0,"parent":0,"menu_order":0,"comment_status":"closed","ping_status":"closed","template":"full_width.php","meta":{"_mbp_gutenberg_autopost":false,"footnotes":""},"class_list":["post-987503962","page","type-page","status-publish","hentry"],"yoast_head":"<!-- This site is optimized with the Yoast SEO plugin v24.8.1 - https:\/\/yoast.com\/wordpress\/plugins\/seo\/ -->\n<title>Procesos de uni\u00f3n y sellado industrial | Converzar<\/title>\n<meta name=\"description\" content=\"Soluciones de uni\u00f3n y sellado para aplicaciones industriales exigentes. M\u00e1xima resistencia y durabilidad en cada proceso.\" \/>\n<meta name=\"robots\" content=\"index, follow, max-snippet:-1, max-image-preview:large, max-video-preview:-1\" \/>\n<link rel=\"canonical\" href=\"https:\/\/converzar.com\/en\/bonding-and-sealing\/\" \/>\n<meta property=\"og:locale\" content=\"en_US\" \/>\n<meta property=\"og:type\" content=\"article\" \/>\n<meta property=\"og:title\" content=\"Procesos de uni\u00f3n y sellado industrial | Converzar\" \/>\n<meta property=\"og:description\" content=\"Soluciones de uni\u00f3n y sellado para aplicaciones industriales exigentes. M\u00e1xima resistencia y durabilidad en cada proceso.\" \/>\n<meta property=\"og:url\" content=\"https:\/\/converzar.com\/en\/bonding-and-sealing\/\" \/>\n<meta property=\"og:site_name\" content=\"Converzar\" \/>\n<meta property=\"article:modified_time\" content=\"2025-04-15T12:47:01+00:00\" \/>\n<meta property=\"og:image\" content=\"https:\/\/converzar.com\/wp-content\/uploads\/2025\/02\/Unionysellado.jpg\" \/>\n<meta name=\"twitter:card\" content=\"summary_large_image\" \/>\n<meta name=\"twitter:label1\" content=\"Est. reading time\" \/>\n\t<meta name=\"twitter:data1\" content=\"2 minutes\" \/>\n<script type=\"application\/ld+json\" class=\"yoast-schema-graph\">{\"@context\":\"https:\/\/schema.org\",\"@graph\":[{\"@type\":\"WebPage\",\"@id\":\"https:\/\/converzar.com\/en\/bonding-and-sealing\/\",\"url\":\"https:\/\/converzar.com\/en\/bonding-and-sealing\/\",\"name\":\"Procesos de uni\u00f3n y sellado industrial | Converzar\",\"isPartOf\":{\"@id\":\"https:\/\/converzar.com\/en\/#website\"},\"primaryImageOfPage\":{\"@id\":\"https:\/\/converzar.com\/en\/bonding-and-sealing\/#primaryimage\"},\"image\":{\"@id\":\"https:\/\/converzar.com\/en\/bonding-and-sealing\/#primaryimage\"},\"thumbnailUrl\":\"https:\/\/converzar.com\/wp-content\/uploads\/2025\/02\/Unionysellado.jpg\",\"datePublished\":\"2025-04-11T09:25:50+00:00\",\"dateModified\":\"2025-04-15T12:47:01+00:00\",\"description\":\"Soluciones de uni\u00f3n y sellado para aplicaciones industriales exigentes. M\u00e1xima resistencia y durabilidad en cada proceso.\",\"breadcrumb\":{\"@id\":\"https:\/\/converzar.com\/en\/bonding-and-sealing\/#breadcrumb\"},\"inLanguage\":\"en-US\",\"potentialAction\":[{\"@type\":\"ReadAction\",\"target\":[\"https:\/\/converzar.com\/en\/bonding-and-sealing\/\"]}]},{\"@type\":\"ImageObject\",\"inLanguage\":\"en-US\",\"@id\":\"https:\/\/converzar.com\/en\/bonding-and-sealing\/#primaryimage\",\"url\":\"https:\/\/converzar.com\/wp-content\/uploads\/2025\/02\/Unionysellado.jpg\",\"contentUrl\":\"https:\/\/converzar.com\/wp-content\/uploads\/2025\/02\/Unionysellado.jpg\"},{\"@type\":\"BreadcrumbList\",\"@id\":\"https:\/\/converzar.com\/en\/bonding-and-sealing\/#breadcrumb\",\"itemListElement\":[{\"@type\":\"ListItem\",\"position\":1,\"name\":\"Portada\",\"item\":\"https:\/\/converzar.com\/en\/\"},{\"@type\":\"ListItem\",\"position\":2,\"name\":\"Bonding and sealing\"}]},{\"@type\":\"WebSite\",\"@id\":\"https:\/\/converzar.com\/en\/#website\",\"url\":\"https:\/\/converzar.com\/en\/\",\"name\":\"Converzar\",\"description\":\"\",\"potentialAction\":[{\"@type\":\"SearchAction\",\"target\":{\"@type\":\"EntryPoint\",\"urlTemplate\":\"https:\/\/converzar.com\/en\/?s={search_term_string}\"},\"query-input\":{\"@type\":\"PropertyValueSpecification\",\"valueRequired\":true,\"valueName\":\"search_term_string\"}}],\"inLanguage\":\"en-US\"}]}<\/script>\n<!-- \/ Yoast SEO plugin. -->","yoast_head_json":{"title":"Procesos de uni\u00f3n y sellado industrial | Converzar","description":"Soluciones de uni\u00f3n y sellado para aplicaciones industriales exigentes. M\u00e1xima resistencia y durabilidad en cada proceso.","robots":{"index":"index","follow":"follow","max-snippet":"max-snippet:-1","max-image-preview":"max-image-preview:large","max-video-preview":"max-video-preview:-1"},"canonical":"https:\/\/converzar.com\/en\/bonding-and-sealing\/","og_locale":"en_US","og_type":"article","og_title":"Procesos de uni\u00f3n y sellado industrial | Converzar","og_description":"Soluciones de uni\u00f3n y sellado para aplicaciones industriales exigentes. M\u00e1xima resistencia y durabilidad en cada proceso.","og_url":"https:\/\/converzar.com\/en\/bonding-and-sealing\/","og_site_name":"Converzar","article_modified_time":"2025-04-15T12:47:01+00:00","og_image":[{"url":"https:\/\/converzar.com\/wp-content\/uploads\/2025\/02\/Unionysellado.jpg","type":"","width":"","height":""}],"twitter_card":"summary_large_image","twitter_misc":{"Est. reading time":"2 minutes"},"schema":{"@context":"https:\/\/schema.org","@graph":[{"@type":"WebPage","@id":"https:\/\/converzar.com\/en\/bonding-and-sealing\/","url":"https:\/\/converzar.com\/en\/bonding-and-sealing\/","name":"Procesos de uni\u00f3n y sellado industrial | Converzar","isPartOf":{"@id":"https:\/\/converzar.com\/en\/#website"},"primaryImageOfPage":{"@id":"https:\/\/converzar.com\/en\/bonding-and-sealing\/#primaryimage"},"image":{"@id":"https:\/\/converzar.com\/en\/bonding-and-sealing\/#primaryimage"},"thumbnailUrl":"https:\/\/converzar.com\/wp-content\/uploads\/2025\/02\/Unionysellado.jpg","datePublished":"2025-04-11T09:25:50+00:00","dateModified":"2025-04-15T12:47:01+00:00","description":"Soluciones de uni\u00f3n y sellado para aplicaciones industriales exigentes. M\u00e1xima resistencia y durabilidad en cada proceso.","breadcrumb":{"@id":"https:\/\/converzar.com\/en\/bonding-and-sealing\/#breadcrumb"},"inLanguage":"en-US","potentialAction":[{"@type":"ReadAction","target":["https:\/\/converzar.com\/en\/bonding-and-sealing\/"]}]},{"@type":"ImageObject","inLanguage":"en-US","@id":"https:\/\/converzar.com\/en\/bonding-and-sealing\/#primaryimage","url":"https:\/\/converzar.com\/wp-content\/uploads\/2025\/02\/Unionysellado.jpg","contentUrl":"https:\/\/converzar.com\/wp-content\/uploads\/2025\/02\/Unionysellado.jpg"},{"@type":"BreadcrumbList","@id":"https:\/\/converzar.com\/en\/bonding-and-sealing\/#breadcrumb","itemListElement":[{"@type":"ListItem","position":1,"name":"Portada","item":"https:\/\/converzar.com\/en\/"},{"@type":"ListItem","position":2,"name":"Bonding and sealing"}]},{"@type":"WebSite","@id":"https:\/\/converzar.com\/en\/#website","url":"https:\/\/converzar.com\/en\/","name":"Converzar","description":"","potentialAction":[{"@type":"SearchAction","target":{"@type":"EntryPoint","urlTemplate":"https:\/\/converzar.com\/en\/?s={search_term_string}"},"query-input":{"@type":"PropertyValueSpecification","valueRequired":true,"valueName":"search_term_string"}}],"inLanguage":"en-US"}]}},"_links":{"self":[{"href":"https:\/\/converzar.com\/en\/wp-json\/wp\/v2\/pages\/987503962","targetHints":{"allow":["GET"]}}],"collection":[{"href":"https:\/\/converzar.com\/en\/wp-json\/wp\/v2\/pages"}],"about":[{"href":"https:\/\/converzar.com\/en\/wp-json\/wp\/v2\/types\/page"}],"author":[{"embeddable":true,"href":"https:\/\/converzar.com\/en\/wp-json\/wp\/v2\/users\/1"}],"replies":[{"embeddable":true,"href":"https:\/\/converzar.com\/en\/wp-json\/wp\/v2\/comments?post=987503962"}],"version-history":[{"count":15,"href":"https:\/\/converzar.com\/en\/wp-json\/wp\/v2\/pages\/987503962\/revisions"}],"predecessor-version":[{"id":987504153,"href":"https:\/\/converzar.com\/en\/wp-json\/wp\/v2\/pages\/987503962\/revisions\/987504153"}],"wp:attachment":[{"href":"https:\/\/converzar.com\/en\/wp-json\/wp\/v2\/media?parent=987503962"}],"curies":[{"name":"wp","href":"https:\/\/api.w.org\/{rel}","templated":true}]}}