{"id":987504159,"date":"2025-04-15T13:58:35","date_gmt":"2025-04-15T13:58:35","guid":{"rendered":"https:\/\/converzar.com\/?page_id=987504159"},"modified":"2025-05-06T14:07:36","modified_gmt":"2025-05-06T14:07:36","slug":"electric-mobility","status":"publish","type":"page","link":"https:\/\/converzar.com\/en\/electric-mobility\/","title":{"rendered":"Electric mobility"},"content":{"rendered":"\t\t<div data-elementor-type=\"wp-page\" data-elementor-id=\"987504159\" class=\"elementor elementor-987504159 elementor-987504158\">\n\t\t\t\t<div class=\"elementor-element elementor-element-3975df32 e-con-full e-flex parallax_section_no qode_elementor_container_no e-con e-parent\" data-id=\"3975df32\" data-element_type=\"container\">\n\t\t<div class=\"elementor-element elementor-element-137eef36 e-con-full e-flex parallax_section_no qode_elementor_container_no e-con e-child\" data-id=\"137eef36\" data-element_type=\"container\">\n\t\t\t\t<div class=\"elementor-element elementor-element-4267b21 elementor-widget elementor-widget-image\" data-id=\"4267b21\" data-element_type=\"widget\" data-widget_type=\"image.default\">\n\t\t\t\t<div class=\"elementor-widget-container\">\n\t\t\t\t\t\t\t\t\t\t\t\t\t\t\t<img fetchpriority=\"high\" decoding=\"async\" width=\"800\" height=\"596\" src=\"https:\/\/converzar.com\/wp-content\/uploads\/2025\/02\/sectores_batterypack_p.jpg\" class=\"attachment-full size-full wp-image-987503165\" alt=\"\" srcset=\"https:\/\/converzar.com\/wp-content\/uploads\/2025\/02\/sectores_batterypack_p.jpg 800w, https:\/\/converzar.com\/wp-content\/uploads\/2025\/02\/sectores_batterypack_p-300x224.jpg 300w, https:\/\/converzar.com\/wp-content\/uploads\/2025\/02\/sectores_batterypack_p-768x572.jpg 768w, https:\/\/converzar.com\/wp-content\/uploads\/2025\/02\/sectores_batterypack_p-700x522.jpg 700w\" sizes=\"(max-width: 800px) 100vw, 800px\" \/>\t\t\t\t\t\t\t\t\t\t\t\t\t\t\t<\/div>\n\t\t\t\t<\/div>\n\t\t\t\t<div class=\"elementor-element elementor-element-7fd385a elementor-widget elementor-widget-heading\" data-id=\"7fd385a\" data-element_type=\"widget\" data-widget_type=\"heading.default\">\n\t\t\t\t<div class=\"elementor-widget-container\">\n\t\t\t\t\t<h1 class=\"elementor-heading-title elementor-size-default\">| EV-Batery pack\n<\/h1>\t\t\t\t<\/div>\n\t\t\t\t<\/div>\n\t\t\t\t<div class=\"elementor-element elementor-element-7ad497ed elementor-widget__width-initial elementor-widget elementor-widget-qi_addons_for_elementor_section_title\" data-id=\"7ad497ed\" data-element_type=\"widget\" data-widget_type=\"qi_addons_for_elementor_section_title.default\">\n\t\t\t\t<div class=\"elementor-widget-container\">\n\t\t\t\t\t<div class=\"qodef-shortcode qodef-m qodef-qi-section-title qodef-decoration--italic qodef-link--underline-draw qodef-subtitle-icon--left\">\n\t\t\t\t\t\t\t\t<div class=\"qodef-m-text\"><p style=\"text-align: right\"><span style=\"font-weight: 400\">Electric mobility has changed the game... Entirely new engineering platforms, hundreds of<br \/>new components, and, above all, new needs for bonding, insulation, and especially thermal<br \/>management of battery packs and powertrains. \u00a0<\/span><\/p><\/div>\n\t<\/div>\n\t\t\t\t<\/div>\n\t\t\t\t<\/div>\n\t\t\t\t<\/div>\n\t\t<div class=\"elementor-element elementor-element-1cfb4d8a e-con-full e-flex parallax_section_no qode_elementor_container_no e-con e-child\" data-id=\"1cfb4d8a\" data-element_type=\"container\">\n\t\t\t\t<div class=\"elementor-element elementor-element-3f981d29 elementor-widget__width-auto elementor-widget elementor-widget-bridge_image_gallery\" data-id=\"3f981d29\" data-element_type=\"widget\" data-widget_type=\"bridge_image_gallery.default\">\n\t\t\t\t<div class=\"elementor-widget-container\">\n\t\t\t\t\t<div class=\"qode-image-gallery\"><div class=\"qode-image-gallery-inner\"><div class=\"qode-image-gallery-slides drag_enabled wpb_image_grid\" data-interval=\"\"data-control=&quot;false&quot;data-direction=&quot;false&quot;data-pause-on-hover=&quot;false&quot;data-drag=&quot;true&quot;><div class=\"gallery_holder\"><ul class=\"gallery_inner   v0\"><li class=\"no_grayscale\"><img decoding=\"async\" src=\"https:\/\/converzar.com\/wp-content\/uploads\/2024\/11\/movilidadelectrica.png\" \/><\/li><\/ul><\/div><\/div><\/div><\/div>\t\t\t\t<\/div>\n\t\t\t\t<\/div>\n\t\t\t\t<\/div>\n\t\t\t\t<\/div>\n\t\t<div class=\"elementor-element elementor-element-87bb7e9 e-flex e-con-boxed parallax_section_no qode_elementor_container_no e-con e-parent\" data-id=\"87bb7e9\" data-element_type=\"container\" data-settings=\"{&quot;background_background&quot;:&quot;classic&quot;}\">\n\t\t\t\t\t<div class=\"e-con-inner\">\n\t\t<div class=\"elementor-element elementor-element-f364d28 e-con-full e-flex parallax_section_no qode_elementor_container_no e-con e-child\" data-id=\"f364d28\" data-element_type=\"container\">\n\t\t<div class=\"elementor-element elementor-element-ab2d472 e-con-full e-flex parallax_section_no qode_elementor_container_no e-con e-child\" data-id=\"ab2d472\" data-element_type=\"container\">\n\t\t\t\t<div class=\"elementor-element elementor-element-66121c7 elementor-widget elementor-widget-text-editor\" data-id=\"66121c7\" data-element_type=\"widget\" data-widget_type=\"text-editor.default\">\n\t\t\t\t<div class=\"elementor-widget-container\">\n\t\t\t\t\t\t\t\t\t<p><span style=\"color: #ed0928; font-size: 14px; line-height: 1px;\"><img decoding=\"async\" class=\"alignnone wp-image-11298\" style=\"margin-top: -5px;\" src=\"https:\/\/converzar.com\/wp-content\/uploads\/2024\/10\/Imago_converzar.png\" alt=\"\" width=\"14\" height=\"18\" \/> <span style=\"font-weight: 400;\">APPLICATIONS IN ELECTRIC\u00a0<\/span><\/span><\/p><p><span style=\"color: #ed0928; font-size: 14px; line-height: 1px;\"><span style=\"font-weight: 400;\"> MOBILITY\/BATTERY PACK<\/span><\/span><\/p>\t\t\t\t\t\t\t\t<\/div>\n\t\t\t\t<\/div>\n\t\t\t\t<div class=\"elementor-element elementor-element-9fc9951 elementor-widget__width-initial elementor-widget elementor-widget-qi_addons_for_elementor_section_title\" data-id=\"9fc9951\" data-element_type=\"widget\" data-widget_type=\"qi_addons_for_elementor_section_title.default\">\n\t\t\t\t<div class=\"elementor-widget-container\">\n\t\t\t\t\t<div class=\"qodef-shortcode qodef-m qodef-qi-section-title qodef-decoration--italic qodef-link--underline-draw qodef-subtitle-icon--left\">\n\t\t\t\t\t\t\t\t<div class=\"qodef-m-text\"><h5 style=\"margin-bottom: 8px\"><span style=\"font-weight: 400\"><span style=\"color: #ed0928\">|<\/span> <\/span><span style=\"font-weight: 400\">Cell-to-cell bonding<\/span><\/h5><h5 style=\"margin-bottom: 8px\"><span style=\"font-weight: 400\"><span style=\"color: #ed0928\">|<\/span> <\/span><span style=\"font-weight: 400\">Compression pads<\/span><\/h5><h5 style=\"margin-bottom: 8px\"><span style=\"font-weight: 400\"><span style=\"color: #ed0928\">|<\/span> <\/span><span style=\"font-weight: 400\">Thermal runaway protection<\/span><\/h5><h5 style=\"margin-bottom: 8px\"><span style=\"font-weight: 400\"><span style=\"color: #ed0928\">|<\/span> <\/span><span style=\"font-weight: 400\">Thermal interface<\/span><\/h5><h5 style=\"margin-bottom: 8px\"><span style=\"font-weight: 400\"><span style=\"color: #ed0928\">|<\/span> <\/span><span style=\"font-weight: 400\">Sealing<\/span><\/h5><h5 style=\"margin-bottom: 8px\"><span style=\"font-weight: 400\"><span style=\"color: #ed0928\">|<\/span> Electrical insulation<\/span><\/h5><h5 style=\"margin-bottom: 8px\"><span style=\"font-weight: 400\"><span style=\"color: #ed0928\">|<\/span> <\/span><span style=\"font-weight: 400\">Bus bar<\/span><\/h5><h5 style=\"margin-bottom: 8px\"><span style=\"font-weight: 400\"><span style=\"color: #ed0928\">|<\/span> <\/span><span style=\"font-weight: 400\">Cell wrapping<\/span><\/h5><\/div>\n\t<\/div>\n\t\t\t\t<\/div>\n\t\t\t\t<\/div>\n\t\t\t\t<\/div>\n\t\t\t\t<\/div>\n\t\t\t\t<div class=\"elementor-element elementor-element-2479366 elementor-widget__width-initial elementor-widget elementor-widget-qi_addons_for_elementor_section_title\" data-id=\"2479366\" data-element_type=\"widget\" data-widget_type=\"qi_addons_for_elementor_section_title.default\">\n\t\t\t\t<div class=\"elementor-widget-container\">\n\t\t\t\t\t<div class=\"qodef-shortcode qodef-m qodef-qi-section-title qodef-decoration--italic qodef-link--underline-draw qodef-subtitle-icon--left\">\n\t\t\t\t\t\t\t\t<div class=\"qodef-m-text\"><p>Our technological expansion and increased capacity have led to new applications. New<br \/>materials, new demands, and new manufacturing methods have brought many engineering changes that we at Converzar have tackled for these applications.<br \/>With newly expanded facilities of over 10,000 m2 and our own logistics service, we offer a complete and customized service. Our conductive and thermal adhesives ensure efficient heat dissipation and secure connections, contributing to the performance and longevity of electric vehicles. Converzar provides custom adhesives that meet the sector\u2019s high safety and sustainability standards.<br \/>The technical requirements of these applications have led us to separate logistics from<br \/>production activities, ensuring a work environment that meets the VDA 19.1 cleanliness<br \/>standards for components. We collaborate closely with partners like Aedive.<\/p><\/div>\n\t<\/div>\n\t\t\t\t<\/div>\n\t\t\t\t<\/div>\n\t\t\t\t\t<\/div>\n\t\t\t\t<\/div>\n\t\t\t\t<\/div>\n\t\t","protected":false},"excerpt":{"rendered":"<p>| EV-Batery pack Electric mobility&#8230;<\/p>\n","protected":false},"author":1,"featured_media":0,"parent":0,"menu_order":0,"comment_status":"closed","ping_status":"closed","template":"full_width.php","meta":{"_mbp_gutenberg_autopost":false,"footnotes":""},"class_list":["post-987504159","page","type-page","status-publish","hentry"],"yoast_head":"<!-- This site is optimized with the Yoast SEO plugin v24.8.1 - https:\/\/yoast.com\/wordpress\/plugins\/seo\/ -->\n<title>Battery Pack | Adhesivos para movilidad el\u00e9ctrica Converzar<\/title>\n<meta name=\"description\" content=\"Adhesivos avanzados para la fabricaci\u00f3n de veh\u00edculos el\u00e9ctricos. Soluciones para ensamblaje, gesti\u00f3n t\u00e9rmica y battery pack.\" \/>\n<meta name=\"robots\" content=\"index, follow, max-snippet:-1, max-image-preview:large, max-video-preview:-1\" \/>\n<link rel=\"canonical\" href=\"https:\/\/converzar.com\/en\/electric-mobility\/\" \/>\n<meta property=\"og:locale\" content=\"en_US\" \/>\n<meta property=\"og:type\" content=\"article\" \/>\n<meta property=\"og:title\" content=\"Battery Pack | Adhesivos para movilidad el\u00e9ctrica Converzar\" \/>\n<meta property=\"og:description\" content=\"Adhesivos avanzados para la fabricaci\u00f3n de veh\u00edculos el\u00e9ctricos. Soluciones para ensamblaje, gesti\u00f3n t\u00e9rmica y battery pack.\" \/>\n<meta property=\"og:url\" content=\"https:\/\/converzar.com\/en\/electric-mobility\/\" \/>\n<meta property=\"og:site_name\" content=\"Converzar\" \/>\n<meta property=\"article:modified_time\" content=\"2025-05-06T14:07:36+00:00\" \/>\n<meta property=\"og:image\" content=\"https:\/\/converzar.com\/wp-content\/uploads\/2025\/02\/sectores_batterypack_p.jpg\" \/>\n<meta name=\"twitter:card\" content=\"summary_large_image\" \/>\n<meta name=\"twitter:label1\" content=\"Est. reading time\" \/>\n\t<meta name=\"twitter:data1\" content=\"2 minutes\" \/>\n<script type=\"application\/ld+json\" class=\"yoast-schema-graph\">{\"@context\":\"https:\/\/schema.org\",\"@graph\":[{\"@type\":\"WebPage\",\"@id\":\"https:\/\/converzar.com\/en\/electric-mobility\/\",\"url\":\"https:\/\/converzar.com\/en\/electric-mobility\/\",\"name\":\"Battery Pack | Adhesivos para movilidad el\u00e9ctrica Converzar\",\"isPartOf\":{\"@id\":\"https:\/\/converzar.com\/en\/#website\"},\"primaryImageOfPage\":{\"@id\":\"https:\/\/converzar.com\/en\/electric-mobility\/#primaryimage\"},\"image\":{\"@id\":\"https:\/\/converzar.com\/en\/electric-mobility\/#primaryimage\"},\"thumbnailUrl\":\"https:\/\/converzar.com\/wp-content\/uploads\/2025\/02\/sectores_batterypack_p.jpg\",\"datePublished\":\"2025-04-15T13:58:35+00:00\",\"dateModified\":\"2025-05-06T14:07:36+00:00\",\"description\":\"Adhesivos avanzados para la fabricaci\u00f3n de veh\u00edculos el\u00e9ctricos. Soluciones para ensamblaje, gesti\u00f3n t\u00e9rmica y battery pack.\",\"breadcrumb\":{\"@id\":\"https:\/\/converzar.com\/en\/electric-mobility\/#breadcrumb\"},\"inLanguage\":\"en-US\",\"potentialAction\":[{\"@type\":\"ReadAction\",\"target\":[\"https:\/\/converzar.com\/en\/electric-mobility\/\"]}]},{\"@type\":\"ImageObject\",\"inLanguage\":\"en-US\",\"@id\":\"https:\/\/converzar.com\/en\/electric-mobility\/#primaryimage\",\"url\":\"https:\/\/converzar.com\/wp-content\/uploads\/2025\/02\/sectores_batterypack_p.jpg\",\"contentUrl\":\"https:\/\/converzar.com\/wp-content\/uploads\/2025\/02\/sectores_batterypack_p.jpg\"},{\"@type\":\"BreadcrumbList\",\"@id\":\"https:\/\/converzar.com\/en\/electric-mobility\/#breadcrumb\",\"itemListElement\":[{\"@type\":\"ListItem\",\"position\":1,\"name\":\"Portada\",\"item\":\"https:\/\/converzar.com\/en\/\"},{\"@type\":\"ListItem\",\"position\":2,\"name\":\"Electric mobility\"}]},{\"@type\":\"WebSite\",\"@id\":\"https:\/\/converzar.com\/en\/#website\",\"url\":\"https:\/\/converzar.com\/en\/\",\"name\":\"Converzar\",\"description\":\"\",\"potentialAction\":[{\"@type\":\"SearchAction\",\"target\":{\"@type\":\"EntryPoint\",\"urlTemplate\":\"https:\/\/converzar.com\/en\/?s={search_term_string}\"},\"query-input\":{\"@type\":\"PropertyValueSpecification\",\"valueRequired\":true,\"valueName\":\"search_term_string\"}}],\"inLanguage\":\"en-US\"}]}<\/script>\n<!-- \/ Yoast SEO plugin. -->","yoast_head_json":{"title":"Battery Pack | Adhesivos para movilidad el\u00e9ctrica Converzar","description":"Adhesivos avanzados para la fabricaci\u00f3n de veh\u00edculos el\u00e9ctricos. Soluciones para ensamblaje, gesti\u00f3n t\u00e9rmica y battery pack.","robots":{"index":"index","follow":"follow","max-snippet":"max-snippet:-1","max-image-preview":"max-image-preview:large","max-video-preview":"max-video-preview:-1"},"canonical":"https:\/\/converzar.com\/en\/electric-mobility\/","og_locale":"en_US","og_type":"article","og_title":"Battery Pack | Adhesivos para movilidad el\u00e9ctrica Converzar","og_description":"Adhesivos avanzados para la fabricaci\u00f3n de veh\u00edculos el\u00e9ctricos. Soluciones para ensamblaje, gesti\u00f3n t\u00e9rmica y battery pack.","og_url":"https:\/\/converzar.com\/en\/electric-mobility\/","og_site_name":"Converzar","article_modified_time":"2025-05-06T14:07:36+00:00","og_image":[{"url":"https:\/\/converzar.com\/wp-content\/uploads\/2025\/02\/sectores_batterypack_p.jpg","type":"","width":"","height":""}],"twitter_card":"summary_large_image","twitter_misc":{"Est. reading time":"2 minutes"},"schema":{"@context":"https:\/\/schema.org","@graph":[{"@type":"WebPage","@id":"https:\/\/converzar.com\/en\/electric-mobility\/","url":"https:\/\/converzar.com\/en\/electric-mobility\/","name":"Battery Pack | Adhesivos para movilidad el\u00e9ctrica Converzar","isPartOf":{"@id":"https:\/\/converzar.com\/en\/#website"},"primaryImageOfPage":{"@id":"https:\/\/converzar.com\/en\/electric-mobility\/#primaryimage"},"image":{"@id":"https:\/\/converzar.com\/en\/electric-mobility\/#primaryimage"},"thumbnailUrl":"https:\/\/converzar.com\/wp-content\/uploads\/2025\/02\/sectores_batterypack_p.jpg","datePublished":"2025-04-15T13:58:35+00:00","dateModified":"2025-05-06T14:07:36+00:00","description":"Adhesivos avanzados para la fabricaci\u00f3n de veh\u00edculos el\u00e9ctricos. Soluciones para ensamblaje, gesti\u00f3n t\u00e9rmica y battery pack.","breadcrumb":{"@id":"https:\/\/converzar.com\/en\/electric-mobility\/#breadcrumb"},"inLanguage":"en-US","potentialAction":[{"@type":"ReadAction","target":["https:\/\/converzar.com\/en\/electric-mobility\/"]}]},{"@type":"ImageObject","inLanguage":"en-US","@id":"https:\/\/converzar.com\/en\/electric-mobility\/#primaryimage","url":"https:\/\/converzar.com\/wp-content\/uploads\/2025\/02\/sectores_batterypack_p.jpg","contentUrl":"https:\/\/converzar.com\/wp-content\/uploads\/2025\/02\/sectores_batterypack_p.jpg"},{"@type":"BreadcrumbList","@id":"https:\/\/converzar.com\/en\/electric-mobility\/#breadcrumb","itemListElement":[{"@type":"ListItem","position":1,"name":"Portada","item":"https:\/\/converzar.com\/en\/"},{"@type":"ListItem","position":2,"name":"Electric mobility"}]},{"@type":"WebSite","@id":"https:\/\/converzar.com\/en\/#website","url":"https:\/\/converzar.com\/en\/","name":"Converzar","description":"","potentialAction":[{"@type":"SearchAction","target":{"@type":"EntryPoint","urlTemplate":"https:\/\/converzar.com\/en\/?s={search_term_string}"},"query-input":{"@type":"PropertyValueSpecification","valueRequired":true,"valueName":"search_term_string"}}],"inLanguage":"en-US"}]}},"_links":{"self":[{"href":"https:\/\/converzar.com\/en\/wp-json\/wp\/v2\/pages\/987504159","targetHints":{"allow":["GET"]}}],"collection":[{"href":"https:\/\/converzar.com\/en\/wp-json\/wp\/v2\/pages"}],"about":[{"href":"https:\/\/converzar.com\/en\/wp-json\/wp\/v2\/types\/page"}],"author":[{"embeddable":true,"href":"https:\/\/converzar.com\/en\/wp-json\/wp\/v2\/users\/1"}],"replies":[{"embeddable":true,"href":"https:\/\/converzar.com\/en\/wp-json\/wp\/v2\/comments?post=987504159"}],"version-history":[{"count":11,"href":"https:\/\/converzar.com\/en\/wp-json\/wp\/v2\/pages\/987504159\/revisions"}],"predecessor-version":[{"id":987504174,"href":"https:\/\/converzar.com\/en\/wp-json\/wp\/v2\/pages\/987504159\/revisions\/987504174"}],"wp:attachment":[{"href":"https:\/\/converzar.com\/en\/wp-json\/wp\/v2\/media?parent=987504159"}],"curies":[{"name":"wp","href":"https:\/\/api.w.org\/{rel}","templated":true}]}}