{"id":987504250,"date":"2025-04-24T08:10:42","date_gmt":"2025-04-24T08:10:42","guid":{"rendered":"https:\/\/converzar.com\/?page_id=987504250"},"modified":"2025-04-24T14:08:57","modified_gmt":"2025-04-24T14:08:57","slug":"digital-printing","status":"publish","type":"page","link":"https:\/\/converzar.com\/en\/digital-printing\/","title":{"rendered":"Digital printing"},"content":{"rendered":"\t\t<div data-elementor-type=\"wp-page\" data-elementor-id=\"987504250\" class=\"elementor elementor-987504250 elementor-987504249\">\n\t\t\t\t<div class=\"elementor-element elementor-element-ebdbdab e-con-full e-flex parallax_section_no qode_elementor_container_no e-con e-parent\" data-id=\"ebdbdab\" data-element_type=\"container\" data-settings=\"{&quot;background_background&quot;:&quot;classic&quot;}\">\n\t\t<div class=\"elementor-element elementor-element-bec1771 e-con-full e-flex parallax_section_no qode_elementor_container_no e-con e-child\" data-id=\"bec1771\" data-element_type=\"container\">\n\t\t\t\t<div class=\"elementor-element elementor-element-ddc33aa elementor-widget__width-initial elementor-widget elementor-widget-heading\" data-id=\"ddc33aa\" data-element_type=\"widget\" data-widget_type=\"heading.default\">\n\t\t\t\t<div class=\"elementor-widget-container\">\n\t\t\t\t\t<h2 class=\"elementor-heading-title elementor-size-default\">| Eco-solvent digital printing<\/h2>\t\t\t\t<\/div>\n\t\t\t\t<\/div>\n\t\t\t\t<div class=\"elementor-element elementor-element-8f77c5a elementor-widget elementor-widget-text-editor\" data-id=\"8f77c5a\" data-element_type=\"widget\" data-widget_type=\"text-editor.default\">\n\t\t\t\t<div class=\"elementor-widget-container\">\n\t\t\t\t\t\t\t\t\t<p class=\"p1\"><span dir=\"ltr\" role=\"presentation\">The ideal solution for branding large surfaces using vinyl printing. After printing, the material <\/span><br role=\"presentation\" \/><span dir=\"ltr\" role=\"presentation\">is laminated to ensure maximum durability. These inks have a low environmental impact <\/span><br role=\"presentation\" \/><span dir=\"ltr\" role=\"presentation\">while maintaining strong resistance to outdoor conditions.<\/span><br role=\"presentation\" \/><span dir=\"ltr\" role=\"presentation\">We specialize in the marking and identification of shipping containers and defense-related <\/span><br role=\"presentation\" \/><span dir=\"ltr\" role=\"presentation\">applications.<\/span><\/p>\t\t\t\t\t\t\t\t<\/div>\n\t\t\t\t<\/div>\n\t\t\t\t<\/div>\n\t\t<div class=\"elementor-element elementor-element-81a34b8 e-con-full e-flex parallax_section_no qode_elementor_container_no e-con e-child\" data-id=\"81a34b8\" data-element_type=\"container\">\n\t\t\t\t<div class=\"elementor-element elementor-element-4f62ae6 elementor-widget__width-auto elementor-widget elementor-widget-bridge_image_gallery\" data-id=\"4f62ae6\" data-element_type=\"widget\" data-widget_type=\"bridge_image_gallery.default\">\n\t\t\t\t<div class=\"elementor-widget-container\">\n\t\t\t\t\t<div class=\"qode-image-gallery\"><div class=\"qode-image-gallery-inner\"><div class=\"qode-image-gallery-slides drag_enabled wpb_image_grid\" data-interval=\"\"data-control=&quot;false&quot;data-direction=&quot;false&quot;data-pause-on-hover=&quot;false&quot;data-drag=&quot;true&quot;><div class=\"gallery_holder\"><ul class=\"gallery_inner   v0\"><li class=\"no_grayscale\"><img decoding=\"async\" src=\"https:\/\/converzar.com\/wp-content\/uploads\/2025\/04\/impresion_ecosolvete.jpg\" \/><\/li><\/ul><\/div><\/div><\/div><\/div>\t\t\t\t<\/div>\n\t\t\t\t<\/div>\n\t\t\t\t<\/div>\n\t\t\t\t<\/div>\n\t\t<div class=\"elementor-element elementor-element-be6682a e-con-full e-flex parallax_section_no qode_elementor_container_no e-con e-parent\" data-id=\"be6682a\" data-element_type=\"container\" data-settings=\"{&quot;background_background&quot;:&quot;classic&quot;}\">\n\t\t<div class=\"elementor-element elementor-element-a94131c e-con-full e-flex parallax_section_no qode_elementor_container_no e-con e-child\" data-id=\"a94131c\" data-element_type=\"container\">\n\t\t\t\t<div class=\"elementor-element elementor-element-ff1122b elementor-widget__width-auto elementor-widget elementor-widget-bridge_image_gallery\" data-id=\"ff1122b\" data-element_type=\"widget\" data-widget_type=\"bridge_image_gallery.default\">\n\t\t\t\t<div class=\"elementor-widget-container\">\n\t\t\t\t\t<div class=\"qode-image-gallery\"><div class=\"qode-image-gallery-inner\"><div class=\"qode-image-gallery-slides drag_enabled wpb_image_grid\" data-interval=\"\"data-control=&quot;false&quot;data-direction=&quot;false&quot;data-pause-on-hover=&quot;false&quot;data-drag=&quot;true&quot;><div class=\"gallery_holder\"><ul class=\"gallery_inner   v0\"><li class=\"no_grayscale\"><img decoding=\"async\" src=\"https:\/\/converzar.com\/wp-content\/uploads\/2025\/04\/impresionUV.jpg\" \/><\/li><\/ul><\/div><\/div><\/div><\/div>\t\t\t\t<\/div>\n\t\t\t\t<\/div>\n\t\t\t\t<\/div>\n\t\t<div class=\"elementor-element elementor-element-d172691 e-con-full e-flex parallax_section_no qode_elementor_container_no e-con e-child\" data-id=\"d172691\" data-element_type=\"container\">\n\t\t\t\t<div class=\"elementor-element elementor-element-2ec19a7 elementor-widget__width-initial elementor-widget elementor-widget-heading\" data-id=\"2ec19a7\" data-element_type=\"widget\" data-widget_type=\"heading.default\">\n\t\t\t\t<div class=\"elementor-widget-container\">\n\t\t\t\t\t<h2 class=\"elementor-heading-title elementor-size-default\">| UV digital Printing<\/h2>\t\t\t\t<\/div>\n\t\t\t\t<\/div>\n\t\t\t\t<div class=\"elementor-element elementor-element-736611e elementor-widget elementor-widget-text-editor\" data-id=\"736611e\" data-element_type=\"widget\" data-widget_type=\"text-editor.default\">\n\t\t\t\t<div class=\"elementor-widget-container\">\n\t\t\t\t\t\t\t\t\t<p class=\"p1\"><span dir=\"ltr\" role=\"presentation\">Top performance in adhesion and resistance to outdoor conditions. Direct printing on plastic <\/span><br role=\"presentation\" \/><span dir=\"ltr\" role=\"presentation\">or metal substrates\u2014or on long-lasting films\u2014allows for the accurate reproduction of even <\/span><br role=\"presentation\" \/><span dir=\"ltr\" role=\"presentation\">the most complex color specifications.<\/span><br role=\"presentation\" \/><span dir=\"ltr\" role=\"presentation\">We use high-performance materials to extend product lifespan.<\/span><\/p>\t\t\t\t\t\t\t\t<\/div>\n\t\t\t\t<\/div>\n\t\t\t\t<\/div>\n\t\t\t\t<\/div>\n\t\t<div class=\"elementor-element elementor-element-4c45f72 e-con-full e-flex parallax_section_no qode_elementor_container_no e-con e-parent\" data-id=\"4c45f72\" data-element_type=\"container\" data-settings=\"{&quot;background_background&quot;:&quot;classic&quot;}\">\n\t\t<div class=\"elementor-element elementor-element-6e4a093 e-con-full e-flex parallax_section_no qode_elementor_container_no e-con e-child\" data-id=\"6e4a093\" data-element_type=\"container\">\n\t\t\t\t<div class=\"elementor-element elementor-element-91ec84c elementor-widget__width-initial elementor-widget elementor-widget-heading\" data-id=\"91ec84c\" data-element_type=\"widget\" data-widget_type=\"heading.default\">\n\t\t\t\t<div class=\"elementor-widget-container\">\n\t\t\t\t\t<h2 class=\"elementor-heading-title elementor-size-default\">| Vinyl cutting<\/h2>\t\t\t\t<\/div>\n\t\t\t\t<\/div>\n\t\t\t\t<div class=\"elementor-element elementor-element-c20f912 elementor-widget elementor-widget-text-editor\" data-id=\"c20f912\" data-element_type=\"widget\" data-widget_type=\"text-editor.default\">\n\t\t\t\t<div class=\"elementor-widget-container\">\n\t\t\t\t\t\t\t\t\t<p><span dir=\"ltr\" role=\"presentation\">Using plotter cutting, we can create any text or shape from adhesive films and apply them <\/span><span dir=\"ltr\" role=\"presentation\">directly to our clients\u2019 products.<\/span><br role=\"presentation\" \/><span dir=\"ltr\" role=\"presentation\">From the smallest graphics to large-scale formats, our digital printing section can handle any <\/span><span dir=\"ltr\" role=\"presentation\">roll or sheet material, with contour recognition.<\/span><\/p>\t\t\t\t\t\t\t\t<\/div>\n\t\t\t\t<\/div>\n\t\t\t\t<\/div>\n\t\t<div class=\"elementor-element elementor-element-c2b92b3 e-con-full e-flex parallax_section_no qode_elementor_container_no e-con e-child\" data-id=\"c2b92b3\" data-element_type=\"container\">\n\t\t\t\t<div class=\"elementor-element elementor-element-361c4e2 elementor-widget__width-auto elementor-widget elementor-widget-bridge_image_gallery\" data-id=\"361c4e2\" data-element_type=\"widget\" data-widget_type=\"bridge_image_gallery.default\">\n\t\t\t\t<div class=\"elementor-widget-container\">\n\t\t\t\t\t<div class=\"qode-image-gallery\"><div class=\"qode-image-gallery-inner\"><div class=\"qode-image-gallery-slides drag_enabled wpb_image_grid\" data-interval=\"\"data-control=&quot;false&quot;data-direction=&quot;false&quot;data-pause-on-hover=&quot;false&quot;data-drag=&quot;true&quot;><div class=\"gallery_holder\"><ul class=\"gallery_inner   v0\"><li class=\"no_grayscale\"><img decoding=\"async\" src=\"https:\/\/converzar.com\/wp-content\/uploads\/2025\/04\/Cortevinilo.jpg\" \/><\/li><\/ul><\/div><\/div><\/div><\/div>\t\t\t\t<\/div>\n\t\t\t\t<\/div>\n\t\t\t\t<\/div>\n\t\t\t\t<\/div>\n\t\t<div class=\"elementor-element elementor-element-6b45b35 e-con-full e-flex parallax_section_no qode_elementor_container_no e-con e-parent\" data-id=\"6b45b35\" data-element_type=\"container\" data-settings=\"{&quot;background_background&quot;:&quot;classic&quot;}\">\n\t\t<div class=\"elementor-element elementor-element-ab23758 e-con-full e-flex parallax_section_no qode_elementor_container_no e-con e-child\" data-id=\"ab23758\" data-element_type=\"container\">\n\t\t\t\t<div class=\"elementor-element elementor-element-8a148a9 elementor-widget__width-auto elementor-widget elementor-widget-bridge_image_gallery\" data-id=\"8a148a9\" data-element_type=\"widget\" data-widget_type=\"bridge_image_gallery.default\">\n\t\t\t\t<div class=\"elementor-widget-container\">\n\t\t\t\t\t<div class=\"qode-image-gallery\"><div class=\"qode-image-gallery-inner\"><div class=\"qode-image-gallery-slides drag_enabled wpb_image_grid\" data-interval=\"\"data-control=&quot;false&quot;data-direction=&quot;false&quot;data-pause-on-hover=&quot;false&quot;data-drag=&quot;true&quot;><div class=\"gallery_holder\"><ul class=\"gallery_inner   v0\"><li class=\"no_grayscale\"><img decoding=\"async\" src=\"https:\/\/converzar.com\/wp-content\/uploads\/2025\/04\/grabadolaser.jpg\" \/><\/li><\/ul><\/div><\/div><\/div><\/div>\t\t\t\t<\/div>\n\t\t\t\t<\/div>\n\t\t\t\t<\/div>\n\t\t<div class=\"elementor-element elementor-element-3ce8823 e-con-full e-flex parallax_section_no qode_elementor_container_no e-con e-child\" data-id=\"3ce8823\" data-element_type=\"container\">\n\t\t\t\t<div class=\"elementor-element elementor-element-56a675c elementor-widget__width-initial elementor-widget elementor-widget-heading\" data-id=\"56a675c\" data-element_type=\"widget\" data-widget_type=\"heading.default\">\n\t\t\t\t<div class=\"elementor-widget-container\">\n\t\t\t\t\t<h2 class=\"elementor-heading-title elementor-size-default\">| Laser engraving on metals<\/h2>\t\t\t\t<\/div>\n\t\t\t\t<\/div>\n\t\t\t\t<div class=\"elementor-element elementor-element-afe8758 elementor-widget elementor-widget-text-editor\" data-id=\"afe8758\" data-element_type=\"widget\" data-widget_type=\"text-editor.default\">\n\t\t\t\t<div class=\"elementor-widget-container\">\n\t\t\t\t\t\t\t\t\t<p class=\"p1\"><span dir=\"ltr\" role=\"presentation\">Using fiber laser technology, we permanently engrave all types of graphics, IDs, or <\/span><br role=\"presentation\" \/><span dir=\"ltr\" role=\"presentation\">traceability codes onto our clients\u2019 parts.<\/span><br role=\"presentation\" \/><span dir=\"ltr\" role=\"presentation\">These markings last as long as the component itself, as the engraving is done directly on the<\/span><br role=\"presentation\" \/><span dir=\"ltr\" role=\"presentation\">material\u2019s surface.<\/span><br role=\"presentation\" \/><span dir=\"ltr\" role=\"presentation\">For CSC identification plates, we engrave stainless steel or anodized aluminum to comply <\/span><br role=\"presentation\" \/><span dir=\"ltr\" role=\"presentation\">with maritime transport regulations.<\/span><br role=\"presentation\" \/><span dir=\"ltr\" role=\"presentation\">Other applications include machinery data plates, elevator and compressor labels, and any <\/span><br role=\"presentation\" \/><span dir=\"ltr\" role=\"presentation\">equipment requiring durable identification in compliance with regulations.<\/span><\/p>\t\t\t\t\t\t\t\t<\/div>\n\t\t\t\t<\/div>\n\t\t\t\t<\/div>\n\t\t\t\t<\/div>\n\t\t\t\t<\/div>\n\t\t","protected":false},"excerpt":{"rendered":"<p>| Eco-solvent digital printing The&#8230;<\/p>\n","protected":false},"author":1,"featured_media":0,"parent":0,"menu_order":0,"comment_status":"closed","ping_status":"closed","template":"full_width.php","meta":{"_mbp_gutenberg_autopost":false,"footnotes":""},"class_list":["post-987504250","page","type-page","status-publish","hentry"],"yoast_head":"<!-- This site is optimized with the Yoast SEO plugin v24.8.1 - https:\/\/yoast.com\/wordpress\/plugins\/seo\/ -->\n<title>Troquelado industrial de alta precisi\u00f3n | Converzar<\/title>\n<meta name=\"description\" content=\"Servicio de troquelado con m\u00e1xima precisi\u00f3n para cortes personalizados en distintos materiales y aplicaciones industriales.\" \/>\n<meta name=\"robots\" content=\"index, follow, max-snippet:-1, max-image-preview:large, max-video-preview:-1\" \/>\n<link rel=\"canonical\" href=\"https:\/\/converzar.com\/en\/digital-printing\/\" \/>\n<meta property=\"og:locale\" content=\"en_US\" \/>\n<meta property=\"og:type\" content=\"article\" \/>\n<meta property=\"og:title\" content=\"Troquelado industrial de alta precisi\u00f3n | Converzar\" \/>\n<meta property=\"og:description\" content=\"Servicio de troquelado con m\u00e1xima precisi\u00f3n para cortes personalizados en distintos materiales y aplicaciones industriales.\" \/>\n<meta property=\"og:url\" content=\"https:\/\/converzar.com\/en\/digital-printing\/\" \/>\n<meta property=\"og:site_name\" content=\"Converzar\" \/>\n<meta property=\"article:modified_time\" content=\"2025-04-24T14:08:57+00:00\" \/>\n<meta property=\"og:image\" content=\"https:\/\/converzar.com\/wp-content\/uploads\/2025\/04\/impresion_ecosolvete.jpg\" \/>\n<meta name=\"twitter:card\" content=\"summary_large_image\" \/>\n<meta name=\"twitter:label1\" content=\"Est. reading time\" \/>\n\t<meta name=\"twitter:data1\" content=\"2 minutes\" \/>\n<script type=\"application\/ld+json\" class=\"yoast-schema-graph\">{\"@context\":\"https:\/\/schema.org\",\"@graph\":[{\"@type\":\"WebPage\",\"@id\":\"https:\/\/converzar.com\/en\/digital-printing\/\",\"url\":\"https:\/\/converzar.com\/en\/digital-printing\/\",\"name\":\"Troquelado industrial de alta precisi\u00f3n | Converzar\",\"isPartOf\":{\"@id\":\"https:\/\/converzar.com\/en\/#website\"},\"primaryImageOfPage\":{\"@id\":\"https:\/\/converzar.com\/en\/digital-printing\/#primaryimage\"},\"image\":{\"@id\":\"https:\/\/converzar.com\/en\/digital-printing\/#primaryimage\"},\"thumbnailUrl\":\"https:\/\/converzar.com\/wp-content\/uploads\/2025\/04\/impresion_ecosolvete.jpg\",\"datePublished\":\"2025-04-24T08:10:42+00:00\",\"dateModified\":\"2025-04-24T14:08:57+00:00\",\"description\":\"Servicio de troquelado con m\u00e1xima precisi\u00f3n para cortes personalizados en distintos materiales y aplicaciones industriales.\",\"breadcrumb\":{\"@id\":\"https:\/\/converzar.com\/en\/digital-printing\/#breadcrumb\"},\"inLanguage\":\"en-US\",\"potentialAction\":[{\"@type\":\"ReadAction\",\"target\":[\"https:\/\/converzar.com\/en\/digital-printing\/\"]}]},{\"@type\":\"ImageObject\",\"inLanguage\":\"en-US\",\"@id\":\"https:\/\/converzar.com\/en\/digital-printing\/#primaryimage\",\"url\":\"https:\/\/converzar.com\/wp-content\/uploads\/2025\/04\/impresion_ecosolvete.jpg\",\"contentUrl\":\"https:\/\/converzar.com\/wp-content\/uploads\/2025\/04\/impresion_ecosolvete.jpg\"},{\"@type\":\"BreadcrumbList\",\"@id\":\"https:\/\/converzar.com\/en\/digital-printing\/#breadcrumb\",\"itemListElement\":[{\"@type\":\"ListItem\",\"position\":1,\"name\":\"Portada\",\"item\":\"https:\/\/converzar.com\/en\/\"},{\"@type\":\"ListItem\",\"position\":2,\"name\":\"Digital printing\"}]},{\"@type\":\"WebSite\",\"@id\":\"https:\/\/converzar.com\/en\/#website\",\"url\":\"https:\/\/converzar.com\/en\/\",\"name\":\"Converzar\",\"description\":\"\",\"potentialAction\":[{\"@type\":\"SearchAction\",\"target\":{\"@type\":\"EntryPoint\",\"urlTemplate\":\"https:\/\/converzar.com\/en\/?s={search_term_string}\"},\"query-input\":{\"@type\":\"PropertyValueSpecification\",\"valueRequired\":true,\"valueName\":\"search_term_string\"}}],\"inLanguage\":\"en-US\"}]}<\/script>\n<!-- \/ Yoast SEO plugin. -->","yoast_head_json":{"title":"Troquelado industrial de alta precisi\u00f3n | Converzar","description":"Servicio de troquelado con m\u00e1xima precisi\u00f3n para cortes personalizados en distintos materiales y aplicaciones industriales.","robots":{"index":"index","follow":"follow","max-snippet":"max-snippet:-1","max-image-preview":"max-image-preview:large","max-video-preview":"max-video-preview:-1"},"canonical":"https:\/\/converzar.com\/en\/digital-printing\/","og_locale":"en_US","og_type":"article","og_title":"Troquelado industrial de alta precisi\u00f3n | Converzar","og_description":"Servicio de troquelado con m\u00e1xima precisi\u00f3n para cortes personalizados en distintos materiales y aplicaciones industriales.","og_url":"https:\/\/converzar.com\/en\/digital-printing\/","og_site_name":"Converzar","article_modified_time":"2025-04-24T14:08:57+00:00","og_image":[{"url":"https:\/\/converzar.com\/wp-content\/uploads\/2025\/04\/impresion_ecosolvete.jpg","type":"","width":"","height":""}],"twitter_card":"summary_large_image","twitter_misc":{"Est. reading time":"2 minutes"},"schema":{"@context":"https:\/\/schema.org","@graph":[{"@type":"WebPage","@id":"https:\/\/converzar.com\/en\/digital-printing\/","url":"https:\/\/converzar.com\/en\/digital-printing\/","name":"Troquelado industrial de alta precisi\u00f3n | Converzar","isPartOf":{"@id":"https:\/\/converzar.com\/en\/#website"},"primaryImageOfPage":{"@id":"https:\/\/converzar.com\/en\/digital-printing\/#primaryimage"},"image":{"@id":"https:\/\/converzar.com\/en\/digital-printing\/#primaryimage"},"thumbnailUrl":"https:\/\/converzar.com\/wp-content\/uploads\/2025\/04\/impresion_ecosolvete.jpg","datePublished":"2025-04-24T08:10:42+00:00","dateModified":"2025-04-24T14:08:57+00:00","description":"Servicio de troquelado con m\u00e1xima precisi\u00f3n para cortes personalizados en distintos materiales y aplicaciones industriales.","breadcrumb":{"@id":"https:\/\/converzar.com\/en\/digital-printing\/#breadcrumb"},"inLanguage":"en-US","potentialAction":[{"@type":"ReadAction","target":["https:\/\/converzar.com\/en\/digital-printing\/"]}]},{"@type":"ImageObject","inLanguage":"en-US","@id":"https:\/\/converzar.com\/en\/digital-printing\/#primaryimage","url":"https:\/\/converzar.com\/wp-content\/uploads\/2025\/04\/impresion_ecosolvete.jpg","contentUrl":"https:\/\/converzar.com\/wp-content\/uploads\/2025\/04\/impresion_ecosolvete.jpg"},{"@type":"BreadcrumbList","@id":"https:\/\/converzar.com\/en\/digital-printing\/#breadcrumb","itemListElement":[{"@type":"ListItem","position":1,"name":"Portada","item":"https:\/\/converzar.com\/en\/"},{"@type":"ListItem","position":2,"name":"Digital printing"}]},{"@type":"WebSite","@id":"https:\/\/converzar.com\/en\/#website","url":"https:\/\/converzar.com\/en\/","name":"Converzar","description":"","potentialAction":[{"@type":"SearchAction","target":{"@type":"EntryPoint","urlTemplate":"https:\/\/converzar.com\/en\/?s={search_term_string}"},"query-input":{"@type":"PropertyValueSpecification","valueRequired":true,"valueName":"search_term_string"}}],"inLanguage":"en-US"}]}},"_links":{"self":[{"href":"https:\/\/converzar.com\/en\/wp-json\/wp\/v2\/pages\/987504250","targetHints":{"allow":["GET"]}}],"collection":[{"href":"https:\/\/converzar.com\/en\/wp-json\/wp\/v2\/pages"}],"about":[{"href":"https:\/\/converzar.com\/en\/wp-json\/wp\/v2\/types\/page"}],"author":[{"embeddable":true,"href":"https:\/\/converzar.com\/en\/wp-json\/wp\/v2\/users\/1"}],"replies":[{"embeddable":true,"href":"https:\/\/converzar.com\/en\/wp-json\/wp\/v2\/comments?post=987504250"}],"version-history":[{"count":6,"href":"https:\/\/converzar.com\/en\/wp-json\/wp\/v2\/pages\/987504250\/revisions"}],"predecessor-version":[{"id":987504272,"href":"https:\/\/converzar.com\/en\/wp-json\/wp\/v2\/pages\/987504250\/revisions\/987504272"}],"wp:attachment":[{"href":"https:\/\/converzar.com\/en\/wp-json\/wp\/v2\/media?parent=987504250"}],"curies":[{"name":"wp","href":"https:\/\/api.w.org\/{rel}","templated":true}]}}