{"id":987504769,"date":"2024-11-26T14:18:04","date_gmt":"2024-11-26T14:18:04","guid":{"rendered":"https:\/\/converzar.com\/cortes-a-medida\/"},"modified":"2025-07-14T15:30:41","modified_gmt":"2025-07-14T15:30:41","slug":"couper-sur-mesure","status":"publish","type":"page","link":"https:\/\/converzar.com\/fr\/couper-sur-mesure\/","title":{"rendered":"Couper sur mesure"},"content":{"rendered":"\t\t<div data-elementor-type=\"wp-page\" data-elementor-id=\"987504769\" class=\"elementor elementor-987504769 elementor-987502143\">\n\t\t\t\t<div class=\"elementor-element elementor-element-ebdbdab e-con-full e-flex parallax_section_no qode_elementor_container_no e-con e-parent\" data-id=\"ebdbdab\" data-element_type=\"container\" data-settings=\"{&quot;background_background&quot;:&quot;classic&quot;}\">\n\t\t<div class=\"elementor-element elementor-element-bec1771 e-con-full e-flex parallax_section_no qode_elementor_container_no e-con e-child\" data-id=\"bec1771\" data-element_type=\"container\">\n\t\t\t\t<div class=\"elementor-element elementor-element-ddc33aa elementor-widget__width-initial elementor-widget elementor-widget-heading\" data-id=\"ddc33aa\" data-element_type=\"widget\" data-widget_type=\"heading.default\">\n\t\t\t\t<div class=\"elementor-widget-container\">\n\t\t\t\t\t<h2 class=\"elementor-heading-title elementor-size-default\">| Couper sur mesure<\/h2>\t\t\t\t<\/div>\n\t\t\t\t<\/div>\n\t\t\t\t<div class=\"elementor-element elementor-element-8f77c5a elementor-widget elementor-widget-text-editor\" data-id=\"8f77c5a\" data-element_type=\"widget\" data-widget_type=\"text-editor.default\">\n\t\t\t\t<div class=\"elementor-widget-container\">\n\t\t\t\t\t\t\t\t\t<p>Partant de grandes bobines fournies par nos partenaires, nous transformons des master rolls pouvant atteindre 800 kg, 1 m\u00e8tre de diam\u00e8tre et 2.000 mm de largeur en rouleaux utilisables dans nos processus de transformation, ou d\u00e9coup\u00e9s aux dimensions sp\u00e9cifiques demand\u00e9es par nos clients. Nous disposons de deux technologies :<\/p><p><span style=\"text-align: var(--text-align); color: #ed0928;\">\u00a0<\/span><\/p><p><span style=\"text-align: var(--text-align); color: #ed0928;\">|<\/span><span style=\"text-align: var(--text-align);\"> Tours de d\u00e9coupe : le master roll (jusqu\u2019\u00e0 1.800 mm) tourne sur un axe pendant qu\u2019une lame circulaire avance vers le noyau pour d\u00e9couper des rouleaux de largeur inf\u00e9rieure. Chaque produit a une recette de coupe sp\u00e9cifique, et chacun de nos trois tours peut produire des rouleaux \u00e0 partir de seulement 4 mm de largeur (selon les mat\u00e9riaux).<\/span><\/p><p>\u00a0<\/p><p><span style=\"color: #ed0928;\">| <\/span>D\u00e9coupe par d\u00e9roulage : dans ce proc\u00e9d\u00e9, le master roll est d\u00e9roul\u00e9 et guid\u00e9 par des rouleaux jusqu\u2019\u00e0 un groupe de coupe. Gr\u00e2ce \u00e0 des ensembles de lames \u2014 qu\u2019il s\u2019agisse de lames de type gillette, de cisailles, ou de lames circulaires \u00e0 pression pneumatique \u2014 nous sommes capables de couper les mat\u00e9riaux les plus complexes, jusqu\u2019\u00e0 15 mm d\u2019\u00e9paisseur, avec l\u2019une de nos deux machines de d\u00e9coupe-rembobinage.<\/p>\t\t\t\t\t\t\t\t<\/div>\n\t\t\t\t<\/div>\n\t\t\t\t<\/div>\n\t\t<div class=\"elementor-element elementor-element-81a34b8 e-con-full e-flex parallax_section_no qode_elementor_container_no e-con e-child\" data-id=\"81a34b8\" data-element_type=\"container\">\n\t\t\t\t<div class=\"elementor-element elementor-element-eb105f8 elementor-arrows-position-inside elementor-widget elementor-widget-image-carousel\" data-id=\"eb105f8\" data-element_type=\"widget\" data-settings=\"{&quot;slides_to_show&quot;:&quot;1&quot;,&quot;navigation&quot;:&quot;arrows&quot;,&quot;autoplay&quot;:&quot;yes&quot;,&quot;pause_on_hover&quot;:&quot;yes&quot;,&quot;pause_on_interaction&quot;:&quot;yes&quot;,&quot;autoplay_speed&quot;:5000,&quot;infinite&quot;:&quot;yes&quot;,&quot;effect&quot;:&quot;slide&quot;,&quot;speed&quot;:500}\" data-widget_type=\"image-carousel.default\">\n\t\t\t\t<div class=\"elementor-widget-container\">\n\t\t\t\t\t\t\t<div class=\"elementor-image-carousel-wrapper swiper\" role=\"region\" aria-roledescription=\"carousel\" aria-label=\"Carrusel de im\u00e1genes\" dir=\"ltr\">\n\t\t\t<div class=\"elementor-image-carousel swiper-wrapper\" aria-live=\"off\">\n\t\t\t\t\t\t\t\t<div class=\"swiper-slide\" role=\"group\" aria-roledescription=\"slide\" aria-label=\"1 sur 2\"><figure class=\"swiper-slide-inner\"><img decoding=\"async\" class=\"swiper-slide-image\" src=\"https:\/\/converzar.com\/wp-content\/uploads\/2025\/02\/Corteamedida_2.jpg\" alt=\"Corteamedida_2\" \/><\/figure><\/div><div class=\"swiper-slide\" role=\"group\" aria-roledescription=\"slide\" aria-label=\"2 sur 2\"><figure class=\"swiper-slide-inner\"><img decoding=\"async\" class=\"swiper-slide-image\" src=\"https:\/\/converzar.com\/wp-content\/uploads\/2025\/02\/Diseno-sin-titulo-2025-02-11T162638.592.png\" alt=\"Dise\u00f1o sin t\u00edtulo - 2025-02-11T162638.592\" \/><\/figure><\/div>\t\t\t<\/div>\n\t\t\t\t\t\t\t\t\t\t\t\t<div class=\"elementor-swiper-button elementor-swiper-button-prev\" role=\"button\" tabindex=\"0\">\n\t\t\t\t\t\t<svg aria-hidden=\"true\" class=\"e-font-icon-svg e-eicon-chevron-left\" viewBox=\"0 0 1000 1000\" xmlns=\"http:\/\/www.w3.org\/2000\/svg\"><path d=\"M646 125C629 125 613 133 604 142L308 442C296 454 292 471 292 487 292 504 296 521 308 533L604 854C617 867 629 875 646 875 663 875 679 871 692 858 704 846 713 829 713 812 713 796 708 779 692 767L438 487 692 225C700 217 708 204 708 187 708 171 704 154 692 142 675 129 663 125 646 125Z\"><\/path><\/svg>\t\t\t\t\t<\/div>\n\t\t\t\t\t<div class=\"elementor-swiper-button elementor-swiper-button-next\" role=\"button\" tabindex=\"0\">\n\t\t\t\t\t\t<svg aria-hidden=\"true\" class=\"e-font-icon-svg e-eicon-chevron-right\" viewBox=\"0 0 1000 1000\" xmlns=\"http:\/\/www.w3.org\/2000\/svg\"><path d=\"M696 533C708 521 713 504 713 487 713 471 708 454 696 446L400 146C388 133 375 125 354 125 338 125 325 129 313 142 300 154 292 171 292 187 292 204 296 221 308 233L563 492 304 771C292 783 288 800 288 817 288 833 296 850 308 863 321 871 338 875 354 875 371 875 388 867 400 854L696 533Z\"><\/path><\/svg>\t\t\t\t\t<\/div>\n\t\t\t\t\n\t\t\t\t\t\t\t\t\t<\/div>\n\t\t\t\t\t\t<\/div>\n\t\t\t\t<\/div>\n\t\t\t\t<\/div>\n\t\t\t\t<\/div>\n\t\t\t\t<\/div>\n\t\t","protected":false},"excerpt":{"rendered":"<p>| Couper sur mesure Partant&#8230;<\/p>\n","protected":false},"author":1,"featured_media":0,"parent":0,"menu_order":0,"comment_status":"closed","ping_status":"closed","template":"full_width.php","meta":{"_mbp_gutenberg_autopost":false,"footnotes":""},"class_list":["post-987504769","page","type-page","status-publish","hentry"],"yoast_head":"<!-- This site is optimized with the Yoast SEO plugin v24.8.1 - https:\/\/yoast.com\/wordpress\/plugins\/seo\/ -->\n<title>Cortes a medida para Producci\u00f3n Industrial | Converzar<\/title>\n<meta name=\"description\" content=\"Cortes a medida con tolerancias exactas para adaptarse a cualquier proceso de fabricaci\u00f3n. Precisi\u00f3n y eficiencia garantizadas.\" \/>\n<meta name=\"robots\" content=\"index, follow, max-snippet:-1, max-image-preview:large, max-video-preview:-1\" \/>\n<link rel=\"canonical\" href=\"https:\/\/converzar.com\/fr\/couper-sur-mesure\/\" \/>\n<meta property=\"og:locale\" content=\"fr_FR\" \/>\n<meta property=\"og:type\" content=\"article\" \/>\n<meta property=\"og:title\" content=\"Cortes a medida para Producci\u00f3n Industrial | Converzar\" \/>\n<meta property=\"og:description\" content=\"Cortes a medida con tolerancias exactas para adaptarse a cualquier proceso de fabricaci\u00f3n. Precisi\u00f3n y eficiencia garantizadas.\" \/>\n<meta property=\"og:url\" content=\"https:\/\/converzar.com\/fr\/couper-sur-mesure\/\" \/>\n<meta property=\"og:site_name\" content=\"Converzar\" \/>\n<meta property=\"article:modified_time\" content=\"2025-07-14T15:30:41+00:00\" \/>\n<meta property=\"og:image\" content=\"https:\/\/converzar.com\/wp-content\/uploads\/2025\/02\/Corteamedida_2.jpg\" \/>\n<meta name=\"twitter:card\" content=\"summary_large_image\" \/>\n<meta name=\"twitter:label1\" content=\"Dur\u00e9e de lecture estim\u00e9e\" \/>\n\t<meta name=\"twitter:data1\" content=\"2 minutes\" \/>\n<script type=\"application\/ld+json\" class=\"yoast-schema-graph\">{\"@context\":\"https:\/\/schema.org\",\"@graph\":[{\"@type\":\"WebPage\",\"@id\":\"https:\/\/converzar.com\/fr\/couper-sur-mesure\/\",\"url\":\"https:\/\/converzar.com\/fr\/couper-sur-mesure\/\",\"name\":\"Cortes a medida para Producci\u00f3n Industrial | Converzar\",\"isPartOf\":{\"@id\":\"https:\/\/converzar.com\/fr\/#website\"},\"primaryImageOfPage\":{\"@id\":\"https:\/\/converzar.com\/fr\/couper-sur-mesure\/#primaryimage\"},\"image\":{\"@id\":\"https:\/\/converzar.com\/fr\/couper-sur-mesure\/#primaryimage\"},\"thumbnailUrl\":\"https:\/\/converzar.com\/wp-content\/uploads\/2025\/02\/Corteamedida_2.jpg\",\"datePublished\":\"2024-11-26T14:18:04+00:00\",\"dateModified\":\"2025-07-14T15:30:41+00:00\",\"description\":\"Cortes a medida con tolerancias exactas para adaptarse a cualquier proceso de fabricaci\u00f3n. Precisi\u00f3n y eficiencia garantizadas.\",\"breadcrumb\":{\"@id\":\"https:\/\/converzar.com\/fr\/couper-sur-mesure\/#breadcrumb\"},\"inLanguage\":\"fr-FR\",\"potentialAction\":[{\"@type\":\"ReadAction\",\"target\":[\"https:\/\/converzar.com\/fr\/couper-sur-mesure\/\"]}]},{\"@type\":\"ImageObject\",\"inLanguage\":\"fr-FR\",\"@id\":\"https:\/\/converzar.com\/fr\/couper-sur-mesure\/#primaryimage\",\"url\":\"https:\/\/converzar.com\/wp-content\/uploads\/2025\/02\/Corteamedida_2.jpg\",\"contentUrl\":\"https:\/\/converzar.com\/wp-content\/uploads\/2025\/02\/Corteamedida_2.jpg\"},{\"@type\":\"BreadcrumbList\",\"@id\":\"https:\/\/converzar.com\/fr\/couper-sur-mesure\/#breadcrumb\",\"itemListElement\":[{\"@type\":\"ListItem\",\"position\":1,\"name\":\"Portada\",\"item\":\"https:\/\/converzar.com\/fr\/\"},{\"@type\":\"ListItem\",\"position\":2,\"name\":\"Couper sur mesure\"}]},{\"@type\":\"WebSite\",\"@id\":\"https:\/\/converzar.com\/fr\/#website\",\"url\":\"https:\/\/converzar.com\/fr\/\",\"name\":\"Converzar\",\"description\":\"\",\"potentialAction\":[{\"@type\":\"SearchAction\",\"target\":{\"@type\":\"EntryPoint\",\"urlTemplate\":\"https:\/\/converzar.com\/fr\/?s={search_term_string}\"},\"query-input\":{\"@type\":\"PropertyValueSpecification\",\"valueRequired\":true,\"valueName\":\"search_term_string\"}}],\"inLanguage\":\"fr-FR\"}]}<\/script>\n<!-- \/ Yoast SEO plugin. -->","yoast_head_json":{"title":"Cortes a medida para Producci\u00f3n Industrial | Converzar","description":"Cortes a medida con tolerancias exactas para adaptarse a cualquier proceso de fabricaci\u00f3n. Precisi\u00f3n y eficiencia garantizadas.","robots":{"index":"index","follow":"follow","max-snippet":"max-snippet:-1","max-image-preview":"max-image-preview:large","max-video-preview":"max-video-preview:-1"},"canonical":"https:\/\/converzar.com\/fr\/couper-sur-mesure\/","og_locale":"fr_FR","og_type":"article","og_title":"Cortes a medida para Producci\u00f3n Industrial | Converzar","og_description":"Cortes a medida con tolerancias exactas para adaptarse a cualquier proceso de fabricaci\u00f3n. Precisi\u00f3n y eficiencia garantizadas.","og_url":"https:\/\/converzar.com\/fr\/couper-sur-mesure\/","og_site_name":"Converzar","article_modified_time":"2025-07-14T15:30:41+00:00","og_image":[{"url":"https:\/\/converzar.com\/wp-content\/uploads\/2025\/02\/Corteamedida_2.jpg","type":"","width":"","height":""}],"twitter_card":"summary_large_image","twitter_misc":{"Dur\u00e9e de lecture estim\u00e9e":"2 minutes"},"schema":{"@context":"https:\/\/schema.org","@graph":[{"@type":"WebPage","@id":"https:\/\/converzar.com\/fr\/couper-sur-mesure\/","url":"https:\/\/converzar.com\/fr\/couper-sur-mesure\/","name":"Cortes a medida para Producci\u00f3n Industrial | Converzar","isPartOf":{"@id":"https:\/\/converzar.com\/fr\/#website"},"primaryImageOfPage":{"@id":"https:\/\/converzar.com\/fr\/couper-sur-mesure\/#primaryimage"},"image":{"@id":"https:\/\/converzar.com\/fr\/couper-sur-mesure\/#primaryimage"},"thumbnailUrl":"https:\/\/converzar.com\/wp-content\/uploads\/2025\/02\/Corteamedida_2.jpg","datePublished":"2024-11-26T14:18:04+00:00","dateModified":"2025-07-14T15:30:41+00:00","description":"Cortes a medida con tolerancias exactas para adaptarse a cualquier proceso de fabricaci\u00f3n. Precisi\u00f3n y eficiencia garantizadas.","breadcrumb":{"@id":"https:\/\/converzar.com\/fr\/couper-sur-mesure\/#breadcrumb"},"inLanguage":"fr-FR","potentialAction":[{"@type":"ReadAction","target":["https:\/\/converzar.com\/fr\/couper-sur-mesure\/"]}]},{"@type":"ImageObject","inLanguage":"fr-FR","@id":"https:\/\/converzar.com\/fr\/couper-sur-mesure\/#primaryimage","url":"https:\/\/converzar.com\/wp-content\/uploads\/2025\/02\/Corteamedida_2.jpg","contentUrl":"https:\/\/converzar.com\/wp-content\/uploads\/2025\/02\/Corteamedida_2.jpg"},{"@type":"BreadcrumbList","@id":"https:\/\/converzar.com\/fr\/couper-sur-mesure\/#breadcrumb","itemListElement":[{"@type":"ListItem","position":1,"name":"Portada","item":"https:\/\/converzar.com\/fr\/"},{"@type":"ListItem","position":2,"name":"Couper sur mesure"}]},{"@type":"WebSite","@id":"https:\/\/converzar.com\/fr\/#website","url":"https:\/\/converzar.com\/fr\/","name":"Converzar","description":"","potentialAction":[{"@type":"SearchAction","target":{"@type":"EntryPoint","urlTemplate":"https:\/\/converzar.com\/fr\/?s={search_term_string}"},"query-input":{"@type":"PropertyValueSpecification","valueRequired":true,"valueName":"search_term_string"}}],"inLanguage":"fr-FR"}]}},"_links":{"self":[{"href":"https:\/\/converzar.com\/fr\/wp-json\/wp\/v2\/pages\/987504769","targetHints":{"allow":["GET"]}}],"collection":[{"href":"https:\/\/converzar.com\/fr\/wp-json\/wp\/v2\/pages"}],"about":[{"href":"https:\/\/converzar.com\/fr\/wp-json\/wp\/v2\/types\/page"}],"author":[{"embeddable":true,"href":"https:\/\/converzar.com\/fr\/wp-json\/wp\/v2\/users\/1"}],"replies":[{"embeddable":true,"href":"https:\/\/converzar.com\/fr\/wp-json\/wp\/v2\/comments?post=987504769"}],"version-history":[{"count":22,"href":"https:\/\/converzar.com\/fr\/wp-json\/wp\/v2\/pages\/987504769\/revisions"}],"predecessor-version":[{"id":987505026,"href":"https:\/\/converzar.com\/fr\/wp-json\/wp\/v2\/pages\/987504769\/revisions\/987505026"}],"wp:attachment":[{"href":"https:\/\/converzar.com\/fr\/wp-json\/wp\/v2\/media?parent=987504769"}],"curies":[{"name":"wp","href":"https:\/\/api.w.org\/{rel}","templated":true}]}}