{"id":987504789,"date":"2024-11-19T11:41:04","date_gmt":"2024-11-19T11:41:04","guid":{"rendered":"https:\/\/converzar.com\/calidad\/"},"modified":"2025-11-05T15:14:13","modified_gmt":"2025-11-05T15:14:13","slug":"qualite","status":"publish","type":"page","link":"https:\/\/converzar.com\/fr\/qualite\/","title":{"rendered":"Qualit\u00e9"},"content":{"rendered":"\t\t<div data-elementor-type=\"wp-page\" data-elementor-id=\"987504789\" class=\"elementor elementor-987504789 elementor-12283\">\n\t\t\t\t<div class=\"elementor-element elementor-element-ebdbdab e-con-full e-flex parallax_section_no qode_elementor_container_no e-con e-parent\" data-id=\"ebdbdab\" data-element_type=\"container\" data-settings=\"{&quot;background_background&quot;:&quot;classic&quot;}\">\n\t\t<div class=\"elementor-element elementor-element-bec1771 e-con-full e-flex parallax_section_no qode_elementor_container_no e-con e-child\" data-id=\"bec1771\" data-element_type=\"container\">\n\t\t\t\t<div class=\"elementor-element elementor-element-7ede94a elementor-widget elementor-widget-text-editor\" data-id=\"7ede94a\" data-element_type=\"widget\" data-widget_type=\"text-editor.default\">\n\t\t\t\t<div class=\"elementor-widget-container\">\n\t\t\t\t\t\t\t\t\t<h6 class=\"header-level \" style=\"text-align: left;\"><span class=\"dnxt-text-one \" style=\"color: #ed0928;\"><span class=\"dnxt-gradient-text-color-1\"><img decoding=\"async\" class=\"alignnone wp-image-11298\" src=\"https:\/\/converzar.com\/wp-content\/uploads\/2024\/10\/Imago_converzar.png\" alt=\"\" width=\"13\" height=\"17\" \/> Selon les normes les plus strictes<\/span><\/span><\/h6>\t\t\t\t\t\t\t\t<\/div>\n\t\t\t\t<\/div>\n\t\t\t\t<div class=\"elementor-element elementor-element-0862b9e elementor-widget__width-initial elementor-widget elementor-widget-heading\" data-id=\"0862b9e\" data-element_type=\"widget\" data-widget_type=\"heading.default\">\n\t\t\t\t<div class=\"elementor-widget-container\">\n\t\t\t\t\t<h2 class=\"elementor-heading-title elementor-size-default\">Qualit\u00e9<\/h2>\t\t\t\t<\/div>\n\t\t\t\t<\/div>\n\t\t\t\t<div class=\"elementor-element elementor-element-8f77c5a elementor-widget elementor-widget-text-editor\" data-id=\"8f77c5a\" data-element_type=\"widget\" data-widget_type=\"text-editor.default\">\n\t\t\t\t<div class=\"elementor-widget-container\">\n\t\t\t\t\t\t\t\t\t<p class=\"x_MsoNormal\" data-olk-copy-source=\"MessageBody\">Le succ\u00e8s de Converzar repose sur la qualit\u00e9 de ses produits et de ses processus. L\u2019entreprise dispose des certifications suivantes, adapt\u00e9es aux secteurs les plus exigeants :<\/p><p class=\"x_MsoNormal\"><span lang=\"FR-FR\"><span style=\"color: #ed0928;\">|<\/span> IATF 16949 (Automobile) \u2013 TRANSFORMATION ET SOLUTIONS PERSONNALIS\u00c9ES DANS LES MAT\u00c9RIAUX ADH\u00c9SIFS.<\/span><\/p><p class=\"x_MsoNormal\"><span lang=\"FR-FR\">\u00a0<\/span><\/p><p class=\"x_MsoNormal\"><span lang=\"FR-FR\"><span style=\"color: #ed0928;\">|<\/span> ISO 9100:2018 (A\u00e9ronautique) \u2013 TRANSFORMATION ET SOLUTIONS PERSONNALIS\u00c9ES DANS LES MAT\u00c9RIAUX ADH\u00c9SIFS.<\/span><\/p><p class=\"x_MsoNormal\"><span lang=\"FR-FR\">\u00a0<\/span><\/p><p class=\"x_MsoNormal\"><span lang=\"FR-FR\"><span style=\"color: #ed0928;\">|<\/span> ISO 9120:2018 (A\u00e9ronautique) \u2013 DISTRIBUTION DE RUBANS ADH\u00c9SIFS, D\u2019ABRASIFS ET D\u2019ADH\u00c9SIFS LIQUIDES.<\/span><\/p><p class=\"x_MsoNormal\"><span lang=\"FR-FR\">\u00a0<\/span><\/p><p class=\"x_MsoNormal\"><span lang=\"FR-FR\"><span style=\"color: #ed0928;\">|<\/span> <\/span>ISO 9001 Syst\u00e8me de gestion de la qualit\u00e9.<\/p><p class=\"x_MsoNormal\"><span lang=\"FR-FR\"><span style=\"color: #ed0928;\">|<\/span> <\/span>ISO 14001 \u2013 TRANSFORMATION ET SOLUTIONS PERSONNALIS\u00c9ES DE MAT\u00c9RIAUX ADH\u00c9SIFS, illustrant notre engagement envers une gestion environnementale durable.<\/p><p><span data-olk-copy-source=\"MessageBody\"><span lang=\"FR-FR\"><span style=\"color: #ed0928;\">| <\/span><\/span>ISO 14064 Empreinte carbone.<\/span><\/p><p class=\"x_MsoNormal\">Converzar dispose \u00e9galement d\u2019\u00e9quipements de mesure de laboratoire \u00e0 la pointe de la technologie, ce qui se traduit par une am\u00e9lioration constante de la qualit\u00e9 des produits. Ses objectifs qualit\u00e9 sont align\u00e9s sur ses politiques de durabilit\u00e9 et son code \u00e9thique, afin de contribuer \u00e0 la cr\u00e9ation de valeur pour ses fournisseurs, ses clients, ses employ\u00e9s et la soci\u00e9t\u00e9 dans son ensemble.<\/p>\t\t\t\t\t\t\t\t<\/div>\n\t\t\t\t<\/div>\n\t\t\t\t<\/div>\n\t\t<div class=\"elementor-element elementor-element-81a34b8 e-con-full e-flex parallax_section_no qode_elementor_container_no e-con e-child\" data-id=\"81a34b8\" data-element_type=\"container\">\n\t\t\t\t<div class=\"elementor-element elementor-element-4f62ae6 elementor-widget__width-auto elementor-widget elementor-widget-bridge_image_gallery\" data-id=\"4f62ae6\" data-element_type=\"widget\" data-widget_type=\"bridge_image_gallery.default\">\n\t\t\t\t<div class=\"elementor-widget-container\">\n\t\t\t\t\t<div class=\"qode-image-gallery\"><div class=\"qode-image-gallery-inner\"><div class=\"qode-image-gallery-slides drag_enabled wpb_image_grid\" data-interval=\"\"data-control=&quot;false&quot;data-direction=&quot;false&quot;data-pause-on-hover=&quot;false&quot;data-drag=&quot;true&quot;><div class=\"gallery_holder\"><ul class=\"gallery_inner   v0\"><li class=\"no_grayscale\"><img decoding=\"async\" src=\"https:\/\/converzar.com\/wp-content\/uploads\/2024\/11\/laboratorio_certificados.jpg\" \/><\/li><\/ul><\/div><\/div><\/div><\/div>\t\t\t\t<\/div>\n\t\t\t\t<\/div>\n\t\t<div class=\"elementor-element elementor-element-21e82ce e-grid e-con-full parallax_section_no qode_elementor_container_no e-con e-child\" data-id=\"21e82ce\" data-element_type=\"container\">\n\t\t\t\t<div class=\"elementor-element elementor-element-46852f3 elementor-widget elementor-widget-text-editor\" data-id=\"46852f3\" data-element_type=\"widget\" data-widget_type=\"text-editor.default\">\n\t\t\t\t<div class=\"elementor-widget-container\">\n\t\t\t\t\t\t\t\t\t<p>\u00a0<\/p><p><span style=\"color: #ed0928;\">|\u00a0<\/span>Syst\u00e8mes de gestion de la qualit\u00e9 dans l&rsquo;industrie automobile.<\/p><h4><span style=\"color: #ed0928;\"><a class=\"qode-underline-link\" style=\"color: #ed0928;\" href=\"https:\/\/converzar.com\/wp-content\/uploads\/2024\/11\/converzar-iatf-16968150-en-1.pdf\" target=\"_blank\" rel=\"noopener\">IATF 16949<\/a><\/span><\/h4>\t\t\t\t\t\t\t\t<\/div>\n\t\t\t\t<\/div>\n\t\t<div class=\"elementor-element elementor-element-d5bb754 e-grid e-con-full parallax_section_no qode_elementor_container_no e-con e-child\" data-id=\"d5bb754\" data-element_type=\"container\">\n\t\t\t\t<div class=\"elementor-element elementor-element-6c73967 elementor-widget elementor-widget-text-editor\" data-id=\"6c73967\" data-element_type=\"widget\" data-widget_type=\"text-editor.default\">\n\t\t\t\t<div class=\"elementor-widget-container\">\n\t\t\t\t\t\t\t\t\t<h4 style=\"margin-bottom: 15px; text-align: left;\"><a class=\"qode-underline-link\" href=\"https:\/\/converzar.com\/wp-content\/uploads\/2024\/11\/converzar-iso9001-en-alf.pdf&quot;\" target=\"_blank\" rel=\"noopener\">ISO 9001<\/a><\/h4><h4 style=\"margin-bottom: 15px; text-align: left;\"><a class=\"qode-underline-link\" href=\"https:\/\/converzar.com\/wp-content\/uploads\/2024\/11\/converzar-iso9120-en.pdf\" target=\"_blank\" rel=\"noopener\">ISO 9120<\/a><\/h4><h4 style=\"margin-bottom: 15px; text-align: left;\"><a class=\"qode-underline-link\" href=\"https:\/\/converzar.com\/wp-content\/uploads\/2025\/04\/Residuo-Cero-Compromiso-Excelente-2025-espanol.pdf\" target=\"_blank\" rel=\"noopener\">Residuo cero<\/a><\/h4>\t\t\t\t\t\t\t\t<\/div>\n\t\t\t\t<\/div>\n\t\t\t\t<div class=\"elementor-element elementor-element-33e5edb elementor-widget elementor-widget-text-editor\" data-id=\"33e5edb\" data-element_type=\"widget\" data-widget_type=\"text-editor.default\">\n\t\t\t\t<div class=\"elementor-widget-container\">\n\t\t\t\t\t\t\t\t\t<h4 style=\"margin-bottom: 15px; text-align: left;\"><a class=\"qode-underline-link\" href=\"https:\/\/converzar.com\/wp-content\/uploads\/2024\/11\/converzar-iso9100-en.pdf\" target=\"_blank\" rel=\"noopener\">ISO 9100<\/a><\/h4>\n<h4 style=\"margin-bottom: 15px; text-align: left;\"><a class=\"qode-underline-link\" href=\"https:\/\/converzar.com\/wp-content\/uploads\/2025\/02\/ISO-14001.pdf\" target=\"_blank\" rel=\"noopener\">ISO 14001<\/a><\/h4>\n<h4 style=\"text-align: left;\"><a class=\"qode-underline-link\" href=\"https:\/\/converzar.com\/wp-content\/uploads\/2025\/02\/ISO-14064-1.-ANO-2023.pdf\">ISO 14064 Empreinte carbone\n<\/a><\/h4>\t\t\t\t\t\t\t\t<\/div>\n\t\t\t\t<\/div>\n\t\t\t\t<\/div>\n\t\t\t\t<\/div>\n\t\t\t\t<\/div>\n\t\t\t\t<\/div>\n\t\t<div class=\"elementor-element elementor-element-be6682a e-con-full e-flex parallax_section_no qode_elementor_container_no e-con e-parent\" data-id=\"be6682a\" data-element_type=\"container\" data-settings=\"{&quot;background_background&quot;:&quot;classic&quot;}\">\n\t\t<div class=\"elementor-element elementor-element-a94131c e-con-full e-flex parallax_section_no qode_elementor_container_no e-con e-child\" data-id=\"a94131c\" data-element_type=\"container\">\n\t\t\t\t<div class=\"elementor-element elementor-element-e5b746f elementor-widget elementor-widget-image\" data-id=\"e5b746f\" data-element_type=\"widget\" data-widget_type=\"image.default\">\n\t\t\t\t<div class=\"elementor-widget-container\">\n\t\t\t\t\t\t\t\t\t\t\t\t\t\t\t<img fetchpriority=\"high\" decoding=\"async\" width=\"703\" height=\"915\" src=\"https:\/\/converzar.com\/wp-content\/uploads\/2025\/07\/pyme_innovadora_meic-SP_web.png\" class=\"attachment-medium_large size-medium_large wp-image-987504736\" alt=\"\" srcset=\"https:\/\/converzar.com\/wp-content\/uploads\/2025\/07\/pyme_innovadora_meic-SP_web.png 703w, https:\/\/converzar.com\/wp-content\/uploads\/2025\/07\/pyme_innovadora_meic-SP_web-230x300.png 230w, https:\/\/converzar.com\/wp-content\/uploads\/2025\/07\/pyme_innovadora_meic-SP_web-700x911.png 700w\" sizes=\"(max-width: 703px) 100vw, 703px\" \/>\t\t\t\t\t\t\t\t\t\t\t\t\t\t\t<\/div>\n\t\t\t\t<\/div>\n\t\t\t\t<div class=\"elementor-element elementor-element-816238a elementor-widget__width-auto elementor-widget elementor-widget-bridge_image_gallery\" data-id=\"816238a\" data-element_type=\"widget\" data-widget_type=\"bridge_image_gallery.default\">\n\t\t\t\t<div class=\"elementor-widget-container\">\n\t\t\t\t\t<div class=\"qode-image-gallery\"><div class=\"qode-image-gallery-inner\"><div class=\"qode-image-gallery-slides drag_enabled wpb_image_grid\" data-interval=\"\"data-control=&quot;false&quot;data-direction=&quot;false&quot;data-pause-on-hover=&quot;false&quot;data-drag=&quot;true&quot;><div class=\"gallery_holder\"><ul class=\"gallery_inner   v0\"><li class=\"no_grayscale\"><img decoding=\"async\" src=\"https:\/\/converzar.com\/wp-content\/uploads\/2024\/11\/innovacion_certificados.jpg\" \/><\/li><\/ul><\/div><\/div><\/div><\/div>\t\t\t\t<\/div>\n\t\t\t\t<\/div>\n\t\t\t\t<\/div>\n\t\t<div class=\"elementor-element elementor-element-d172691 e-con-full e-flex parallax_section_no qode_elementor_container_no e-con e-child\" data-id=\"d172691\" data-element_type=\"container\">\n\t\t\t\t<div class=\"elementor-element elementor-element-89f5228 elementor-widget__width-initial elementor-widget elementor-widget-text-editor\" data-id=\"89f5228\" data-element_type=\"widget\" data-widget_type=\"text-editor.default\">\n\t\t\t\t<div class=\"elementor-widget-container\">\n\t\t\t\t\t\t\t\t\t<h6 class=\"header-level \" style=\"text-align: left;\"><span class=\"dnxt-text-one \" style=\"color: #ed0928;\"><span class=\"dnxt-gradient-text-color-1\"><img decoding=\"async\" class=\"alignnone wp-image-11298\" src=\"https:\/\/converzar.com\/wp-content\/uploads\/2024\/10\/Imago_converzar.png\" alt=\"\" width=\"13\" height=\"17\" \/> PME innovantes<\/span><\/span><\/h6>\t\t\t\t\t\t\t\t<\/div>\n\t\t\t\t<\/div>\n\t\t\t\t<div class=\"elementor-element elementor-element-2ec19a7 elementor-widget__width-initial elementor-widget elementor-widget-heading\" data-id=\"2ec19a7\" data-element_type=\"widget\" data-widget_type=\"heading.default\">\n\t\t\t\t<div class=\"elementor-widget-container\">\n\t\t\t\t\t<h2 class=\"elementor-heading-title elementor-size-default\">Innovation<\/h2>\t\t\t\t<\/div>\n\t\t\t\t<\/div>\n\t\t\t\t<div class=\"elementor-element elementor-element-736611e elementor-widget elementor-widget-text-editor\" data-id=\"736611e\" data-element_type=\"widget\" data-widget_type=\"text-editor.default\">\n\t\t\t\t<div class=\"elementor-widget-container\">\n\t\t\t\t\t\t\t\t\t<div class=\"et_pb_module et_pb_text et_pb_text_4_tb_body et_pb_text_align_left et_pb_bg_layout_light\">\n<div class=\"et_pb_text_inner\">\n\nConverzar a entrepris sa digitalisation compl\u00e8te dans le cadre d\u2019une strat\u00e9gie globale visant \u00e0 am\u00e9liorer ses processus de production, devenant ainsi une industrie 4.0. Elle utilise la technologie au plus haut niveau, ce qui lui permet de gagner en efficacit\u00e9 et en agilit\u00e9, tout en ma\u00eetrisant et en interpr\u00e9tant les donn\u00e9es pour prendre des d\u00e9cisions pertinentes en un temps record.\n\nDans cette dynamique, et gr\u00e2ce \u00e0 sa capacit\u00e9 de leadership et d\u2019innovation dans le d\u00e9veloppement de nouvelles solutions au service de la mobilit\u00e9 \u00e9lectrique, l\u2019entreprise a obtenu en 2019 le label de PME innovante, d\u00e9livr\u00e9 par le Minist\u00e8re espagnol de la Science et de l\u2019Innovation.\n\nCette reconnaissance a permis de renforcer sa politique d\u2019innovation, en am\u00e9liorant ses processus existants, en d\u00e9veloppant de nouveaux, et en int\u00e9grant des solutions avanc\u00e9es. Combin\u00e9e \u00e0 l\u2019acquisition de nouvelles technologies, cette approche a renforc\u00e9 sa comp\u00e9titivit\u00e9 sur un march\u00e9 d\u00e9j\u00e0 hautement concurrentiel.\n\nLa marque de Converzar, 2JOINT, est un exemple de transformation et d\u2019adaptation, et constitue une r\u00e9f\u00e9rence dans l\u2019industrie aragonaise et europ\u00e9enne. Elle est leader dans les adh\u00e9sifs techniques pour la mobilit\u00e9 \u00e9lectrique, avec une capacit\u00e9 \u00e0 innover, produire et livrer dans le monde entier. Sa politique de R&#038;D+i vise \u00e0 am\u00e9liorer la qualit\u00e9, la r\u00e9sistance, la s\u00e9curit\u00e9, la sant\u00e9 et la protection dans le processus d\u2019assemblage du bo\u00eetier de batterie de v\u00e9hicules \u00e9lectriques, gr\u00e2ce \u00e0 l\u2019utilisation d\u2019adh\u00e9sifs structurels.\n\n<\/div>\n<\/div>\t\t\t\t\t\t\t\t<\/div>\n\t\t\t\t<\/div>\n\t\t\t\t<\/div>\n\t\t\t\t<\/div>\n\t\t\t\t<\/div>\n\t\t","protected":false},"excerpt":{"rendered":"<p>Selon les normes les plus&#8230;<\/p>\n","protected":false},"author":1,"featured_media":0,"parent":0,"menu_order":0,"comment_status":"closed","ping_status":"closed","template":"full_width.php","meta":{"_mbp_gutenberg_autopost":false,"footnotes":""},"class_list":["post-987504789","page","type-page","status-publish","hentry"],"yoast_head":"<!-- This site is optimized with the Yoast SEO plugin v24.8.1 - https:\/\/yoast.com\/wordpress\/plugins\/seo\/ -->\n<title>Qualit\u00e9 - Converzar<\/title>\n<meta name=\"robots\" content=\"index, follow, max-snippet:-1, max-image-preview:large, max-video-preview:-1\" \/>\n<link rel=\"canonical\" href=\"https:\/\/converzar.com\/fr\/qualite\/\" \/>\n<meta property=\"og:locale\" content=\"fr_FR\" \/>\n<meta property=\"og:type\" content=\"article\" \/>\n<meta property=\"og:title\" content=\"Qualit\u00e9 - Converzar\" \/>\n<meta property=\"og:description\" content=\"Selon les normes les plus...\" \/>\n<meta property=\"og:url\" content=\"https:\/\/converzar.com\/fr\/qualite\/\" \/>\n<meta property=\"og:site_name\" content=\"Converzar\" \/>\n<meta property=\"article:modified_time\" content=\"2025-11-05T15:14:13+00:00\" \/>\n<meta property=\"og:image\" content=\"https:\/\/converzar.com\/wp-content\/uploads\/2024\/10\/Imago_converzar.png\" \/>\n\t<meta property=\"og:image:width\" content=\"27\" \/>\n\t<meta property=\"og:image:height\" content=\"35\" \/>\n\t<meta property=\"og:image:type\" content=\"image\/png\" \/>\n<meta name=\"twitter:card\" content=\"summary_large_image\" \/>\n<meta name=\"twitter:label1\" content=\"Dur\u00e9e de lecture estim\u00e9e\" \/>\n\t<meta name=\"twitter:data1\" content=\"4 minutes\" \/>\n<script type=\"application\/ld+json\" class=\"yoast-schema-graph\">{\"@context\":\"https:\/\/schema.org\",\"@graph\":[{\"@type\":\"WebPage\",\"@id\":\"https:\/\/converzar.com\/fr\/qualite\/\",\"url\":\"https:\/\/converzar.com\/fr\/qualite\/\",\"name\":\"Qualit\u00e9 - Converzar\",\"isPartOf\":{\"@id\":\"https:\/\/converzar.com\/fr\/#website\"},\"primaryImageOfPage\":{\"@id\":\"https:\/\/converzar.com\/fr\/qualite\/#primaryimage\"},\"image\":{\"@id\":\"https:\/\/converzar.com\/fr\/qualite\/#primaryimage\"},\"thumbnailUrl\":\"https:\/\/converzar.com\/wp-content\/uploads\/2024\/10\/Imago_converzar.png\",\"datePublished\":\"2024-11-19T11:41:04+00:00\",\"dateModified\":\"2025-11-05T15:14:13+00:00\",\"breadcrumb\":{\"@id\":\"https:\/\/converzar.com\/fr\/qualite\/#breadcrumb\"},\"inLanguage\":\"fr-FR\",\"potentialAction\":[{\"@type\":\"ReadAction\",\"target\":[\"https:\/\/converzar.com\/fr\/qualite\/\"]}]},{\"@type\":\"ImageObject\",\"inLanguage\":\"fr-FR\",\"@id\":\"https:\/\/converzar.com\/fr\/qualite\/#primaryimage\",\"url\":\"https:\/\/converzar.com\/wp-content\/uploads\/2024\/10\/Imago_converzar.png\",\"contentUrl\":\"https:\/\/converzar.com\/wp-content\/uploads\/2024\/10\/Imago_converzar.png\"},{\"@type\":\"BreadcrumbList\",\"@id\":\"https:\/\/converzar.com\/fr\/qualite\/#breadcrumb\",\"itemListElement\":[{\"@type\":\"ListItem\",\"position\":1,\"name\":\"Portada\",\"item\":\"https:\/\/converzar.com\/fr\/\"},{\"@type\":\"ListItem\",\"position\":2,\"name\":\"Qualit\u00e9\"}]},{\"@type\":\"WebSite\",\"@id\":\"https:\/\/converzar.com\/fr\/#website\",\"url\":\"https:\/\/converzar.com\/fr\/\",\"name\":\"Converzar\",\"description\":\"\",\"potentialAction\":[{\"@type\":\"SearchAction\",\"target\":{\"@type\":\"EntryPoint\",\"urlTemplate\":\"https:\/\/converzar.com\/fr\/?s={search_term_string}\"},\"query-input\":{\"@type\":\"PropertyValueSpecification\",\"valueRequired\":true,\"valueName\":\"search_term_string\"}}],\"inLanguage\":\"fr-FR\"}]}<\/script>\n<!-- \/ Yoast SEO plugin. -->","yoast_head_json":{"title":"Qualit\u00e9 - Converzar","robots":{"index":"index","follow":"follow","max-snippet":"max-snippet:-1","max-image-preview":"max-image-preview:large","max-video-preview":"max-video-preview:-1"},"canonical":"https:\/\/converzar.com\/fr\/qualite\/","og_locale":"fr_FR","og_type":"article","og_title":"Qualit\u00e9 - Converzar","og_description":"Selon les normes les plus...","og_url":"https:\/\/converzar.com\/fr\/qualite\/","og_site_name":"Converzar","article_modified_time":"2025-11-05T15:14:13+00:00","og_image":[{"width":27,"height":35,"url":"https:\/\/converzar.com\/wp-content\/uploads\/2024\/10\/Imago_converzar.png","type":"image\/png"}],"twitter_card":"summary_large_image","twitter_misc":{"Dur\u00e9e de lecture estim\u00e9e":"4 minutes"},"schema":{"@context":"https:\/\/schema.org","@graph":[{"@type":"WebPage","@id":"https:\/\/converzar.com\/fr\/qualite\/","url":"https:\/\/converzar.com\/fr\/qualite\/","name":"Qualit\u00e9 - Converzar","isPartOf":{"@id":"https:\/\/converzar.com\/fr\/#website"},"primaryImageOfPage":{"@id":"https:\/\/converzar.com\/fr\/qualite\/#primaryimage"},"image":{"@id":"https:\/\/converzar.com\/fr\/qualite\/#primaryimage"},"thumbnailUrl":"https:\/\/converzar.com\/wp-content\/uploads\/2024\/10\/Imago_converzar.png","datePublished":"2024-11-19T11:41:04+00:00","dateModified":"2025-11-05T15:14:13+00:00","breadcrumb":{"@id":"https:\/\/converzar.com\/fr\/qualite\/#breadcrumb"},"inLanguage":"fr-FR","potentialAction":[{"@type":"ReadAction","target":["https:\/\/converzar.com\/fr\/qualite\/"]}]},{"@type":"ImageObject","inLanguage":"fr-FR","@id":"https:\/\/converzar.com\/fr\/qualite\/#primaryimage","url":"https:\/\/converzar.com\/wp-content\/uploads\/2024\/10\/Imago_converzar.png","contentUrl":"https:\/\/converzar.com\/wp-content\/uploads\/2024\/10\/Imago_converzar.png"},{"@type":"BreadcrumbList","@id":"https:\/\/converzar.com\/fr\/qualite\/#breadcrumb","itemListElement":[{"@type":"ListItem","position":1,"name":"Portada","item":"https:\/\/converzar.com\/fr\/"},{"@type":"ListItem","position":2,"name":"Qualit\u00e9"}]},{"@type":"WebSite","@id":"https:\/\/converzar.com\/fr\/#website","url":"https:\/\/converzar.com\/fr\/","name":"Converzar","description":"","potentialAction":[{"@type":"SearchAction","target":{"@type":"EntryPoint","urlTemplate":"https:\/\/converzar.com\/fr\/?s={search_term_string}"},"query-input":{"@type":"PropertyValueSpecification","valueRequired":true,"valueName":"search_term_string"}}],"inLanguage":"fr-FR"}]}},"_links":{"self":[{"href":"https:\/\/converzar.com\/fr\/wp-json\/wp\/v2\/pages\/987504789","targetHints":{"allow":["GET"]}}],"collection":[{"href":"https:\/\/converzar.com\/fr\/wp-json\/wp\/v2\/pages"}],"about":[{"href":"https:\/\/converzar.com\/fr\/wp-json\/wp\/v2\/types\/page"}],"author":[{"embeddable":true,"href":"https:\/\/converzar.com\/fr\/wp-json\/wp\/v2\/users\/1"}],"replies":[{"embeddable":true,"href":"https:\/\/converzar.com\/fr\/wp-json\/wp\/v2\/comments?post=987504789"}],"version-history":[{"count":19,"href":"https:\/\/converzar.com\/fr\/wp-json\/wp\/v2\/pages\/987504789\/revisions"}],"predecessor-version":[{"id":987505862,"href":"https:\/\/converzar.com\/fr\/wp-json\/wp\/v2\/pages\/987504789\/revisions\/987505862"}],"wp:attachment":[{"href":"https:\/\/converzar.com\/fr\/wp-json\/wp\/v2\/media?parent=987504789"}],"curies":[{"name":"wp","href":"https:\/\/api.w.org\/{rel}","templated":true}]}}