{"id":987504793,"date":"2023-10-27T09:14:47","date_gmt":"2023-10-27T09:14:47","guid":{"rendered":"https:\/\/converzar.com\/soluciones\/"},"modified":"2025-07-14T14:34:51","modified_gmt":"2025-07-14T14:34:51","slug":"solutions","status":"publish","type":"page","link":"https:\/\/converzar.com\/fr\/solutions\/","title":{"rendered":"Solutions"},"content":{"rendered":"\t\t<div data-elementor-type=\"wp-page\" data-elementor-id=\"987504793\" class=\"elementor elementor-987504793 elementor-9877\">\n\t\t\t\t<div class=\"elementor-element elementor-element-91878de e-con-full e-flex parallax_section_no qode_elementor_container_no e-con e-parent\" data-id=\"91878de\" data-element_type=\"container\" data-settings=\"{&quot;background_background&quot;:&quot;gradient&quot;}\">\n\t\t\t\t<div class=\"elementor-element elementor-element-2186711 elementor-widget elementor-widget-text-editor\" data-id=\"2186711\" data-element_type=\"widget\" data-widget_type=\"text-editor.default\">\n\t\t\t\t<div class=\"elementor-widget-container\">\n\t\t\t\t\t\t\t\t\t<h1>Solutions<\/h1>\t\t\t\t\t\t\t\t<\/div>\n\t\t\t\t<\/div>\n\t\t\t\t<\/div>\n\t\t<div class=\"elementor-element elementor-element-c07218b e-con-full e-flex parallax_section_no qode_elementor_container_no e-con e-parent\" data-id=\"c07218b\" data-element_type=\"container\" data-settings=\"{&quot;background_background&quot;:&quot;gradient&quot;}\">\n\t\t<div class=\"elementor-element elementor-element-2a1c5f8 e-con-full e-flex parallax_section_no qode_elementor_container_no e-con e-child\" data-id=\"2a1c5f8\" data-element_type=\"container\">\n\t\t\t\t<div class=\"elementor-element elementor-element-2418e19 elementor-widget__width-initial elementor-widget elementor-widget-qi_addons_for_elementor_section_title\" data-id=\"2418e19\" data-element_type=\"widget\" data-widget_type=\"qi_addons_for_elementor_section_title.default\">\n\t\t\t\t<div class=\"elementor-widget-container\">\n\t\t\t\t\t<div class=\"qodef-shortcode qodef-m qodef-qi-section-title qodef-decoration--italic qodef-link--underline-draw qodef-subtitle-icon--left\">\n\t\t\t\t\t\t\t\t<div class=\"qodef-m-text\"><h4><span style=\"font-weight: 400;color: #ed0928\"><img decoding=\"async\" class=\"alignnone wp-image-11298\" src=\"https:\/\/converzar.com\/wp-content\/uploads\/2024\/10\/Imago_converzar.png\" alt=\"\" width=\"14\" height=\"18\" \/> Liaisons adh\u00e9sives sur mesure\n<\/span><\/h4><\/div>\n\t<\/div>\n\t\t\t\t<\/div>\n\t\t\t\t<\/div>\n\t\t\t\t<div class=\"elementor-element elementor-element-95b7be0 elementor-widget__width-initial elementor-widget elementor-widget-qi_addons_for_elementor_section_title\" data-id=\"95b7be0\" data-element_type=\"widget\" data-widget_type=\"qi_addons_for_elementor_section_title.default\">\n\t\t\t\t<div class=\"elementor-widget-container\">\n\t\t\t\t\t<div class=\"qodef-shortcode qodef-m qodef-qi-section-title qodef-decoration--italic qodef-link--underline-draw qodef-subtitle-icon--left\">\n\t\t\t\t\t\t\t\t<div class=\"qodef-m-text\"><p>Chez Converzar, nous travaillons avec de nombreux secteurs tr\u00e8s vari\u00e9s ; il est rare qu\u2019un domaine n\u2019ait pas besoin ou ne puisse pas b\u00e9n\u00e9ficier des liaisons adh\u00e9sives. Au fil du temps, notre exp\u00e9rience nous a permis de grandir et d\u2019\u00e9largir notre offre avec des solutions sp\u00e9cifiques, enti\u00e8rement sur mesure, con\u00e7ues pour r\u00e9pondre \u00e0 des besoins pr\u00e9cis.<\/p><\/div>\n\t<\/div>\n\t\t\t\t<\/div>\n\t\t\t\t<\/div>\n\t\t\t\t<\/div>\n\t\t<div class=\"elementor-element elementor-element-714458f e-con-full e-flex parallax_section_no qode_elementor_container_no e-con e-child\" data-id=\"714458f\" data-element_type=\"container\">\n\t\t\t\t<div class=\"elementor-element elementor-element-03fadea elementor-widget__width-auto elementor-widget elementor-widget-bridge_image_gallery\" data-id=\"03fadea\" data-element_type=\"widget\" data-widget_type=\"bridge_image_gallery.default\">\n\t\t\t\t<div class=\"elementor-widget-container\">\n\t\t\t\t\t<div class=\"qode-image-gallery\"><div class=\"qode-image-gallery-inner\"><div class=\"qode-image-gallery-slides drag_enabled wpb_image_grid\" data-interval=\"\"data-control=&quot;false&quot;data-direction=&quot;false&quot;data-pause-on-hover=&quot;false&quot;data-drag=&quot;true&quot;><div class=\"gallery_holder\"><ul class=\"gallery_inner   v0\"><li class=\"no_grayscale\"><img decoding=\"async\" src=\"https:\/\/converzar.com\/wp-content\/uploads\/2025\/02\/Diseno-sin-titulo-2025-02-11T160509.710.png\" \/><\/li><\/ul><\/div><\/div><\/div><\/div>\t\t\t\t<\/div>\n\t\t\t\t<\/div>\n\t\t\t\t<\/div>\n\t\t\t\t<\/div>\n\t\t<div class=\"elementor-element elementor-element-90dd22b e-con-full e-flex parallax_section_no qode_elementor_container_no e-con e-parent\" data-id=\"90dd22b\" data-element_type=\"container\" data-settings=\"{&quot;background_background&quot;:&quot;gradient&quot;}\">\n\t\t<div class=\"elementor-element elementor-element-c4246c8 e-con-full e-flex parallax_section_no qode_elementor_container_no e-con e-child\" data-id=\"c4246c8\" data-element_type=\"container\">\n\t\t\t\t<div class=\"elementor-element elementor-element-e6c751e elementor-widget__width-auto elementor-widget elementor-widget-bridge_image_gallery\" data-id=\"e6c751e\" data-element_type=\"widget\" data-widget_type=\"bridge_image_gallery.default\">\n\t\t\t\t<div class=\"elementor-widget-container\">\n\t\t\t\t\t<div class=\"qode-image-gallery\"><div class=\"qode-image-gallery-inner\"><div class=\"qode-image-gallery-slides drag_enabled wpb_image_grid\" data-interval=\"\"data-control=&quot;false&quot;data-direction=&quot;false&quot;data-pause-on-hover=&quot;false&quot;data-drag=&quot;true&quot;><div class=\"gallery_holder\"><ul class=\"gallery_inner   v0\"><li class=\"no_grayscale\"><img decoding=\"async\" src=\"https:\/\/converzar.com\/wp-content\/uploads\/2025\/02\/soluciones_2.png\" \/><\/li><\/ul><\/div><\/div><\/div><\/div>\t\t\t\t<\/div>\n\t\t\t\t<\/div>\n\t\t\t\t<\/div>\n\t\t<div class=\"elementor-element elementor-element-4c7b10f e-con-full e-flex parallax_section_no qode_elementor_container_no e-con e-child\" data-id=\"4c7b10f\" data-element_type=\"container\">\n\t\t\t\t<div class=\"elementor-element elementor-element-d23dc3b elementor-widget__width-initial elementor-widget elementor-widget-qi_addons_for_elementor_section_title\" data-id=\"d23dc3b\" data-element_type=\"widget\" data-widget_type=\"qi_addons_for_elementor_section_title.default\">\n\t\t\t\t<div class=\"elementor-widget-container\">\n\t\t\t\t\t<div class=\"qodef-shortcode qodef-m qodef-qi-section-title qodef-decoration--italic qodef-link--underline-draw qodef-subtitle-icon--left\">\n\t\t\t\t\t\t\t\t<div class=\"qodef-m-text\"><span style=\"font-weight: 400\"><span style=\"color: #ed0928\">|<\/span> \u00c9tant donn\u00e9 qu\u2019elles sont 100 % personnalis\u00e9es, nos possibilit\u00e9s sont presque infinies \u2014 mais voici quelques-unes des plus courantes :<\/span><\/div>\n\t<\/div>\n\t\t\t\t<\/div>\n\t\t\t\t<\/div>\n\t\t\t\t<div class=\"elementor-element elementor-element-44b59c4 elementor-widget elementor-widget-text-editor\" data-id=\"44b59c4\" data-element_type=\"widget\" data-widget_type=\"text-editor.default\">\n\t\t\t\t<div class=\"elementor-widget-container\">\n\t\t\t\t\t\t\t\t\t<h4><a class=\"qode-underline-link\" href=\"https:\/\/converzar.com\/fr\/assemblage-et-etancheite\/\">Assemblage et \u00e9tanch\u00e9it\u00e9<\/a><\/h4>\t\t\t\t\t\t\t\t<\/div>\n\t\t\t\t<\/div>\n\t\t\t\t<div class=\"elementor-element elementor-element-50109bf elementor-widget elementor-widget-text-editor\" data-id=\"50109bf\" data-element_type=\"widget\" data-widget_type=\"text-editor.default\">\n\t\t\t\t<div class=\"elementor-widget-container\">\n\t\t\t\t\t\t\t\t\t<h4><a class=\"qode-underline-link\" href=\"https:\/\/converzar.com\/fr\/applications-electriques\/\">Applications \u00e9lectriques<\/a><\/h4>\t\t\t\t\t\t\t\t<\/div>\n\t\t\t\t<\/div>\n\t\t\t\t<div class=\"elementor-element elementor-element-e3d4d05 elementor-widget elementor-widget-text-editor\" data-id=\"e3d4d05\" data-element_type=\"widget\" data-widget_type=\"text-editor.default\">\n\t\t\t\t<div class=\"elementor-widget-container\">\n\t\t\t\t\t\t\t\t\t<h4><a class=\"qode-underline-link\" href=\"https:\/\/converzar.com\/fr\/isolation-thermique\/\">Isolation Thermique<\/a><\/h4>\t\t\t\t\t\t\t\t<\/div>\n\t\t\t\t<\/div>\n\t\t\t\t<div class=\"elementor-element elementor-element-c5e7dc9 elementor-widget elementor-widget-text-editor\" data-id=\"c5e7dc9\" data-element_type=\"widget\" data-widget_type=\"text-editor.default\">\n\t\t\t\t<div class=\"elementor-widget-container\">\n\t\t\t\t\t\t\t\t\t<h4><a class=\"qode-underline-link\" href=\"https:\/\/converzar.com\/fr\/masking\/\">Masking<\/a><\/h4>\t\t\t\t\t\t\t\t<\/div>\n\t\t\t\t<\/div>\n\t\t\t\t<div class=\"elementor-element elementor-element-bfaceb3 elementor-widget elementor-widget-text-editor\" data-id=\"bfaceb3\" data-element_type=\"widget\" data-widget_type=\"text-editor.default\">\n\t\t\t\t<div class=\"elementor-widget-container\">\n\t\t\t\t\t\t\t\t\t<h4><a class=\"qode-underline-link\" href=\"https:\/\/converzar.com\/fr\/insonorisation\/\">Insonorisation<\/a><\/h4>\t\t\t\t\t\t\t\t<\/div>\n\t\t\t\t<\/div>\n\t\t\t\t<div class=\"elementor-element elementor-element-ca2ca38 elementor-widget elementor-widget-text-editor\" data-id=\"ca2ca38\" data-element_type=\"widget\" data-widget_type=\"text-editor.default\">\n\t\t\t\t<div class=\"elementor-widget-container\">\n\t\t\t\t\t\t\t\t\t<h4><a class=\"qode-underline-link\" href=\"https:\/\/converzar.com\/fr\/antiderapant\/\">Antid\u00e9rapant<\/a><\/h4>\t\t\t\t\t\t\t\t<\/div>\n\t\t\t\t<\/div>\n\t\t\t\t<\/div>\n\t\t\t\t<\/div>\n\t\t<div class=\"elementor-element elementor-element-eda1ae0 e-con-full e-flex parallax_section_no qode_elementor_container_no e-con e-parent\" data-id=\"eda1ae0\" data-element_type=\"container\" data-settings=\"{&quot;background_background&quot;:&quot;gradient&quot;}\">\n\t\t\t\t<div class=\"elementor-element elementor-element-f2f1d84 elementor-widget elementor-widget-text-editor\" data-id=\"f2f1d84\" data-element_type=\"widget\" data-widget_type=\"text-editor.default\">\n\t\t\t\t<div class=\"elementor-widget-container\">\n\t\t\t\t\t\t\t\t\t<h2 class=\"qodef-m-title\" style=\"text-align: center;\">Notre \u00e9quipe est \u00e0 votre disposition<\/h2>\t\t\t\t\t\t\t\t<\/div>\n\t\t\t\t<\/div>\n\t\t\t\t<div class=\"elementor-element elementor-element-3f0981f elementor-widget elementor-widget-bridge_button_v2\" data-id=\"3f0981f\" data-element_type=\"widget\" data-widget_type=\"bridge_button_v2.default\">\n\t\t\t\t<div class=\"elementor-widget-container\">\n\t\t\t\t\t\n\n\t<a href=\"https:\/\/converzar.com\/fr\/contact\/\" target=\"_self\" style=\"color: #ED0928;font-family: quicksand;font-size: 20px\" class=\"qode-btn qode-btn-medium qode-btn-simple\"  >\n\t    <span class=\"qode-btn-text\">contact<\/span>\t<\/a>\n\n\t\t\t\t<\/div>\n\t\t\t\t<\/div>\n\t\t\t\t<\/div>\n\t\t\t\t<\/div>\n\t\t","protected":false},"excerpt":{"rendered":"<p>Solutions Liaisons adh\u00e9sives sur mesure&#8230;<\/p>\n","protected":false},"author":1,"featured_media":0,"parent":0,"menu_order":0,"comment_status":"closed","ping_status":"closed","template":"full_width.php","meta":{"_mbp_gutenberg_autopost":false,"footnotes":""},"class_list":["post-987504793","page","type-page","status-publish","hentry"],"yoast_head":"<!-- This site is optimized with the Yoast SEO plugin v24.8.1 - https:\/\/yoast.com\/wordpress\/plugins\/seo\/ -->\n<title>Solutions - Converzar<\/title>\n<meta name=\"robots\" content=\"index, follow, max-snippet:-1, max-image-preview:large, max-video-preview:-1\" \/>\n<link rel=\"canonical\" href=\"https:\/\/converzar.com\/fr\/solutions\/\" \/>\n<meta property=\"og:locale\" content=\"fr_FR\" \/>\n<meta property=\"og:type\" content=\"article\" \/>\n<meta property=\"og:title\" content=\"Solutions - Converzar\" \/>\n<meta property=\"og:description\" content=\"Solutions Liaisons adh\u00e9sives sur mesure...\" \/>\n<meta property=\"og:url\" content=\"https:\/\/converzar.com\/fr\/solutions\/\" \/>\n<meta property=\"og:site_name\" content=\"Converzar\" \/>\n<meta property=\"article:modified_time\" content=\"2025-07-14T14:34:51+00:00\" \/>\n<meta property=\"og:image\" content=\"https:\/\/converzar.com\/wp-content\/uploads\/2024\/10\/Imago_converzar.png\" \/>\n\t<meta property=\"og:image:width\" content=\"27\" \/>\n\t<meta property=\"og:image:height\" content=\"35\" \/>\n\t<meta property=\"og:image:type\" content=\"image\/png\" \/>\n<meta name=\"twitter:card\" content=\"summary_large_image\" \/>\n<meta name=\"twitter:label1\" content=\"Dur\u00e9e de lecture estim\u00e9e\" \/>\n\t<meta name=\"twitter:data1\" content=\"2 minutes\" \/>\n<script type=\"application\/ld+json\" class=\"yoast-schema-graph\">{\"@context\":\"https:\/\/schema.org\",\"@graph\":[{\"@type\":\"WebPage\",\"@id\":\"https:\/\/converzar.com\/fr\/solutions\/\",\"url\":\"https:\/\/converzar.com\/fr\/solutions\/\",\"name\":\"Solutions - Converzar\",\"isPartOf\":{\"@id\":\"https:\/\/converzar.com\/fr\/#website\"},\"primaryImageOfPage\":{\"@id\":\"https:\/\/converzar.com\/fr\/solutions\/#primaryimage\"},\"image\":{\"@id\":\"https:\/\/converzar.com\/fr\/solutions\/#primaryimage\"},\"thumbnailUrl\":\"https:\/\/converzar.com\/wp-content\/uploads\/2024\/10\/Imago_converzar.png\",\"datePublished\":\"2023-10-27T09:14:47+00:00\",\"dateModified\":\"2025-07-14T14:34:51+00:00\",\"breadcrumb\":{\"@id\":\"https:\/\/converzar.com\/fr\/solutions\/#breadcrumb\"},\"inLanguage\":\"fr-FR\",\"potentialAction\":[{\"@type\":\"ReadAction\",\"target\":[\"https:\/\/converzar.com\/fr\/solutions\/\"]}]},{\"@type\":\"ImageObject\",\"inLanguage\":\"fr-FR\",\"@id\":\"https:\/\/converzar.com\/fr\/solutions\/#primaryimage\",\"url\":\"https:\/\/converzar.com\/wp-content\/uploads\/2024\/10\/Imago_converzar.png\",\"contentUrl\":\"https:\/\/converzar.com\/wp-content\/uploads\/2024\/10\/Imago_converzar.png\"},{\"@type\":\"BreadcrumbList\",\"@id\":\"https:\/\/converzar.com\/fr\/solutions\/#breadcrumb\",\"itemListElement\":[{\"@type\":\"ListItem\",\"position\":1,\"name\":\"Portada\",\"item\":\"https:\/\/converzar.com\/fr\/\"},{\"@type\":\"ListItem\",\"position\":2,\"name\":\"Solutions\"}]},{\"@type\":\"WebSite\",\"@id\":\"https:\/\/converzar.com\/fr\/#website\",\"url\":\"https:\/\/converzar.com\/fr\/\",\"name\":\"Converzar\",\"description\":\"\",\"potentialAction\":[{\"@type\":\"SearchAction\",\"target\":{\"@type\":\"EntryPoint\",\"urlTemplate\":\"https:\/\/converzar.com\/fr\/?s={search_term_string}\"},\"query-input\":{\"@type\":\"PropertyValueSpecification\",\"valueRequired\":true,\"valueName\":\"search_term_string\"}}],\"inLanguage\":\"fr-FR\"}]}<\/script>\n<!-- \/ Yoast SEO plugin. -->","yoast_head_json":{"title":"Solutions - Converzar","robots":{"index":"index","follow":"follow","max-snippet":"max-snippet:-1","max-image-preview":"max-image-preview:large","max-video-preview":"max-video-preview:-1"},"canonical":"https:\/\/converzar.com\/fr\/solutions\/","og_locale":"fr_FR","og_type":"article","og_title":"Solutions - Converzar","og_description":"Solutions Liaisons adh\u00e9sives sur mesure...","og_url":"https:\/\/converzar.com\/fr\/solutions\/","og_site_name":"Converzar","article_modified_time":"2025-07-14T14:34:51+00:00","og_image":[{"width":27,"height":35,"url":"https:\/\/converzar.com\/wp-content\/uploads\/2024\/10\/Imago_converzar.png","type":"image\/png"}],"twitter_card":"summary_large_image","twitter_misc":{"Dur\u00e9e de lecture estim\u00e9e":"2 minutes"},"schema":{"@context":"https:\/\/schema.org","@graph":[{"@type":"WebPage","@id":"https:\/\/converzar.com\/fr\/solutions\/","url":"https:\/\/converzar.com\/fr\/solutions\/","name":"Solutions - Converzar","isPartOf":{"@id":"https:\/\/converzar.com\/fr\/#website"},"primaryImageOfPage":{"@id":"https:\/\/converzar.com\/fr\/solutions\/#primaryimage"},"image":{"@id":"https:\/\/converzar.com\/fr\/solutions\/#primaryimage"},"thumbnailUrl":"https:\/\/converzar.com\/wp-content\/uploads\/2024\/10\/Imago_converzar.png","datePublished":"2023-10-27T09:14:47+00:00","dateModified":"2025-07-14T14:34:51+00:00","breadcrumb":{"@id":"https:\/\/converzar.com\/fr\/solutions\/#breadcrumb"},"inLanguage":"fr-FR","potentialAction":[{"@type":"ReadAction","target":["https:\/\/converzar.com\/fr\/solutions\/"]}]},{"@type":"ImageObject","inLanguage":"fr-FR","@id":"https:\/\/converzar.com\/fr\/solutions\/#primaryimage","url":"https:\/\/converzar.com\/wp-content\/uploads\/2024\/10\/Imago_converzar.png","contentUrl":"https:\/\/converzar.com\/wp-content\/uploads\/2024\/10\/Imago_converzar.png"},{"@type":"BreadcrumbList","@id":"https:\/\/converzar.com\/fr\/solutions\/#breadcrumb","itemListElement":[{"@type":"ListItem","position":1,"name":"Portada","item":"https:\/\/converzar.com\/fr\/"},{"@type":"ListItem","position":2,"name":"Solutions"}]},{"@type":"WebSite","@id":"https:\/\/converzar.com\/fr\/#website","url":"https:\/\/converzar.com\/fr\/","name":"Converzar","description":"","potentialAction":[{"@type":"SearchAction","target":{"@type":"EntryPoint","urlTemplate":"https:\/\/converzar.com\/fr\/?s={search_term_string}"},"query-input":{"@type":"PropertyValueSpecification","valueRequired":true,"valueName":"search_term_string"}}],"inLanguage":"fr-FR"}]}},"_links":{"self":[{"href":"https:\/\/converzar.com\/fr\/wp-json\/wp\/v2\/pages\/987504793","targetHints":{"allow":["GET"]}}],"collection":[{"href":"https:\/\/converzar.com\/fr\/wp-json\/wp\/v2\/pages"}],"about":[{"href":"https:\/\/converzar.com\/fr\/wp-json\/wp\/v2\/types\/page"}],"author":[{"embeddable":true,"href":"https:\/\/converzar.com\/fr\/wp-json\/wp\/v2\/users\/1"}],"replies":[{"embeddable":true,"href":"https:\/\/converzar.com\/fr\/wp-json\/wp\/v2\/comments?post=987504793"}],"version-history":[{"count":8,"href":"https:\/\/converzar.com\/fr\/wp-json\/wp\/v2\/pages\/987504793\/revisions"}],"predecessor-version":[{"id":987504988,"href":"https:\/\/converzar.com\/fr\/wp-json\/wp\/v2\/pages\/987504793\/revisions\/987504988"}],"wp:attachment":[{"href":"https:\/\/converzar.com\/fr\/wp-json\/wp\/v2\/media?parent=987504793"}],"curies":[{"name":"wp","href":"https:\/\/api.w.org\/{rel}","templated":true}]}}