{"id":987504794,"date":"2025-04-11T09:25:50","date_gmt":"2025-04-11T09:25:50","guid":{"rendered":"https:\/\/converzar.com\/union-y-sellado\/"},"modified":"2025-07-14T14:37:30","modified_gmt":"2025-07-14T14:37:30","slug":"assemblage-et-etancheite","status":"publish","type":"page","link":"https:\/\/converzar.com\/fr\/assemblage-et-etancheite\/","title":{"rendered":"Assemblage et \u00e9tanch\u00e9it\u00e9"},"content":{"rendered":"\t\t<div data-elementor-type=\"wp-page\" data-elementor-id=\"987504794\" class=\"elementor elementor-987504794 elementor-987503958\">\n\t\t\t\t<div class=\"elementor-element elementor-element-ebdbdab e-con-full e-flex parallax_section_no qode_elementor_container_no e-con e-parent\" data-id=\"ebdbdab\" data-element_type=\"container\" data-settings=\"{&quot;background_background&quot;:&quot;classic&quot;}\">\n\t\t<div class=\"elementor-element elementor-element-bec1771 e-con-full e-flex parallax_section_no qode_elementor_container_no e-con e-child\" data-id=\"bec1771\" data-element_type=\"container\">\n\t\t\t\t<div class=\"elementor-element elementor-element-7fd385a elementor-widget elementor-widget-heading\" data-id=\"7fd385a\" data-element_type=\"widget\" data-widget_type=\"heading.default\">\n\t\t\t\t<div class=\"elementor-widget-container\">\n\t\t\t\t\t<h1 class=\"elementor-heading-title elementor-size-default\">| Assemblage et \u00e9tanch\u00e9it\u00e9<\/h1>\t\t\t\t<\/div>\n\t\t\t\t<\/div>\n\t\t\t\t<div class=\"elementor-element elementor-element-f9358c5 elementor-widget__width-initial elementor-widget elementor-widget-qi_addons_for_elementor_section_title\" data-id=\"f9358c5\" data-element_type=\"widget\" data-widget_type=\"qi_addons_for_elementor_section_title.default\">\n\t\t\t\t<div class=\"elementor-widget-container\">\n\t\t\t\t\t<div class=\"qodef-shortcode qodef-m qodef-qi-section-title qodef-decoration--italic qodef-link--underline-draw qodef-subtitle-icon--left\">\n\t\t\t\t\t\t<h2 class=\"qodef-m-title\">\n\t\tSolutions personnalis\u00e9es en fonction des besoins des clients\t<\/h2>\n\t\t\t<\/div>\n\t\t\t\t<\/div>\n\t\t\t\t<\/div>\n\t\t\t\t<\/div>\n\t\t<div class=\"elementor-element elementor-element-81a34b8 e-con-full e-flex parallax_section_no qode_elementor_container_no e-con e-child\" data-id=\"81a34b8\" data-element_type=\"container\">\n\t\t\t\t<div class=\"elementor-element elementor-element-4f62ae6 elementor-widget__width-auto elementor-widget elementor-widget-bridge_image_gallery\" data-id=\"4f62ae6\" data-element_type=\"widget\" data-widget_type=\"bridge_image_gallery.default\">\n\t\t\t\t<div class=\"elementor-widget-container\">\n\t\t\t\t\t<div class=\"qode-image-gallery\"><div class=\"qode-image-gallery-inner\"><div class=\"qode-image-gallery-slides drag_enabled wpb_image_grid\" data-interval=\"\"data-control=&quot;false&quot;data-direction=&quot;false&quot;data-pause-on-hover=&quot;false&quot;data-drag=&quot;true&quot;><div class=\"gallery_holder\"><ul class=\"gallery_inner   v0\"><li class=\"no_grayscale\"><img decoding=\"async\" src=\"https:\/\/converzar.com\/wp-content\/uploads\/2025\/02\/Unionysellado.jpg\" \/><\/li><\/ul><\/div><\/div><\/div><\/div>\t\t\t\t<\/div>\n\t\t\t\t<\/div>\n\t\t\t\t<\/div>\n\t\t\t\t<\/div>\n\t\t<div class=\"elementor-element elementor-element-1c28ee2 e-flex e-con-boxed parallax_section_no qode_elementor_container_no e-con e-parent\" data-id=\"1c28ee2\" data-element_type=\"container\" data-settings=\"{&quot;background_background&quot;:&quot;classic&quot;}\">\n\t\t\t\t\t<div class=\"e-con-inner\">\n\t\t<div class=\"elementor-element elementor-element-0ef3719 e-con-full e-flex parallax_section_no qode_elementor_container_no e-con e-child\" data-id=\"0ef3719\" data-element_type=\"container\">\n\t\t\t\t<div class=\"elementor-element elementor-element-2479366 elementor-widget__width-initial elementor-widget elementor-widget-qi_addons_for_elementor_section_title\" data-id=\"2479366\" data-element_type=\"widget\" data-widget_type=\"qi_addons_for_elementor_section_title.default\">\n\t\t\t\t<div class=\"elementor-widget-container\">\n\t\t\t\t\t<div class=\"qodef-shortcode qodef-m qodef-qi-section-title qodef-decoration--italic qodef-link--underline-draw qodef-subtitle-icon--left\">\n\t\t\t\t\t\t\t\t<div class=\"qodef-m-text\"><p>Les liaisons adh\u00e9sives offrent une s\u00e9rie d\u2019avantages techniques par rapport aux fixations m\u00e9caniques traditionnelles. Elles permettent non seulement d\u2019assembler, mais aussi de sceller efficacement des surfaces in\u00e9gales ou irr\u00e9guli\u00e8res. En \u00e9liminant les points de concentration de tension typiques des rivets ou des vis, elles assurent une r\u00e9partition uniforme des contraintes, am\u00e9liorant ainsi la durabilit\u00e9 des assemblages.<\/p><p>Un autre avantage cl\u00e9 des liaisons adh\u00e9sives est leur capacit\u00e9 \u00e0 absorber les chocs et \u00e0 dissiper les vibrations, ce qui prolonge la dur\u00e9e de vie des composants structurels. Elles permettent \u00e9galement de r\u00e9duire les nuisances sonores, un atout important dans les applications o\u00f9 l\u2019isolation acoustique est essentielle. Disponibles dans une vaste gamme d\u2019adh\u00e9sifs, d\u2019\u00e9paisseurs et de r\u00e9sistances aux conditions environnementales, il existe toujours une solution adh\u00e9sive adapt\u00e9e, m\u00eame pour les applications les plus complexes.<\/p><p>Nos moyens de transformation avanc\u00e9s garantissent un ajustement parfait \u00e0 toute exigence industrielle.<\/p><\/div>\n\t<\/div>\n\t\t\t\t<\/div>\n\t\t\t\t<\/div>\n\t\t\t\t<\/div>\n\t\t<div class=\"elementor-element elementor-element-ab2d472 e-con-full e-flex parallax_section_no qode_elementor_container_no e-con e-child\" data-id=\"ab2d472\" data-element_type=\"container\">\n\t\t\t\t<div class=\"elementor-element elementor-element-66121c7 elementor-widget elementor-widget-text-editor\" data-id=\"66121c7\" data-element_type=\"widget\" data-widget_type=\"text-editor.default\">\n\t\t\t\t<div class=\"elementor-widget-container\">\n\t\t\t\t\t\t\t\t\t<p><span style=\"color: #ed0928; font-size: 14px;\"><img decoding=\"async\" class=\"alignnone wp-image-11298\" style=\"margin-top: -5px;\" src=\"https:\/\/converzar.com\/wp-content\/uploads\/2024\/10\/Imago_converzar.png\" alt=\"\" width=\"14\" height=\"18\" \/> NUESTRAS SOLUCIONES<\/span><\/p>\n\t\t\t\t\t\t\t\t<\/div>\n\t\t\t\t<\/div>\n\t\t\t\t<div class=\"elementor-element elementor-element-9fc9951 elementor-widget__width-initial elementor-widget elementor-widget-qi_addons_for_elementor_section_title\" data-id=\"9fc9951\" data-element_type=\"widget\" data-widget_type=\"qi_addons_for_elementor_section_title.default\">\n\t\t\t\t<div class=\"elementor-widget-container\">\n\t\t\t\t\t<div class=\"qodef-shortcode qodef-m qodef-qi-section-title qodef-decoration--italic qodef-link--underline-draw qodef-subtitle-icon--left\">\n\t\t\t\t\t\t\t\t<div class=\"qodef-m-text\"><h5 style=\"margin-bottom: 8px\"><span style=\"font-weight: 400\"><span style=\"color: #ed0928\">|<\/span> Rubans transfert<\/span><\/h5>\n<h5 style=\"margin-bottom: 8px\"><span style=\"font-weight: 400\"><span style=\"color: #ed0928\">|<\/span> Rubans fins avec support : tissu, films, non-tiss\u00e9<\/span><\/h5>\n<h5 style=\"margin-bottom: 8px\"><span style=\"font-weight: 400\"><span style=\"color: #ed0928\">|<\/span> Rubans en mousse<\/span><\/h5>\n<h5 style=\"margin-bottom: 8px\"><span style=\"font-weight: 400\"><span style=\"color: #ed0928\">|<\/span> Rubans acryliques<\/span><\/h5>\n<\/div>\n\t<\/div>\n\t\t\t\t<\/div>\n\t\t\t\t<\/div>\n\t\t\t\t<div class=\"elementor-element elementor-element-ddb6e9a elementor-widget elementor-widget-bridge_button_v2\" data-id=\"ddb6e9a\" data-element_type=\"widget\" data-widget_type=\"bridge_button_v2.default\">\n\t\t\t\t<div class=\"elementor-widget-container\">\n\t\t\t\t\t\n\n\t<a href=\"https:\/\/converzar.com\/fr\/capacites\/\" target=\"_self\" style=\"color: #ED0928;font-family: quicksand;font-size: 20px\" class=\"qode-btn qode-btn-medium qode-btn-simple\"  >\n\t    <span class=\"qode-btn-text\">Voir les capacit\u00e9s ici<\/span>\t<\/a>\n\n\t\t\t\t<\/div>\n\t\t\t\t<\/div>\n\t\t\t\t<\/div>\n\t\t\t\t\t<\/div>\n\t\t\t\t<\/div>\n\t\t\t\t<\/div>\n\t\t","protected":false},"excerpt":{"rendered":"<p>| Assemblage et \u00e9tanch\u00e9it\u00e9 Solutions&#8230;<\/p>\n","protected":false},"author":1,"featured_media":0,"parent":0,"menu_order":0,"comment_status":"closed","ping_status":"closed","template":"full_width.php","meta":{"_mbp_gutenberg_autopost":false,"footnotes":""},"class_list":["post-987504794","page","type-page","status-publish","hentry"],"yoast_head":"<!-- This site is optimized with the Yoast SEO plugin v24.8.1 - https:\/\/yoast.com\/wordpress\/plugins\/seo\/ -->\n<title>Procesos de uni\u00f3n y sellado industrial | Converzar<\/title>\n<meta name=\"description\" content=\"Soluciones de uni\u00f3n y sellado para aplicaciones industriales exigentes. M\u00e1xima resistencia y durabilidad en cada proceso.\" \/>\n<meta name=\"robots\" content=\"index, follow, max-snippet:-1, max-image-preview:large, max-video-preview:-1\" \/>\n<link rel=\"canonical\" href=\"https:\/\/converzar.com\/fr\/assemblage-et-etancheite\/\" \/>\n<meta property=\"og:locale\" content=\"fr_FR\" \/>\n<meta property=\"og:type\" content=\"article\" \/>\n<meta property=\"og:title\" content=\"Procesos de uni\u00f3n y sellado industrial | Converzar\" \/>\n<meta property=\"og:description\" content=\"Soluciones de uni\u00f3n y sellado para aplicaciones industriales exigentes. M\u00e1xima resistencia y durabilidad en cada proceso.\" \/>\n<meta property=\"og:url\" content=\"https:\/\/converzar.com\/fr\/assemblage-et-etancheite\/\" \/>\n<meta property=\"og:site_name\" content=\"Converzar\" \/>\n<meta property=\"article:modified_time\" content=\"2025-07-14T14:37:30+00:00\" \/>\n<meta property=\"og:image\" content=\"https:\/\/converzar.com\/wp-content\/uploads\/2025\/02\/Unionysellado.jpg\" \/>\n<meta name=\"twitter:card\" content=\"summary_large_image\" \/>\n<meta name=\"twitter:label1\" content=\"Dur\u00e9e de lecture estim\u00e9e\" \/>\n\t<meta name=\"twitter:data1\" content=\"2 minutes\" \/>\n<script type=\"application\/ld+json\" class=\"yoast-schema-graph\">{\"@context\":\"https:\/\/schema.org\",\"@graph\":[{\"@type\":\"WebPage\",\"@id\":\"https:\/\/converzar.com\/fr\/assemblage-et-etancheite\/\",\"url\":\"https:\/\/converzar.com\/fr\/assemblage-et-etancheite\/\",\"name\":\"Procesos de uni\u00f3n y sellado industrial | Converzar\",\"isPartOf\":{\"@id\":\"https:\/\/converzar.com\/fr\/#website\"},\"primaryImageOfPage\":{\"@id\":\"https:\/\/converzar.com\/fr\/assemblage-et-etancheite\/#primaryimage\"},\"image\":{\"@id\":\"https:\/\/converzar.com\/fr\/assemblage-et-etancheite\/#primaryimage\"},\"thumbnailUrl\":\"https:\/\/converzar.com\/wp-content\/uploads\/2025\/02\/Unionysellado.jpg\",\"datePublished\":\"2025-04-11T09:25:50+00:00\",\"dateModified\":\"2025-07-14T14:37:30+00:00\",\"description\":\"Soluciones de uni\u00f3n y sellado para aplicaciones industriales exigentes. M\u00e1xima resistencia y durabilidad en cada proceso.\",\"breadcrumb\":{\"@id\":\"https:\/\/converzar.com\/fr\/assemblage-et-etancheite\/#breadcrumb\"},\"inLanguage\":\"fr-FR\",\"potentialAction\":[{\"@type\":\"ReadAction\",\"target\":[\"https:\/\/converzar.com\/fr\/assemblage-et-etancheite\/\"]}]},{\"@type\":\"ImageObject\",\"inLanguage\":\"fr-FR\",\"@id\":\"https:\/\/converzar.com\/fr\/assemblage-et-etancheite\/#primaryimage\",\"url\":\"https:\/\/converzar.com\/wp-content\/uploads\/2025\/02\/Unionysellado.jpg\",\"contentUrl\":\"https:\/\/converzar.com\/wp-content\/uploads\/2025\/02\/Unionysellado.jpg\"},{\"@type\":\"BreadcrumbList\",\"@id\":\"https:\/\/converzar.com\/fr\/assemblage-et-etancheite\/#breadcrumb\",\"itemListElement\":[{\"@type\":\"ListItem\",\"position\":1,\"name\":\"Portada\",\"item\":\"https:\/\/converzar.com\/fr\/\"},{\"@type\":\"ListItem\",\"position\":2,\"name\":\"Assemblage et \u00e9tanch\u00e9it\u00e9\"}]},{\"@type\":\"WebSite\",\"@id\":\"https:\/\/converzar.com\/fr\/#website\",\"url\":\"https:\/\/converzar.com\/fr\/\",\"name\":\"Converzar\",\"description\":\"\",\"potentialAction\":[{\"@type\":\"SearchAction\",\"target\":{\"@type\":\"EntryPoint\",\"urlTemplate\":\"https:\/\/converzar.com\/fr\/?s={search_term_string}\"},\"query-input\":{\"@type\":\"PropertyValueSpecification\",\"valueRequired\":true,\"valueName\":\"search_term_string\"}}],\"inLanguage\":\"fr-FR\"}]}<\/script>\n<!-- \/ Yoast SEO plugin. -->","yoast_head_json":{"title":"Procesos de uni\u00f3n y sellado industrial | Converzar","description":"Soluciones de uni\u00f3n y sellado para aplicaciones industriales exigentes. M\u00e1xima resistencia y durabilidad en cada proceso.","robots":{"index":"index","follow":"follow","max-snippet":"max-snippet:-1","max-image-preview":"max-image-preview:large","max-video-preview":"max-video-preview:-1"},"canonical":"https:\/\/converzar.com\/fr\/assemblage-et-etancheite\/","og_locale":"fr_FR","og_type":"article","og_title":"Procesos de uni\u00f3n y sellado industrial | Converzar","og_description":"Soluciones de uni\u00f3n y sellado para aplicaciones industriales exigentes. M\u00e1xima resistencia y durabilidad en cada proceso.","og_url":"https:\/\/converzar.com\/fr\/assemblage-et-etancheite\/","og_site_name":"Converzar","article_modified_time":"2025-07-14T14:37:30+00:00","og_image":[{"url":"https:\/\/converzar.com\/wp-content\/uploads\/2025\/02\/Unionysellado.jpg","type":"","width":"","height":""}],"twitter_card":"summary_large_image","twitter_misc":{"Dur\u00e9e de lecture estim\u00e9e":"2 minutes"},"schema":{"@context":"https:\/\/schema.org","@graph":[{"@type":"WebPage","@id":"https:\/\/converzar.com\/fr\/assemblage-et-etancheite\/","url":"https:\/\/converzar.com\/fr\/assemblage-et-etancheite\/","name":"Procesos de uni\u00f3n y sellado industrial | Converzar","isPartOf":{"@id":"https:\/\/converzar.com\/fr\/#website"},"primaryImageOfPage":{"@id":"https:\/\/converzar.com\/fr\/assemblage-et-etancheite\/#primaryimage"},"image":{"@id":"https:\/\/converzar.com\/fr\/assemblage-et-etancheite\/#primaryimage"},"thumbnailUrl":"https:\/\/converzar.com\/wp-content\/uploads\/2025\/02\/Unionysellado.jpg","datePublished":"2025-04-11T09:25:50+00:00","dateModified":"2025-07-14T14:37:30+00:00","description":"Soluciones de uni\u00f3n y sellado para aplicaciones industriales exigentes. M\u00e1xima resistencia y durabilidad en cada proceso.","breadcrumb":{"@id":"https:\/\/converzar.com\/fr\/assemblage-et-etancheite\/#breadcrumb"},"inLanguage":"fr-FR","potentialAction":[{"@type":"ReadAction","target":["https:\/\/converzar.com\/fr\/assemblage-et-etancheite\/"]}]},{"@type":"ImageObject","inLanguage":"fr-FR","@id":"https:\/\/converzar.com\/fr\/assemblage-et-etancheite\/#primaryimage","url":"https:\/\/converzar.com\/wp-content\/uploads\/2025\/02\/Unionysellado.jpg","contentUrl":"https:\/\/converzar.com\/wp-content\/uploads\/2025\/02\/Unionysellado.jpg"},{"@type":"BreadcrumbList","@id":"https:\/\/converzar.com\/fr\/assemblage-et-etancheite\/#breadcrumb","itemListElement":[{"@type":"ListItem","position":1,"name":"Portada","item":"https:\/\/converzar.com\/fr\/"},{"@type":"ListItem","position":2,"name":"Assemblage et \u00e9tanch\u00e9it\u00e9"}]},{"@type":"WebSite","@id":"https:\/\/converzar.com\/fr\/#website","url":"https:\/\/converzar.com\/fr\/","name":"Converzar","description":"","potentialAction":[{"@type":"SearchAction","target":{"@type":"EntryPoint","urlTemplate":"https:\/\/converzar.com\/fr\/?s={search_term_string}"},"query-input":{"@type":"PropertyValueSpecification","valueRequired":true,"valueName":"search_term_string"}}],"inLanguage":"fr-FR"}]}},"_links":{"self":[{"href":"https:\/\/converzar.com\/fr\/wp-json\/wp\/v2\/pages\/987504794","targetHints":{"allow":["GET"]}}],"collection":[{"href":"https:\/\/converzar.com\/fr\/wp-json\/wp\/v2\/pages"}],"about":[{"href":"https:\/\/converzar.com\/fr\/wp-json\/wp\/v2\/types\/page"}],"author":[{"embeddable":true,"href":"https:\/\/converzar.com\/fr\/wp-json\/wp\/v2\/users\/1"}],"replies":[{"embeddable":true,"href":"https:\/\/converzar.com\/fr\/wp-json\/wp\/v2\/comments?post=987504794"}],"version-history":[{"count":8,"href":"https:\/\/converzar.com\/fr\/wp-json\/wp\/v2\/pages\/987504794\/revisions"}],"predecessor-version":[{"id":987504991,"href":"https:\/\/converzar.com\/fr\/wp-json\/wp\/v2\/pages\/987504794\/revisions\/987504991"}],"wp:attachment":[{"href":"https:\/\/converzar.com\/fr\/wp-json\/wp\/v2\/media?parent=987504794"}],"curies":[{"name":"wp","href":"https:\/\/api.w.org\/{rel}","templated":true}]}}