{"id":987504796,"date":"2025-04-11T08:07:18","date_gmt":"2025-04-11T08:07:18","guid":{"rendered":"https:\/\/converzar.com\/capacidades\/"},"modified":"2025-07-14T14:57:57","modified_gmt":"2025-07-14T14:57:57","slug":"capacites","status":"publish","type":"page","link":"https:\/\/converzar.com\/fr\/capacites\/","title":{"rendered":"Capacit\u00e9s"},"content":{"rendered":"\t\t<div data-elementor-type=\"wp-page\" data-elementor-id=\"987504796\" class=\"elementor elementor-987504796 elementor-987503889\">\n\t\t\t\t<div class=\"elementor-element elementor-element-91878de e-con-full e-flex parallax_section_no qode_elementor_container_no e-con e-parent\" data-id=\"91878de\" data-element_type=\"container\" data-settings=\"{&quot;background_background&quot;:&quot;gradient&quot;}\">\n\t\t\t\t<div class=\"elementor-element elementor-element-2186711 elementor-widget elementor-widget-text-editor\" data-id=\"2186711\" data-element_type=\"widget\" data-widget_type=\"text-editor.default\">\n\t\t\t\t<div class=\"elementor-widget-container\">\n\t\t\t\t\t\t\t\t\t<h1><span style=\"font-weight: 400;\">Capacit\u00e9s<\/span><\/h1>\t\t\t\t\t\t\t\t<\/div>\n\t\t\t\t<\/div>\n\t\t\t\t<\/div>\n\t\t<div class=\"elementor-element elementor-element-c07218b e-con-full e-flex parallax_section_no qode_elementor_container_no e-con e-parent\" data-id=\"c07218b\" data-element_type=\"container\" data-settings=\"{&quot;background_background&quot;:&quot;gradient&quot;}\">\n\t\t<div class=\"elementor-element elementor-element-2a1c5f8 e-con-full e-flex parallax_section_no qode_elementor_container_no e-con e-child\" data-id=\"2a1c5f8\" data-element_type=\"container\">\n\t\t\t\t<div class=\"elementor-element elementor-element-2418e19 elementor-widget__width-initial elementor-widget elementor-widget-qi_addons_for_elementor_section_title\" data-id=\"2418e19\" data-element_type=\"widget\" data-widget_type=\"qi_addons_for_elementor_section_title.default\">\n\t\t\t\t<div class=\"elementor-widget-container\">\n\t\t\t\t\t<div class=\"qodef-shortcode qodef-m qodef-qi-section-title qodef-decoration--italic qodef-link--underline-draw qodef-subtitle-icon--left\">\n\t\t\t\t\t\t\t\t<div class=\"qodef-m-text\"><h4><span style=\"font-weight: 400;color: #ed0928\"><img decoding=\"async\" class=\"alignnone wp-image-11298\" src=\"https:\/\/converzar.com\/wp-content\/uploads\/2024\/10\/Imago_converzar.png\" alt=\"\" width=\"14\" height=\"18\" \/> <span style=\"font-weight: 400\">Un parc de machines toujours \u00e0 jour<\/span><\/span><\/h4><\/div>\n\t<\/div>\n\t\t\t\t<\/div>\n\t\t\t\t<\/div>\n\t\t\t\t<div class=\"elementor-element elementor-element-95b7be0 elementor-widget__width-initial elementor-widget elementor-widget-qi_addons_for_elementor_section_title\" data-id=\"95b7be0\" data-element_type=\"widget\" data-widget_type=\"qi_addons_for_elementor_section_title.default\">\n\t\t\t\t<div class=\"elementor-widget-container\">\n\t\t\t\t\t<div class=\"qodef-shortcode qodef-m qodef-qi-section-title qodef-decoration--italic qodef-link--underline-draw qodef-subtitle-icon--left\">\n\t\t\t\t\t\t\t\t<div class=\"qodef-m-text\"><p>L\u2019innovation et la personnalisation sont les fers de lance d\u2019une entreprise qui peut d\u00e9j\u00e0 se targuer d\u2019un certain parcours. C\u2019est pourquoi nous ne cessons de moderniser nos machines, nos \u00e9quipements et nos installations, afin d\u2019offrir en permanence les solutions les plus performantes et les plus innovantes du march\u00e9. C\u2019est la seule mani\u00e8re de r\u00e9pondre aux exigences croissantes de chacun des secteurs dans lesquels nous op\u00e9rons.<\/p><\/div>\n\t<\/div>\n\t\t\t\t<\/div>\n\t\t\t\t<\/div>\n\t\t\t\t<\/div>\n\t\t<div class=\"elementor-element elementor-element-714458f e-con-full e-flex parallax_section_no qode_elementor_container_no e-con e-child\" data-id=\"714458f\" data-element_type=\"container\">\n\t\t\t\t<div class=\"elementor-element elementor-element-03fadea elementor-widget__width-auto elementor-widget elementor-widget-bridge_image_gallery\" data-id=\"03fadea\" data-element_type=\"widget\" data-widget_type=\"bridge_image_gallery.default\">\n\t\t\t\t<div class=\"elementor-widget-container\">\n\t\t\t\t\t<div class=\"qode-image-gallery\"><div class=\"qode-image-gallery-inner\"><div class=\"qode-image-gallery-slides drag_enabled wpb_image_grid\" data-interval=\"\"data-control=&quot;false&quot;data-direction=&quot;false&quot;data-pause-on-hover=&quot;false&quot;data-drag=&quot;true&quot;><div class=\"gallery_holder\"><ul class=\"gallery_inner   v0\"><li class=\"no_grayscale\"><img decoding=\"async\" src=\"https:\/\/converzar.com\/wp-content\/uploads\/2025\/02\/Diseno-sin-titulo-2025-02-11T160509.710-1.png\" \/><\/li><\/ul><\/div><\/div><\/div><\/div>\t\t\t\t<\/div>\n\t\t\t\t<\/div>\n\t\t\t\t<\/div>\n\t\t\t\t<\/div>\n\t\t<div class=\"elementor-element elementor-element-90dd22b e-con-full e-flex parallax_section_no qode_elementor_container_no e-con e-parent\" data-id=\"90dd22b\" data-element_type=\"container\" data-settings=\"{&quot;background_background&quot;:&quot;gradient&quot;}\">\n\t\t<div class=\"elementor-element elementor-element-c4246c8 e-con-full e-flex parallax_section_no qode_elementor_container_no e-con e-child\" data-id=\"c4246c8\" data-element_type=\"container\">\n\t\t\t\t<div class=\"elementor-element elementor-element-e6c751e elementor-widget__width-auto elementor-widget elementor-widget-bridge_image_gallery\" data-id=\"e6c751e\" data-element_type=\"widget\" data-widget_type=\"bridge_image_gallery.default\">\n\t\t\t\t<div class=\"elementor-widget-container\">\n\t\t\t\t\t<div class=\"qode-image-gallery\"><div class=\"qode-image-gallery-inner\"><div class=\"qode-image-gallery-slides drag_enabled wpb_image_grid\" data-interval=\"\"data-control=&quot;false&quot;data-direction=&quot;false&quot;data-pause-on-hover=&quot;false&quot;data-drag=&quot;true&quot;><div class=\"gallery_holder\"><ul class=\"gallery_inner   v0\"><li class=\"no_grayscale\"><img decoding=\"async\" src=\"https:\/\/converzar.com\/wp-content\/uploads\/2025\/02\/Diseno-sin-titulo-2025-02-11T161650.561.png\" \/><\/li><\/ul><\/div><\/div><\/div><\/div>\t\t\t\t<\/div>\n\t\t\t\t<\/div>\n\t\t\t\t<\/div>\n\t\t<div class=\"elementor-element elementor-element-4c7b10f e-con-full e-flex parallax_section_no qode_elementor_container_no e-con e-child\" data-id=\"4c7b10f\" data-element_type=\"container\">\n\t\t\t\t<div class=\"elementor-element elementor-element-d23dc3b elementor-widget__width-initial elementor-widget elementor-widget-qi_addons_for_elementor_section_title\" data-id=\"d23dc3b\" data-element_type=\"widget\" data-widget_type=\"qi_addons_for_elementor_section_title.default\">\n\t\t\t\t<div class=\"elementor-widget-container\">\n\t\t\t\t\t<div class=\"qodef-shortcode qodef-m qodef-qi-section-title qodef-decoration--italic qodef-link--underline-draw qodef-subtitle-icon--left\">\n\t\t\t\t\t\t\t\t<div class=\"qodef-m-text\"><span style=\"font-weight: 400\"><span style=\"color: #ed0928\">| <\/span><\/span><span style=\"font-weight: 400\">Notre liste croissante de capacit\u00e9s comprend, entre autres, les services suivants :<\/span><\/div>\n\t<\/div>\n\t\t\t\t<\/div>\n\t\t\t\t<\/div>\n\t\t\t\t<div class=\"elementor-element elementor-element-44b59c4 elementor-widget elementor-widget-text-editor\" data-id=\"44b59c4\" data-element_type=\"widget\" data-widget_type=\"text-editor.default\">\n\t\t\t\t<div class=\"elementor-widget-container\">\n\t\t\t\t\t\t\t\t\t<h4><a class=\"qode-underline-link\" href=\"https:\/\/converzar.com\/fr\/decoupe\/\">D\u00e9coupe<\/a><\/h4>\t\t\t\t\t\t\t\t<\/div>\n\t\t\t\t<\/div>\n\t\t\t\t<div class=\"elementor-element elementor-element-50109bf elementor-widget elementor-widget-text-editor\" data-id=\"50109bf\" data-element_type=\"widget\" data-widget_type=\"text-editor.default\">\n\t\t\t\t<div class=\"elementor-widget-container\">\n\t\t\t\t\t\t\t\t\t<h4><a class=\"qode-underline-link\" href=\"https:\/\/converzar.com\/fr\/couper-sur-mesure\/\">Coupe des bobines<\/a><\/h4>\t\t\t\t\t\t\t\t<\/div>\n\t\t\t\t<\/div>\n\t\t\t\t<div class=\"elementor-element elementor-element-e3d4d05 elementor-widget elementor-widget-text-editor\" data-id=\"e3d4d05\" data-element_type=\"widget\" data-widget_type=\"text-editor.default\">\n\t\t\t\t<div class=\"elementor-widget-container\">\n\t\t\t\t\t\t\t\t\t<h4><a class=\"qode-underline-link\" href=\"https:\/\/converzar.com\/fr\/lamination\/\">Lamination<\/a><\/h4>\t\t\t\t\t\t\t\t<\/div>\n\t\t\t\t<\/div>\n\t\t\t\t<div class=\"elementor-element elementor-element-c5e7dc9 elementor-widget elementor-widget-text-editor\" data-id=\"c5e7dc9\" data-element_type=\"widget\" data-widget_type=\"text-editor.default\">\n\t\t\t\t<div class=\"elementor-widget-container\">\n\t\t\t\t\t\t\t\t\t<h4><a class=\"qode-underline-link\" href=\"https:\/\/converzar.com\/fr\/plotter\/\">Plotter<\/a><\/h4>\t\t\t\t\t\t\t\t<\/div>\n\t\t\t\t<\/div>\n\t\t\t\t<div class=\"elementor-element elementor-element-bfaceb3 elementor-widget elementor-widget-text-editor\" data-id=\"bfaceb3\" data-element_type=\"widget\" data-widget_type=\"text-editor.default\">\n\t\t\t\t<div class=\"elementor-widget-container\">\n\t\t\t\t\t\t\t\t\t<h4><a class=\"qode-underline-link\" href=\"https:\/\/converzar.com\/fr\/decoupe-au-laser\/\">D\u00e9copue au laser<\/a><\/h4>\t\t\t\t\t\t\t\t<\/div>\n\t\t\t\t<\/div>\n\t\t\t\t<div class=\"elementor-element elementor-element-ca2ca38 elementor-widget elementor-widget-text-editor\" data-id=\"ca2ca38\" data-element_type=\"widget\" data-widget_type=\"text-editor.default\">\n\t\t\t\t<div class=\"elementor-widget-container\">\n\t\t\t\t\t\t\t\t\t<h4><a class=\"qode-underline-link\" href=\"https:\/\/converzar.com\/fr\/spool\/\">Spool<\/a><\/h4>\t\t\t\t\t\t\t\t<\/div>\n\t\t\t\t<\/div>\n\t\t\t\t<div class=\"elementor-element elementor-element-50e684b elementor-widget elementor-widget-text-editor\" data-id=\"50e684b\" data-element_type=\"widget\" data-widget_type=\"text-editor.default\">\n\t\t\t\t<div class=\"elementor-widget-container\">\n\t\t\t\t\t\t\t\t\t<h4><a class=\"qode-underline-link\" href=\"https:\/\/converzar.com\/fr\/rfid\/\">Rfid<\/a><\/h4>\t\t\t\t\t\t\t\t<\/div>\n\t\t\t\t<\/div>\n\t\t\t\t<\/div>\n\t\t\t\t<\/div>\n\t\t<div class=\"elementor-element elementor-element-eda1ae0 e-con-full e-flex parallax_section_no qode_elementor_container_no e-con e-parent\" data-id=\"eda1ae0\" data-element_type=\"container\" data-settings=\"{&quot;background_background&quot;:&quot;gradient&quot;}\">\n\t\t\t\t<div class=\"elementor-element elementor-element-f2f1d84 elementor-widget elementor-widget-text-editor\" data-id=\"f2f1d84\" data-element_type=\"widget\" data-widget_type=\"text-editor.default\">\n\t\t\t\t<div class=\"elementor-widget-container\">\n\t\t\t\t\t\t\t\t\t<h2 class=\"qodef-m-title\" style=\"text-align: center;\">Notre \u00e9quipe est \u00e0 votre disposition<\/h2>\t\t\t\t\t\t\t\t<\/div>\n\t\t\t\t<\/div>\n\t\t\t\t<div class=\"elementor-element elementor-element-3f0981f elementor-widget elementor-widget-bridge_button_v2\" data-id=\"3f0981f\" data-element_type=\"widget\" data-widget_type=\"bridge_button_v2.default\">\n\t\t\t\t<div class=\"elementor-widget-container\">\n\t\t\t\t\t\n\n\t<a href=\"https:\/\/converzar.com\/fr\/contact\/\" target=\"_self\" style=\"color: #ED0928;font-family: quicksand;font-size: 20px\" class=\"qode-btn qode-btn-medium qode-btn-simple\"  >\n\t    <span class=\"qode-btn-text\">contact<\/span>\t<\/a>\n\n\t\t\t\t<\/div>\n\t\t\t\t<\/div>\n\t\t\t\t<\/div>\n\t\t\t\t<\/div>\n\t\t","protected":false},"excerpt":{"rendered":"<p>Capacit\u00e9s Un parc de machines&#8230;<\/p>\n","protected":false},"author":1,"featured_media":0,"parent":0,"menu_order":0,"comment_status":"closed","ping_status":"closed","template":"full_width.php","meta":{"_mbp_gutenberg_autopost":false,"footnotes":""},"class_list":["post-987504796","page","type-page","status-publish","hentry"],"yoast_head":"<!-- This site is optimized with the Yoast SEO plugin v24.8.1 - https:\/\/yoast.com\/wordpress\/plugins\/seo\/ -->\n<title>Capacit\u00e9s - Converzar<\/title>\n<meta name=\"robots\" content=\"index, follow, max-snippet:-1, max-image-preview:large, max-video-preview:-1\" \/>\n<link rel=\"canonical\" href=\"https:\/\/converzar.com\/fr\/capacites\/\" \/>\n<meta property=\"og:locale\" content=\"fr_FR\" \/>\n<meta property=\"og:type\" content=\"article\" \/>\n<meta property=\"og:title\" content=\"Capacit\u00e9s - Converzar\" \/>\n<meta property=\"og:description\" content=\"Capacit\u00e9s Un parc de machines...\" \/>\n<meta property=\"og:url\" content=\"https:\/\/converzar.com\/fr\/capacites\/\" \/>\n<meta property=\"og:site_name\" content=\"Converzar\" \/>\n<meta property=\"article:modified_time\" content=\"2025-07-14T14:57:57+00:00\" \/>\n<meta property=\"og:image\" content=\"https:\/\/converzar.com\/wp-content\/uploads\/2024\/10\/Imago_converzar.png\" \/>\n\t<meta property=\"og:image:width\" content=\"27\" \/>\n\t<meta property=\"og:image:height\" content=\"35\" \/>\n\t<meta property=\"og:image:type\" content=\"image\/png\" \/>\n<meta name=\"twitter:card\" content=\"summary_large_image\" \/>\n<meta name=\"twitter:label1\" content=\"Dur\u00e9e de lecture estim\u00e9e\" \/>\n\t<meta name=\"twitter:data1\" content=\"2 minutes\" \/>\n<script type=\"application\/ld+json\" class=\"yoast-schema-graph\">{\"@context\":\"https:\/\/schema.org\",\"@graph\":[{\"@type\":\"WebPage\",\"@id\":\"https:\/\/converzar.com\/fr\/capacites\/\",\"url\":\"https:\/\/converzar.com\/fr\/capacites\/\",\"name\":\"Capacit\u00e9s - Converzar\",\"isPartOf\":{\"@id\":\"https:\/\/converzar.com\/fr\/#website\"},\"primaryImageOfPage\":{\"@id\":\"https:\/\/converzar.com\/fr\/capacites\/#primaryimage\"},\"image\":{\"@id\":\"https:\/\/converzar.com\/fr\/capacites\/#primaryimage\"},\"thumbnailUrl\":\"https:\/\/converzar.com\/wp-content\/uploads\/2024\/10\/Imago_converzar.png\",\"datePublished\":\"2025-04-11T08:07:18+00:00\",\"dateModified\":\"2025-07-14T14:57:57+00:00\",\"breadcrumb\":{\"@id\":\"https:\/\/converzar.com\/fr\/capacites\/#breadcrumb\"},\"inLanguage\":\"fr-FR\",\"potentialAction\":[{\"@type\":\"ReadAction\",\"target\":[\"https:\/\/converzar.com\/fr\/capacites\/\"]}]},{\"@type\":\"ImageObject\",\"inLanguage\":\"fr-FR\",\"@id\":\"https:\/\/converzar.com\/fr\/capacites\/#primaryimage\",\"url\":\"https:\/\/converzar.com\/wp-content\/uploads\/2024\/10\/Imago_converzar.png\",\"contentUrl\":\"https:\/\/converzar.com\/wp-content\/uploads\/2024\/10\/Imago_converzar.png\"},{\"@type\":\"BreadcrumbList\",\"@id\":\"https:\/\/converzar.com\/fr\/capacites\/#breadcrumb\",\"itemListElement\":[{\"@type\":\"ListItem\",\"position\":1,\"name\":\"Portada\",\"item\":\"https:\/\/converzar.com\/fr\/\"},{\"@type\":\"ListItem\",\"position\":2,\"name\":\"Capacit\u00e9s\"}]},{\"@type\":\"WebSite\",\"@id\":\"https:\/\/converzar.com\/fr\/#website\",\"url\":\"https:\/\/converzar.com\/fr\/\",\"name\":\"Converzar\",\"description\":\"\",\"potentialAction\":[{\"@type\":\"SearchAction\",\"target\":{\"@type\":\"EntryPoint\",\"urlTemplate\":\"https:\/\/converzar.com\/fr\/?s={search_term_string}\"},\"query-input\":{\"@type\":\"PropertyValueSpecification\",\"valueRequired\":true,\"valueName\":\"search_term_string\"}}],\"inLanguage\":\"fr-FR\"}]}<\/script>\n<!-- \/ Yoast SEO plugin. -->","yoast_head_json":{"title":"Capacit\u00e9s - Converzar","robots":{"index":"index","follow":"follow","max-snippet":"max-snippet:-1","max-image-preview":"max-image-preview:large","max-video-preview":"max-video-preview:-1"},"canonical":"https:\/\/converzar.com\/fr\/capacites\/","og_locale":"fr_FR","og_type":"article","og_title":"Capacit\u00e9s - Converzar","og_description":"Capacit\u00e9s Un parc de machines...","og_url":"https:\/\/converzar.com\/fr\/capacites\/","og_site_name":"Converzar","article_modified_time":"2025-07-14T14:57:57+00:00","og_image":[{"width":27,"height":35,"url":"https:\/\/converzar.com\/wp-content\/uploads\/2024\/10\/Imago_converzar.png","type":"image\/png"}],"twitter_card":"summary_large_image","twitter_misc":{"Dur\u00e9e de lecture estim\u00e9e":"2 minutes"},"schema":{"@context":"https:\/\/schema.org","@graph":[{"@type":"WebPage","@id":"https:\/\/converzar.com\/fr\/capacites\/","url":"https:\/\/converzar.com\/fr\/capacites\/","name":"Capacit\u00e9s - Converzar","isPartOf":{"@id":"https:\/\/converzar.com\/fr\/#website"},"primaryImageOfPage":{"@id":"https:\/\/converzar.com\/fr\/capacites\/#primaryimage"},"image":{"@id":"https:\/\/converzar.com\/fr\/capacites\/#primaryimage"},"thumbnailUrl":"https:\/\/converzar.com\/wp-content\/uploads\/2024\/10\/Imago_converzar.png","datePublished":"2025-04-11T08:07:18+00:00","dateModified":"2025-07-14T14:57:57+00:00","breadcrumb":{"@id":"https:\/\/converzar.com\/fr\/capacites\/#breadcrumb"},"inLanguage":"fr-FR","potentialAction":[{"@type":"ReadAction","target":["https:\/\/converzar.com\/fr\/capacites\/"]}]},{"@type":"ImageObject","inLanguage":"fr-FR","@id":"https:\/\/converzar.com\/fr\/capacites\/#primaryimage","url":"https:\/\/converzar.com\/wp-content\/uploads\/2024\/10\/Imago_converzar.png","contentUrl":"https:\/\/converzar.com\/wp-content\/uploads\/2024\/10\/Imago_converzar.png"},{"@type":"BreadcrumbList","@id":"https:\/\/converzar.com\/fr\/capacites\/#breadcrumb","itemListElement":[{"@type":"ListItem","position":1,"name":"Portada","item":"https:\/\/converzar.com\/fr\/"},{"@type":"ListItem","position":2,"name":"Capacit\u00e9s"}]},{"@type":"WebSite","@id":"https:\/\/converzar.com\/fr\/#website","url":"https:\/\/converzar.com\/fr\/","name":"Converzar","description":"","potentialAction":[{"@type":"SearchAction","target":{"@type":"EntryPoint","urlTemplate":"https:\/\/converzar.com\/fr\/?s={search_term_string}"},"query-input":{"@type":"PropertyValueSpecification","valueRequired":true,"valueName":"search_term_string"}}],"inLanguage":"fr-FR"}]}},"_links":{"self":[{"href":"https:\/\/converzar.com\/fr\/wp-json\/wp\/v2\/pages\/987504796","targetHints":{"allow":["GET"]}}],"collection":[{"href":"https:\/\/converzar.com\/fr\/wp-json\/wp\/v2\/pages"}],"about":[{"href":"https:\/\/converzar.com\/fr\/wp-json\/wp\/v2\/types\/page"}],"author":[{"embeddable":true,"href":"https:\/\/converzar.com\/fr\/wp-json\/wp\/v2\/users\/1"}],"replies":[{"embeddable":true,"href":"https:\/\/converzar.com\/fr\/wp-json\/wp\/v2\/comments?post=987504796"}],"version-history":[{"count":14,"href":"https:\/\/converzar.com\/fr\/wp-json\/wp\/v2\/pages\/987504796\/revisions"}],"predecessor-version":[{"id":987505017,"href":"https:\/\/converzar.com\/fr\/wp-json\/wp\/v2\/pages\/987504796\/revisions\/987505017"}],"wp:attachment":[{"href":"https:\/\/converzar.com\/fr\/wp-json\/wp\/v2\/media?parent=987504796"}],"curies":[{"name":"wp","href":"https:\/\/api.w.org\/{rel}","templated":true}]}}