{"id":987504799,"date":"2024-11-15T11:39:56","date_gmt":"2024-11-15T11:39:56","guid":{"rendered":"https:\/\/converzar.com\/automocion\/"},"modified":"2025-07-14T15:45:52","modified_gmt":"2025-07-14T15:45:52","slug":"automocion","status":"publish","type":"page","link":"https:\/\/converzar.com\/fr\/automocion\/","title":{"rendered":"Automobile"},"content":{"rendered":"\t\t<div data-elementor-type=\"wp-page\" data-elementor-id=\"987504799\" class=\"elementor elementor-987504799 elementor-12050\">\n\t\t\t\t<div class=\"elementor-element elementor-element-3975df32 e-con-full e-flex parallax_section_no qode_elementor_container_no e-con e-parent\" data-id=\"3975df32\" data-element_type=\"container\">\n\t\t<div class=\"elementor-element elementor-element-137eef36 e-con-full e-flex parallax_section_no qode_elementor_container_no e-con e-child\" data-id=\"137eef36\" data-element_type=\"container\">\n\t\t\t\t<div class=\"elementor-element elementor-element-4267b21 elementor-widget elementor-widget-image\" data-id=\"4267b21\" data-element_type=\"widget\" data-widget_type=\"image.default\">\n\t\t\t\t<div class=\"elementor-widget-container\">\n\t\t\t\t\t\t\t\t\t\t\t\t\t\t\t<img fetchpriority=\"high\" decoding=\"async\" width=\"800\" height=\"596\" src=\"https:\/\/converzar.com\/wp-content\/uploads\/2025\/02\/Diseno-sin-titulo-2025-02-11T164020.491.png\" class=\"attachment-full size-full wp-image-987502911\" alt=\"\" srcset=\"https:\/\/converzar.com\/wp-content\/uploads\/2025\/02\/Diseno-sin-titulo-2025-02-11T164020.491.png 800w, https:\/\/converzar.com\/wp-content\/uploads\/2025\/02\/Diseno-sin-titulo-2025-02-11T164020.491-300x224.png 300w, https:\/\/converzar.com\/wp-content\/uploads\/2025\/02\/Diseno-sin-titulo-2025-02-11T164020.491-768x572.png 768w, https:\/\/converzar.com\/wp-content\/uploads\/2025\/02\/Diseno-sin-titulo-2025-02-11T164020.491-700x522.png 700w\" sizes=\"(max-width: 800px) 100vw, 800px\" \/>\t\t\t\t\t\t\t\t\t\t\t\t\t\t\t<\/div>\n\t\t\t\t<\/div>\n\t\t\t\t<div class=\"elementor-element elementor-element-7fd385a elementor-widget elementor-widget-heading\" data-id=\"7fd385a\" data-element_type=\"widget\" data-widget_type=\"heading.default\">\n\t\t\t\t<div class=\"elementor-widget-container\">\n\t\t\t\t\t<h1 class=\"elementor-heading-title elementor-size-default\">| Automobile\n<\/h1>\t\t\t\t<\/div>\n\t\t\t\t<\/div>\n\t\t\t\t<div class=\"elementor-element elementor-element-7ad497ed elementor-widget__width-initial elementor-widget elementor-widget-qi_addons_for_elementor_section_title\" data-id=\"7ad497ed\" data-element_type=\"widget\" data-widget_type=\"qi_addons_for_elementor_section_title.default\">\n\t\t\t\t<div class=\"elementor-widget-container\">\n\t\t\t\t\t<div class=\"qodef-shortcode qodef-m qodef-qi-section-title qodef-decoration--italic qodef-link--underline-draw qodef-subtitle-icon--left\">\n\t\t\t\t\t\t\t\t<div class=\"qodef-m-text\"><p>Saviez-vous qu\u2019un v\u00e9hicule comme celui que vous conduisez chaque jour contient entre <strong>70 000 et 90 000 composants<\/strong> ?<\/p><p>Beaucoup d\u2019entre eux sont fabriqu\u00e9s avec des composants produits chez <strong>Converzar<\/strong>, depuis l\u2019\u00e9clairage jusqu\u2019aux embl\u00e8mes, du toit au plancher, \u00e0 l\u2019int\u00e9rieur comme \u00e0 l\u2019ext\u00e9rieur du v\u00e9hicule.<\/p><\/div>\n\t<\/div>\n\t\t\t\t<\/div>\n\t\t\t\t<\/div>\n\t\t\t\t<\/div>\n\t\t<div class=\"elementor-element elementor-element-1cfb4d8a e-con-full e-flex parallax_section_no qode_elementor_container_no e-con e-child\" data-id=\"1cfb4d8a\" data-element_type=\"container\">\n\t\t\t\t<div class=\"elementor-element elementor-element-3f981d29 elementor-widget__width-auto elementor-widget elementor-widget-bridge_image_gallery\" data-id=\"3f981d29\" data-element_type=\"widget\" data-widget_type=\"bridge_image_gallery.default\">\n\t\t\t\t<div class=\"elementor-widget-container\">\n\t\t\t\t\t<div class=\"qode-image-gallery\"><div class=\"qode-image-gallery-inner\"><div class=\"qode-image-gallery-slides drag_enabled wpb_image_grid\" data-interval=\"\"data-control=&quot;false&quot;data-direction=&quot;false&quot;data-pause-on-hover=&quot;false&quot;data-drag=&quot;true&quot;><div class=\"gallery_holder\"><ul class=\"gallery_inner   v0\"><li class=\"no_grayscale\"><img decoding=\"async\" src=\"https:\/\/converzar.com\/wp-content\/uploads\/2024\/11\/automocion.png\" \/><\/li><\/ul><\/div><\/div><\/div><\/div>\t\t\t\t<\/div>\n\t\t\t\t<\/div>\n\t\t\t\t<\/div>\n\t\t\t\t<\/div>\n\t\t<div class=\"elementor-element elementor-element-87bb7e9 e-flex e-con-boxed parallax_section_no qode_elementor_container_no e-con e-parent\" data-id=\"87bb7e9\" data-element_type=\"container\" data-settings=\"{&quot;background_background&quot;:&quot;classic&quot;}\">\n\t\t\t\t\t<div class=\"e-con-inner\">\n\t\t<div class=\"elementor-element elementor-element-f364d28 e-con-full e-flex parallax_section_no qode_elementor_container_no e-con e-child\" data-id=\"f364d28\" data-element_type=\"container\">\n\t\t<div class=\"elementor-element elementor-element-ab2d472 e-con-full e-flex parallax_section_no qode_elementor_container_no e-con e-child\" data-id=\"ab2d472\" data-element_type=\"container\">\n\t\t\t\t<div class=\"elementor-element elementor-element-66121c7 elementor-widget elementor-widget-text-editor\" data-id=\"66121c7\" data-element_type=\"widget\" data-widget_type=\"text-editor.default\">\n\t\t\t\t<div class=\"elementor-widget-container\">\n\t\t\t\t\t\t\t\t\t<span style=\"color: #ed0928; font-size: 14px;\"><img decoding=\"async\" class=\"alignnone wp-image-11298\" style=\"margin-top: -5px;\" src=\"https:\/\/converzar.com\/wp-content\/uploads\/2024\/10\/Imago_converzar.png\" alt=\"\" width=\"14\" height=\"18\" \/> <span style=\"font-weight: 400;\">COLLAGE D&rsquo;ADH\u00c9SIFS POUR L&rsquo;AUTOMOBILE<\/span><\/span>\t\t\t\t\t\t\t\t<\/div>\n\t\t\t\t<\/div>\n\t\t\t\t<div class=\"elementor-element elementor-element-9fc9951 elementor-widget__width-initial elementor-widget elementor-widget-qi_addons_for_elementor_section_title\" data-id=\"9fc9951\" data-element_type=\"widget\" data-widget_type=\"qi_addons_for_elementor_section_title.default\">\n\t\t\t\t<div class=\"elementor-widget-container\">\n\t\t\t\t\t<div class=\"qodef-shortcode qodef-m qodef-qi-section-title qodef-decoration--italic qodef-link--underline-draw qodef-subtitle-icon--left\">\n\t\t\t\t\t\t\t\t<div class=\"qodef-m-text\"><h5 style=\"margin-bottom: 8px\"><span style=\"font-weight: 400\"><span style=\"color: #ed0928\">|<\/span> Fixation permanente<\/span><\/h5>\n<h5 style=\"margin-bottom: 8px\"><span style=\"font-weight: 400\"><span style=\"color: #ed0928\">| <\/span><\/span><span style=\"font-weight: 400\">Fixation temporaire<\/span><\/h5>\n<h5 style=\"margin-bottom: 8px\"><span style=\"font-weight: 400\"><span style=\"color: #ed0928\">| <\/span><\/span><span style=\"font-weight: 400\">Protection de surface<\/span><\/h5>\n<h5 style=\"margin-bottom: 8px\"><span style=\"font-weight: 400\"><span style=\"color: #ed0928\">|<\/span> \u00c9tanch\u00e9it\u00e9 \u00e0 l\u2019air, \u00e0 la poussi\u00e8re et \u00e0 l\u2019eau<\/span><\/h5>\n<h5 style=\"margin-bottom: 8px\"><span style=\"font-weight: 400\"><span style=\"color: #ed0928\">|<\/span> Rev\u00eatements d\u00e9coratifs<\/span><\/h5>\n<h5 style=\"margin-bottom: 8px\"><span style=\"font-weight: 400\"><span style=\"color: #ed0928\">|<\/span> Isolation et blindage thermique<\/span><\/h5>\n<h5 style=\"margin-bottom: 8px\"><span style=\"font-weight: 400\"><span style=\"color: #ed0928\">|<\/span> Dissipation thermique<\/span><\/h5>\n<h5 style=\"margin-bottom: 8px\"><span style=\"font-weight: 400\"><span style=\"color: #ed0928\">| <\/span><\/span><span style=\"font-weight: 400\">Isolation\/conduction \u00e9lectrique<\/span><\/h5>\n<h5 style=\"margin-bottom: 8px\"><span style=\"font-weight: 400\"><span style=\"color: #ed0928\">| <\/span><\/span><span style=\"font-weight: 400\">Insonorisation et amortissement des vibrations<\/span><\/h5>\n<\/div>\n\t<\/div>\n\t\t\t\t<\/div>\n\t\t\t\t<\/div>\n\t\t\t\t<\/div>\n\t\t\t\t<\/div>\n\t\t\t\t<div class=\"elementor-element elementor-element-2479366 elementor-widget__width-initial elementor-widget elementor-widget-qi_addons_for_elementor_section_title\" data-id=\"2479366\" data-element_type=\"widget\" data-widget_type=\"qi_addons_for_elementor_section_title.default\">\n\t\t\t\t<div class=\"elementor-widget-container\">\n\t\t\t\t\t<div class=\"qodef-shortcode qodef-m qodef-qi-section-title qodef-decoration--italic qodef-link--underline-draw qodef-subtitle-icon--left\">\n\t\t\t\t\t\t\t\t<div class=\"qodef-m-text\"><span style=\"font-weight: 400\">En tant qu\u2019entreprise sp\u00e9cialis\u00e9e dans l\u2019automobile, Converzar r\u00e9pond aux exigences de la norme <\/span><span style=\"text-decoration: underline\"><a href=\"https:\/\/converzar.com\/wp-content\/uploads\/2024\/11\/converzar-iatf-16968150-en.pdf\" target=\"_blank\" rel=\"noopener\"><span style=\"font-weight: 400\">IATF 16949.<\/span><\/a><\/span>\n\n<span style=\"font-weight: 400\">Aux c\u00f4t\u00e9s de nos partenaires <\/span><span style=\"text-decoration: underline\"><a href=\"https:\/\/caaragon.com\/\" target=\"_blank\" rel=\"noopener\"><span style=\"font-weight: 400\">CAAR<\/span><\/a><\/span><span style=\"font-weight: 400\">, dont nous faisons partie du conseil d\u2019administration depuis cette ann\u00e9e, et de <\/span><a href=\"https:\/\/aedive.es\/\" target=\"_blank\" rel=\"noopener\"><span style=\"font-weight: 400\"><span style=\"text-decoration: underline\">Aedive<\/span><\/span><\/a><span style=\"font-weight: 400\">, nous sommes constamment pr\u00e9sents dans ce secteur.<\/span>\n\n<span style=\"font-weight: 400\">Nos solutions adh\u00e9sives garantissent des assemblages r\u00e9sistants et l\u00e9gers, r\u00e9duisant le poids du v\u00e9hicule et am\u00e9liorant son efficacit\u00e9. Elles assurent une liaison durable conforme aux exigences rigoureuses du secteur.<\/span>\n\n<span style=\"font-weight: 400\">Gr\u00e2ce \u00e0 une technologie de pointe et \u00e0 des moyens de production d\u00e9di\u00e9s, chez Converzar, tous nos projets sont r\u00e9alis\u00e9s sur mesure, en nous adaptant \u00e0 vos besoins dans des d\u00e9lais records.<\/span>\n<\/div>\n\t<\/div>\n\t\t\t\t<\/div>\n\t\t\t\t<\/div>\n\t\t\t\t\t<\/div>\n\t\t\t\t<\/div>\n\t\t\t\t<\/div>\n\t\t","protected":false},"excerpt":{"rendered":"<p>| Automobile Saviez-vous qu\u2019un v\u00e9hicule&#8230;<\/p>\n","protected":false},"author":1,"featured_media":0,"parent":0,"menu_order":0,"comment_status":"closed","ping_status":"closed","template":"full_width.php","meta":{"_mbp_gutenberg_autopost":false,"footnotes":""},"class_list":["post-987504799","page","type-page","status-publish","hentry"],"yoast_head":"<!-- This site is optimized with the Yoast SEO plugin v24.8.1 - https:\/\/yoast.com\/wordpress\/plugins\/seo\/ -->\n<title>Adhesivos Industriales para Automoci\u00f3n | Fijaci\u00f3n y Resistencia<\/title>\n<meta name=\"description\" content=\"Descubre adhesivos de alto rendimiento para la industria automotriz. Uniones resistentes, reducci\u00f3n de peso y mejora en la seguridad estructural.\" \/>\n<meta name=\"robots\" content=\"index, follow, max-snippet:-1, max-image-preview:large, max-video-preview:-1\" \/>\n<link rel=\"canonical\" href=\"https:\/\/converzar.com\/fr\/automocion\/\" \/>\n<meta property=\"og:locale\" content=\"fr_FR\" \/>\n<meta property=\"og:type\" content=\"article\" \/>\n<meta property=\"og:title\" content=\"Adhesivos Industriales para Automoci\u00f3n | Fijaci\u00f3n y Resistencia\" \/>\n<meta property=\"og:description\" content=\"Descubre adhesivos de alto rendimiento para la industria automotriz. Uniones resistentes, reducci\u00f3n de peso y mejora en la seguridad estructural.\" \/>\n<meta property=\"og:url\" content=\"https:\/\/converzar.com\/fr\/automocion\/\" \/>\n<meta property=\"og:site_name\" content=\"Converzar\" \/>\n<meta property=\"article:modified_time\" content=\"2025-07-14T15:45:52+00:00\" \/>\n<meta property=\"og:image\" content=\"https:\/\/converzar.com\/wp-content\/uploads\/2025\/02\/Diseno-sin-titulo-2025-02-11T164020.491.png\" \/>\n\t<meta property=\"og:image:width\" content=\"800\" \/>\n\t<meta property=\"og:image:height\" content=\"596\" \/>\n\t<meta property=\"og:image:type\" content=\"image\/png\" \/>\n<meta name=\"twitter:card\" content=\"summary_large_image\" \/>\n<meta name=\"twitter:label1\" content=\"Dur\u00e9e de lecture estim\u00e9e\" \/>\n\t<meta name=\"twitter:data1\" content=\"2 minutes\" \/>\n<script type=\"application\/ld+json\" class=\"yoast-schema-graph\">{\"@context\":\"https:\/\/schema.org\",\"@graph\":[{\"@type\":\"WebPage\",\"@id\":\"https:\/\/converzar.com\/fr\/automocion\/\",\"url\":\"https:\/\/converzar.com\/fr\/automocion\/\",\"name\":\"Adhesivos Industriales para Automoci\u00f3n | Fijaci\u00f3n y Resistencia\",\"isPartOf\":{\"@id\":\"https:\/\/converzar.com\/fr\/#website\"},\"primaryImageOfPage\":{\"@id\":\"https:\/\/converzar.com\/fr\/automocion\/#primaryimage\"},\"image\":{\"@id\":\"https:\/\/converzar.com\/fr\/automocion\/#primaryimage\"},\"thumbnailUrl\":\"https:\/\/converzar.com\/wp-content\/uploads\/2025\/02\/Diseno-sin-titulo-2025-02-11T164020.491.png\",\"datePublished\":\"2024-11-15T11:39:56+00:00\",\"dateModified\":\"2025-07-14T15:45:52+00:00\",\"description\":\"Descubre adhesivos de alto rendimiento para la industria automotriz. Uniones resistentes, reducci\u00f3n de peso y mejora en la seguridad estructural.\",\"breadcrumb\":{\"@id\":\"https:\/\/converzar.com\/fr\/automocion\/#breadcrumb\"},\"inLanguage\":\"fr-FR\",\"potentialAction\":[{\"@type\":\"ReadAction\",\"target\":[\"https:\/\/converzar.com\/fr\/automocion\/\"]}]},{\"@type\":\"ImageObject\",\"inLanguage\":\"fr-FR\",\"@id\":\"https:\/\/converzar.com\/fr\/automocion\/#primaryimage\",\"url\":\"https:\/\/converzar.com\/wp-content\/uploads\/2025\/02\/Diseno-sin-titulo-2025-02-11T164020.491.png\",\"contentUrl\":\"https:\/\/converzar.com\/wp-content\/uploads\/2025\/02\/Diseno-sin-titulo-2025-02-11T164020.491.png\"},{\"@type\":\"BreadcrumbList\",\"@id\":\"https:\/\/converzar.com\/fr\/automocion\/#breadcrumb\",\"itemListElement\":[{\"@type\":\"ListItem\",\"position\":1,\"name\":\"Portada\",\"item\":\"https:\/\/converzar.com\/fr\/\"},{\"@type\":\"ListItem\",\"position\":2,\"name\":\"Automobile\"}]},{\"@type\":\"WebSite\",\"@id\":\"https:\/\/converzar.com\/fr\/#website\",\"url\":\"https:\/\/converzar.com\/fr\/\",\"name\":\"Converzar\",\"description\":\"\",\"potentialAction\":[{\"@type\":\"SearchAction\",\"target\":{\"@type\":\"EntryPoint\",\"urlTemplate\":\"https:\/\/converzar.com\/fr\/?s={search_term_string}\"},\"query-input\":{\"@type\":\"PropertyValueSpecification\",\"valueRequired\":true,\"valueName\":\"search_term_string\"}}],\"inLanguage\":\"fr-FR\"}]}<\/script>\n<!-- \/ Yoast SEO plugin. -->","yoast_head_json":{"title":"Adhesivos Industriales para Automoci\u00f3n | Fijaci\u00f3n y Resistencia","description":"Descubre adhesivos de alto rendimiento para la industria automotriz. Uniones resistentes, reducci\u00f3n de peso y mejora en la seguridad estructural.","robots":{"index":"index","follow":"follow","max-snippet":"max-snippet:-1","max-image-preview":"max-image-preview:large","max-video-preview":"max-video-preview:-1"},"canonical":"https:\/\/converzar.com\/fr\/automocion\/","og_locale":"fr_FR","og_type":"article","og_title":"Adhesivos Industriales para Automoci\u00f3n | Fijaci\u00f3n y Resistencia","og_description":"Descubre adhesivos de alto rendimiento para la industria automotriz. Uniones resistentes, reducci\u00f3n de peso y mejora en la seguridad estructural.","og_url":"https:\/\/converzar.com\/fr\/automocion\/","og_site_name":"Converzar","article_modified_time":"2025-07-14T15:45:52+00:00","og_image":[{"width":800,"height":596,"url":"https:\/\/converzar.com\/wp-content\/uploads\/2025\/02\/Diseno-sin-titulo-2025-02-11T164020.491.png","type":"image\/png"}],"twitter_card":"summary_large_image","twitter_misc":{"Dur\u00e9e de lecture estim\u00e9e":"2 minutes"},"schema":{"@context":"https:\/\/schema.org","@graph":[{"@type":"WebPage","@id":"https:\/\/converzar.com\/fr\/automocion\/","url":"https:\/\/converzar.com\/fr\/automocion\/","name":"Adhesivos Industriales para Automoci\u00f3n | Fijaci\u00f3n y Resistencia","isPartOf":{"@id":"https:\/\/converzar.com\/fr\/#website"},"primaryImageOfPage":{"@id":"https:\/\/converzar.com\/fr\/automocion\/#primaryimage"},"image":{"@id":"https:\/\/converzar.com\/fr\/automocion\/#primaryimage"},"thumbnailUrl":"https:\/\/converzar.com\/wp-content\/uploads\/2025\/02\/Diseno-sin-titulo-2025-02-11T164020.491.png","datePublished":"2024-11-15T11:39:56+00:00","dateModified":"2025-07-14T15:45:52+00:00","description":"Descubre adhesivos de alto rendimiento para la industria automotriz. Uniones resistentes, reducci\u00f3n de peso y mejora en la seguridad estructural.","breadcrumb":{"@id":"https:\/\/converzar.com\/fr\/automocion\/#breadcrumb"},"inLanguage":"fr-FR","potentialAction":[{"@type":"ReadAction","target":["https:\/\/converzar.com\/fr\/automocion\/"]}]},{"@type":"ImageObject","inLanguage":"fr-FR","@id":"https:\/\/converzar.com\/fr\/automocion\/#primaryimage","url":"https:\/\/converzar.com\/wp-content\/uploads\/2025\/02\/Diseno-sin-titulo-2025-02-11T164020.491.png","contentUrl":"https:\/\/converzar.com\/wp-content\/uploads\/2025\/02\/Diseno-sin-titulo-2025-02-11T164020.491.png"},{"@type":"BreadcrumbList","@id":"https:\/\/converzar.com\/fr\/automocion\/#breadcrumb","itemListElement":[{"@type":"ListItem","position":1,"name":"Portada","item":"https:\/\/converzar.com\/fr\/"},{"@type":"ListItem","position":2,"name":"Automobile"}]},{"@type":"WebSite","@id":"https:\/\/converzar.com\/fr\/#website","url":"https:\/\/converzar.com\/fr\/","name":"Converzar","description":"","potentialAction":[{"@type":"SearchAction","target":{"@type":"EntryPoint","urlTemplate":"https:\/\/converzar.com\/fr\/?s={search_term_string}"},"query-input":{"@type":"PropertyValueSpecification","valueRequired":true,"valueName":"search_term_string"}}],"inLanguage":"fr-FR"}]}},"_links":{"self":[{"href":"https:\/\/converzar.com\/fr\/wp-json\/wp\/v2\/pages\/987504799","targetHints":{"allow":["GET"]}}],"collection":[{"href":"https:\/\/converzar.com\/fr\/wp-json\/wp\/v2\/pages"}],"about":[{"href":"https:\/\/converzar.com\/fr\/wp-json\/wp\/v2\/types\/page"}],"author":[{"embeddable":true,"href":"https:\/\/converzar.com\/fr\/wp-json\/wp\/v2\/users\/1"}],"replies":[{"embeddable":true,"href":"https:\/\/converzar.com\/fr\/wp-json\/wp\/v2\/comments?post=987504799"}],"version-history":[{"count":7,"href":"https:\/\/converzar.com\/fr\/wp-json\/wp\/v2\/pages\/987504799\/revisions"}],"predecessor-version":[{"id":987505050,"href":"https:\/\/converzar.com\/fr\/wp-json\/wp\/v2\/pages\/987504799\/revisions\/987505050"}],"wp:attachment":[{"href":"https:\/\/converzar.com\/fr\/wp-json\/wp\/v2\/media?parent=987504799"}],"curies":[{"name":"wp","href":"https:\/\/api.w.org\/{rel}","templated":true}]}}