{"id":987504802,"date":"2023-10-27T11:27:43","date_gmt":"2023-10-27T11:27:43","guid":{"rendered":"https:\/\/converzar.com\/contacto\/"},"modified":"2025-07-15T09:16:36","modified_gmt":"2025-07-15T09:16:36","slug":"contact","status":"publish","type":"page","link":"https:\/\/converzar.com\/fr\/contact\/","title":{"rendered":"Contact"},"content":{"rendered":"\t\t<div data-elementor-type=\"wp-page\" data-elementor-id=\"987504802\" class=\"elementor elementor-987504802 elementor-10156\">\n\t\t\t\t<div class=\"elementor-element elementor-element-7deab51 e-con-full e-flex parallax_section_no qode_elementor_container_no e-con e-parent\" data-id=\"7deab51\" data-element_type=\"container\">\n\t\t<div class=\"elementor-element elementor-element-f98c262 e-con-full e-flex parallax_section_no qode_elementor_container_no e-con e-child\" data-id=\"f98c262\" data-element_type=\"container\">\n\t\t\t\t<div class=\"elementor-element elementor-element-9df21ad elementor-widget__width-initial elementor-widget elementor-widget-text-editor\" data-id=\"9df21ad\" data-element_type=\"widget\" data-widget_type=\"text-editor.default\">\n\t\t\t\t<div class=\"elementor-widget-container\">\n\t\t\t\t\t\t\t\t\t<h1 class=\"qodef-m-title\">Faites-nous part de votre id\u00e9e<\/h1>\t\t\t\t\t\t\t\t<\/div>\n\t\t\t\t<\/div>\n\t\t\t\t<div class=\"elementor-element elementor-element-27969d2 elementor-widget__width-initial elementor-widget elementor-widget-text-editor\" data-id=\"27969d2\" data-element_type=\"widget\" data-widget_type=\"text-editor.default\">\n\t\t\t\t<div class=\"elementor-widget-container\">\n\t\t\t\t\t\t\t\t\t<span style=\"color: #ed0928;\">|<\/span> Notre \u00e9quipe de professionnels est l\u00e0 pour vous guider, vous conseiller et r\u00e9pondre \u00e0 toutes vos questions. \u00c9crivez-nous !\t\t\t\t\t\t\t\t<\/div>\n\t\t\t\t<\/div>\n\t\t\t\t<div class=\"elementor-element elementor-element-fd23558 elementor-widget elementor-widget-bridge_cf_7\" data-id=\"fd23558\" data-element_type=\"widget\" data-widget_type=\"bridge_cf_7.default\">\n\t\t\t\t<div class=\"elementor-widget-container\">\n\t\t\t\t\t    <div class=\"qode-contact-form-7 qode-contact-form-7-0\">\n    \n<div class=\"wpcf7 no-js\" id=\"wpcf7-f987505136-o1\" lang=\"es-ES\" dir=\"ltr\" data-wpcf7-id=\"987505136\">\n<div class=\"screen-reader-response\"><p role=\"status\" aria-live=\"polite\" aria-atomic=\"true\"><\/p> <ul><\/ul><\/div>\n<form action=\"\/fr\/wp-json\/wp\/v2\/pages\/987504802#wpcf7-f987505136-o1\" method=\"post\" class=\"wpcf7-form init cf7_custom_style_1\" aria-label=\"Formulario de contacto\" novalidate=\"novalidate\" data-status=\"init\">\n<div style=\"display: none;\">\n<input type=\"hidden\" name=\"_wpcf7\" value=\"987505136\" \/>\n<input type=\"hidden\" name=\"_wpcf7_version\" value=\"6.0.5\" \/>\n<input type=\"hidden\" name=\"_wpcf7_locale\" value=\"es_ES\" \/>\n<input type=\"hidden\" name=\"_wpcf7_unit_tag\" value=\"wpcf7-f987505136-o1\" \/>\n<input type=\"hidden\" name=\"_wpcf7_container_post\" value=\"0\" \/>\n<input type=\"hidden\" name=\"_wpcf7_posted_data_hash\" value=\"\" \/>\n<input type=\"hidden\" name=\"_wpcf7_recaptcha_response\" value=\"\" \/>\n<\/div>\n<div class=\"two_columns_50_50 clearfix\">\n<div class=\"column1\"><div class=\"column_inner\">\n<span class=\"wpcf7-form-control-wrap\" data-name=\"your-name\"><input size=\"40\" maxlength=\"400\" class=\"wpcf7-form-control wpcf7-text wpcf7-validates-as-required\" aria-required=\"true\" aria-invalid=\"false\" placeholder=\"Nom\" value=\"\" type=\"text\" name=\"your-name\" \/><\/span>\n<\/div><\/div>\n<div class=\"column2\"><div class=\"column_inner\">\n<span class=\"wpcf7-form-control-wrap\" data-name=\"your-mail\"><input size=\"40\" maxlength=\"400\" class=\"wpcf7-form-control wpcf7-email wpcf7-validates-as-required wpcf7-text wpcf7-validates-as-email\" aria-required=\"true\" aria-invalid=\"false\" placeholder=\"Email\" value=\"\" type=\"email\" name=\"your-mail\" \/><\/span>\n<\/div><\/div>\n<\/div>\n<div><span class=\"wpcf7-form-control-wrap\" data-name=\"message\"><textarea cols=\"40\" rows=\"10\" maxlength=\"2000\" class=\"wpcf7-form-control wpcf7-textarea wpcf7-validates-as-required\" aria-required=\"true\" aria-invalid=\"false\" placeholder=\"Message\" name=\"message\"><\/textarea><\/span><\/div>\n<span class=\"wpcf7-form-control-wrap\" data-name=\"acceptance-72\"><span class=\"wpcf7-form-control wpcf7-acceptance\"><span class=\"wpcf7-list-item\"><label><input type=\"checkbox\" name=\"acceptance-72\" value=\"1\" aria-invalid=\"false\" \/><span class=\"wpcf7-list-item-label\"><a href=\"https:\/\/converzar.com\/politica-privacidad\/\"> J'ai lu et j'accepte la politique de confidentialit\u00e9<\/span><\/label><\/span><\/span><\/span>\n\n<div class=\"qode-submit-holder\"><button class=\"wpcf7-form-control wpcf7-submit qode-cf7-submit\" type=\"submit\"><span class=\"qode-text\"> Envoyer <\/span><\/button><\/div><div class=\"wpcf7-response-output\" aria-hidden=\"true\"><\/div>\n<\/form>\n<\/div>\n    <\/div>\n\t\t\t\t<\/div>\n\t\t\t\t<\/div>\n\t\t\t\t<\/div>\n\t\t<div class=\"elementor-element elementor-element-61a05dc e-con-full e-flex parallax_section_no qode_elementor_container_no e-con e-child\" data-id=\"61a05dc\" data-element_type=\"container\">\n\t\t<div class=\"elementor-element elementor-element-f65540c e-flex e-con-boxed parallax_section_no qode_elementor_container_no e-con e-child\" data-id=\"f65540c\" data-element_type=\"container\">\n\t\t\t\t\t<div class=\"e-con-inner\">\n\t\t\t\t<div class=\"elementor-element elementor-element-21ac5e2 elementor-widget elementor-widget-text-editor\" data-id=\"21ac5e2\" data-element_type=\"widget\" data-widget_type=\"text-editor.default\">\n\t\t\t\t<div class=\"elementor-widget-container\">\n\t\t\t\t\t\t\t\t\t<h6><img decoding=\"async\" class=\"alignnone wp-image-11298\" src=\"https:\/\/converzar.com\/wp-content\/uploads\/2024\/10\/Imago_converzar.png\" alt=\"\" width=\"14\" height=\"18\" \/> <span style=\"color: #ed0928;\">CONTACT<\/span><\/h6>\t\t\t\t\t\t\t\t<\/div>\n\t\t\t\t<\/div>\n\t\t<div class=\"elementor-element elementor-element-a8e4c10 e-grid e-con-full parallax_section_no qode_elementor_container_no e-con e-child\" data-id=\"a8e4c10\" data-element_type=\"container\">\n\t\t\t\t<div class=\"elementor-element elementor-element-aedeae4 elementor-widget elementor-widget-text-editor\" data-id=\"aedeae4\" data-element_type=\"widget\" data-widget_type=\"text-editor.default\">\n\t\t\t\t<div class=\"elementor-widget-container\">\n\t\t\t\t\t\t\t\t\t<p>Pol\u00edgono Industrial El Borao<br \/>Ctra. Barcelona 341,500<br \/>Parcela 16-17, 50172 Alfajar\u00edn,<br \/>Zaragoza. Espa\u00f1a<\/p>\t\t\t\t\t\t\t\t<\/div>\n\t\t\t\t<\/div>\n\t\t\t\t<div class=\"elementor-element elementor-element-ade1a01 elementor-widget elementor-widget-text-editor\" data-id=\"ade1a01\" data-element_type=\"widget\" data-widget_type=\"text-editor.default\">\n\t\t\t\t<div class=\"elementor-widget-container\">\n\t\t\t\t\t\t\t\t\t<span style=\"color: #000000;\"><a class=\"qodef--underline-on-hover\" style=\"color: #000000;\" href=\"tel:+34976138097\" target=\"_self\">+34 976 138 097<\/a><\/span>\n\n<a class=\"qodef--underline-on-hover\" href=\"mailto:info@converzar.com\" target=\"_self\">info@converzar.com<\/a>\n<\/br>\n<a href=\"https:\/\/www.instagram.com\/converzar\/\" target=\"_blank\"><i class=\"fa fa-instagram\" aria-hidden=\"true\" style=\"color:#ED0928; margin-right:5px;\"><\/i><\/a> <a href=\"https:\/\/www.youtube.com\/results?search_query=converzar\" target=\"_blank\"><i class=\"fa fa-youtube-play\" aria-hidden=\"true\" style=\"color:#ED0928; margin-right:5px;\"><\/i><\/a> <a href=\"https:\/\/www.linkedin.com\/company\/converzar-comercial-edizar\/\" target=\"_blank\"><i class=\"fa fa-linkedin\" aria-hidden=\"true\" style=\"color:#ED0928; margin-right:5px;\"><\/i><\/a>\t\t\t\t\t\t\t\t<\/div>\n\t\t\t\t<\/div>\n\t\t\t\t<\/div>\n\t\t\t\t<div class=\"elementor-element elementor-element-d926cac elementor-widget elementor-widget-image\" data-id=\"d926cac\" data-element_type=\"widget\" data-widget_type=\"image.default\">\n\t\t\t\t<div class=\"elementor-widget-container\">\n\t\t\t\t\t\t\t\t\t\t\t\t\t\t\t<img fetchpriority=\"high\" decoding=\"async\" width=\"550\" height=\"470\" src=\"https:\/\/converzar.com\/wp-content\/uploads\/2024\/11\/map.png\" class=\"attachment-large size-large wp-image-987502038\" alt=\"\" srcset=\"https:\/\/converzar.com\/wp-content\/uploads\/2024\/11\/map.png 550w, https:\/\/converzar.com\/wp-content\/uploads\/2024\/11\/map-300x256.png 300w\" sizes=\"(max-width: 550px) 100vw, 550px\" \/>\t\t\t\t\t\t\t\t\t\t\t\t\t\t\t<\/div>\n\t\t\t\t<\/div>\n\t\t\t\t\t<\/div>\n\t\t\t\t<\/div>\n\t\t\t\t<\/div>\n\t\t\t\t<\/div>\n\t\t<div class=\"elementor-element elementor-element-8dda226 e-flex e-con-boxed parallax_section_no qode_elementor_container_no e-con e-parent\" data-id=\"8dda226\" data-element_type=\"container\">\n\t\t\t\t\t<div class=\"e-con-inner\">\n\t\t<div class=\"elementor-element elementor-element-e8fccfa e-con-full e-flex parallax_section_no qode_elementor_container_no e-con e-child\" data-id=\"e8fccfa\" data-element_type=\"container\">\n\t\t\t\t<\/div>\n\t\t<div class=\"elementor-element elementor-element-1d3eb6f e-con-full e-flex parallax_section_no qode_elementor_container_no e-con e-child\" data-id=\"1d3eb6f\" data-element_type=\"container\">\n\t\t\t\t<\/div>\n\t\t\t\t\t<\/div>\n\t\t\t\t<\/div>\n\t\t\t\t<\/div>\n\t\t","protected":false},"excerpt":{"rendered":"<p>Faites-nous part de votre id\u00e9e&#8230;<\/p>\n","protected":false},"author":1,"featured_media":0,"parent":0,"menu_order":0,"comment_status":"closed","ping_status":"closed","template":"full_width.php","meta":{"_mbp_gutenberg_autopost":false,"footnotes":""},"class_list":["post-987504802","page","type-page","status-publish","hentry"],"yoast_head":"<!-- This site is optimized with the Yoast SEO plugin v24.8.1 - https:\/\/yoast.com\/wordpress\/plugins\/seo\/ -->\n<title>Contact - Converzar<\/title>\n<meta name=\"robots\" content=\"index, follow, max-snippet:-1, max-image-preview:large, max-video-preview:-1\" \/>\n<link rel=\"canonical\" href=\"https:\/\/converzar.com\/fr\/contact\/\" \/>\n<meta property=\"og:locale\" content=\"fr_FR\" \/>\n<meta property=\"og:type\" content=\"article\" \/>\n<meta property=\"og:title\" content=\"Contact - Converzar\" \/>\n<meta property=\"og:description\" content=\"Faites-nous part de votre id\u00e9e...\" \/>\n<meta property=\"og:url\" content=\"https:\/\/converzar.com\/fr\/contact\/\" \/>\n<meta property=\"og:site_name\" content=\"Converzar\" \/>\n<meta property=\"article:modified_time\" content=\"2025-07-15T09:16:36+00:00\" \/>\n<meta property=\"og:image\" content=\"https:\/\/converzar.com\/wp-content\/uploads\/2024\/10\/Imago_converzar.png\" \/>\n\t<meta property=\"og:image:width\" content=\"27\" \/>\n\t<meta property=\"og:image:height\" content=\"35\" \/>\n\t<meta property=\"og:image:type\" content=\"image\/png\" \/>\n<meta name=\"twitter:card\" content=\"summary_large_image\" \/>\n<meta name=\"twitter:label1\" content=\"Dur\u00e9e de lecture estim\u00e9e\" \/>\n\t<meta name=\"twitter:data1\" content=\"1 minute\" \/>\n<script type=\"application\/ld+json\" class=\"yoast-schema-graph\">{\"@context\":\"https:\/\/schema.org\",\"@graph\":[{\"@type\":\"WebPage\",\"@id\":\"https:\/\/converzar.com\/fr\/contact\/\",\"url\":\"https:\/\/converzar.com\/fr\/contact\/\",\"name\":\"Contact - Converzar\",\"isPartOf\":{\"@id\":\"https:\/\/converzar.com\/fr\/#website\"},\"primaryImageOfPage\":{\"@id\":\"https:\/\/converzar.com\/fr\/contact\/#primaryimage\"},\"image\":{\"@id\":\"https:\/\/converzar.com\/fr\/contact\/#primaryimage\"},\"thumbnailUrl\":\"https:\/\/converzar.com\/wp-content\/uploads\/2024\/10\/Imago_converzar.png\",\"datePublished\":\"2023-10-27T11:27:43+00:00\",\"dateModified\":\"2025-07-15T09:16:36+00:00\",\"breadcrumb\":{\"@id\":\"https:\/\/converzar.com\/fr\/contact\/#breadcrumb\"},\"inLanguage\":\"fr-FR\",\"potentialAction\":[{\"@type\":\"ReadAction\",\"target\":[\"https:\/\/converzar.com\/fr\/contact\/\"]}]},{\"@type\":\"ImageObject\",\"inLanguage\":\"fr-FR\",\"@id\":\"https:\/\/converzar.com\/fr\/contact\/#primaryimage\",\"url\":\"https:\/\/converzar.com\/wp-content\/uploads\/2024\/10\/Imago_converzar.png\",\"contentUrl\":\"https:\/\/converzar.com\/wp-content\/uploads\/2024\/10\/Imago_converzar.png\"},{\"@type\":\"BreadcrumbList\",\"@id\":\"https:\/\/converzar.com\/fr\/contact\/#breadcrumb\",\"itemListElement\":[{\"@type\":\"ListItem\",\"position\":1,\"name\":\"Portada\",\"item\":\"https:\/\/converzar.com\/fr\/\"},{\"@type\":\"ListItem\",\"position\":2,\"name\":\"Contact\"}]},{\"@type\":\"WebSite\",\"@id\":\"https:\/\/converzar.com\/fr\/#website\",\"url\":\"https:\/\/converzar.com\/fr\/\",\"name\":\"Converzar\",\"description\":\"\",\"potentialAction\":[{\"@type\":\"SearchAction\",\"target\":{\"@type\":\"EntryPoint\",\"urlTemplate\":\"https:\/\/converzar.com\/fr\/?s={search_term_string}\"},\"query-input\":{\"@type\":\"PropertyValueSpecification\",\"valueRequired\":true,\"valueName\":\"search_term_string\"}}],\"inLanguage\":\"fr-FR\"}]}<\/script>\n<!-- \/ Yoast SEO plugin. -->","yoast_head_json":{"title":"Contact - Converzar","robots":{"index":"index","follow":"follow","max-snippet":"max-snippet:-1","max-image-preview":"max-image-preview:large","max-video-preview":"max-video-preview:-1"},"canonical":"https:\/\/converzar.com\/fr\/contact\/","og_locale":"fr_FR","og_type":"article","og_title":"Contact - Converzar","og_description":"Faites-nous part de votre id\u00e9e...","og_url":"https:\/\/converzar.com\/fr\/contact\/","og_site_name":"Converzar","article_modified_time":"2025-07-15T09:16:36+00:00","og_image":[{"width":27,"height":35,"url":"https:\/\/converzar.com\/wp-content\/uploads\/2024\/10\/Imago_converzar.png","type":"image\/png"}],"twitter_card":"summary_large_image","twitter_misc":{"Dur\u00e9e de lecture estim\u00e9e":"1 minute"},"schema":{"@context":"https:\/\/schema.org","@graph":[{"@type":"WebPage","@id":"https:\/\/converzar.com\/fr\/contact\/","url":"https:\/\/converzar.com\/fr\/contact\/","name":"Contact - Converzar","isPartOf":{"@id":"https:\/\/converzar.com\/fr\/#website"},"primaryImageOfPage":{"@id":"https:\/\/converzar.com\/fr\/contact\/#primaryimage"},"image":{"@id":"https:\/\/converzar.com\/fr\/contact\/#primaryimage"},"thumbnailUrl":"https:\/\/converzar.com\/wp-content\/uploads\/2024\/10\/Imago_converzar.png","datePublished":"2023-10-27T11:27:43+00:00","dateModified":"2025-07-15T09:16:36+00:00","breadcrumb":{"@id":"https:\/\/converzar.com\/fr\/contact\/#breadcrumb"},"inLanguage":"fr-FR","potentialAction":[{"@type":"ReadAction","target":["https:\/\/converzar.com\/fr\/contact\/"]}]},{"@type":"ImageObject","inLanguage":"fr-FR","@id":"https:\/\/converzar.com\/fr\/contact\/#primaryimage","url":"https:\/\/converzar.com\/wp-content\/uploads\/2024\/10\/Imago_converzar.png","contentUrl":"https:\/\/converzar.com\/wp-content\/uploads\/2024\/10\/Imago_converzar.png"},{"@type":"BreadcrumbList","@id":"https:\/\/converzar.com\/fr\/contact\/#breadcrumb","itemListElement":[{"@type":"ListItem","position":1,"name":"Portada","item":"https:\/\/converzar.com\/fr\/"},{"@type":"ListItem","position":2,"name":"Contact"}]},{"@type":"WebSite","@id":"https:\/\/converzar.com\/fr\/#website","url":"https:\/\/converzar.com\/fr\/","name":"Converzar","description":"","potentialAction":[{"@type":"SearchAction","target":{"@type":"EntryPoint","urlTemplate":"https:\/\/converzar.com\/fr\/?s={search_term_string}"},"query-input":{"@type":"PropertyValueSpecification","valueRequired":true,"valueName":"search_term_string"}}],"inLanguage":"fr-FR"}]}},"_links":{"self":[{"href":"https:\/\/converzar.com\/fr\/wp-json\/wp\/v2\/pages\/987504802","targetHints":{"allow":["GET"]}}],"collection":[{"href":"https:\/\/converzar.com\/fr\/wp-json\/wp\/v2\/pages"}],"about":[{"href":"https:\/\/converzar.com\/fr\/wp-json\/wp\/v2\/types\/page"}],"author":[{"embeddable":true,"href":"https:\/\/converzar.com\/fr\/wp-json\/wp\/v2\/users\/1"}],"replies":[{"embeddable":true,"href":"https:\/\/converzar.com\/fr\/wp-json\/wp\/v2\/comments?post=987504802"}],"version-history":[{"count":10,"href":"https:\/\/converzar.com\/fr\/wp-json\/wp\/v2\/pages\/987504802\/revisions"}],"predecessor-version":[{"id":987505142,"href":"https:\/\/converzar.com\/fr\/wp-json\/wp\/v2\/pages\/987504802\/revisions\/987505142"}],"wp:attachment":[{"href":"https:\/\/converzar.com\/fr\/wp-json\/wp\/v2\/media?parent=987504802"}],"curies":[{"name":"wp","href":"https:\/\/api.w.org\/{rel}","templated":true}]}}