{"id":987504860,"date":"2024-11-13T13:07:18","date_gmt":"2024-11-13T13:07:18","guid":{"rendered":"https:\/\/converzar.com\/aplicaciones-electricas\/"},"modified":"2025-07-14T14:40:08","modified_gmt":"2025-07-14T14:40:08","slug":"applications-electriques","status":"publish","type":"page","link":"https:\/\/converzar.com\/fr\/applications-electriques\/","title":{"rendered":"Applications \u00e9lectriques"},"content":{"rendered":"\t\t<div data-elementor-type=\"wp-page\" data-elementor-id=\"987504860\" class=\"elementor elementor-987504860 elementor-11607\">\n\t\t\t\t<div class=\"elementor-element elementor-element-ebdbdab e-con-full e-flex parallax_section_no qode_elementor_container_no e-con e-parent\" data-id=\"ebdbdab\" data-element_type=\"container\" data-settings=\"{&quot;background_background&quot;:&quot;classic&quot;}\">\n\t\t<div class=\"elementor-element elementor-element-bec1771 e-con-full e-flex parallax_section_no qode_elementor_container_no e-con e-child\" data-id=\"bec1771\" data-element_type=\"container\">\n\t\t\t\t<div class=\"elementor-element elementor-element-7fd385a elementor-widget elementor-widget-heading\" data-id=\"7fd385a\" data-element_type=\"widget\" data-widget_type=\"heading.default\">\n\t\t\t\t<div class=\"elementor-widget-container\">\n\t\t\t\t\t<h1 class=\"elementor-heading-title elementor-size-default\">| Applications \u00e9lectriques<\/h1>\t\t\t\t<\/div>\n\t\t\t\t<\/div>\n\t\t\t\t<div class=\"elementor-element elementor-element-f9358c5 elementor-widget__width-initial elementor-widget elementor-widget-qi_addons_for_elementor_section_title\" data-id=\"f9358c5\" data-element_type=\"widget\" data-widget_type=\"qi_addons_for_elementor_section_title.default\">\n\t\t\t\t<div class=\"elementor-widget-container\">\n\t\t\t\t\t<div class=\"qodef-shortcode qodef-m qodef-qi-section-title qodef-decoration--italic qodef-link--underline-draw qodef-subtitle-icon--left\">\n\t\t\t\t\t\t<h2 class=\"qodef-m-title\">\n\t\tNos solutions sont certifi\u00e9es UL\t<\/h2>\n\t\t\t<\/div>\n\t\t\t\t<\/div>\n\t\t\t\t<\/div>\n\t\t\t\t<\/div>\n\t\t<div class=\"elementor-element elementor-element-81a34b8 e-con-full e-flex parallax_section_no qode_elementor_container_no e-con e-child\" data-id=\"81a34b8\" data-element_type=\"container\">\n\t\t\t\t<div class=\"elementor-element elementor-element-4f62ae6 elementor-widget__width-auto elementor-widget elementor-widget-bridge_image_gallery\" data-id=\"4f62ae6\" data-element_type=\"widget\" data-widget_type=\"bridge_image_gallery.default\">\n\t\t\t\t<div class=\"elementor-widget-container\">\n\t\t\t\t\t<div class=\"qode-image-gallery\"><div class=\"qode-image-gallery-inner\"><div class=\"qode-image-gallery-slides drag_enabled wpb_image_grid\" data-interval=\"\"data-control=&quot;false&quot;data-direction=&quot;false&quot;data-pause-on-hover=&quot;false&quot;data-drag=&quot;true&quot;><div class=\"gallery_holder\"><ul class=\"gallery_inner   v0\"><li class=\"no_grayscale\"><img decoding=\"async\" src=\"https:\/\/converzar.com\/wp-content\/uploads\/2025\/02\/aplicacionelectrica.jpg\" \/><\/li><\/ul><\/div><\/div><\/div><\/div>\t\t\t\t<\/div>\n\t\t\t\t<\/div>\n\t\t\t\t<\/div>\n\t\t\t\t<\/div>\n\t\t<div class=\"elementor-element elementor-element-1c28ee2 e-flex e-con-boxed parallax_section_no qode_elementor_container_no e-con e-parent\" data-id=\"1c28ee2\" data-element_type=\"container\" data-settings=\"{&quot;background_background&quot;:&quot;classic&quot;}\">\n\t\t\t\t\t<div class=\"e-con-inner\">\n\t\t<div class=\"elementor-element elementor-element-0ef3719 e-con-full e-flex parallax_section_no qode_elementor_container_no e-con e-child\" data-id=\"0ef3719\" data-element_type=\"container\">\n\t\t\t\t<div class=\"elementor-element elementor-element-2479366 elementor-widget__width-initial elementor-widget elementor-widget-qi_addons_for_elementor_section_title\" data-id=\"2479366\" data-element_type=\"widget\" data-widget_type=\"qi_addons_for_elementor_section_title.default\">\n\t\t\t\t<div class=\"elementor-widget-container\">\n\t\t\t\t\t<div class=\"qodef-shortcode qodef-m qodef-qi-section-title qodef-decoration--italic qodef-link--underline-draw qodef-subtitle-icon--left\">\n\t\t\t\t\t\t\t\t<div class=\"qodef-m-text\"><p>La fabrication d\u2019\u00e9quipements \u00e9lectriques et \u00e9lectroniques pr\u00e9sente de nombreux d\u00e9fis techniques, tous couverts avec pr\u00e9cision par nos rubans adh\u00e9sifs haute performance. Ces solutions offrent non seulement une isolation \u00e9lectrique fiable, mais aussi une protection m\u00e9canique contre l\u2019usure des composants. Dans les secteurs n\u00e9cessitant un contr\u00f4le pr\u00e9cis des interf\u00e9rences \u00e9lectromagn\u00e9tiques, nos rubans de blindage garantissent une protection efficace et durable.<\/p><p>Nos produits sont fabriqu\u00e9s \u00e0 partir de mat\u00e9riaux de derni\u00e8re g\u00e9n\u00e9ration, tels que le <strong>Kapton\u00ae<\/strong>, les <strong>fibres de verre<\/strong>, les <strong>silicones haute performance<\/strong> et d\u2019autres avanc\u00e9es r\u00e9centes dans le domaine de l\u2019\u00e9lectronique avanc\u00e9e.<\/p><p>Nombre d\u2019entre eux r\u00e9sistent \u00e0 des temp\u00e9ratures extr\u00eames, certaines atteignant jusqu\u2019\u00e0 <strong>450 \u00b0C<\/strong>, ce qui les rend id\u00e9aux pour des applications \u00e0 haute exigence thermique. De plus, nos solutions sont certifi\u00e9es <strong>UL<\/strong>, reconnues comme norme de s\u00e9curit\u00e9 dans l\u2019industrie \u00e9lectrique.<\/p><\/div>\n\t<\/div>\n\t\t\t\t<\/div>\n\t\t\t\t<\/div>\n\t\t\t\t<\/div>\n\t\t<div class=\"elementor-element elementor-element-ab2d472 e-con-full e-flex parallax_section_no qode_elementor_container_no e-con e-child\" data-id=\"ab2d472\" data-element_type=\"container\">\n\t\t\t\t<div class=\"elementor-element elementor-element-66121c7 elementor-widget elementor-widget-text-editor\" data-id=\"66121c7\" data-element_type=\"widget\" data-widget_type=\"text-editor.default\">\n\t\t\t\t<div class=\"elementor-widget-container\">\n\t\t\t\t\t\t\t\t\t<p><span style=\"color: #ed0928; font-size: 14px;\"><img decoding=\"async\" class=\"alignnone wp-image-11298\" style=\"margin-top: -5px;\" src=\"https:\/\/converzar.com\/wp-content\/uploads\/2024\/10\/Imago_converzar.png\" alt=\"\" width=\"14\" height=\"18\" \/> NOS SOLUTIONS<\/span><\/p>\t\t\t\t\t\t\t\t<\/div>\n\t\t\t\t<\/div>\n\t\t\t\t<div class=\"elementor-element elementor-element-9fc9951 elementor-widget__width-initial elementor-widget elementor-widget-qi_addons_for_elementor_section_title\" data-id=\"9fc9951\" data-element_type=\"widget\" data-widget_type=\"qi_addons_for_elementor_section_title.default\">\n\t\t\t\t<div class=\"elementor-widget-container\">\n\t\t\t\t\t<div class=\"qodef-shortcode qodef-m qodef-qi-section-title qodef-decoration--italic qodef-link--underline-draw qodef-subtitle-icon--left\">\n\t\t\t\t\t\t\t\t<div class=\"qodef-m-text\"><h5 style=\"margin-bottom: 8px\"><span style=\"font-weight: 400\"><span style=\"color: #ed0928\">|<\/span> Marquage pr\u00e9cis des composants pour une identification facile dans les syst\u00e8mes complexes.<\/span><\/h5>\n<h5 style=\"margin-bottom: 8px\"><span style=\"font-weight: 400\"><span style=\"color: #ed0928\">|<\/span> Regroupement s\u00e9curis\u00e9 des c\u00e2bles pour optimiser l\u2019espace et am\u00e9liorer le flux de travail.<\/span><\/h5>\n<h5 style=\"margin-bottom: 8px\"><span style=\"font-weight: 400\"><span style=\"color: #ed0928\">|<\/span> Masquage sp\u00e9cialis\u00e9 pendant les processus de soudure pour \u00e9viter d\u2019endommager les composants sensibles.<\/span><\/h5>\n<h5 style=\"margin-bottom: 8px\"><span style=\"font-weight: 400\"><span style=\"color: #ed0928\">|<\/span> Dissipation thermique dans les dispositifs \u00e9lectroniques g\u00e9n\u00e9rant de la chaleur.<\/span><\/h5>\n<\/div>\n\t<\/div>\n\t\t\t\t<\/div>\n\t\t\t\t<\/div>\n\t\t\t\t<div class=\"elementor-element elementor-element-5830647 elementor-widget elementor-widget-bridge_button_v2\" data-id=\"5830647\" data-element_type=\"widget\" data-widget_type=\"bridge_button_v2.default\">\n\t\t\t\t<div class=\"elementor-widget-container\">\n\t\t\t\t\t\n\n\t<a href=\"https:\/\/converzar.com\/fr\/capacites\/\" target=\"_self\" style=\"color: #ED0928;font-family: quicksand;font-size: 20px\" class=\"qode-btn qode-btn-medium qode-btn-simple\"  >\n\t    <span class=\"qode-btn-text\">Voir les capacit\u00e9s ici<\/span>\t<\/a>\n\n\t\t\t\t<\/div>\n\t\t\t\t<\/div>\n\t\t\t\t<\/div>\n\t\t\t\t\t<\/div>\n\t\t\t\t<\/div>\n\t\t\t\t<\/div>\n\t\t","protected":false},"excerpt":{"rendered":"<p>| Applications \u00e9lectriques Nos solutions&#8230;<\/p>\n","protected":false},"author":1,"featured_media":0,"parent":0,"menu_order":0,"comment_status":"closed","ping_status":"closed","template":"full_width.php","meta":{"_mbp_gutenberg_autopost":false,"footnotes":""},"class_list":["post-987504860","page","type-page","status-publish","hentry"],"yoast_head":"<!-- This site is optimized with the Yoast SEO plugin v24.8.1 - https:\/\/yoast.com\/wordpress\/plugins\/seo\/ -->\n<title>Adhesivos para Aplicaciones El\u00e9ctricas | Converzar<\/title>\n<meta name=\"description\" content=\"Asegura conexiones el\u00e9ctricas seguras con adhesivos industriales de alta calidad. Resistencia diel\u00e9ctrica y fiabilidad en cada aplicaci\u00f3n.\" \/>\n<meta name=\"robots\" content=\"index, follow, max-snippet:-1, max-image-preview:large, max-video-preview:-1\" \/>\n<link rel=\"canonical\" href=\"https:\/\/converzar.com\/fr\/applications-electriques\/\" \/>\n<meta property=\"og:locale\" content=\"fr_FR\" \/>\n<meta property=\"og:type\" content=\"article\" \/>\n<meta property=\"og:title\" content=\"Adhesivos para Aplicaciones El\u00e9ctricas | Converzar\" \/>\n<meta property=\"og:description\" content=\"Asegura conexiones el\u00e9ctricas seguras con adhesivos industriales de alta calidad. Resistencia diel\u00e9ctrica y fiabilidad en cada aplicaci\u00f3n.\" \/>\n<meta property=\"og:url\" content=\"https:\/\/converzar.com\/fr\/applications-electriques\/\" \/>\n<meta property=\"og:site_name\" content=\"Converzar\" \/>\n<meta property=\"article:modified_time\" content=\"2025-07-14T14:40:08+00:00\" \/>\n<meta property=\"og:image\" content=\"https:\/\/converzar.com\/wp-content\/uploads\/2025\/02\/aplicacionelectrica.jpg\" \/>\n<meta name=\"twitter:card\" content=\"summary_large_image\" \/>\n<meta name=\"twitter:label1\" content=\"Dur\u00e9e de lecture estim\u00e9e\" \/>\n\t<meta name=\"twitter:data1\" content=\"2 minutes\" \/>\n<script type=\"application\/ld+json\" class=\"yoast-schema-graph\">{\"@context\":\"https:\/\/schema.org\",\"@graph\":[{\"@type\":\"WebPage\",\"@id\":\"https:\/\/converzar.com\/fr\/applications-electriques\/\",\"url\":\"https:\/\/converzar.com\/fr\/applications-electriques\/\",\"name\":\"Adhesivos para Aplicaciones El\u00e9ctricas | Converzar\",\"isPartOf\":{\"@id\":\"https:\/\/converzar.com\/fr\/#website\"},\"primaryImageOfPage\":{\"@id\":\"https:\/\/converzar.com\/fr\/applications-electriques\/#primaryimage\"},\"image\":{\"@id\":\"https:\/\/converzar.com\/fr\/applications-electriques\/#primaryimage\"},\"thumbnailUrl\":\"https:\/\/converzar.com\/wp-content\/uploads\/2025\/02\/aplicacionelectrica.jpg\",\"datePublished\":\"2024-11-13T13:07:18+00:00\",\"dateModified\":\"2025-07-14T14:40:08+00:00\",\"description\":\"Asegura conexiones el\u00e9ctricas seguras con adhesivos industriales de alta calidad. Resistencia diel\u00e9ctrica y fiabilidad en cada aplicaci\u00f3n.\",\"breadcrumb\":{\"@id\":\"https:\/\/converzar.com\/fr\/applications-electriques\/#breadcrumb\"},\"inLanguage\":\"fr-FR\",\"potentialAction\":[{\"@type\":\"ReadAction\",\"target\":[\"https:\/\/converzar.com\/fr\/applications-electriques\/\"]}]},{\"@type\":\"ImageObject\",\"inLanguage\":\"fr-FR\",\"@id\":\"https:\/\/converzar.com\/fr\/applications-electriques\/#primaryimage\",\"url\":\"https:\/\/converzar.com\/wp-content\/uploads\/2025\/02\/aplicacionelectrica.jpg\",\"contentUrl\":\"https:\/\/converzar.com\/wp-content\/uploads\/2025\/02\/aplicacionelectrica.jpg\"},{\"@type\":\"BreadcrumbList\",\"@id\":\"https:\/\/converzar.com\/fr\/applications-electriques\/#breadcrumb\",\"itemListElement\":[{\"@type\":\"ListItem\",\"position\":1,\"name\":\"Portada\",\"item\":\"https:\/\/converzar.com\/fr\/\"},{\"@type\":\"ListItem\",\"position\":2,\"name\":\"Applications \u00e9lectriques\"}]},{\"@type\":\"WebSite\",\"@id\":\"https:\/\/converzar.com\/fr\/#website\",\"url\":\"https:\/\/converzar.com\/fr\/\",\"name\":\"Converzar\",\"description\":\"\",\"potentialAction\":[{\"@type\":\"SearchAction\",\"target\":{\"@type\":\"EntryPoint\",\"urlTemplate\":\"https:\/\/converzar.com\/fr\/?s={search_term_string}\"},\"query-input\":{\"@type\":\"PropertyValueSpecification\",\"valueRequired\":true,\"valueName\":\"search_term_string\"}}],\"inLanguage\":\"fr-FR\"}]}<\/script>\n<!-- \/ Yoast SEO plugin. -->","yoast_head_json":{"title":"Adhesivos para Aplicaciones El\u00e9ctricas | Converzar","description":"Asegura conexiones el\u00e9ctricas seguras con adhesivos industriales de alta calidad. Resistencia diel\u00e9ctrica y fiabilidad en cada aplicaci\u00f3n.","robots":{"index":"index","follow":"follow","max-snippet":"max-snippet:-1","max-image-preview":"max-image-preview:large","max-video-preview":"max-video-preview:-1"},"canonical":"https:\/\/converzar.com\/fr\/applications-electriques\/","og_locale":"fr_FR","og_type":"article","og_title":"Adhesivos para Aplicaciones El\u00e9ctricas | Converzar","og_description":"Asegura conexiones el\u00e9ctricas seguras con adhesivos industriales de alta calidad. Resistencia diel\u00e9ctrica y fiabilidad en cada aplicaci\u00f3n.","og_url":"https:\/\/converzar.com\/fr\/applications-electriques\/","og_site_name":"Converzar","article_modified_time":"2025-07-14T14:40:08+00:00","og_image":[{"url":"https:\/\/converzar.com\/wp-content\/uploads\/2025\/02\/aplicacionelectrica.jpg","type":"","width":"","height":""}],"twitter_card":"summary_large_image","twitter_misc":{"Dur\u00e9e de lecture estim\u00e9e":"2 minutes"},"schema":{"@context":"https:\/\/schema.org","@graph":[{"@type":"WebPage","@id":"https:\/\/converzar.com\/fr\/applications-electriques\/","url":"https:\/\/converzar.com\/fr\/applications-electriques\/","name":"Adhesivos para Aplicaciones El\u00e9ctricas | Converzar","isPartOf":{"@id":"https:\/\/converzar.com\/fr\/#website"},"primaryImageOfPage":{"@id":"https:\/\/converzar.com\/fr\/applications-electriques\/#primaryimage"},"image":{"@id":"https:\/\/converzar.com\/fr\/applications-electriques\/#primaryimage"},"thumbnailUrl":"https:\/\/converzar.com\/wp-content\/uploads\/2025\/02\/aplicacionelectrica.jpg","datePublished":"2024-11-13T13:07:18+00:00","dateModified":"2025-07-14T14:40:08+00:00","description":"Asegura conexiones el\u00e9ctricas seguras con adhesivos industriales de alta calidad. Resistencia diel\u00e9ctrica y fiabilidad en cada aplicaci\u00f3n.","breadcrumb":{"@id":"https:\/\/converzar.com\/fr\/applications-electriques\/#breadcrumb"},"inLanguage":"fr-FR","potentialAction":[{"@type":"ReadAction","target":["https:\/\/converzar.com\/fr\/applications-electriques\/"]}]},{"@type":"ImageObject","inLanguage":"fr-FR","@id":"https:\/\/converzar.com\/fr\/applications-electriques\/#primaryimage","url":"https:\/\/converzar.com\/wp-content\/uploads\/2025\/02\/aplicacionelectrica.jpg","contentUrl":"https:\/\/converzar.com\/wp-content\/uploads\/2025\/02\/aplicacionelectrica.jpg"},{"@type":"BreadcrumbList","@id":"https:\/\/converzar.com\/fr\/applications-electriques\/#breadcrumb","itemListElement":[{"@type":"ListItem","position":1,"name":"Portada","item":"https:\/\/converzar.com\/fr\/"},{"@type":"ListItem","position":2,"name":"Applications \u00e9lectriques"}]},{"@type":"WebSite","@id":"https:\/\/converzar.com\/fr\/#website","url":"https:\/\/converzar.com\/fr\/","name":"Converzar","description":"","potentialAction":[{"@type":"SearchAction","target":{"@type":"EntryPoint","urlTemplate":"https:\/\/converzar.com\/fr\/?s={search_term_string}"},"query-input":{"@type":"PropertyValueSpecification","valueRequired":true,"valueName":"search_term_string"}}],"inLanguage":"fr-FR"}]}},"_links":{"self":[{"href":"https:\/\/converzar.com\/fr\/wp-json\/wp\/v2\/pages\/987504860","targetHints":{"allow":["GET"]}}],"collection":[{"href":"https:\/\/converzar.com\/fr\/wp-json\/wp\/v2\/pages"}],"about":[{"href":"https:\/\/converzar.com\/fr\/wp-json\/wp\/v2\/types\/page"}],"author":[{"embeddable":true,"href":"https:\/\/converzar.com\/fr\/wp-json\/wp\/v2\/users\/1"}],"replies":[{"embeddable":true,"href":"https:\/\/converzar.com\/fr\/wp-json\/wp\/v2\/comments?post=987504860"}],"version-history":[{"count":7,"href":"https:\/\/converzar.com\/fr\/wp-json\/wp\/v2\/pages\/987504860\/revisions"}],"predecessor-version":[{"id":987504994,"href":"https:\/\/converzar.com\/fr\/wp-json\/wp\/v2\/pages\/987504860\/revisions\/987504994"}],"wp:attachment":[{"href":"https:\/\/converzar.com\/fr\/wp-json\/wp\/v2\/media?parent=987504860"}],"curies":[{"name":"wp","href":"https:\/\/api.w.org\/{rel}","templated":true}]}}