{"id":987504862,"date":"2024-11-13T13:58:13","date_gmt":"2024-11-13T13:58:13","guid":{"rendered":"https:\/\/converzar.com\/antideslizantes\/"},"modified":"2025-07-14T14:48:26","modified_gmt":"2025-07-14T14:48:26","slug":"antiderapant","status":"publish","type":"page","link":"https:\/\/converzar.com\/fr\/antiderapant\/","title":{"rendered":"Antid\u00e9rapant"},"content":{"rendered":"\t\t<div data-elementor-type=\"wp-page\" data-elementor-id=\"987504862\" class=\"elementor elementor-987504862 elementor-11632\">\n\t\t\t\t<div class=\"elementor-element elementor-element-ebdbdab e-con-full e-flex parallax_section_no qode_elementor_container_no e-con e-parent\" data-id=\"ebdbdab\" data-element_type=\"container\" data-settings=\"{&quot;background_background&quot;:&quot;classic&quot;}\">\n\t\t<div class=\"elementor-element elementor-element-bec1771 e-con-full e-flex parallax_section_no qode_elementor_container_no e-con e-child\" data-id=\"bec1771\" data-element_type=\"container\">\n\t\t\t\t<div class=\"elementor-element elementor-element-7fd385a elementor-widget elementor-widget-heading\" data-id=\"7fd385a\" data-element_type=\"widget\" data-widget_type=\"heading.default\">\n\t\t\t\t<div class=\"elementor-widget-container\">\n\t\t\t\t\t<h1 class=\"elementor-heading-title elementor-size-default\">| Antid\u00e9rapant<\/h1>\t\t\t\t<\/div>\n\t\t\t\t<\/div>\n\t\t\t\t<div class=\"elementor-element elementor-element-f9358c5 elementor-widget__width-initial elementor-widget elementor-widget-qi_addons_for_elementor_section_title\" data-id=\"f9358c5\" data-element_type=\"widget\" data-widget_type=\"qi_addons_for_elementor_section_title.default\">\n\t\t\t\t<div class=\"elementor-widget-container\">\n\t\t\t\t\t<div class=\"qodef-shortcode qodef-m qodef-qi-section-title qodef-decoration--italic qodef-link--underline-draw qodef-subtitle-icon--left\">\n\t\t\t\t\t\t<h2 class=\"qodef-m-title\">\n\t\tLa s\u00e9curit\u00e9 des personnes est <br>toujours la priorit\u00e9.\t<\/h2>\n\t\t\t<\/div>\n\t\t\t\t<\/div>\n\t\t\t\t<\/div>\n\t\t\t\t<\/div>\n\t\t<div class=\"elementor-element elementor-element-81a34b8 e-con-full e-flex parallax_section_no qode_elementor_container_no e-con e-child\" data-id=\"81a34b8\" data-element_type=\"container\">\n\t\t\t\t<div class=\"elementor-element elementor-element-4f62ae6 elementor-widget__width-auto elementor-widget elementor-widget-bridge_image_gallery\" data-id=\"4f62ae6\" data-element_type=\"widget\" data-widget_type=\"bridge_image_gallery.default\">\n\t\t\t\t<div class=\"elementor-widget-container\">\n\t\t\t\t\t<div class=\"qode-image-gallery\"><div class=\"qode-image-gallery-inner\"><div class=\"qode-image-gallery-slides drag_enabled wpb_image_grid\" data-interval=\"\"data-control=&quot;false&quot;data-direction=&quot;false&quot;data-pause-on-hover=&quot;false&quot;data-drag=&quot;true&quot;><div class=\"gallery_holder\"><ul class=\"gallery_inner   v0\"><li class=\"no_grayscale\"><img decoding=\"async\" src=\"https:\/\/converzar.com\/wp-content\/uploads\/2025\/02\/antideslizantes.jpg\" \/><\/li><\/ul><\/div><\/div><\/div><\/div>\t\t\t\t<\/div>\n\t\t\t\t<\/div>\n\t\t\t\t<\/div>\n\t\t\t\t<\/div>\n\t\t<div class=\"elementor-element elementor-element-1c28ee2 e-flex e-con-boxed parallax_section_no qode_elementor_container_no e-con e-parent\" data-id=\"1c28ee2\" data-element_type=\"container\" data-settings=\"{&quot;background_background&quot;:&quot;classic&quot;}\">\n\t\t\t\t\t<div class=\"e-con-inner\">\n\t\t<div class=\"elementor-element elementor-element-0ef3719 e-con-full e-flex parallax_section_no qode_elementor_container_no e-con e-child\" data-id=\"0ef3719\" data-element_type=\"container\">\n\t\t\t\t<div class=\"elementor-element elementor-element-2479366 elementor-widget__width-initial elementor-widget elementor-widget-qi_addons_for_elementor_section_title\" data-id=\"2479366\" data-element_type=\"widget\" data-widget_type=\"qi_addons_for_elementor_section_title.default\">\n\t\t\t\t<div class=\"elementor-widget-container\">\n\t\t\t\t\t<div class=\"qodef-shortcode qodef-m qodef-qi-section-title qodef-decoration--italic qodef-link--underline-draw qodef-subtitle-icon--left\">\n\t\t\t\t\t\t\t\t<div class=\"qodef-m-text\"><p>Dans les environnements industriels et r\u00e9sidentiels, la s\u00e9curit\u00e9 des pi\u00e9tons est une priorit\u00e9 dans la conception des infrastructures telles que les escaliers, rampes et zones \u00e0 surfaces glissantes. Ce besoin est particuli\u00e8rement crucial dans des lieux comme les usines, les sites industriels ou les zones \u00e0 fort trafic pi\u00e9tonnier, o\u00f9 les conditions peuvent devenir dangereuses sans traitement adapt\u00e9. Les rubans adh\u00e9sifs antid\u00e9rapants que nous proposons constituent une solution polyvalente et efficace, aussi bien pour les environnements industriels exigeants que pour des applications plus douces, comme les baignoires ou les vestiaires.<\/p><\/div>\n\t<\/div>\n\t\t\t\t<\/div>\n\t\t\t\t<\/div>\n\t\t\t\t<\/div>\n\t\t<div class=\"elementor-element elementor-element-ab2d472 e-con-full e-flex parallax_section_no qode_elementor_container_no e-con e-child\" data-id=\"ab2d472\" data-element_type=\"container\">\n\t\t\t\t<div class=\"elementor-element elementor-element-9fc9951 elementor-widget__width-initial elementor-widget elementor-widget-qi_addons_for_elementor_section_title\" data-id=\"9fc9951\" data-element_type=\"widget\" data-widget_type=\"qi_addons_for_elementor_section_title.default\">\n\t\t\t\t<div class=\"elementor-widget-container\">\n\t\t\t\t\t<div class=\"qodef-shortcode qodef-m qodef-qi-section-title qodef-decoration--italic qodef-link--underline-draw qodef-subtitle-icon--left\">\n\t\t\t\t\t\t\t\t<div class=\"qodef-m-text\"><p style=\"margin-bottom: 8px\"><span style=\"font-weight: 400\"><span style=\"color: #ed0928\"><span style=\"color: #ed0928;font-size: 14px\"><img decoding=\"async\" class=\"alignnone wp-image-11298\" src=\"https:\/\/converzar.com\/wp-content\/uploads\/2024\/10\/Imago_converzar.png\" alt=\"\" width=\"14\" height=\"18\" \/><\/span> <\/span><\/span><span style=\"font-weight: 400\">De plus, <span style=\"color: #ed0928\">ces solutions peuvent \u00eatre personnalis\u00e9es<\/span> selon les besoins sp\u00e9cifiques de chaque installation, avec des options de d\u00e9coupe sur mesure et d\u2019impression avec encres UV pour int\u00e9grer logos, marquages ou signalisation visuelle suppl\u00e9mentaire.<\/span><\/p>\n<\/div>\n\t<\/div>\n\t\t\t\t<\/div>\n\t\t\t\t<\/div>\n\t\t\t\t<div class=\"elementor-element elementor-element-9bdefa8 elementor-widget elementor-widget-bridge_button_v2\" data-id=\"9bdefa8\" data-element_type=\"widget\" data-widget_type=\"bridge_button_v2.default\">\n\t\t\t\t<div class=\"elementor-widget-container\">\n\t\t\t\t\t\n\n\t<a href=\"https:\/\/converzar.com\/fr\/capacites\/\" target=\"_self\" style=\"color: #ED0928;font-family: quicksand;font-size: 20px\" class=\"qode-btn qode-btn-medium qode-btn-simple\"  >\n\t    <span class=\"qode-btn-text\">Voir les capacit\u00e9s ici<\/span>\t<\/a>\n\n\t\t\t\t<\/div>\n\t\t\t\t<\/div>\n\t\t\t\t<\/div>\n\t\t\t\t\t<\/div>\n\t\t\t\t<\/div>\n\t\t\t\t<\/div>\n\t\t","protected":false},"excerpt":{"rendered":"<p>| Antid\u00e9rapant La s\u00e9curit\u00e9 des&#8230;<\/p>\n","protected":false},"author":1,"featured_media":0,"parent":0,"menu_order":0,"comment_status":"closed","ping_status":"closed","template":"full_width.php","meta":{"_mbp_gutenberg_autopost":false,"footnotes":""},"class_list":["post-987504862","page","type-page","status-publish","hentry"],"yoast_head":"<!-- This site is optimized with the Yoast SEO plugin v24.8.1 - https:\/\/yoast.com\/wordpress\/plugins\/seo\/ -->\n<title>Adhesivos industriales antideslizantes | Converzar<\/title>\n<meta name=\"description\" content=\"Aumenta la seguridad con adhesivos especializados en superficies antideslizantes. Soluciones resistentes para entornos industriales y comerciales.\" \/>\n<meta name=\"robots\" content=\"index, follow, max-snippet:-1, max-image-preview:large, max-video-preview:-1\" \/>\n<link rel=\"canonical\" href=\"https:\/\/converzar.com\/fr\/antiderapant\/\" \/>\n<meta property=\"og:locale\" content=\"fr_FR\" \/>\n<meta property=\"og:type\" content=\"article\" \/>\n<meta property=\"og:title\" content=\"Adhesivos industriales antideslizantes | Converzar\" \/>\n<meta property=\"og:description\" content=\"Aumenta la seguridad con adhesivos especializados en superficies antideslizantes. Soluciones resistentes para entornos industriales y comerciales.\" \/>\n<meta property=\"og:url\" content=\"https:\/\/converzar.com\/fr\/antiderapant\/\" \/>\n<meta property=\"og:site_name\" content=\"Converzar\" \/>\n<meta property=\"article:modified_time\" content=\"2025-07-14T14:48:26+00:00\" \/>\n<meta property=\"og:image\" content=\"https:\/\/converzar.com\/wp-content\/uploads\/2025\/02\/antideslizantes.jpg\" \/>\n<meta name=\"twitter:card\" content=\"summary_large_image\" \/>\n<meta name=\"twitter:label1\" content=\"Dur\u00e9e de lecture estim\u00e9e\" \/>\n\t<meta name=\"twitter:data1\" content=\"2 minutes\" \/>\n<script type=\"application\/ld+json\" class=\"yoast-schema-graph\">{\"@context\":\"https:\/\/schema.org\",\"@graph\":[{\"@type\":\"WebPage\",\"@id\":\"https:\/\/converzar.com\/fr\/antiderapant\/\",\"url\":\"https:\/\/converzar.com\/fr\/antiderapant\/\",\"name\":\"Adhesivos industriales antideslizantes | Converzar\",\"isPartOf\":{\"@id\":\"https:\/\/converzar.com\/fr\/#website\"},\"primaryImageOfPage\":{\"@id\":\"https:\/\/converzar.com\/fr\/antiderapant\/#primaryimage\"},\"image\":{\"@id\":\"https:\/\/converzar.com\/fr\/antiderapant\/#primaryimage\"},\"thumbnailUrl\":\"https:\/\/converzar.com\/wp-content\/uploads\/2025\/02\/antideslizantes.jpg\",\"datePublished\":\"2024-11-13T13:58:13+00:00\",\"dateModified\":\"2025-07-14T14:48:26+00:00\",\"description\":\"Aumenta la seguridad con adhesivos especializados en superficies antideslizantes. Soluciones resistentes para entornos industriales y comerciales.\",\"breadcrumb\":{\"@id\":\"https:\/\/converzar.com\/fr\/antiderapant\/#breadcrumb\"},\"inLanguage\":\"fr-FR\",\"potentialAction\":[{\"@type\":\"ReadAction\",\"target\":[\"https:\/\/converzar.com\/fr\/antiderapant\/\"]}]},{\"@type\":\"ImageObject\",\"inLanguage\":\"fr-FR\",\"@id\":\"https:\/\/converzar.com\/fr\/antiderapant\/#primaryimage\",\"url\":\"https:\/\/converzar.com\/wp-content\/uploads\/2025\/02\/antideslizantes.jpg\",\"contentUrl\":\"https:\/\/converzar.com\/wp-content\/uploads\/2025\/02\/antideslizantes.jpg\"},{\"@type\":\"BreadcrumbList\",\"@id\":\"https:\/\/converzar.com\/fr\/antiderapant\/#breadcrumb\",\"itemListElement\":[{\"@type\":\"ListItem\",\"position\":1,\"name\":\"Portada\",\"item\":\"https:\/\/converzar.com\/fr\/\"},{\"@type\":\"ListItem\",\"position\":2,\"name\":\"Antid\u00e9rapant\"}]},{\"@type\":\"WebSite\",\"@id\":\"https:\/\/converzar.com\/fr\/#website\",\"url\":\"https:\/\/converzar.com\/fr\/\",\"name\":\"Converzar\",\"description\":\"\",\"potentialAction\":[{\"@type\":\"SearchAction\",\"target\":{\"@type\":\"EntryPoint\",\"urlTemplate\":\"https:\/\/converzar.com\/fr\/?s={search_term_string}\"},\"query-input\":{\"@type\":\"PropertyValueSpecification\",\"valueRequired\":true,\"valueName\":\"search_term_string\"}}],\"inLanguage\":\"fr-FR\"}]}<\/script>\n<!-- \/ Yoast SEO plugin. -->","yoast_head_json":{"title":"Adhesivos industriales antideslizantes | Converzar","description":"Aumenta la seguridad con adhesivos especializados en superficies antideslizantes. Soluciones resistentes para entornos industriales y comerciales.","robots":{"index":"index","follow":"follow","max-snippet":"max-snippet:-1","max-image-preview":"max-image-preview:large","max-video-preview":"max-video-preview:-1"},"canonical":"https:\/\/converzar.com\/fr\/antiderapant\/","og_locale":"fr_FR","og_type":"article","og_title":"Adhesivos industriales antideslizantes | Converzar","og_description":"Aumenta la seguridad con adhesivos especializados en superficies antideslizantes. Soluciones resistentes para entornos industriales y comerciales.","og_url":"https:\/\/converzar.com\/fr\/antiderapant\/","og_site_name":"Converzar","article_modified_time":"2025-07-14T14:48:26+00:00","og_image":[{"url":"https:\/\/converzar.com\/wp-content\/uploads\/2025\/02\/antideslizantes.jpg","type":"","width":"","height":""}],"twitter_card":"summary_large_image","twitter_misc":{"Dur\u00e9e de lecture estim\u00e9e":"2 minutes"},"schema":{"@context":"https:\/\/schema.org","@graph":[{"@type":"WebPage","@id":"https:\/\/converzar.com\/fr\/antiderapant\/","url":"https:\/\/converzar.com\/fr\/antiderapant\/","name":"Adhesivos industriales antideslizantes | Converzar","isPartOf":{"@id":"https:\/\/converzar.com\/fr\/#website"},"primaryImageOfPage":{"@id":"https:\/\/converzar.com\/fr\/antiderapant\/#primaryimage"},"image":{"@id":"https:\/\/converzar.com\/fr\/antiderapant\/#primaryimage"},"thumbnailUrl":"https:\/\/converzar.com\/wp-content\/uploads\/2025\/02\/antideslizantes.jpg","datePublished":"2024-11-13T13:58:13+00:00","dateModified":"2025-07-14T14:48:26+00:00","description":"Aumenta la seguridad con adhesivos especializados en superficies antideslizantes. Soluciones resistentes para entornos industriales y comerciales.","breadcrumb":{"@id":"https:\/\/converzar.com\/fr\/antiderapant\/#breadcrumb"},"inLanguage":"fr-FR","potentialAction":[{"@type":"ReadAction","target":["https:\/\/converzar.com\/fr\/antiderapant\/"]}]},{"@type":"ImageObject","inLanguage":"fr-FR","@id":"https:\/\/converzar.com\/fr\/antiderapant\/#primaryimage","url":"https:\/\/converzar.com\/wp-content\/uploads\/2025\/02\/antideslizantes.jpg","contentUrl":"https:\/\/converzar.com\/wp-content\/uploads\/2025\/02\/antideslizantes.jpg"},{"@type":"BreadcrumbList","@id":"https:\/\/converzar.com\/fr\/antiderapant\/#breadcrumb","itemListElement":[{"@type":"ListItem","position":1,"name":"Portada","item":"https:\/\/converzar.com\/fr\/"},{"@type":"ListItem","position":2,"name":"Antid\u00e9rapant"}]},{"@type":"WebSite","@id":"https:\/\/converzar.com\/fr\/#website","url":"https:\/\/converzar.com\/fr\/","name":"Converzar","description":"","potentialAction":[{"@type":"SearchAction","target":{"@type":"EntryPoint","urlTemplate":"https:\/\/converzar.com\/fr\/?s={search_term_string}"},"query-input":{"@type":"PropertyValueSpecification","valueRequired":true,"valueName":"search_term_string"}}],"inLanguage":"fr-FR"}]}},"_links":{"self":[{"href":"https:\/\/converzar.com\/fr\/wp-json\/wp\/v2\/pages\/987504862","targetHints":{"allow":["GET"]}}],"collection":[{"href":"https:\/\/converzar.com\/fr\/wp-json\/wp\/v2\/pages"}],"about":[{"href":"https:\/\/converzar.com\/fr\/wp-json\/wp\/v2\/types\/page"}],"author":[{"embeddable":true,"href":"https:\/\/converzar.com\/fr\/wp-json\/wp\/v2\/users\/1"}],"replies":[{"embeddable":true,"href":"https:\/\/converzar.com\/fr\/wp-json\/wp\/v2\/comments?post=987504862"}],"version-history":[{"count":7,"href":"https:\/\/converzar.com\/fr\/wp-json\/wp\/v2\/pages\/987504862\/revisions"}],"predecessor-version":[{"id":987505006,"href":"https:\/\/converzar.com\/fr\/wp-json\/wp\/v2\/pages\/987504862\/revisions\/987505006"}],"wp:attachment":[{"href":"https:\/\/converzar.com\/fr\/wp-json\/wp\/v2\/media?parent=987504862"}],"curies":[{"name":"wp","href":"https:\/\/api.w.org\/{rel}","templated":true}]}}