{"id":987504901,"date":"2024-11-18T12:12:50","date_gmt":"2024-11-18T12:12:50","guid":{"rendered":"https:\/\/converzar.com\/troquelado\/"},"modified":"2025-07-14T15:28:58","modified_gmt":"2025-07-14T15:28:58","slug":"decoupe","status":"publish","type":"page","link":"https:\/\/converzar.com\/fr\/decoupe\/","title":{"rendered":"D\u00e9coupe"},"content":{"rendered":"\t\t<div data-elementor-type=\"wp-page\" data-elementor-id=\"987504901\" class=\"elementor elementor-987504901 elementor-12115\">\n\t\t\t\t<div class=\"elementor-element elementor-element-ebdbdab e-con-full e-flex parallax_section_no qode_elementor_container_no e-con e-parent\" data-id=\"ebdbdab\" data-element_type=\"container\" data-settings=\"{&quot;background_background&quot;:&quot;classic&quot;}\">\n\t\t<div class=\"elementor-element elementor-element-bec1771 e-con-full e-flex parallax_section_no qode_elementor_container_no e-con e-child\" data-id=\"bec1771\" data-element_type=\"container\">\n\t\t\t\t<div class=\"elementor-element elementor-element-ddc33aa elementor-widget__width-initial elementor-widget elementor-widget-heading\" data-id=\"ddc33aa\" data-element_type=\"widget\" data-widget_type=\"heading.default\">\n\t\t\t\t<div class=\"elementor-widget-container\">\n\t\t\t\t\t<h2 class=\"elementor-heading-title elementor-size-default\">| D\u00e9coupe \u00e0 plat<\/h2>\t\t\t\t<\/div>\n\t\t\t\t<\/div>\n\t\t\t\t<div class=\"elementor-element elementor-element-8f77c5a elementor-widget elementor-widget-text-editor\" data-id=\"8f77c5a\" data-element_type=\"widget\" data-widget_type=\"text-editor.default\">\n\t\t\t\t<div class=\"elementor-widget-container\">\n\t\t\t\t\t\t\t\t\t<p data-start=\"95\" data-end=\"270\">Avec la d\u00e9coupe \u00e0 plat, les formes sont estamp\u00e9es dans le mat\u00e9riau \u00e0 l\u2019aide de matrices en lame d\u2019acier, dont la pression est r\u00e9gl\u00e9e par une presse hydraulique ou m\u00e9canique.<\/p><p data-start=\"272\" data-end=\"513\">Les avantages de la d\u00e9coupe \u00e0 plat r\u00e9sident dans la possibilit\u00e9 de produire de petites s\u00e9ries, de traiter de grands formats et des mat\u00e9riaux plus \u00e9pais. Elle permet \u00e9galement l\u2019utilisation de matrices tr\u00e8s \u00e9conomiques et faciles \u00e0 ajuster.<\/p><p data-start=\"515\" data-end=\"624\" data-is-last-node=\"\" data-is-only-node=\"\">Gr\u00e2ce \u00e0 l\u2019une de nos cinq presses \u00e0 plat, nous pouvons fabriquer des pi\u00e8ces allant jusqu\u2019\u00e0 <strong data-start=\"606\" data-end=\"623\">700 \u00d7 1000 mm<\/strong>.<\/p>\t\t\t\t\t\t\t\t<\/div>\n\t\t\t\t<\/div>\n\t\t\t\t<\/div>\n\t\t<div class=\"elementor-element elementor-element-81a34b8 e-con-full e-flex parallax_section_no qode_elementor_container_no e-con e-child\" data-id=\"81a34b8\" data-element_type=\"container\">\n\t\t\t\t<div class=\"elementor-element elementor-element-4f62ae6 elementor-widget__width-auto elementor-widget elementor-widget-bridge_image_gallery\" data-id=\"4f62ae6\" data-element_type=\"widget\" data-widget_type=\"bridge_image_gallery.default\">\n\t\t\t\t<div class=\"elementor-widget-container\">\n\t\t\t\t\t<div class=\"qode-image-gallery\"><div class=\"qode-image-gallery-inner\"><div class=\"qode-image-gallery-slides drag_enabled wpb_image_grid\" data-interval=\"\"data-control=&quot;false&quot;data-direction=&quot;false&quot;data-pause-on-hover=&quot;false&quot;data-drag=&quot;true&quot;><div class=\"gallery_holder\"><ul class=\"gallery_inner   v0\"><li class=\"no_grayscale\"><img decoding=\"async\" src=\"https:\/\/converzar.com\/wp-content\/uploads\/2025\/02\/Diseno-sin-titulo-2025-02-11T162133.857.png\" \/><\/li><\/ul><\/div><\/div><\/div><\/div>\t\t\t\t<\/div>\n\t\t\t\t<\/div>\n\t\t\t\t<\/div>\n\t\t\t\t<\/div>\n\t\t<div class=\"elementor-element elementor-element-be6682a e-con-full e-flex parallax_section_no qode_elementor_container_no e-con e-parent\" data-id=\"be6682a\" data-element_type=\"container\" data-settings=\"{&quot;background_background&quot;:&quot;classic&quot;}\">\n\t\t<div class=\"elementor-element elementor-element-a94131c e-con-full e-flex parallax_section_no qode_elementor_container_no e-con e-child\" data-id=\"a94131c\" data-element_type=\"container\">\n\t\t\t\t<div class=\"elementor-element elementor-element-ff1122b elementor-widget__width-auto elementor-widget elementor-widget-bridge_image_gallery\" data-id=\"ff1122b\" data-element_type=\"widget\" data-widget_type=\"bridge_image_gallery.default\">\n\t\t\t\t<div class=\"elementor-widget-container\">\n\t\t\t\t\t<div class=\"qode-image-gallery\"><div class=\"qode-image-gallery-inner\"><div class=\"qode-image-gallery-slides drag_enabled wpb_image_grid\" data-interval=\"\"data-control=&quot;false&quot;data-direction=&quot;false&quot;data-pause-on-hover=&quot;false&quot;data-drag=&quot;true&quot;><div class=\"gallery_holder\"><ul class=\"gallery_inner   v0\"><li class=\"no_grayscale\"><img decoding=\"async\" src=\"https:\/\/converzar.com\/wp-content\/uploads\/2024\/11\/converzar-troquelado-rotativo.jpg\" \/><\/li><\/ul><\/div><\/div><\/div><\/div>\t\t\t\t<\/div>\n\t\t\t\t<\/div>\n\t\t\t\t<\/div>\n\t\t<div class=\"elementor-element elementor-element-d172691 e-con-full e-flex parallax_section_no qode_elementor_container_no e-con e-child\" data-id=\"d172691\" data-element_type=\"container\">\n\t\t\t\t<div class=\"elementor-element elementor-element-2ec19a7 elementor-widget__width-initial elementor-widget elementor-widget-heading\" data-id=\"2ec19a7\" data-element_type=\"widget\" data-widget_type=\"heading.default\">\n\t\t\t\t<div class=\"elementor-widget-container\">\n\t\t\t\t\t<h2 class=\"elementor-heading-title elementor-size-default\">| D\u00e9coupe rotative<\/h2>\t\t\t\t<\/div>\n\t\t\t\t<\/div>\n\t\t\t\t<div class=\"elementor-element elementor-element-736611e elementor-widget elementor-widget-text-editor\" data-id=\"736611e\" data-element_type=\"widget\" data-widget_type=\"text-editor.default\">\n\t\t\t\t<div class=\"elementor-widget-container\">\n\t\t\t\t\t\t\t\t\t<p data-start=\"86\" data-end=\"329\">La d\u00e9coupe rotative utilise des matrices cylindriques dans une presse rotative. Les rouleaux de mat\u00e9riaux peuvent \u00eatre aliment\u00e9s en continu dans la presse, o\u00f9 la matrice d\u00e9coupe des formes, des orifices et toute g\u00e9om\u00e9trie requise par la pi\u00e8ce.<\/p><p data-start=\"331\" data-end=\"625\" data-is-last-node=\"\" data-is-only-node=\"\">La d\u00e9coupe rotative allie <strong data-start=\"357\" data-end=\"374\">haute vitesse<\/strong> et <strong data-start=\"378\" data-end=\"398\">grande pr\u00e9cision<\/strong>, offrant des tol\u00e9rances plus faibles que d\u2019autres technologies. Jusqu\u2019\u00e0 <strong data-start=\"471\" data-end=\"487\">15 mat\u00e9riaux<\/strong> et <strong data-start=\"491\" data-end=\"521\">trois matrices simultan\u00e9es<\/strong> peuvent \u00eatre utilis\u00e9s sur l\u2019une de nos <strong data-start=\"561\" data-end=\"587\">sept presses rotatives<\/strong> d\u2019une largeur maximale de <strong data-start=\"614\" data-end=\"624\">500 mm<\/strong>.<\/p>\t\t\t\t\t\t\t\t<\/div>\n\t\t\t\t<\/div>\n\t\t\t\t<\/div>\n\t\t\t\t<\/div>\n\t\t<div class=\"elementor-element elementor-element-4c45f72 e-con-full e-flex parallax_section_no qode_elementor_container_no e-con e-parent\" data-id=\"4c45f72\" data-element_type=\"container\" data-settings=\"{&quot;background_background&quot;:&quot;classic&quot;}\">\n\t\t<div class=\"elementor-element elementor-element-6e4a093 e-con-full e-flex parallax_section_no qode_elementor_container_no e-con e-child\" data-id=\"6e4a093\" data-element_type=\"container\">\n\t\t\t\t<div class=\"elementor-element elementor-element-91ec84c elementor-widget__width-initial elementor-widget elementor-widget-heading\" data-id=\"91ec84c\" data-element_type=\"widget\" data-widget_type=\"heading.default\">\n\t\t\t\t<div class=\"elementor-widget-container\">\n\t\t\t\t\t<h2 class=\"elementor-heading-title elementor-size-default\">| Gap die cutting<\/h2>\t\t\t\t<\/div>\n\t\t\t\t<\/div>\n\t\t\t\t<div class=\"elementor-element elementor-element-c20f912 elementor-widget elementor-widget-text-editor\" data-id=\"c20f912\" data-element_type=\"widget\" data-widget_type=\"text-editor.default\">\n\t\t\t\t<div class=\"elementor-widget-container\">\n\t\t\t\t\t\t\t\t\t<p data-start=\"102\" data-end=\"309\">Le <strong data-start=\"105\" data-end=\"124\">gap die cutting<\/strong> ou <strong data-start=\"128\" data-end=\"143\">gap cutting<\/strong> combine les avantages d\u2019une presse \u00e0 d\u00e9coupe \u00e0 plat ultra-rapide (jusqu\u2019\u00e0 <strong data-start=\"218\" data-end=\"243\">200 cycles par minute<\/strong>) avec les \u00e9conomies de mati\u00e8re d\u2019une guillotine traditionnelle.<\/p><p data-start=\"311\" data-end=\"475\">Le mat\u00e9riau est d\u00e9coup\u00e9 ou troquel\u00e9, puis avanc\u00e9 \u201cen suspension\u201d jusqu\u2019\u00e0 un nouveau support, cr\u00e9ant ainsi des pi\u00e8ces individuelles <strong data-start=\"442\" data-end=\"474\">sans aucune perte de mati\u00e8re<\/strong>.<\/p><p data-start=\"477\" data-end=\"582\" data-is-last-node=\"\" data-is-only-node=\"\">Jusqu\u2019\u00e0 <strong data-start=\"485\" data-end=\"506\">700 mm de largeur<\/strong> et <strong data-start=\"510\" data-end=\"531\">10 mm d\u2019\u00e9paisseur<\/strong> sur l\u2019une de nos <strong data-start=\"549\" data-end=\"581\">deux machines de d\u00e9coupe gap<\/strong>.<\/p>\t\t\t\t\t\t\t\t<\/div>\n\t\t\t\t<\/div>\n\t\t\t\t<\/div>\n\t\t<div class=\"elementor-element elementor-element-c2b92b3 e-con-full e-flex parallax_section_no qode_elementor_container_no e-con e-child\" data-id=\"c2b92b3\" data-element_type=\"container\">\n\t\t\t\t<div class=\"elementor-element elementor-element-361c4e2 elementor-widget__width-auto elementor-widget elementor-widget-bridge_image_gallery\" data-id=\"361c4e2\" data-element_type=\"widget\" data-widget_type=\"bridge_image_gallery.default\">\n\t\t\t\t<div class=\"elementor-widget-container\">\n\t\t\t\t\t<div class=\"qode-image-gallery\"><div class=\"qode-image-gallery-inner\"><div class=\"qode-image-gallery-slides drag_enabled wpb_image_grid\" data-interval=\"\"data-control=&quot;false&quot;data-direction=&quot;false&quot;data-pause-on-hover=&quot;false&quot;data-drag=&quot;true&quot;><div class=\"gallery_holder\"><ul class=\"gallery_inner   v0\"><li class=\"no_grayscale\"><img decoding=\"async\" src=\"https:\/\/converzar.com\/wp-content\/uploads\/2024\/11\/converzar-troquelado-gap-die.jpg\" \/><\/li><\/ul><\/div><\/div><\/div><\/div>\t\t\t\t<\/div>\n\t\t\t\t<\/div>\n\t\t\t\t<\/div>\n\t\t\t\t<\/div>\n\t\t<div class=\"elementor-element elementor-element-6b45b35 e-con-full e-flex parallax_section_no qode_elementor_container_no e-con e-parent\" data-id=\"6b45b35\" data-element_type=\"container\" data-settings=\"{&quot;background_background&quot;:&quot;classic&quot;}\">\n\t\t<div class=\"elementor-element elementor-element-ab23758 e-con-full e-flex parallax_section_no qode_elementor_container_no e-con e-child\" data-id=\"ab23758\" data-element_type=\"container\">\n\t\t\t\t<div class=\"elementor-element elementor-element-8a148a9 elementor-widget__width-auto elementor-widget elementor-widget-bridge_image_gallery\" data-id=\"8a148a9\" data-element_type=\"widget\" data-widget_type=\"bridge_image_gallery.default\">\n\t\t\t\t<div class=\"elementor-widget-container\">\n\t\t\t\t\t<div class=\"qode-image-gallery\"><div class=\"qode-image-gallery-inner\"><div class=\"qode-image-gallery-slides drag_enabled wpb_image_grid\" data-interval=\"\"data-control=&quot;false&quot;data-direction=&quot;false&quot;data-pause-on-hover=&quot;false&quot;data-drag=&quot;true&quot;><div class=\"gallery_holder\"><ul class=\"gallery_inner   v0\"><li class=\"no_grayscale\"><img decoding=\"async\" src=\"https:\/\/converzar.com\/wp-content\/uploads\/2024\/11\/converzar-troquelado-hojas.jpg\" \/><\/li><\/ul><\/div><\/div><\/div><\/div>\t\t\t\t<\/div>\n\t\t\t\t<\/div>\n\t\t\t\t<\/div>\n\t\t<div class=\"elementor-element elementor-element-3ce8823 e-con-full e-flex parallax_section_no qode_elementor_container_no e-con e-child\" data-id=\"3ce8823\" data-element_type=\"container\">\n\t\t\t\t<div class=\"elementor-element elementor-element-56a675c elementor-widget__width-initial elementor-widget elementor-widget-heading\" data-id=\"56a675c\" data-element_type=\"widget\" data-widget_type=\"heading.default\">\n\t\t\t\t<div class=\"elementor-widget-container\">\n\t\t\t\t\t<h2 class=\"elementor-heading-title elementor-size-default\">| D\u00e9coupage de feuilles<\/h2>\t\t\t\t<\/div>\n\t\t\t\t<\/div>\n\t\t\t\t<div class=\"elementor-element elementor-element-afe8758 elementor-widget elementor-widget-text-editor\" data-id=\"afe8758\" data-element_type=\"widget\" data-widget_type=\"text-editor.default\">\n\t\t\t\t<div class=\"elementor-widget-container\">\n\t\t\t\t\t\t\t\t\t<p data-start=\"73\" data-end=\"271\">En tant que variante de la d\u00e9coupe \u00e0 plat, nous disposons de presses sp\u00e9cialement con\u00e7ues pour travailler avec des mat\u00e9riaux qui, de par leurs caract\u00e9ristiques, ne sont disponibles qu\u2019en feuilles.<\/p><p data-start=\"273\" data-end=\"425\" data-is-last-node=\"\" data-is-only-node=\"\">Elles utilisent les m\u00eames matrices que toute presse \u00e0 plat, avec la possibilit\u00e9 de r\u00e9aliser simultan\u00e9ment <strong data-start=\"379\" data-end=\"424\">des d\u00e9coupes pleines et des demi-d\u00e9coupes<\/strong>.<\/p>\t\t\t\t\t\t\t\t<\/div>\n\t\t\t\t<\/div>\n\t\t\t\t<\/div>\n\t\t\t\t<\/div>\n\t\t\t\t<\/div>\n\t\t","protected":false},"excerpt":{"rendered":"<p>| D\u00e9coupe \u00e0 plat Avec&#8230;<\/p>\n","protected":false},"author":1,"featured_media":0,"parent":0,"menu_order":0,"comment_status":"closed","ping_status":"closed","template":"full_width.php","meta":{"_mbp_gutenberg_autopost":false,"footnotes":""},"class_list":["post-987504901","page","type-page","status-publish","hentry"],"yoast_head":"<!-- This site is optimized with the Yoast SEO plugin v24.8.1 - https:\/\/yoast.com\/wordpress\/plugins\/seo\/ -->\n<title>Troquelado industrial de alta precisi\u00f3n | Converzar<\/title>\n<meta name=\"description\" content=\"Servicio de troquelado con m\u00e1xima precisi\u00f3n para cortes personalizados en distintos materiales y aplicaciones industriales.\" \/>\n<meta name=\"robots\" content=\"index, follow, max-snippet:-1, max-image-preview:large, max-video-preview:-1\" \/>\n<link rel=\"canonical\" href=\"https:\/\/converzar.com\/fr\/decoupe\/\" \/>\n<meta property=\"og:locale\" content=\"fr_FR\" \/>\n<meta property=\"og:type\" content=\"article\" \/>\n<meta property=\"og:title\" content=\"Troquelado industrial de alta precisi\u00f3n | Converzar\" \/>\n<meta property=\"og:description\" content=\"Servicio de troquelado con m\u00e1xima precisi\u00f3n para cortes personalizados en distintos materiales y aplicaciones industriales.\" \/>\n<meta property=\"og:url\" content=\"https:\/\/converzar.com\/fr\/decoupe\/\" \/>\n<meta property=\"og:site_name\" content=\"Converzar\" \/>\n<meta property=\"article:modified_time\" content=\"2025-07-14T15:28:58+00:00\" \/>\n<meta property=\"og:image\" content=\"https:\/\/converzar.com\/wp-content\/uploads\/2025\/02\/Diseno-sin-titulo-2025-02-11T162133.857.png\" \/>\n<meta name=\"twitter:card\" content=\"summary_large_image\" \/>\n<meta name=\"twitter:label1\" content=\"Dur\u00e9e de lecture estim\u00e9e\" \/>\n\t<meta name=\"twitter:data1\" content=\"3 minutes\" \/>\n<script type=\"application\/ld+json\" class=\"yoast-schema-graph\">{\"@context\":\"https:\/\/schema.org\",\"@graph\":[{\"@type\":\"WebPage\",\"@id\":\"https:\/\/converzar.com\/fr\/decoupe\/\",\"url\":\"https:\/\/converzar.com\/fr\/decoupe\/\",\"name\":\"Troquelado industrial de alta precisi\u00f3n | Converzar\",\"isPartOf\":{\"@id\":\"https:\/\/converzar.com\/fr\/#website\"},\"primaryImageOfPage\":{\"@id\":\"https:\/\/converzar.com\/fr\/decoupe\/#primaryimage\"},\"image\":{\"@id\":\"https:\/\/converzar.com\/fr\/decoupe\/#primaryimage\"},\"thumbnailUrl\":\"https:\/\/converzar.com\/wp-content\/uploads\/2025\/02\/Diseno-sin-titulo-2025-02-11T162133.857.png\",\"datePublished\":\"2024-11-18T12:12:50+00:00\",\"dateModified\":\"2025-07-14T15:28:58+00:00\",\"description\":\"Servicio de troquelado con m\u00e1xima precisi\u00f3n para cortes personalizados en distintos materiales y aplicaciones industriales.\",\"breadcrumb\":{\"@id\":\"https:\/\/converzar.com\/fr\/decoupe\/#breadcrumb\"},\"inLanguage\":\"fr-FR\",\"potentialAction\":[{\"@type\":\"ReadAction\",\"target\":[\"https:\/\/converzar.com\/fr\/decoupe\/\"]}]},{\"@type\":\"ImageObject\",\"inLanguage\":\"fr-FR\",\"@id\":\"https:\/\/converzar.com\/fr\/decoupe\/#primaryimage\",\"url\":\"https:\/\/converzar.com\/wp-content\/uploads\/2025\/02\/Diseno-sin-titulo-2025-02-11T162133.857.png\",\"contentUrl\":\"https:\/\/converzar.com\/wp-content\/uploads\/2025\/02\/Diseno-sin-titulo-2025-02-11T162133.857.png\"},{\"@type\":\"BreadcrumbList\",\"@id\":\"https:\/\/converzar.com\/fr\/decoupe\/#breadcrumb\",\"itemListElement\":[{\"@type\":\"ListItem\",\"position\":1,\"name\":\"Portada\",\"item\":\"https:\/\/converzar.com\/fr\/\"},{\"@type\":\"ListItem\",\"position\":2,\"name\":\"D\u00e9coupe\"}]},{\"@type\":\"WebSite\",\"@id\":\"https:\/\/converzar.com\/fr\/#website\",\"url\":\"https:\/\/converzar.com\/fr\/\",\"name\":\"Converzar\",\"description\":\"\",\"potentialAction\":[{\"@type\":\"SearchAction\",\"target\":{\"@type\":\"EntryPoint\",\"urlTemplate\":\"https:\/\/converzar.com\/fr\/?s={search_term_string}\"},\"query-input\":{\"@type\":\"PropertyValueSpecification\",\"valueRequired\":true,\"valueName\":\"search_term_string\"}}],\"inLanguage\":\"fr-FR\"}]}<\/script>\n<!-- \/ Yoast SEO plugin. -->","yoast_head_json":{"title":"Troquelado industrial de alta precisi\u00f3n | Converzar","description":"Servicio de troquelado con m\u00e1xima precisi\u00f3n para cortes personalizados en distintos materiales y aplicaciones industriales.","robots":{"index":"index","follow":"follow","max-snippet":"max-snippet:-1","max-image-preview":"max-image-preview:large","max-video-preview":"max-video-preview:-1"},"canonical":"https:\/\/converzar.com\/fr\/decoupe\/","og_locale":"fr_FR","og_type":"article","og_title":"Troquelado industrial de alta precisi\u00f3n | Converzar","og_description":"Servicio de troquelado con m\u00e1xima precisi\u00f3n para cortes personalizados en distintos materiales y aplicaciones industriales.","og_url":"https:\/\/converzar.com\/fr\/decoupe\/","og_site_name":"Converzar","article_modified_time":"2025-07-14T15:28:58+00:00","og_image":[{"url":"https:\/\/converzar.com\/wp-content\/uploads\/2025\/02\/Diseno-sin-titulo-2025-02-11T162133.857.png","type":"","width":"","height":""}],"twitter_card":"summary_large_image","twitter_misc":{"Dur\u00e9e de lecture estim\u00e9e":"3 minutes"},"schema":{"@context":"https:\/\/schema.org","@graph":[{"@type":"WebPage","@id":"https:\/\/converzar.com\/fr\/decoupe\/","url":"https:\/\/converzar.com\/fr\/decoupe\/","name":"Troquelado industrial de alta precisi\u00f3n | Converzar","isPartOf":{"@id":"https:\/\/converzar.com\/fr\/#website"},"primaryImageOfPage":{"@id":"https:\/\/converzar.com\/fr\/decoupe\/#primaryimage"},"image":{"@id":"https:\/\/converzar.com\/fr\/decoupe\/#primaryimage"},"thumbnailUrl":"https:\/\/converzar.com\/wp-content\/uploads\/2025\/02\/Diseno-sin-titulo-2025-02-11T162133.857.png","datePublished":"2024-11-18T12:12:50+00:00","dateModified":"2025-07-14T15:28:58+00:00","description":"Servicio de troquelado con m\u00e1xima precisi\u00f3n para cortes personalizados en distintos materiales y aplicaciones industriales.","breadcrumb":{"@id":"https:\/\/converzar.com\/fr\/decoupe\/#breadcrumb"},"inLanguage":"fr-FR","potentialAction":[{"@type":"ReadAction","target":["https:\/\/converzar.com\/fr\/decoupe\/"]}]},{"@type":"ImageObject","inLanguage":"fr-FR","@id":"https:\/\/converzar.com\/fr\/decoupe\/#primaryimage","url":"https:\/\/converzar.com\/wp-content\/uploads\/2025\/02\/Diseno-sin-titulo-2025-02-11T162133.857.png","contentUrl":"https:\/\/converzar.com\/wp-content\/uploads\/2025\/02\/Diseno-sin-titulo-2025-02-11T162133.857.png"},{"@type":"BreadcrumbList","@id":"https:\/\/converzar.com\/fr\/decoupe\/#breadcrumb","itemListElement":[{"@type":"ListItem","position":1,"name":"Portada","item":"https:\/\/converzar.com\/fr\/"},{"@type":"ListItem","position":2,"name":"D\u00e9coupe"}]},{"@type":"WebSite","@id":"https:\/\/converzar.com\/fr\/#website","url":"https:\/\/converzar.com\/fr\/","name":"Converzar","description":"","potentialAction":[{"@type":"SearchAction","target":{"@type":"EntryPoint","urlTemplate":"https:\/\/converzar.com\/fr\/?s={search_term_string}"},"query-input":{"@type":"PropertyValueSpecification","valueRequired":true,"valueName":"search_term_string"}}],"inLanguage":"fr-FR"}]}},"_links":{"self":[{"href":"https:\/\/converzar.com\/fr\/wp-json\/wp\/v2\/pages\/987504901","targetHints":{"allow":["GET"]}}],"collection":[{"href":"https:\/\/converzar.com\/fr\/wp-json\/wp\/v2\/pages"}],"about":[{"href":"https:\/\/converzar.com\/fr\/wp-json\/wp\/v2\/types\/page"}],"author":[{"embeddable":true,"href":"https:\/\/converzar.com\/fr\/wp-json\/wp\/v2\/users\/1"}],"replies":[{"embeddable":true,"href":"https:\/\/converzar.com\/fr\/wp-json\/wp\/v2\/comments?post=987504901"}],"version-history":[{"count":10,"href":"https:\/\/converzar.com\/fr\/wp-json\/wp\/v2\/pages\/987504901\/revisions"}],"predecessor-version":[{"id":987505023,"href":"https:\/\/converzar.com\/fr\/wp-json\/wp\/v2\/pages\/987504901\/revisions\/987505023"}],"wp:attachment":[{"href":"https:\/\/converzar.com\/fr\/wp-json\/wp\/v2\/media?parent=987504901"}],"curies":[{"name":"wp","href":"https:\/\/api.w.org\/{rel}","templated":true}]}}