{"id":987504903,"date":"2024-11-27T09:01:02","date_gmt":"2024-11-27T09:01:02","guid":{"rendered":"https:\/\/converzar.com\/corte-cuchilla-plotter\/"},"modified":"2025-07-14T15:33:14","modified_gmt":"2025-07-14T15:33:14","slug":"plotter","status":"publish","type":"page","link":"https:\/\/converzar.com\/fr\/plotter\/","title":{"rendered":"Plotter"},"content":{"rendered":"\t\t<div data-elementor-type=\"wp-page\" data-elementor-id=\"987504903\" class=\"elementor elementor-987504903 elementor-987502418\">\n\t\t\t\t<div class=\"elementor-element elementor-element-ebdbdab e-con-full e-flex parallax_section_no qode_elementor_container_no e-con e-parent\" data-id=\"ebdbdab\" data-element_type=\"container\" data-settings=\"{&quot;background_background&quot;:&quot;classic&quot;}\">\n\t\t<div class=\"elementor-element elementor-element-bec1771 e-con-full e-flex parallax_section_no qode_elementor_container_no e-con e-child\" data-id=\"bec1771\" data-element_type=\"container\">\n\t\t\t\t<div class=\"elementor-element elementor-element-ddc33aa elementor-widget__width-initial elementor-widget elementor-widget-heading\" data-id=\"ddc33aa\" data-element_type=\"widget\" data-widget_type=\"heading.default\">\n\t\t\t\t<div class=\"elementor-widget-container\">\n\t\t\t\t\t<h2 class=\"elementor-heading-title elementor-size-default\">| Coupe au couteau - traceur<\/h2>\t\t\t\t<\/div>\n\t\t\t\t<\/div>\n\t\t\t\t<div class=\"elementor-element elementor-element-8f77c5a elementor-widget elementor-widget-text-editor\" data-id=\"8f77c5a\" data-element_type=\"widget\" data-widget_type=\"text-editor.default\">\n\t\t\t\t<div class=\"elementor-widget-container\">\n\t\t\t\t\t\t\t\t\t<p>La \u00ab d\u00e9coupe sans matrice \u00bb (ou d\u00e9coupe num\u00e9rique) pr\u00e9sente de nombreuses applications pour des pi\u00e8ces de grande ou tr\u00e8s grande dimension, avec une flexibilit\u00e9 de production exceptionnelle. Une lame oscillante, accompagn\u00e9e d\u2019outils auxiliaires de perforation et de gravure, suit le trac\u00e9 des pi\u00e8ces pr\u00e9alablement con\u00e7ues en DAO (CAO).<\/p><p>Des mat\u00e9riaux souples jusqu\u2019\u00e0 3 m\u00e8tres de largeur, 40 mm d\u2019\u00e9paisseur et pratiquement toute longueur peuvent \u00eatre trait\u00e9s sur l\u2019un de nos six traceurs \u00e0 table fixe ou \u00e0 bande transporteuse.<\/p>\t\t\t\t\t\t\t\t<\/div>\n\t\t\t\t<\/div>\n\t\t\t\t<\/div>\n\t\t<div class=\"elementor-element elementor-element-81a34b8 e-con-full e-flex parallax_section_no qode_elementor_container_no e-con e-child\" data-id=\"81a34b8\" data-element_type=\"container\">\n\t\t\t\t<div class=\"elementor-element elementor-element-4f62ae6 elementor-widget__width-auto elementor-widget elementor-widget-bridge_image_gallery\" data-id=\"4f62ae6\" data-element_type=\"widget\" data-widget_type=\"bridge_image_gallery.default\">\n\t\t\t\t<div class=\"elementor-widget-container\">\n\t\t\t\t\t<div class=\"qode-image-gallery\"><div class=\"qode-image-gallery-inner\"><div class=\"qode-image-gallery-slides drag_enabled wpb_image_grid\" data-interval=\"\"data-control=&quot;false&quot;data-direction=&quot;false&quot;data-pause-on-hover=&quot;false&quot;data-drag=&quot;true&quot;><div class=\"gallery_holder\"><ul class=\"gallery_inner   v0\"><li class=\"no_grayscale\"><img decoding=\"async\" src=\"https:\/\/converzar.com\/wp-content\/uploads\/2025\/02\/Diseno-sin-titulo-2025-02-11T163237.615.png\" \/><\/li><\/ul><\/div><\/div><\/div><\/div>\t\t\t\t<\/div>\n\t\t\t\t<\/div>\n\t\t\t\t<\/div>\n\t\t\t\t<\/div>\n\t\t\t\t<\/div>\n\t\t","protected":false},"excerpt":{"rendered":"<p>| Coupe au couteau &#8211;&#8230;<\/p>\n","protected":false},"author":1,"featured_media":0,"parent":0,"menu_order":0,"comment_status":"closed","ping_status":"closed","template":"full_width.php","meta":{"_mbp_gutenberg_autopost":false,"footnotes":""},"class_list":["post-987504903","page","type-page","status-publish","hentry"],"yoast_head":"<!-- This site is optimized with the Yoast SEO plugin v24.8.1 - https:\/\/yoast.com\/wordpress\/plugins\/seo\/ -->\n<title>Corte y dise\u00f1o con Plotter de precisi\u00f3n | Converzar<\/title>\n<meta name=\"description\" content=\"Corte de materiales mediante plotter de alta precisi\u00f3n. Ideal para prototipado, producci\u00f3n flexible y dise\u00f1os personalizados.\" \/>\n<meta name=\"robots\" content=\"index, follow, max-snippet:-1, max-image-preview:large, max-video-preview:-1\" \/>\n<link rel=\"canonical\" href=\"https:\/\/converzar.com\/fr\/plotter\/\" \/>\n<meta property=\"og:locale\" content=\"fr_FR\" \/>\n<meta property=\"og:type\" content=\"article\" \/>\n<meta property=\"og:title\" content=\"Corte y dise\u00f1o con Plotter de precisi\u00f3n | Converzar\" \/>\n<meta property=\"og:description\" content=\"Corte de materiales mediante plotter de alta precisi\u00f3n. Ideal para prototipado, producci\u00f3n flexible y dise\u00f1os personalizados.\" \/>\n<meta property=\"og:url\" content=\"https:\/\/converzar.com\/fr\/plotter\/\" \/>\n<meta property=\"og:site_name\" content=\"Converzar\" \/>\n<meta property=\"article:modified_time\" content=\"2025-07-14T15:33:14+00:00\" \/>\n<meta property=\"og:image\" content=\"https:\/\/converzar.com\/wp-content\/uploads\/2025\/02\/Diseno-sin-titulo-2025-02-11T163237.615.png\" \/>\n<meta name=\"twitter:card\" content=\"summary_large_image\" \/>\n<meta name=\"twitter:label1\" content=\"Dur\u00e9e de lecture estim\u00e9e\" \/>\n\t<meta name=\"twitter:data1\" content=\"1 minute\" \/>\n<script type=\"application\/ld+json\" class=\"yoast-schema-graph\">{\"@context\":\"https:\/\/schema.org\",\"@graph\":[{\"@type\":\"WebPage\",\"@id\":\"https:\/\/converzar.com\/fr\/plotter\/\",\"url\":\"https:\/\/converzar.com\/fr\/plotter\/\",\"name\":\"Corte y dise\u00f1o con Plotter de precisi\u00f3n | Converzar\",\"isPartOf\":{\"@id\":\"https:\/\/converzar.com\/fr\/#website\"},\"primaryImageOfPage\":{\"@id\":\"https:\/\/converzar.com\/fr\/plotter\/#primaryimage\"},\"image\":{\"@id\":\"https:\/\/converzar.com\/fr\/plotter\/#primaryimage\"},\"thumbnailUrl\":\"https:\/\/converzar.com\/wp-content\/uploads\/2025\/02\/Diseno-sin-titulo-2025-02-11T163237.615.png\",\"datePublished\":\"2024-11-27T09:01:02+00:00\",\"dateModified\":\"2025-07-14T15:33:14+00:00\",\"description\":\"Corte de materiales mediante plotter de alta precisi\u00f3n. Ideal para prototipado, producci\u00f3n flexible y dise\u00f1os personalizados.\",\"breadcrumb\":{\"@id\":\"https:\/\/converzar.com\/fr\/plotter\/#breadcrumb\"},\"inLanguage\":\"fr-FR\",\"potentialAction\":[{\"@type\":\"ReadAction\",\"target\":[\"https:\/\/converzar.com\/fr\/plotter\/\"]}]},{\"@type\":\"ImageObject\",\"inLanguage\":\"fr-FR\",\"@id\":\"https:\/\/converzar.com\/fr\/plotter\/#primaryimage\",\"url\":\"https:\/\/converzar.com\/wp-content\/uploads\/2025\/02\/Diseno-sin-titulo-2025-02-11T163237.615.png\",\"contentUrl\":\"https:\/\/converzar.com\/wp-content\/uploads\/2025\/02\/Diseno-sin-titulo-2025-02-11T163237.615.png\"},{\"@type\":\"BreadcrumbList\",\"@id\":\"https:\/\/converzar.com\/fr\/plotter\/#breadcrumb\",\"itemListElement\":[{\"@type\":\"ListItem\",\"position\":1,\"name\":\"Portada\",\"item\":\"https:\/\/converzar.com\/fr\/\"},{\"@type\":\"ListItem\",\"position\":2,\"name\":\"Plotter\"}]},{\"@type\":\"WebSite\",\"@id\":\"https:\/\/converzar.com\/fr\/#website\",\"url\":\"https:\/\/converzar.com\/fr\/\",\"name\":\"Converzar\",\"description\":\"\",\"potentialAction\":[{\"@type\":\"SearchAction\",\"target\":{\"@type\":\"EntryPoint\",\"urlTemplate\":\"https:\/\/converzar.com\/fr\/?s={search_term_string}\"},\"query-input\":{\"@type\":\"PropertyValueSpecification\",\"valueRequired\":true,\"valueName\":\"search_term_string\"}}],\"inLanguage\":\"fr-FR\"}]}<\/script>\n<!-- \/ Yoast SEO plugin. -->","yoast_head_json":{"title":"Corte y dise\u00f1o con Plotter de precisi\u00f3n | Converzar","description":"Corte de materiales mediante plotter de alta precisi\u00f3n. Ideal para prototipado, producci\u00f3n flexible y dise\u00f1os personalizados.","robots":{"index":"index","follow":"follow","max-snippet":"max-snippet:-1","max-image-preview":"max-image-preview:large","max-video-preview":"max-video-preview:-1"},"canonical":"https:\/\/converzar.com\/fr\/plotter\/","og_locale":"fr_FR","og_type":"article","og_title":"Corte y dise\u00f1o con Plotter de precisi\u00f3n | Converzar","og_description":"Corte de materiales mediante plotter de alta precisi\u00f3n. Ideal para prototipado, producci\u00f3n flexible y dise\u00f1os personalizados.","og_url":"https:\/\/converzar.com\/fr\/plotter\/","og_site_name":"Converzar","article_modified_time":"2025-07-14T15:33:14+00:00","og_image":[{"url":"https:\/\/converzar.com\/wp-content\/uploads\/2025\/02\/Diseno-sin-titulo-2025-02-11T163237.615.png","type":"","width":"","height":""}],"twitter_card":"summary_large_image","twitter_misc":{"Dur\u00e9e de lecture estim\u00e9e":"1 minute"},"schema":{"@context":"https:\/\/schema.org","@graph":[{"@type":"WebPage","@id":"https:\/\/converzar.com\/fr\/plotter\/","url":"https:\/\/converzar.com\/fr\/plotter\/","name":"Corte y dise\u00f1o con Plotter de precisi\u00f3n | Converzar","isPartOf":{"@id":"https:\/\/converzar.com\/fr\/#website"},"primaryImageOfPage":{"@id":"https:\/\/converzar.com\/fr\/plotter\/#primaryimage"},"image":{"@id":"https:\/\/converzar.com\/fr\/plotter\/#primaryimage"},"thumbnailUrl":"https:\/\/converzar.com\/wp-content\/uploads\/2025\/02\/Diseno-sin-titulo-2025-02-11T163237.615.png","datePublished":"2024-11-27T09:01:02+00:00","dateModified":"2025-07-14T15:33:14+00:00","description":"Corte de materiales mediante plotter de alta precisi\u00f3n. Ideal para prototipado, producci\u00f3n flexible y dise\u00f1os personalizados.","breadcrumb":{"@id":"https:\/\/converzar.com\/fr\/plotter\/#breadcrumb"},"inLanguage":"fr-FR","potentialAction":[{"@type":"ReadAction","target":["https:\/\/converzar.com\/fr\/plotter\/"]}]},{"@type":"ImageObject","inLanguage":"fr-FR","@id":"https:\/\/converzar.com\/fr\/plotter\/#primaryimage","url":"https:\/\/converzar.com\/wp-content\/uploads\/2025\/02\/Diseno-sin-titulo-2025-02-11T163237.615.png","contentUrl":"https:\/\/converzar.com\/wp-content\/uploads\/2025\/02\/Diseno-sin-titulo-2025-02-11T163237.615.png"},{"@type":"BreadcrumbList","@id":"https:\/\/converzar.com\/fr\/plotter\/#breadcrumb","itemListElement":[{"@type":"ListItem","position":1,"name":"Portada","item":"https:\/\/converzar.com\/fr\/"},{"@type":"ListItem","position":2,"name":"Plotter"}]},{"@type":"WebSite","@id":"https:\/\/converzar.com\/fr\/#website","url":"https:\/\/converzar.com\/fr\/","name":"Converzar","description":"","potentialAction":[{"@type":"SearchAction","target":{"@type":"EntryPoint","urlTemplate":"https:\/\/converzar.com\/fr\/?s={search_term_string}"},"query-input":{"@type":"PropertyValueSpecification","valueRequired":true,"valueName":"search_term_string"}}],"inLanguage":"fr-FR"}]}},"_links":{"self":[{"href":"https:\/\/converzar.com\/fr\/wp-json\/wp\/v2\/pages\/987504903","targetHints":{"allow":["GET"]}}],"collection":[{"href":"https:\/\/converzar.com\/fr\/wp-json\/wp\/v2\/pages"}],"about":[{"href":"https:\/\/converzar.com\/fr\/wp-json\/wp\/v2\/types\/page"}],"author":[{"embeddable":true,"href":"https:\/\/converzar.com\/fr\/wp-json\/wp\/v2\/users\/1"}],"replies":[{"embeddable":true,"href":"https:\/\/converzar.com\/fr\/wp-json\/wp\/v2\/comments?post=987504903"}],"version-history":[{"count":4,"href":"https:\/\/converzar.com\/fr\/wp-json\/wp\/v2\/pages\/987504903\/revisions"}],"predecessor-version":[{"id":987505032,"href":"https:\/\/converzar.com\/fr\/wp-json\/wp\/v2\/pages\/987504903\/revisions\/987505032"}],"wp:attachment":[{"href":"https:\/\/converzar.com\/fr\/wp-json\/wp\/v2\/media?parent=987504903"}],"curies":[{"name":"wp","href":"https:\/\/api.w.org\/{rel}","templated":true}]}}