{"id":987504904,"date":"2024-11-27T09:54:23","date_gmt":"2024-11-27T09:54:23","guid":{"rendered":"https:\/\/converzar.com\/corte-laser\/"},"modified":"2025-07-14T15:34:00","modified_gmt":"2025-07-14T15:34:00","slug":"decoupe-au-laser","status":"publish","type":"page","link":"https:\/\/converzar.com\/fr\/decoupe-au-laser\/","title":{"rendered":"D\u00e9coupe au laser"},"content":{"rendered":"\t\t<div data-elementor-type=\"wp-page\" data-elementor-id=\"987504904\" class=\"elementor elementor-987504904 elementor-987502426\">\n\t\t\t\t<div class=\"elementor-element elementor-element-ebdbdab e-con-full e-flex parallax_section_no qode_elementor_container_no e-con e-parent\" data-id=\"ebdbdab\" data-element_type=\"container\" data-settings=\"{&quot;background_background&quot;:&quot;classic&quot;}\">\n\t\t<div class=\"elementor-element elementor-element-bec1771 e-con-full e-flex parallax_section_no qode_elementor_container_no e-con e-child\" data-id=\"bec1771\" data-element_type=\"container\">\n\t\t\t\t<div class=\"elementor-element elementor-element-ddc33aa elementor-widget__width-initial elementor-widget elementor-widget-heading\" data-id=\"ddc33aa\" data-element_type=\"widget\" data-widget_type=\"heading.default\">\n\t\t\t\t<div class=\"elementor-widget-container\">\n\t\t\t\t\t<h2 class=\"elementor-heading-title elementor-size-default\">| D\u00e9coupe au laser<\/h2>\t\t\t\t<\/div>\n\t\t\t\t<\/div>\n\t\t\t\t<div class=\"elementor-element elementor-element-8f77c5a elementor-widget elementor-widget-text-editor\" data-id=\"8f77c5a\" data-element_type=\"widget\" data-widget_type=\"text-editor.default\">\n\t\t\t\t<div class=\"elementor-widget-container\">\n\t\t\t\t\t\t\t\t\t<p>Avec les m\u00eames avantages de flexibilit\u00e9 et z\u00e9ro co\u00fbt d\u2019outillage, le traitement des mat\u00e9riaux par laser offre une pr\u00e9cision sup\u00e9rieure pour les g\u00e9om\u00e9tries particuli\u00e8rement complexes.<\/p><p>Le laser suit \u00e9galement la g\u00e9om\u00e9trie de la pi\u00e8ce con\u00e7ue en DAO (CAO), mais il la d\u00e9coupe sans contact, permettant ainsi de r\u00e9aliser des formes tr\u00e8s petites avec une pr\u00e9cision extr\u00eamement \u00e9lev\u00e9e.<\/p>\t\t\t\t\t\t\t\t<\/div>\n\t\t\t\t<\/div>\n\t\t\t\t<\/div>\n\t\t<div class=\"elementor-element elementor-element-81a34b8 e-con-full e-flex parallax_section_no qode_elementor_container_no e-con e-child\" data-id=\"81a34b8\" data-element_type=\"container\">\n\t\t\t\t<div class=\"elementor-element elementor-element-4f62ae6 elementor-widget__width-auto elementor-widget elementor-widget-bridge_image_gallery\" data-id=\"4f62ae6\" data-element_type=\"widget\" data-widget_type=\"bridge_image_gallery.default\">\n\t\t\t\t<div class=\"elementor-widget-container\">\n\t\t\t\t\t<div class=\"qode-image-gallery\"><div class=\"qode-image-gallery-inner\"><div class=\"qode-image-gallery-slides drag_enabled wpb_image_grid\" data-interval=\"\"data-control=&quot;false&quot;data-direction=&quot;false&quot;data-pause-on-hover=&quot;false&quot;data-drag=&quot;true&quot;><div class=\"gallery_holder\"><ul class=\"gallery_inner   v0\"><li class=\"no_grayscale\"><img decoding=\"async\" src=\"https:\/\/converzar.com\/wp-content\/uploads\/2024\/11\/converzar_2joint_cortelaser.jpg\" \/><\/li><\/ul><\/div><\/div><\/div><\/div>\t\t\t\t<\/div>\n\t\t\t\t<\/div>\n\t\t\t\t<\/div>\n\t\t\t\t<\/div>\n\t\t\t\t<\/div>\n\t\t","protected":false},"excerpt":{"rendered":"<p>| D\u00e9coupe au laser Avec&#8230;<\/p>\n","protected":false},"author":1,"featured_media":0,"parent":0,"menu_order":0,"comment_status":"closed","ping_status":"closed","template":"full_width.php","meta":{"_mbp_gutenberg_autopost":false,"footnotes":""},"class_list":["post-987504904","page","type-page","status-publish","hentry"],"yoast_head":"<!-- This site is optimized with the Yoast SEO plugin v24.8.1 - https:\/\/yoast.com\/wordpress\/plugins\/seo\/ -->\n<title>Corte L\u00e1ser de alta precisi\u00f3n | Procesos Industriales | Converzar<\/title>\n<meta name=\"description\" content=\"Servicio de corte l\u00e1ser para piezas con m\u00e1xima precisi\u00f3n y acabado perfecto. Soluciones adaptadas a las necesidades de la industria.\" \/>\n<meta name=\"robots\" content=\"index, follow, max-snippet:-1, max-image-preview:large, max-video-preview:-1\" \/>\n<link rel=\"canonical\" href=\"https:\/\/converzar.com\/fr\/decoupe-au-laser\/\" \/>\n<meta property=\"og:locale\" content=\"fr_FR\" \/>\n<meta property=\"og:type\" content=\"article\" \/>\n<meta property=\"og:title\" content=\"Corte L\u00e1ser de alta precisi\u00f3n | Procesos Industriales | Converzar\" \/>\n<meta property=\"og:description\" content=\"Servicio de corte l\u00e1ser para piezas con m\u00e1xima precisi\u00f3n y acabado perfecto. Soluciones adaptadas a las necesidades de la industria.\" \/>\n<meta property=\"og:url\" content=\"https:\/\/converzar.com\/fr\/decoupe-au-laser\/\" \/>\n<meta property=\"og:site_name\" content=\"Converzar\" \/>\n<meta property=\"article:modified_time\" content=\"2025-07-14T15:34:00+00:00\" \/>\n<meta property=\"og:image\" content=\"https:\/\/converzar.com\/wp-content\/uploads\/2024\/11\/converzar_2joint_cortelaser.jpg\" \/>\n<meta name=\"twitter:card\" content=\"summary_large_image\" \/>\n<meta name=\"twitter:label1\" content=\"Dur\u00e9e de lecture estim\u00e9e\" \/>\n\t<meta name=\"twitter:data1\" content=\"1 minute\" \/>\n<script type=\"application\/ld+json\" class=\"yoast-schema-graph\">{\"@context\":\"https:\/\/schema.org\",\"@graph\":[{\"@type\":\"WebPage\",\"@id\":\"https:\/\/converzar.com\/fr\/decoupe-au-laser\/\",\"url\":\"https:\/\/converzar.com\/fr\/decoupe-au-laser\/\",\"name\":\"Corte L\u00e1ser de alta precisi\u00f3n | Procesos Industriales | Converzar\",\"isPartOf\":{\"@id\":\"https:\/\/converzar.com\/fr\/#website\"},\"primaryImageOfPage\":{\"@id\":\"https:\/\/converzar.com\/fr\/decoupe-au-laser\/#primaryimage\"},\"image\":{\"@id\":\"https:\/\/converzar.com\/fr\/decoupe-au-laser\/#primaryimage\"},\"thumbnailUrl\":\"https:\/\/converzar.com\/wp-content\/uploads\/2024\/11\/converzar_2joint_cortelaser.jpg\",\"datePublished\":\"2024-11-27T09:54:23+00:00\",\"dateModified\":\"2025-07-14T15:34:00+00:00\",\"description\":\"Servicio de corte l\u00e1ser para piezas con m\u00e1xima precisi\u00f3n y acabado perfecto. Soluciones adaptadas a las necesidades de la industria.\",\"breadcrumb\":{\"@id\":\"https:\/\/converzar.com\/fr\/decoupe-au-laser\/#breadcrumb\"},\"inLanguage\":\"fr-FR\",\"potentialAction\":[{\"@type\":\"ReadAction\",\"target\":[\"https:\/\/converzar.com\/fr\/decoupe-au-laser\/\"]}]},{\"@type\":\"ImageObject\",\"inLanguage\":\"fr-FR\",\"@id\":\"https:\/\/converzar.com\/fr\/decoupe-au-laser\/#primaryimage\",\"url\":\"https:\/\/converzar.com\/wp-content\/uploads\/2024\/11\/converzar_2joint_cortelaser.jpg\",\"contentUrl\":\"https:\/\/converzar.com\/wp-content\/uploads\/2024\/11\/converzar_2joint_cortelaser.jpg\"},{\"@type\":\"BreadcrumbList\",\"@id\":\"https:\/\/converzar.com\/fr\/decoupe-au-laser\/#breadcrumb\",\"itemListElement\":[{\"@type\":\"ListItem\",\"position\":1,\"name\":\"Portada\",\"item\":\"https:\/\/converzar.com\/fr\/\"},{\"@type\":\"ListItem\",\"position\":2,\"name\":\"D\u00e9coupe au laser\"}]},{\"@type\":\"WebSite\",\"@id\":\"https:\/\/converzar.com\/fr\/#website\",\"url\":\"https:\/\/converzar.com\/fr\/\",\"name\":\"Converzar\",\"description\":\"\",\"potentialAction\":[{\"@type\":\"SearchAction\",\"target\":{\"@type\":\"EntryPoint\",\"urlTemplate\":\"https:\/\/converzar.com\/fr\/?s={search_term_string}\"},\"query-input\":{\"@type\":\"PropertyValueSpecification\",\"valueRequired\":true,\"valueName\":\"search_term_string\"}}],\"inLanguage\":\"fr-FR\"}]}<\/script>\n<!-- \/ Yoast SEO plugin. -->","yoast_head_json":{"title":"Corte L\u00e1ser de alta precisi\u00f3n | Procesos Industriales | Converzar","description":"Servicio de corte l\u00e1ser para piezas con m\u00e1xima precisi\u00f3n y acabado perfecto. Soluciones adaptadas a las necesidades de la industria.","robots":{"index":"index","follow":"follow","max-snippet":"max-snippet:-1","max-image-preview":"max-image-preview:large","max-video-preview":"max-video-preview:-1"},"canonical":"https:\/\/converzar.com\/fr\/decoupe-au-laser\/","og_locale":"fr_FR","og_type":"article","og_title":"Corte L\u00e1ser de alta precisi\u00f3n | Procesos Industriales | Converzar","og_description":"Servicio de corte l\u00e1ser para piezas con m\u00e1xima precisi\u00f3n y acabado perfecto. Soluciones adaptadas a las necesidades de la industria.","og_url":"https:\/\/converzar.com\/fr\/decoupe-au-laser\/","og_site_name":"Converzar","article_modified_time":"2025-07-14T15:34:00+00:00","og_image":[{"url":"https:\/\/converzar.com\/wp-content\/uploads\/2024\/11\/converzar_2joint_cortelaser.jpg","type":"","width":"","height":""}],"twitter_card":"summary_large_image","twitter_misc":{"Dur\u00e9e de lecture estim\u00e9e":"1 minute"},"schema":{"@context":"https:\/\/schema.org","@graph":[{"@type":"WebPage","@id":"https:\/\/converzar.com\/fr\/decoupe-au-laser\/","url":"https:\/\/converzar.com\/fr\/decoupe-au-laser\/","name":"Corte L\u00e1ser de alta precisi\u00f3n | Procesos Industriales | Converzar","isPartOf":{"@id":"https:\/\/converzar.com\/fr\/#website"},"primaryImageOfPage":{"@id":"https:\/\/converzar.com\/fr\/decoupe-au-laser\/#primaryimage"},"image":{"@id":"https:\/\/converzar.com\/fr\/decoupe-au-laser\/#primaryimage"},"thumbnailUrl":"https:\/\/converzar.com\/wp-content\/uploads\/2024\/11\/converzar_2joint_cortelaser.jpg","datePublished":"2024-11-27T09:54:23+00:00","dateModified":"2025-07-14T15:34:00+00:00","description":"Servicio de corte l\u00e1ser para piezas con m\u00e1xima precisi\u00f3n y acabado perfecto. Soluciones adaptadas a las necesidades de la industria.","breadcrumb":{"@id":"https:\/\/converzar.com\/fr\/decoupe-au-laser\/#breadcrumb"},"inLanguage":"fr-FR","potentialAction":[{"@type":"ReadAction","target":["https:\/\/converzar.com\/fr\/decoupe-au-laser\/"]}]},{"@type":"ImageObject","inLanguage":"fr-FR","@id":"https:\/\/converzar.com\/fr\/decoupe-au-laser\/#primaryimage","url":"https:\/\/converzar.com\/wp-content\/uploads\/2024\/11\/converzar_2joint_cortelaser.jpg","contentUrl":"https:\/\/converzar.com\/wp-content\/uploads\/2024\/11\/converzar_2joint_cortelaser.jpg"},{"@type":"BreadcrumbList","@id":"https:\/\/converzar.com\/fr\/decoupe-au-laser\/#breadcrumb","itemListElement":[{"@type":"ListItem","position":1,"name":"Portada","item":"https:\/\/converzar.com\/fr\/"},{"@type":"ListItem","position":2,"name":"D\u00e9coupe au laser"}]},{"@type":"WebSite","@id":"https:\/\/converzar.com\/fr\/#website","url":"https:\/\/converzar.com\/fr\/","name":"Converzar","description":"","potentialAction":[{"@type":"SearchAction","target":{"@type":"EntryPoint","urlTemplate":"https:\/\/converzar.com\/fr\/?s={search_term_string}"},"query-input":{"@type":"PropertyValueSpecification","valueRequired":true,"valueName":"search_term_string"}}],"inLanguage":"fr-FR"}]}},"_links":{"self":[{"href":"https:\/\/converzar.com\/fr\/wp-json\/wp\/v2\/pages\/987504904","targetHints":{"allow":["GET"]}}],"collection":[{"href":"https:\/\/converzar.com\/fr\/wp-json\/wp\/v2\/pages"}],"about":[{"href":"https:\/\/converzar.com\/fr\/wp-json\/wp\/v2\/types\/page"}],"author":[{"embeddable":true,"href":"https:\/\/converzar.com\/fr\/wp-json\/wp\/v2\/users\/1"}],"replies":[{"embeddable":true,"href":"https:\/\/converzar.com\/fr\/wp-json\/wp\/v2\/comments?post=987504904"}],"version-history":[{"count":7,"href":"https:\/\/converzar.com\/fr\/wp-json\/wp\/v2\/pages\/987504904\/revisions"}],"predecessor-version":[{"id":987505035,"href":"https:\/\/converzar.com\/fr\/wp-json\/wp\/v2\/pages\/987504904\/revisions\/987505035"}],"wp:attachment":[{"href":"https:\/\/converzar.com\/fr\/wp-json\/wp\/v2\/media?parent=987504904"}],"curies":[{"name":"wp","href":"https:\/\/api.w.org\/{rel}","templated":true}]}}