{"id":987504905,"date":"2025-04-24T08:10:42","date_gmt":"2025-04-24T08:10:42","guid":{"rendered":"https:\/\/converzar.com\/impresion-digital\/"},"modified":"2025-07-14T15:38:30","modified_gmt":"2025-07-14T15:38:30","slug":"impression-numerique","status":"publish","type":"page","link":"https:\/\/converzar.com\/fr\/impression-numerique\/","title":{"rendered":"Impression num\u00e9rique"},"content":{"rendered":"\t\t<div data-elementor-type=\"wp-page\" data-elementor-id=\"987504905\" class=\"elementor elementor-987504905 elementor-987504249\">\n\t\t\t\t<div class=\"elementor-element elementor-element-ebdbdab e-con-full e-flex parallax_section_no qode_elementor_container_no e-con e-parent\" data-id=\"ebdbdab\" data-element_type=\"container\" data-settings=\"{&quot;background_background&quot;:&quot;classic&quot;}\">\n\t\t<div class=\"elementor-element elementor-element-bec1771 e-con-full e-flex parallax_section_no qode_elementor_container_no e-con e-child\" data-id=\"bec1771\" data-element_type=\"container\">\n\t\t\t\t<div class=\"elementor-element elementor-element-ddc33aa elementor-widget__width-initial elementor-widget elementor-widget-heading\" data-id=\"ddc33aa\" data-element_type=\"widget\" data-widget_type=\"heading.default\">\n\t\t\t\t<div class=\"elementor-widget-container\">\n\t\t\t\t\t<h2 class=\"elementor-heading-title elementor-size-default\">| Impression num\u00e9rique \u00e9cosolvant<\/h2>\t\t\t\t<\/div>\n\t\t\t\t<\/div>\n\t\t\t\t<div class=\"elementor-element elementor-element-8f77c5a elementor-widget elementor-widget-text-editor\" data-id=\"8f77c5a\" data-element_type=\"widget\" data-widget_type=\"text-editor.default\">\n\t\t\t\t<div class=\"elementor-widget-container\">\n\t\t\t\t\t\t\t\t\t<p>La solution pour le marquage de grandes surfaces par impression sur vinyle. Apr\u00e8s impression, les vinyles sont lamin\u00e9s afin de garantir une durabilit\u00e9 maximale. Les encres utilis\u00e9es pr\u00e9sentent un faible impact environnemental tout en conservant leur r\u00e9sistance aux conditions ext\u00e9rieures.<\/p><p>Nous sommes sp\u00e9cialistes du marquage et de l\u2019identification de conteneurs maritimes ainsi que d\u2019applications dans le domaine de la d\u00e9fense.<\/p>\t\t\t\t\t\t\t\t<\/div>\n\t\t\t\t<\/div>\n\t\t\t\t<\/div>\n\t\t<div class=\"elementor-element elementor-element-81a34b8 e-con-full e-flex parallax_section_no qode_elementor_container_no e-con e-child\" data-id=\"81a34b8\" data-element_type=\"container\">\n\t\t\t\t<div class=\"elementor-element elementor-element-4f62ae6 elementor-widget__width-auto elementor-widget elementor-widget-bridge_image_gallery\" data-id=\"4f62ae6\" data-element_type=\"widget\" data-widget_type=\"bridge_image_gallery.default\">\n\t\t\t\t<div class=\"elementor-widget-container\">\n\t\t\t\t\t<div class=\"qode-image-gallery\"><div class=\"qode-image-gallery-inner\"><div class=\"qode-image-gallery-slides drag_enabled wpb_image_grid\" data-interval=\"\"data-control=&quot;false&quot;data-direction=&quot;false&quot;data-pause-on-hover=&quot;false&quot;data-drag=&quot;true&quot;><div class=\"gallery_holder\"><ul class=\"gallery_inner   v0\"><li class=\"no_grayscale\"><img decoding=\"async\" src=\"https:\/\/converzar.com\/wp-content\/uploads\/2025\/04\/impresion_ecosolvete.jpg\" \/><\/li><\/ul><\/div><\/div><\/div><\/div>\t\t\t\t<\/div>\n\t\t\t\t<\/div>\n\t\t\t\t<\/div>\n\t\t\t\t<\/div>\n\t\t<div class=\"elementor-element elementor-element-be6682a e-con-full e-flex parallax_section_no qode_elementor_container_no e-con e-parent\" data-id=\"be6682a\" data-element_type=\"container\" data-settings=\"{&quot;background_background&quot;:&quot;classic&quot;}\">\n\t\t<div class=\"elementor-element elementor-element-a94131c e-con-full e-flex parallax_section_no qode_elementor_container_no e-con e-child\" data-id=\"a94131c\" data-element_type=\"container\">\n\t\t\t\t<div class=\"elementor-element elementor-element-ff1122b elementor-widget__width-auto elementor-widget elementor-widget-bridge_image_gallery\" data-id=\"ff1122b\" data-element_type=\"widget\" data-widget_type=\"bridge_image_gallery.default\">\n\t\t\t\t<div class=\"elementor-widget-container\">\n\t\t\t\t\t<div class=\"qode-image-gallery\"><div class=\"qode-image-gallery-inner\"><div class=\"qode-image-gallery-slides drag_enabled wpb_image_grid\" data-interval=\"\"data-control=&quot;false&quot;data-direction=&quot;false&quot;data-pause-on-hover=&quot;false&quot;data-drag=&quot;true&quot;><div class=\"gallery_holder\"><ul class=\"gallery_inner   v0\"><li class=\"no_grayscale\"><img decoding=\"async\" src=\"https:\/\/converzar.com\/wp-content\/uploads\/2025\/04\/impresionUV.jpg\" \/><\/li><\/ul><\/div><\/div><\/div><\/div>\t\t\t\t<\/div>\n\t\t\t\t<\/div>\n\t\t\t\t<\/div>\n\t\t<div class=\"elementor-element elementor-element-d172691 e-con-full e-flex parallax_section_no qode_elementor_container_no e-con e-child\" data-id=\"d172691\" data-element_type=\"container\">\n\t\t\t\t<div class=\"elementor-element elementor-element-2ec19a7 elementor-widget__width-initial elementor-widget elementor-widget-heading\" data-id=\"2ec19a7\" data-element_type=\"widget\" data-widget_type=\"heading.default\">\n\t\t\t\t<div class=\"elementor-widget-container\">\n\t\t\t\t\t<h2 class=\"elementor-heading-title elementor-size-default\">| Impression num\u00e9rique UV<\/h2>\t\t\t\t<\/div>\n\t\t\t\t<\/div>\n\t\t\t\t<div class=\"elementor-element elementor-element-736611e elementor-widget elementor-widget-text-editor\" data-id=\"736611e\" data-element_type=\"widget\" data-widget_type=\"text-editor.default\">\n\t\t\t\t<div class=\"elementor-widget-container\">\n\t\t\t\t\t\t\t\t\t<p>Des performances maximales en mati\u00e8re d\u2019ancrage et de r\u00e9sistance aux conditions ext\u00e9rieures. L\u2019impression directe sur supports plastiques ou m\u00e9talliques, ou sur des films haute durabilit\u00e9, permet de reproduire avec une pr\u00e9cision optimale les couleurs les plus complexes selon les sp\u00e9cifications.<\/p><p>Nous utilisons des mat\u00e9riaux \u00e0 hautes performances pour garantir une dur\u00e9e de vie prolong\u00e9e des marquages.<\/p>\t\t\t\t\t\t\t\t<\/div>\n\t\t\t\t<\/div>\n\t\t\t\t<\/div>\n\t\t\t\t<\/div>\n\t\t<div class=\"elementor-element elementor-element-4c45f72 e-con-full e-flex parallax_section_no qode_elementor_container_no e-con e-parent\" data-id=\"4c45f72\" data-element_type=\"container\" data-settings=\"{&quot;background_background&quot;:&quot;classic&quot;}\">\n\t\t<div class=\"elementor-element elementor-element-6e4a093 e-con-full e-flex parallax_section_no qode_elementor_container_no e-con e-child\" data-id=\"6e4a093\" data-element_type=\"container\">\n\t\t\t\t<div class=\"elementor-element elementor-element-91ec84c elementor-widget__width-initial elementor-widget elementor-widget-heading\" data-id=\"91ec84c\" data-element_type=\"widget\" data-widget_type=\"heading.default\">\n\t\t\t\t<div class=\"elementor-widget-container\">\n\t\t\t\t\t<h2 class=\"elementor-heading-title elementor-size-default\">| D\u00e9coupe de vinyle<\/h2>\t\t\t\t<\/div>\n\t\t\t\t<\/div>\n\t\t\t\t<div class=\"elementor-element elementor-element-c20f912 elementor-widget elementor-widget-text-editor\" data-id=\"c20f912\" data-element_type=\"widget\" data-widget_type=\"text-editor.default\">\n\t\t\t\t<div class=\"elementor-widget-container\">\n\t\t\t\t\t\t\t\t\t<p>Gr\u00e2ce \u00e0 la d\u00e9coupe par traceur, tout texte ou forme peut \u00eatre cr\u00e9\u00e9 \u00e0 partir de films adh\u00e9sifs et appliqu\u00e9 sur le produit de nos clients.<\/p><p>Des plus petits graphismes aux formats les plus grands, notre section d\u2019impression num\u00e9rique est capable de traiter tout type de mat\u00e9riau, en bobine ou en feuilles, avec reconnaissance automatique des contours.<\/p>\t\t\t\t\t\t\t\t<\/div>\n\t\t\t\t<\/div>\n\t\t\t\t<\/div>\n\t\t<div class=\"elementor-element elementor-element-c2b92b3 e-con-full e-flex parallax_section_no qode_elementor_container_no e-con e-child\" data-id=\"c2b92b3\" data-element_type=\"container\">\n\t\t\t\t<div class=\"elementor-element elementor-element-361c4e2 elementor-widget__width-auto elementor-widget elementor-widget-bridge_image_gallery\" data-id=\"361c4e2\" data-element_type=\"widget\" data-widget_type=\"bridge_image_gallery.default\">\n\t\t\t\t<div class=\"elementor-widget-container\">\n\t\t\t\t\t<div class=\"qode-image-gallery\"><div class=\"qode-image-gallery-inner\"><div class=\"qode-image-gallery-slides drag_enabled wpb_image_grid\" data-interval=\"\"data-control=&quot;false&quot;data-direction=&quot;false&quot;data-pause-on-hover=&quot;false&quot;data-drag=&quot;true&quot;><div class=\"gallery_holder\"><ul class=\"gallery_inner   v0\"><li class=\"no_grayscale\"><img decoding=\"async\" src=\"https:\/\/converzar.com\/wp-content\/uploads\/2025\/04\/Cortevinilo.jpg\" \/><\/li><\/ul><\/div><\/div><\/div><\/div>\t\t\t\t<\/div>\n\t\t\t\t<\/div>\n\t\t\t\t<\/div>\n\t\t\t\t<\/div>\n\t\t<div class=\"elementor-element elementor-element-6b45b35 e-con-full e-flex parallax_section_no qode_elementor_container_no e-con e-parent\" data-id=\"6b45b35\" data-element_type=\"container\" data-settings=\"{&quot;background_background&quot;:&quot;classic&quot;}\">\n\t\t<div class=\"elementor-element elementor-element-ab23758 e-con-full e-flex parallax_section_no qode_elementor_container_no e-con e-child\" data-id=\"ab23758\" data-element_type=\"container\">\n\t\t\t\t<div class=\"elementor-element elementor-element-8a148a9 elementor-widget__width-auto elementor-widget elementor-widget-bridge_image_gallery\" data-id=\"8a148a9\" data-element_type=\"widget\" data-widget_type=\"bridge_image_gallery.default\">\n\t\t\t\t<div class=\"elementor-widget-container\">\n\t\t\t\t\t<div class=\"qode-image-gallery\"><div class=\"qode-image-gallery-inner\"><div class=\"qode-image-gallery-slides drag_enabled wpb_image_grid\" data-interval=\"\"data-control=&quot;false&quot;data-direction=&quot;false&quot;data-pause-on-hover=&quot;false&quot;data-drag=&quot;true&quot;><div class=\"gallery_holder\"><ul class=\"gallery_inner   v0\"><li class=\"no_grayscale\"><img decoding=\"async\" src=\"https:\/\/converzar.com\/wp-content\/uploads\/2025\/04\/grabadolaser.jpg\" \/><\/li><\/ul><\/div><\/div><\/div><\/div>\t\t\t\t<\/div>\n\t\t\t\t<\/div>\n\t\t\t\t<\/div>\n\t\t<div class=\"elementor-element elementor-element-3ce8823 e-con-full e-flex parallax_section_no qode_elementor_container_no e-con e-child\" data-id=\"3ce8823\" data-element_type=\"container\">\n\t\t\t\t<div class=\"elementor-element elementor-element-56a675c elementor-widget__width-initial elementor-widget elementor-widget-heading\" data-id=\"56a675c\" data-element_type=\"widget\" data-widget_type=\"heading.default\">\n\t\t\t\t<div class=\"elementor-widget-container\">\n\t\t\t\t\t<h2 class=\"elementor-heading-title elementor-size-default\">| Gravure laser sur m\u00e9taux<\/h2>\t\t\t\t<\/div>\n\t\t\t\t<\/div>\n\t\t\t\t<div class=\"elementor-element elementor-element-afe8758 elementor-widget elementor-widget-text-editor\" data-id=\"afe8758\" data-element_type=\"widget\" data-widget_type=\"text-editor.default\">\n\t\t\t\t<div class=\"elementor-widget-container\">\n\t\t\t\t\t\t\t\t\t<p>Gr\u00e2ce \u00e0 l\u2019utilisation du laser \u00e0 fibre optique, nous gravons de mani\u00e8re ind\u00e9l\u00e9bile tout type de graphisme, d\u2019identification ou de code de tra\u00e7abilit\u00e9 directement sur les pi\u00e8ces de nos clients. La dur\u00e9e de vie de ces marquages est \u00e9quivalente \u00e0 celle de la pi\u00e8ce elle-m\u00eame, car le proc\u00e9d\u00e9 est r\u00e9alis\u00e9 sur la surface m\u00eame du mat\u00e9riau.<\/p><p>Dans le cas des plaques d\u2019identification CSC, nous gravons les surfaces m\u00e9talliques en acier inoxydable ou en aluminium anodis\u00e9 conform\u00e9ment aux normes du transport maritime.<\/p><p>Autres applications : plaques signal\u00e9tiques de machines, ascenseurs, compresseurs, et tout \u00e9quipement soumis \u00e0 une r\u00e9glementation d\u2019identification durable.<\/p>\t\t\t\t\t\t\t\t<\/div>\n\t\t\t\t<\/div>\n\t\t\t\t<\/div>\n\t\t\t\t<\/div>\n\t\t\t\t<\/div>\n\t\t","protected":false},"excerpt":{"rendered":"<p>| Impression num\u00e9rique \u00e9cosolvant La&#8230;<\/p>\n","protected":false},"author":1,"featured_media":0,"parent":0,"menu_order":0,"comment_status":"closed","ping_status":"closed","template":"full_width.php","meta":{"_mbp_gutenberg_autopost":false,"footnotes":""},"class_list":["post-987504905","page","type-page","status-publish","hentry"],"yoast_head":"<!-- This site is optimized with the Yoast SEO plugin v24.8.1 - https:\/\/yoast.com\/wordpress\/plugins\/seo\/ -->\n<title>Troquelado industrial de alta precisi\u00f3n | Converzar<\/title>\n<meta name=\"description\" content=\"Servicio de troquelado con m\u00e1xima precisi\u00f3n para cortes personalizados en distintos materiales y aplicaciones industriales.\" \/>\n<meta name=\"robots\" content=\"index, follow, max-snippet:-1, max-image-preview:large, max-video-preview:-1\" \/>\n<link rel=\"canonical\" href=\"https:\/\/converzar.com\/fr\/impression-numerique\/\" \/>\n<meta property=\"og:locale\" content=\"fr_FR\" \/>\n<meta property=\"og:type\" content=\"article\" \/>\n<meta property=\"og:title\" content=\"Troquelado industrial de alta precisi\u00f3n | Converzar\" \/>\n<meta property=\"og:description\" content=\"Servicio de troquelado con m\u00e1xima precisi\u00f3n para cortes personalizados en distintos materiales y aplicaciones industriales.\" \/>\n<meta property=\"og:url\" content=\"https:\/\/converzar.com\/fr\/impression-numerique\/\" \/>\n<meta property=\"og:site_name\" content=\"Converzar\" \/>\n<meta property=\"article:modified_time\" content=\"2025-07-14T15:38:30+00:00\" \/>\n<meta property=\"og:image\" content=\"https:\/\/converzar.com\/wp-content\/uploads\/2025\/04\/impresion_ecosolvete.jpg\" \/>\n<meta name=\"twitter:card\" content=\"summary_large_image\" \/>\n<meta name=\"twitter:label1\" content=\"Dur\u00e9e de lecture estim\u00e9e\" \/>\n\t<meta name=\"twitter:data1\" content=\"3 minutes\" \/>\n<script type=\"application\/ld+json\" class=\"yoast-schema-graph\">{\"@context\":\"https:\/\/schema.org\",\"@graph\":[{\"@type\":\"WebPage\",\"@id\":\"https:\/\/converzar.com\/fr\/impression-numerique\/\",\"url\":\"https:\/\/converzar.com\/fr\/impression-numerique\/\",\"name\":\"Troquelado industrial de alta precisi\u00f3n | Converzar\",\"isPartOf\":{\"@id\":\"https:\/\/converzar.com\/fr\/#website\"},\"primaryImageOfPage\":{\"@id\":\"https:\/\/converzar.com\/fr\/impression-numerique\/#primaryimage\"},\"image\":{\"@id\":\"https:\/\/converzar.com\/fr\/impression-numerique\/#primaryimage\"},\"thumbnailUrl\":\"https:\/\/converzar.com\/wp-content\/uploads\/2025\/04\/impresion_ecosolvete.jpg\",\"datePublished\":\"2025-04-24T08:10:42+00:00\",\"dateModified\":\"2025-07-14T15:38:30+00:00\",\"description\":\"Servicio de troquelado con m\u00e1xima precisi\u00f3n para cortes personalizados en distintos materiales y aplicaciones industriales.\",\"breadcrumb\":{\"@id\":\"https:\/\/converzar.com\/fr\/impression-numerique\/#breadcrumb\"},\"inLanguage\":\"fr-FR\",\"potentialAction\":[{\"@type\":\"ReadAction\",\"target\":[\"https:\/\/converzar.com\/fr\/impression-numerique\/\"]}]},{\"@type\":\"ImageObject\",\"inLanguage\":\"fr-FR\",\"@id\":\"https:\/\/converzar.com\/fr\/impression-numerique\/#primaryimage\",\"url\":\"https:\/\/converzar.com\/wp-content\/uploads\/2025\/04\/impresion_ecosolvete.jpg\",\"contentUrl\":\"https:\/\/converzar.com\/wp-content\/uploads\/2025\/04\/impresion_ecosolvete.jpg\"},{\"@type\":\"BreadcrumbList\",\"@id\":\"https:\/\/converzar.com\/fr\/impression-numerique\/#breadcrumb\",\"itemListElement\":[{\"@type\":\"ListItem\",\"position\":1,\"name\":\"Portada\",\"item\":\"https:\/\/converzar.com\/fr\/\"},{\"@type\":\"ListItem\",\"position\":2,\"name\":\"Impression num\u00e9rique\"}]},{\"@type\":\"WebSite\",\"@id\":\"https:\/\/converzar.com\/fr\/#website\",\"url\":\"https:\/\/converzar.com\/fr\/\",\"name\":\"Converzar\",\"description\":\"\",\"potentialAction\":[{\"@type\":\"SearchAction\",\"target\":{\"@type\":\"EntryPoint\",\"urlTemplate\":\"https:\/\/converzar.com\/fr\/?s={search_term_string}\"},\"query-input\":{\"@type\":\"PropertyValueSpecification\",\"valueRequired\":true,\"valueName\":\"search_term_string\"}}],\"inLanguage\":\"fr-FR\"}]}<\/script>\n<!-- \/ Yoast SEO plugin. -->","yoast_head_json":{"title":"Troquelado industrial de alta precisi\u00f3n | Converzar","description":"Servicio de troquelado con m\u00e1xima precisi\u00f3n para cortes personalizados en distintos materiales y aplicaciones industriales.","robots":{"index":"index","follow":"follow","max-snippet":"max-snippet:-1","max-image-preview":"max-image-preview:large","max-video-preview":"max-video-preview:-1"},"canonical":"https:\/\/converzar.com\/fr\/impression-numerique\/","og_locale":"fr_FR","og_type":"article","og_title":"Troquelado industrial de alta precisi\u00f3n | Converzar","og_description":"Servicio de troquelado con m\u00e1xima precisi\u00f3n para cortes personalizados en distintos materiales y aplicaciones industriales.","og_url":"https:\/\/converzar.com\/fr\/impression-numerique\/","og_site_name":"Converzar","article_modified_time":"2025-07-14T15:38:30+00:00","og_image":[{"url":"https:\/\/converzar.com\/wp-content\/uploads\/2025\/04\/impresion_ecosolvete.jpg","type":"","width":"","height":""}],"twitter_card":"summary_large_image","twitter_misc":{"Dur\u00e9e de lecture estim\u00e9e":"3 minutes"},"schema":{"@context":"https:\/\/schema.org","@graph":[{"@type":"WebPage","@id":"https:\/\/converzar.com\/fr\/impression-numerique\/","url":"https:\/\/converzar.com\/fr\/impression-numerique\/","name":"Troquelado industrial de alta precisi\u00f3n | Converzar","isPartOf":{"@id":"https:\/\/converzar.com\/fr\/#website"},"primaryImageOfPage":{"@id":"https:\/\/converzar.com\/fr\/impression-numerique\/#primaryimage"},"image":{"@id":"https:\/\/converzar.com\/fr\/impression-numerique\/#primaryimage"},"thumbnailUrl":"https:\/\/converzar.com\/wp-content\/uploads\/2025\/04\/impresion_ecosolvete.jpg","datePublished":"2025-04-24T08:10:42+00:00","dateModified":"2025-07-14T15:38:30+00:00","description":"Servicio de troquelado con m\u00e1xima precisi\u00f3n para cortes personalizados en distintos materiales y aplicaciones industriales.","breadcrumb":{"@id":"https:\/\/converzar.com\/fr\/impression-numerique\/#breadcrumb"},"inLanguage":"fr-FR","potentialAction":[{"@type":"ReadAction","target":["https:\/\/converzar.com\/fr\/impression-numerique\/"]}]},{"@type":"ImageObject","inLanguage":"fr-FR","@id":"https:\/\/converzar.com\/fr\/impression-numerique\/#primaryimage","url":"https:\/\/converzar.com\/wp-content\/uploads\/2025\/04\/impresion_ecosolvete.jpg","contentUrl":"https:\/\/converzar.com\/wp-content\/uploads\/2025\/04\/impresion_ecosolvete.jpg"},{"@type":"BreadcrumbList","@id":"https:\/\/converzar.com\/fr\/impression-numerique\/#breadcrumb","itemListElement":[{"@type":"ListItem","position":1,"name":"Portada","item":"https:\/\/converzar.com\/fr\/"},{"@type":"ListItem","position":2,"name":"Impression num\u00e9rique"}]},{"@type":"WebSite","@id":"https:\/\/converzar.com\/fr\/#website","url":"https:\/\/converzar.com\/fr\/","name":"Converzar","description":"","potentialAction":[{"@type":"SearchAction","target":{"@type":"EntryPoint","urlTemplate":"https:\/\/converzar.com\/fr\/?s={search_term_string}"},"query-input":{"@type":"PropertyValueSpecification","valueRequired":true,"valueName":"search_term_string"}}],"inLanguage":"fr-FR"}]}},"_links":{"self":[{"href":"https:\/\/converzar.com\/fr\/wp-json\/wp\/v2\/pages\/987504905","targetHints":{"allow":["GET"]}}],"collection":[{"href":"https:\/\/converzar.com\/fr\/wp-json\/wp\/v2\/pages"}],"about":[{"href":"https:\/\/converzar.com\/fr\/wp-json\/wp\/v2\/types\/page"}],"author":[{"embeddable":true,"href":"https:\/\/converzar.com\/fr\/wp-json\/wp\/v2\/users\/1"}],"replies":[{"embeddable":true,"href":"https:\/\/converzar.com\/fr\/wp-json\/wp\/v2\/comments?post=987504905"}],"version-history":[{"count":8,"href":"https:\/\/converzar.com\/fr\/wp-json\/wp\/v2\/pages\/987504905\/revisions"}],"predecessor-version":[{"id":987505044,"href":"https:\/\/converzar.com\/fr\/wp-json\/wp\/v2\/pages\/987504905\/revisions\/987505044"}],"wp:attachment":[{"href":"https:\/\/converzar.com\/fr\/wp-json\/wp\/v2\/media?parent=987504905"}],"curies":[{"name":"wp","href":"https:\/\/api.w.org\/{rel}","templated":true}]}}