{"id":987504906,"date":"2024-11-27T11:59:15","date_gmt":"2024-11-27T11:59:15","guid":{"rendered":"https:\/\/converzar.com\/rfid\/"},"modified":"2025-07-14T15:35:25","modified_gmt":"2025-07-14T15:35:25","slug":"rfid","status":"publish","type":"page","link":"https:\/\/converzar.com\/fr\/rfid\/","title":{"rendered":"Rfid"},"content":{"rendered":"\t\t<div data-elementor-type=\"wp-page\" data-elementor-id=\"987504906\" class=\"elementor elementor-987504906 elementor-987502446\">\n\t\t\t\t<div class=\"elementor-element elementor-element-ebdbdab e-con-full e-flex parallax_section_no qode_elementor_container_no e-con e-parent\" data-id=\"ebdbdab\" data-element_type=\"container\" data-settings=\"{&quot;background_background&quot;:&quot;classic&quot;}\">\n\t\t<div class=\"elementor-element elementor-element-bec1771 e-con-full e-flex parallax_section_no qode_elementor_container_no e-con e-child\" data-id=\"bec1771\" data-element_type=\"container\">\n\t\t\t\t<div class=\"elementor-element elementor-element-ddc33aa elementor-widget__width-initial elementor-widget elementor-widget-heading\" data-id=\"ddc33aa\" data-element_type=\"widget\" data-widget_type=\"heading.default\">\n\t\t\t\t<div class=\"elementor-widget-container\">\n\t\t\t\t\t<h2 class=\"elementor-heading-title elementor-size-default\">| RFID<\/h2>\t\t\t\t<\/div>\n\t\t\t\t<\/div>\n\t\t\t\t<div class=\"elementor-element elementor-element-8f77c5a elementor-widget elementor-widget-text-editor\" data-id=\"8f77c5a\" data-element_type=\"widget\" data-widget_type=\"text-editor.default\">\n\t\t\t\t<div class=\"elementor-widget-container\">\n\t\t\t\t\t\t\t\t\t<p data-start=\"87\" data-end=\"274\">Il s\u2019agit d\u2019une technologie qui permet la <strong data-start=\"129\" data-end=\"176\">tra\u00e7abilit\u00e9 des produits par radiofr\u00e9quence<\/strong>. Cette technologie comprend plusieurs \u00e9l\u00e9ments : <strong data-start=\"226\" data-end=\"273\">lecteurs, antennes, logiciels et \u00e9tiquettes<\/strong>.<\/p><p data-start=\"276\" data-end=\"509\" data-is-last-node=\"\" data-is-only-node=\"\">Nous sommes <strong data-start=\"288\" data-end=\"350\">sp\u00e9cialistes des \u00e9tiquettes RFID pour surfaces m\u00e9talliques<\/strong>, qui sont compos\u00e9es de diff\u00e9rents mat\u00e9riaux permettant d\u2019\u00e9viter les interf\u00e9rences dues \u00e0 la surface m\u00e9tallique et de <strong data-start=\"468\" data-end=\"508\">r\u00e9sister \u00e0 des temp\u00e9ratures extr\u00eames<\/strong>.<\/p>\t\t\t\t\t\t\t\t<\/div>\n\t\t\t\t<\/div>\n\t\t\t\t<\/div>\n\t\t<div class=\"elementor-element elementor-element-81a34b8 e-con-full e-flex parallax_section_no qode_elementor_container_no e-con e-child\" data-id=\"81a34b8\" data-element_type=\"container\">\n\t\t\t\t<div class=\"elementor-element elementor-element-4f62ae6 elementor-widget__width-auto elementor-widget elementor-widget-bridge_image_gallery\" data-id=\"4f62ae6\" data-element_type=\"widget\" data-widget_type=\"bridge_image_gallery.default\">\n\t\t\t\t<div class=\"elementor-widget-container\">\n\t\t\t\t\t<div class=\"qode-image-gallery\"><div class=\"qode-image-gallery-inner\"><div class=\"qode-image-gallery-slides drag_enabled wpb_image_grid\" data-interval=\"\"data-control=&quot;false&quot;data-direction=&quot;false&quot;data-pause-on-hover=&quot;false&quot;data-drag=&quot;true&quot;><div class=\"gallery_holder\"><ul class=\"gallery_inner   v0\"><li class=\"no_grayscale\"><img decoding=\"async\" src=\"https:\/\/converzar.com\/wp-content\/uploads\/2025\/02\/Diseno-sin-titulo-2025-02-11T163533.575.png\" \/><\/li><\/ul><\/div><\/div><\/div><\/div>\t\t\t\t<\/div>\n\t\t\t\t<\/div>\n\t\t\t\t<\/div>\n\t\t\t\t<\/div>\n\t\t\t\t<\/div>\n\t\t","protected":false},"excerpt":{"rendered":"<p>| RFID Il s\u2019agit d\u2019une&#8230;<\/p>\n","protected":false},"author":1,"featured_media":0,"parent":0,"menu_order":0,"comment_status":"closed","ping_status":"closed","template":"full_width.php","meta":{"_mbp_gutenberg_autopost":false,"footnotes":""},"class_list":["post-987504906","page","type-page","status-publish","hentry"],"yoast_head":"<!-- This site is optimized with the Yoast SEO plugin v24.8.1 - https:\/\/yoast.com\/wordpress\/plugins\/seo\/ -->\n<title>Soluciones RFID para Identificaci\u00f3n y Control de Producci\u00f3n<\/title>\n<meta name=\"description\" content=\"Implementaci\u00f3n de tecnolog\u00eda RFID para seguimiento, trazabilidad y control eficiente en procesos industriales.\" \/>\n<meta name=\"robots\" content=\"index, follow, max-snippet:-1, max-image-preview:large, max-video-preview:-1\" \/>\n<link rel=\"canonical\" href=\"https:\/\/converzar.com\/fr\/rfid\/\" \/>\n<meta property=\"og:locale\" content=\"fr_FR\" \/>\n<meta property=\"og:type\" content=\"article\" \/>\n<meta property=\"og:title\" content=\"Soluciones RFID para Identificaci\u00f3n y Control de Producci\u00f3n\" \/>\n<meta property=\"og:description\" content=\"Implementaci\u00f3n de tecnolog\u00eda RFID para seguimiento, trazabilidad y control eficiente en procesos industriales.\" \/>\n<meta property=\"og:url\" content=\"https:\/\/converzar.com\/fr\/rfid\/\" \/>\n<meta property=\"og:site_name\" content=\"Converzar\" \/>\n<meta property=\"article:modified_time\" content=\"2025-07-14T15:35:25+00:00\" \/>\n<meta property=\"og:image\" content=\"https:\/\/converzar.com\/wp-content\/uploads\/2025\/02\/Diseno-sin-titulo-2025-02-11T163533.575.png\" \/>\n<meta name=\"twitter:card\" content=\"summary_large_image\" \/>\n<meta name=\"twitter:label1\" content=\"Dur\u00e9e de lecture estim\u00e9e\" \/>\n\t<meta name=\"twitter:data1\" content=\"1 minute\" \/>\n<script type=\"application\/ld+json\" class=\"yoast-schema-graph\">{\"@context\":\"https:\/\/schema.org\",\"@graph\":[{\"@type\":\"WebPage\",\"@id\":\"https:\/\/converzar.com\/fr\/rfid\/\",\"url\":\"https:\/\/converzar.com\/fr\/rfid\/\",\"name\":\"Soluciones RFID para Identificaci\u00f3n y Control de Producci\u00f3n\",\"isPartOf\":{\"@id\":\"https:\/\/converzar.com\/fr\/#website\"},\"primaryImageOfPage\":{\"@id\":\"https:\/\/converzar.com\/fr\/rfid\/#primaryimage\"},\"image\":{\"@id\":\"https:\/\/converzar.com\/fr\/rfid\/#primaryimage\"},\"thumbnailUrl\":\"https:\/\/converzar.com\/wp-content\/uploads\/2025\/02\/Diseno-sin-titulo-2025-02-11T163533.575.png\",\"datePublished\":\"2024-11-27T11:59:15+00:00\",\"dateModified\":\"2025-07-14T15:35:25+00:00\",\"description\":\"Implementaci\u00f3n de tecnolog\u00eda RFID para seguimiento, trazabilidad y control eficiente en procesos industriales.\",\"breadcrumb\":{\"@id\":\"https:\/\/converzar.com\/fr\/rfid\/#breadcrumb\"},\"inLanguage\":\"fr-FR\",\"potentialAction\":[{\"@type\":\"ReadAction\",\"target\":[\"https:\/\/converzar.com\/fr\/rfid\/\"]}]},{\"@type\":\"ImageObject\",\"inLanguage\":\"fr-FR\",\"@id\":\"https:\/\/converzar.com\/fr\/rfid\/#primaryimage\",\"url\":\"https:\/\/converzar.com\/wp-content\/uploads\/2025\/02\/Diseno-sin-titulo-2025-02-11T163533.575.png\",\"contentUrl\":\"https:\/\/converzar.com\/wp-content\/uploads\/2025\/02\/Diseno-sin-titulo-2025-02-11T163533.575.png\"},{\"@type\":\"BreadcrumbList\",\"@id\":\"https:\/\/converzar.com\/fr\/rfid\/#breadcrumb\",\"itemListElement\":[{\"@type\":\"ListItem\",\"position\":1,\"name\":\"Portada\",\"item\":\"https:\/\/converzar.com\/fr\/\"},{\"@type\":\"ListItem\",\"position\":2,\"name\":\"Rfid\"}]},{\"@type\":\"WebSite\",\"@id\":\"https:\/\/converzar.com\/fr\/#website\",\"url\":\"https:\/\/converzar.com\/fr\/\",\"name\":\"Converzar\",\"description\":\"\",\"potentialAction\":[{\"@type\":\"SearchAction\",\"target\":{\"@type\":\"EntryPoint\",\"urlTemplate\":\"https:\/\/converzar.com\/fr\/?s={search_term_string}\"},\"query-input\":{\"@type\":\"PropertyValueSpecification\",\"valueRequired\":true,\"valueName\":\"search_term_string\"}}],\"inLanguage\":\"fr-FR\"}]}<\/script>\n<!-- \/ Yoast SEO plugin. -->","yoast_head_json":{"title":"Soluciones RFID para Identificaci\u00f3n y Control de Producci\u00f3n","description":"Implementaci\u00f3n de tecnolog\u00eda RFID para seguimiento, trazabilidad y control eficiente en procesos industriales.","robots":{"index":"index","follow":"follow","max-snippet":"max-snippet:-1","max-image-preview":"max-image-preview:large","max-video-preview":"max-video-preview:-1"},"canonical":"https:\/\/converzar.com\/fr\/rfid\/","og_locale":"fr_FR","og_type":"article","og_title":"Soluciones RFID para Identificaci\u00f3n y Control de Producci\u00f3n","og_description":"Implementaci\u00f3n de tecnolog\u00eda RFID para seguimiento, trazabilidad y control eficiente en procesos industriales.","og_url":"https:\/\/converzar.com\/fr\/rfid\/","og_site_name":"Converzar","article_modified_time":"2025-07-14T15:35:25+00:00","og_image":[{"url":"https:\/\/converzar.com\/wp-content\/uploads\/2025\/02\/Diseno-sin-titulo-2025-02-11T163533.575.png","type":"","width":"","height":""}],"twitter_card":"summary_large_image","twitter_misc":{"Dur\u00e9e de lecture estim\u00e9e":"1 minute"},"schema":{"@context":"https:\/\/schema.org","@graph":[{"@type":"WebPage","@id":"https:\/\/converzar.com\/fr\/rfid\/","url":"https:\/\/converzar.com\/fr\/rfid\/","name":"Soluciones RFID para Identificaci\u00f3n y Control de Producci\u00f3n","isPartOf":{"@id":"https:\/\/converzar.com\/fr\/#website"},"primaryImageOfPage":{"@id":"https:\/\/converzar.com\/fr\/rfid\/#primaryimage"},"image":{"@id":"https:\/\/converzar.com\/fr\/rfid\/#primaryimage"},"thumbnailUrl":"https:\/\/converzar.com\/wp-content\/uploads\/2025\/02\/Diseno-sin-titulo-2025-02-11T163533.575.png","datePublished":"2024-11-27T11:59:15+00:00","dateModified":"2025-07-14T15:35:25+00:00","description":"Implementaci\u00f3n de tecnolog\u00eda RFID para seguimiento, trazabilidad y control eficiente en procesos industriales.","breadcrumb":{"@id":"https:\/\/converzar.com\/fr\/rfid\/#breadcrumb"},"inLanguage":"fr-FR","potentialAction":[{"@type":"ReadAction","target":["https:\/\/converzar.com\/fr\/rfid\/"]}]},{"@type":"ImageObject","inLanguage":"fr-FR","@id":"https:\/\/converzar.com\/fr\/rfid\/#primaryimage","url":"https:\/\/converzar.com\/wp-content\/uploads\/2025\/02\/Diseno-sin-titulo-2025-02-11T163533.575.png","contentUrl":"https:\/\/converzar.com\/wp-content\/uploads\/2025\/02\/Diseno-sin-titulo-2025-02-11T163533.575.png"},{"@type":"BreadcrumbList","@id":"https:\/\/converzar.com\/fr\/rfid\/#breadcrumb","itemListElement":[{"@type":"ListItem","position":1,"name":"Portada","item":"https:\/\/converzar.com\/fr\/"},{"@type":"ListItem","position":2,"name":"Rfid"}]},{"@type":"WebSite","@id":"https:\/\/converzar.com\/fr\/#website","url":"https:\/\/converzar.com\/fr\/","name":"Converzar","description":"","potentialAction":[{"@type":"SearchAction","target":{"@type":"EntryPoint","urlTemplate":"https:\/\/converzar.com\/fr\/?s={search_term_string}"},"query-input":{"@type":"PropertyValueSpecification","valueRequired":true,"valueName":"search_term_string"}}],"inLanguage":"fr-FR"}]}},"_links":{"self":[{"href":"https:\/\/converzar.com\/fr\/wp-json\/wp\/v2\/pages\/987504906","targetHints":{"allow":["GET"]}}],"collection":[{"href":"https:\/\/converzar.com\/fr\/wp-json\/wp\/v2\/pages"}],"about":[{"href":"https:\/\/converzar.com\/fr\/wp-json\/wp\/v2\/types\/page"}],"author":[{"embeddable":true,"href":"https:\/\/converzar.com\/fr\/wp-json\/wp\/v2\/users\/1"}],"replies":[{"embeddable":true,"href":"https:\/\/converzar.com\/fr\/wp-json\/wp\/v2\/comments?post=987504906"}],"version-history":[{"count":3,"href":"https:\/\/converzar.com\/fr\/wp-json\/wp\/v2\/pages\/987504906\/revisions"}],"predecessor-version":[{"id":987505041,"href":"https:\/\/converzar.com\/fr\/wp-json\/wp\/v2\/pages\/987504906\/revisions\/987505041"}],"wp:attachment":[{"href":"https:\/\/converzar.com\/fr\/wp-json\/wp\/v2\/media?parent=987504906"}],"curies":[{"name":"wp","href":"https:\/\/api.w.org\/{rel}","templated":true}]}}