{"id":987504907,"date":"2024-11-27T10:49:25","date_gmt":"2024-11-27T10:49:25","guid":{"rendered":"https:\/\/converzar.com\/spool\/"},"modified":"2025-07-14T15:34:46","modified_gmt":"2025-07-14T15:34:46","slug":"spool","status":"publish","type":"page","link":"https:\/\/converzar.com\/fr\/spool\/","title":{"rendered":"Spool"},"content":{"rendered":"\t\t<div data-elementor-type=\"wp-page\" data-elementor-id=\"987504907\" class=\"elementor elementor-987504907 elementor-987502437\">\n\t\t\t\t<div class=\"elementor-element elementor-element-ebdbdab e-con-full e-flex parallax_section_no qode_elementor_container_no e-con e-parent\" data-id=\"ebdbdab\" data-element_type=\"container\" data-settings=\"{&quot;background_background&quot;:&quot;classic&quot;}\">\n\t\t<div class=\"elementor-element elementor-element-bec1771 e-con-full e-flex parallax_section_no qode_elementor_container_no e-con e-child\" data-id=\"bec1771\" data-element_type=\"container\">\n\t\t\t\t<div class=\"elementor-element elementor-element-ddc33aa elementor-widget__width-initial elementor-widget elementor-widget-heading\" data-id=\"ddc33aa\" data-element_type=\"widget\" data-widget_type=\"heading.default\">\n\t\t\t\t<div class=\"elementor-widget-container\">\n\t\t\t\t\t<h2 class=\"elementor-heading-title elementor-size-default\">| Spool<\/h2>\t\t\t\t<\/div>\n\t\t\t\t<\/div>\n\t\t\t\t<div class=\"elementor-element elementor-element-8f77c5a elementor-widget elementor-widget-text-editor\" data-id=\"8f77c5a\" data-element_type=\"widget\" data-widget_type=\"text-editor.default\">\n\t\t\t\t<div class=\"elementor-widget-container\">\n\t\t\t\t\t\t\t\t\t<p>Le processus de conversion de bobines en spools consiste \u00e0 d\u00e9couper un rouleau large en plusieurs rouleaux \u00e9troits (jusqu\u2019\u00e0 25 mm de largeur) et \u00e0 les enrouler transversalement sous forme de bobine. Lorsque le rouleau d\u2019origine est \u00e9puis\u00e9, un autre est raccord\u00e9 et le rembobinage se poursuit.<\/p><p>Ainsi, nous pouvons fabriquer des spools allant jusqu\u2019\u00e0 3.000 m\u00e8tres lin\u00e9aires, ce qui permet \u00e0 nos clients en processus continu de r\u00e9duire les arr\u00eats li\u00e9s aux changements de ruban.<\/p><p>Notre ligne de production de spools peut en convertir jusqu\u2019\u00e0 6 simultan\u00e9ment, y compris avec double liner ou fingerlift.<\/p>\t\t\t\t\t\t\t\t<\/div>\n\t\t\t\t<\/div>\n\t\t\t\t<\/div>\n\t\t<div class=\"elementor-element elementor-element-81a34b8 e-con-full e-flex parallax_section_no qode_elementor_container_no e-con e-child\" data-id=\"81a34b8\" data-element_type=\"container\">\n\t\t\t\t<div class=\"elementor-element elementor-element-4f62ae6 elementor-widget__width-auto elementor-widget elementor-widget-bridge_image_gallery\" data-id=\"4f62ae6\" data-element_type=\"widget\" data-widget_type=\"bridge_image_gallery.default\">\n\t\t\t\t<div class=\"elementor-widget-container\">\n\t\t\t\t\t<div class=\"qode-image-gallery\"><div class=\"qode-image-gallery-inner\"><div class=\"qode-image-gallery-slides drag_enabled wpb_image_grid\" data-interval=\"\"data-control=&quot;false&quot;data-direction=&quot;false&quot;data-pause-on-hover=&quot;false&quot;data-drag=&quot;true&quot;><div class=\"gallery_holder\"><ul class=\"gallery_inner   v0\"><li class=\"no_grayscale\"><img decoding=\"async\" src=\"https:\/\/converzar.com\/wp-content\/uploads\/2024\/11\/converzar_2joint_spool.jpg\" \/><\/li><\/ul><\/div><\/div><\/div><\/div>\t\t\t\t<\/div>\n\t\t\t\t<\/div>\n\t\t\t\t<\/div>\n\t\t\t\t<\/div>\n\t\t\t\t<\/div>\n\t\t","protected":false},"excerpt":{"rendered":"<p>| Spool Le processus de&#8230;<\/p>\n","protected":false},"author":1,"featured_media":0,"parent":0,"menu_order":0,"comment_status":"closed","ping_status":"closed","template":"full_width.php","meta":{"_mbp_gutenberg_autopost":false,"footnotes":""},"class_list":["post-987504907","page","type-page","status-publish","hentry"],"yoast_head":"<!-- This site is optimized with the Yoast SEO plugin v24.8.1 - https:\/\/yoast.com\/wordpress\/plugins\/seo\/ -->\n<title>Servicio de Spool para producci\u00f3n eficiente | Converzar<\/title>\n<meta name=\"description\" content=\"Proceso de spool para suministro en bobinas continuas, optimizando el uso de materiales en l\u00edneas de producci\u00f3n automatizadas.\" \/>\n<meta name=\"robots\" content=\"index, follow, max-snippet:-1, max-image-preview:large, max-video-preview:-1\" \/>\n<link rel=\"canonical\" href=\"https:\/\/converzar.com\/fr\/spool\/\" \/>\n<meta property=\"og:locale\" content=\"fr_FR\" \/>\n<meta property=\"og:type\" content=\"article\" \/>\n<meta property=\"og:title\" content=\"Servicio de Spool para producci\u00f3n eficiente | Converzar\" \/>\n<meta property=\"og:description\" content=\"Proceso de spool para suministro en bobinas continuas, optimizando el uso de materiales en l\u00edneas de producci\u00f3n automatizadas.\" \/>\n<meta property=\"og:url\" content=\"https:\/\/converzar.com\/fr\/spool\/\" \/>\n<meta property=\"og:site_name\" content=\"Converzar\" \/>\n<meta property=\"article:modified_time\" content=\"2025-07-14T15:34:46+00:00\" \/>\n<meta property=\"og:image\" content=\"https:\/\/converzar.com\/wp-content\/uploads\/2024\/11\/converzar_2joint_spool.jpg\" \/>\n<meta name=\"twitter:card\" content=\"summary_large_image\" \/>\n<meta name=\"twitter:label1\" content=\"Dur\u00e9e de lecture estim\u00e9e\" \/>\n\t<meta name=\"twitter:data1\" content=\"1 minute\" \/>\n<script type=\"application\/ld+json\" class=\"yoast-schema-graph\">{\"@context\":\"https:\/\/schema.org\",\"@graph\":[{\"@type\":\"WebPage\",\"@id\":\"https:\/\/converzar.com\/fr\/spool\/\",\"url\":\"https:\/\/converzar.com\/fr\/spool\/\",\"name\":\"Servicio de Spool para producci\u00f3n eficiente | Converzar\",\"isPartOf\":{\"@id\":\"https:\/\/converzar.com\/fr\/#website\"},\"primaryImageOfPage\":{\"@id\":\"https:\/\/converzar.com\/fr\/spool\/#primaryimage\"},\"image\":{\"@id\":\"https:\/\/converzar.com\/fr\/spool\/#primaryimage\"},\"thumbnailUrl\":\"https:\/\/converzar.com\/wp-content\/uploads\/2024\/11\/converzar_2joint_spool.jpg\",\"datePublished\":\"2024-11-27T10:49:25+00:00\",\"dateModified\":\"2025-07-14T15:34:46+00:00\",\"description\":\"Proceso de spool para suministro en bobinas continuas, optimizando el uso de materiales en l\u00edneas de producci\u00f3n automatizadas.\",\"breadcrumb\":{\"@id\":\"https:\/\/converzar.com\/fr\/spool\/#breadcrumb\"},\"inLanguage\":\"fr-FR\",\"potentialAction\":[{\"@type\":\"ReadAction\",\"target\":[\"https:\/\/converzar.com\/fr\/spool\/\"]}]},{\"@type\":\"ImageObject\",\"inLanguage\":\"fr-FR\",\"@id\":\"https:\/\/converzar.com\/fr\/spool\/#primaryimage\",\"url\":\"https:\/\/converzar.com\/wp-content\/uploads\/2024\/11\/converzar_2joint_spool.jpg\",\"contentUrl\":\"https:\/\/converzar.com\/wp-content\/uploads\/2024\/11\/converzar_2joint_spool.jpg\"},{\"@type\":\"BreadcrumbList\",\"@id\":\"https:\/\/converzar.com\/fr\/spool\/#breadcrumb\",\"itemListElement\":[{\"@type\":\"ListItem\",\"position\":1,\"name\":\"Portada\",\"item\":\"https:\/\/converzar.com\/fr\/\"},{\"@type\":\"ListItem\",\"position\":2,\"name\":\"Spool\"}]},{\"@type\":\"WebSite\",\"@id\":\"https:\/\/converzar.com\/fr\/#website\",\"url\":\"https:\/\/converzar.com\/fr\/\",\"name\":\"Converzar\",\"description\":\"\",\"potentialAction\":[{\"@type\":\"SearchAction\",\"target\":{\"@type\":\"EntryPoint\",\"urlTemplate\":\"https:\/\/converzar.com\/fr\/?s={search_term_string}\"},\"query-input\":{\"@type\":\"PropertyValueSpecification\",\"valueRequired\":true,\"valueName\":\"search_term_string\"}}],\"inLanguage\":\"fr-FR\"}]}<\/script>\n<!-- \/ Yoast SEO plugin. -->","yoast_head_json":{"title":"Servicio de Spool para producci\u00f3n eficiente | Converzar","description":"Proceso de spool para suministro en bobinas continuas, optimizando el uso de materiales en l\u00edneas de producci\u00f3n automatizadas.","robots":{"index":"index","follow":"follow","max-snippet":"max-snippet:-1","max-image-preview":"max-image-preview:large","max-video-preview":"max-video-preview:-1"},"canonical":"https:\/\/converzar.com\/fr\/spool\/","og_locale":"fr_FR","og_type":"article","og_title":"Servicio de Spool para producci\u00f3n eficiente | Converzar","og_description":"Proceso de spool para suministro en bobinas continuas, optimizando el uso de materiales en l\u00edneas de producci\u00f3n automatizadas.","og_url":"https:\/\/converzar.com\/fr\/spool\/","og_site_name":"Converzar","article_modified_time":"2025-07-14T15:34:46+00:00","og_image":[{"url":"https:\/\/converzar.com\/wp-content\/uploads\/2024\/11\/converzar_2joint_spool.jpg","type":"","width":"","height":""}],"twitter_card":"summary_large_image","twitter_misc":{"Dur\u00e9e de lecture estim\u00e9e":"1 minute"},"schema":{"@context":"https:\/\/schema.org","@graph":[{"@type":"WebPage","@id":"https:\/\/converzar.com\/fr\/spool\/","url":"https:\/\/converzar.com\/fr\/spool\/","name":"Servicio de Spool para producci\u00f3n eficiente | Converzar","isPartOf":{"@id":"https:\/\/converzar.com\/fr\/#website"},"primaryImageOfPage":{"@id":"https:\/\/converzar.com\/fr\/spool\/#primaryimage"},"image":{"@id":"https:\/\/converzar.com\/fr\/spool\/#primaryimage"},"thumbnailUrl":"https:\/\/converzar.com\/wp-content\/uploads\/2024\/11\/converzar_2joint_spool.jpg","datePublished":"2024-11-27T10:49:25+00:00","dateModified":"2025-07-14T15:34:46+00:00","description":"Proceso de spool para suministro en bobinas continuas, optimizando el uso de materiales en l\u00edneas de producci\u00f3n automatizadas.","breadcrumb":{"@id":"https:\/\/converzar.com\/fr\/spool\/#breadcrumb"},"inLanguage":"fr-FR","potentialAction":[{"@type":"ReadAction","target":["https:\/\/converzar.com\/fr\/spool\/"]}]},{"@type":"ImageObject","inLanguage":"fr-FR","@id":"https:\/\/converzar.com\/fr\/spool\/#primaryimage","url":"https:\/\/converzar.com\/wp-content\/uploads\/2024\/11\/converzar_2joint_spool.jpg","contentUrl":"https:\/\/converzar.com\/wp-content\/uploads\/2024\/11\/converzar_2joint_spool.jpg"},{"@type":"BreadcrumbList","@id":"https:\/\/converzar.com\/fr\/spool\/#breadcrumb","itemListElement":[{"@type":"ListItem","position":1,"name":"Portada","item":"https:\/\/converzar.com\/fr\/"},{"@type":"ListItem","position":2,"name":"Spool"}]},{"@type":"WebSite","@id":"https:\/\/converzar.com\/fr\/#website","url":"https:\/\/converzar.com\/fr\/","name":"Converzar","description":"","potentialAction":[{"@type":"SearchAction","target":{"@type":"EntryPoint","urlTemplate":"https:\/\/converzar.com\/fr\/?s={search_term_string}"},"query-input":{"@type":"PropertyValueSpecification","valueRequired":true,"valueName":"search_term_string"}}],"inLanguage":"fr-FR"}]}},"_links":{"self":[{"href":"https:\/\/converzar.com\/fr\/wp-json\/wp\/v2\/pages\/987504907","targetHints":{"allow":["GET"]}}],"collection":[{"href":"https:\/\/converzar.com\/fr\/wp-json\/wp\/v2\/pages"}],"about":[{"href":"https:\/\/converzar.com\/fr\/wp-json\/wp\/v2\/types\/page"}],"author":[{"embeddable":true,"href":"https:\/\/converzar.com\/fr\/wp-json\/wp\/v2\/users\/1"}],"replies":[{"embeddable":true,"href":"https:\/\/converzar.com\/fr\/wp-json\/wp\/v2\/comments?post=987504907"}],"version-history":[{"count":3,"href":"https:\/\/converzar.com\/fr\/wp-json\/wp\/v2\/pages\/987504907\/revisions"}],"predecessor-version":[{"id":987505038,"href":"https:\/\/converzar.com\/fr\/wp-json\/wp\/v2\/pages\/987504907\/revisions\/987505038"}],"wp:attachment":[{"href":"https:\/\/converzar.com\/fr\/wp-json\/wp\/v2\/media?parent=987504907"}],"curies":[{"name":"wp","href":"https:\/\/api.w.org\/{rel}","templated":true}]}}