{"id":987504925,"date":"2024-11-28T10:18:56","date_gmt":"2024-11-28T10:18:56","guid":{"rendered":"https:\/\/converzar.com\/electrodomesticos\/"},"modified":"2025-07-14T15:50:34","modified_gmt":"2025-07-14T15:50:34","slug":"appareils-menagers","status":"publish","type":"page","link":"https:\/\/converzar.com\/fr\/appareils-menagers\/","title":{"rendered":"Appareils m\u00e9nagers"},"content":{"rendered":"\t\t<div data-elementor-type=\"wp-page\" data-elementor-id=\"987504925\" class=\"elementor elementor-987504925 elementor-987502542\">\n\t\t\t\t<div class=\"elementor-element elementor-element-3975df32 e-con-full e-flex parallax_section_no qode_elementor_container_no e-con e-parent\" data-id=\"3975df32\" data-element_type=\"container\">\n\t\t<div class=\"elementor-element elementor-element-137eef36 e-con-full e-flex parallax_section_no qode_elementor_container_no e-con e-child\" data-id=\"137eef36\" data-element_type=\"container\">\n\t\t\t\t<div class=\"elementor-element elementor-element-4267b21 elementor-widget elementor-widget-image\" data-id=\"4267b21\" data-element_type=\"widget\" data-widget_type=\"image.default\">\n\t\t\t\t<div class=\"elementor-widget-container\">\n\t\t\t\t\t\t\t\t\t\t\t\t\t\t\t<img fetchpriority=\"high\" decoding=\"async\" width=\"800\" height=\"596\" src=\"https:\/\/converzar.com\/wp-content\/uploads\/2025\/02\/Placaelectroddomestico.jpg\" class=\"attachment-full size-full wp-image-987503247\" alt=\"\" srcset=\"https:\/\/converzar.com\/wp-content\/uploads\/2025\/02\/Placaelectroddomestico.jpg 800w, https:\/\/converzar.com\/wp-content\/uploads\/2025\/02\/Placaelectroddomestico-300x224.jpg 300w, https:\/\/converzar.com\/wp-content\/uploads\/2025\/02\/Placaelectroddomestico-768x572.jpg 768w, https:\/\/converzar.com\/wp-content\/uploads\/2025\/02\/Placaelectroddomestico-700x522.jpg 700w\" sizes=\"(max-width: 800px) 100vw, 800px\" \/>\t\t\t\t\t\t\t\t\t\t\t\t\t\t\t<\/div>\n\t\t\t\t<\/div>\n\t\t\t\t<div class=\"elementor-element elementor-element-7fd385a elementor-widget elementor-widget-heading\" data-id=\"7fd385a\" data-element_type=\"widget\" data-widget_type=\"heading.default\">\n\t\t\t\t<div class=\"elementor-widget-container\">\n\t\t\t\t\t<h1 class=\"elementor-heading-title elementor-size-default\">| Appareils m\u00e9nagers\n\n<\/h1>\t\t\t\t<\/div>\n\t\t\t\t<\/div>\n\t\t\t\t<div class=\"elementor-element elementor-element-7ad497ed elementor-widget__width-initial elementor-widget elementor-widget-qi_addons_for_elementor_section_title\" data-id=\"7ad497ed\" data-element_type=\"widget\" data-widget_type=\"qi_addons_for_elementor_section_title.default\">\n\t\t\t\t<div class=\"elementor-widget-container\">\n\t\t\t\t\t<div class=\"qodef-shortcode qodef-m qodef-qi-section-title qodef-decoration--italic qodef-link--underline-draw qodef-subtitle-icon--left\">\n\t\t\t\t\t\t\t\t<div class=\"qodef-m-text\"><p>Le secteur de l\u2019\u00e9lectrom\u00e9nager ne cesse d\u2019\u00e9voluer, tout comme les besoins des consommateurs en mati\u00e8re d\u2019efficacit\u00e9, de l\u00e9g\u00e8ret\u00e9 et de fonctionnalit\u00e9.<br \/>Et ce mouvement constant est parfaitement adapt\u00e9 \u00e0 notre capacit\u00e9 d\u2019adaptation !<\/p><\/div>\n\t<\/div>\n\t\t\t\t<\/div>\n\t\t\t\t<\/div>\n\t\t\t\t<\/div>\n\t\t<div class=\"elementor-element elementor-element-1cfb4d8a e-con-full e-flex parallax_section_no qode_elementor_container_no e-con e-child\" data-id=\"1cfb4d8a\" data-element_type=\"container\">\n\t\t\t\t<div class=\"elementor-element elementor-element-3f981d29 elementor-widget__width-auto elementor-widget elementor-widget-bridge_image_gallery\" data-id=\"3f981d29\" data-element_type=\"widget\" data-widget_type=\"bridge_image_gallery.default\">\n\t\t\t\t<div class=\"elementor-widget-container\">\n\t\t\t\t\t<div class=\"qode-image-gallery\"><div class=\"qode-image-gallery-inner\"><div class=\"qode-image-gallery-slides drag_enabled wpb_image_grid\" data-interval=\"\"data-control=&quot;false&quot;data-direction=&quot;false&quot;data-pause-on-hover=&quot;false&quot;data-drag=&quot;true&quot;><div class=\"gallery_holder\"><ul class=\"gallery_inner   v0\"><li class=\"no_grayscale\"><img decoding=\"async\" src=\"https:\/\/converzar.com\/wp-content\/uploads\/2024\/11\/electrodomesticos.png\" \/><\/li><\/ul><\/div><\/div><\/div><\/div>\t\t\t\t<\/div>\n\t\t\t\t<\/div>\n\t\t\t\t<\/div>\n\t\t\t\t<\/div>\n\t\t<div class=\"elementor-element elementor-element-87bb7e9 e-flex e-con-boxed parallax_section_no qode_elementor_container_no e-con e-parent\" data-id=\"87bb7e9\" data-element_type=\"container\" data-settings=\"{&quot;background_background&quot;:&quot;classic&quot;}\">\n\t\t\t\t\t<div class=\"e-con-inner\">\n\t\t<div class=\"elementor-element elementor-element-f364d28 e-con-full e-flex parallax_section_no qode_elementor_container_no e-con e-child\" data-id=\"f364d28\" data-element_type=\"container\">\n\t\t<div class=\"elementor-element elementor-element-ab2d472 e-con-full e-flex parallax_section_no qode_elementor_container_no e-con e-child\" data-id=\"ab2d472\" data-element_type=\"container\">\n\t\t\t\t<div class=\"elementor-element elementor-element-66121c7 elementor-widget elementor-widget-text-editor\" data-id=\"66121c7\" data-element_type=\"widget\" data-widget_type=\"text-editor.default\">\n\t\t\t\t<div class=\"elementor-widget-container\">\n\t\t\t\t\t\t\t\t\t<span style=\"color: #ed0928; font-size: 14px;\"><img decoding=\"async\" class=\"alignnone wp-image-11298\" style=\"margin-top: -5px;\" src=\"https:\/\/converzar.com\/wp-content\/uploads\/2024\/10\/Imago_converzar.png\" alt=\"\" width=\"14\" height=\"18\" \/> <span style=\"font-weight: 400;\">APPLICATIONS DANS LES APPAREILS M\u00c9NAGERS\n<\/span><\/span>\t\t\t\t\t\t\t\t<\/div>\n\t\t\t\t<\/div>\n\t\t\t\t<div class=\"elementor-element elementor-element-9fc9951 elementor-widget__width-initial elementor-widget elementor-widget-qi_addons_for_elementor_section_title\" data-id=\"9fc9951\" data-element_type=\"widget\" data-widget_type=\"qi_addons_for_elementor_section_title.default\">\n\t\t\t\t<div class=\"elementor-widget-container\">\n\t\t\t\t\t<div class=\"qodef-shortcode qodef-m qodef-qi-section-title qodef-decoration--italic qodef-link--underline-draw qodef-subtitle-icon--left\">\n\t\t\t\t\t\t\t\t<div class=\"qodef-m-text\"><h5><span style=\"font-weight: 400\"><span style=\"color: #ed0928\">| <\/span><\/span><span style=\"font-weight: 400\">\u00c9lectrom\u00e9nagers industriels<\/span><\/h5>\n<h5><span style=\"font-weight: 400\"><span style=\"color: #ed0928\">| <\/span><\/span><span style=\"font-weight: 400\">Fours et plaques de cuisson<\/span><\/h5>\n<h5><span style=\"font-weight: 400\"><span style=\"color: #ed0928\">| <\/span><\/span><span style=\"font-weight: 400\">R\u00e9frig\u00e9rateurs et cong\u00e9lateurs<\/span><\/h5>\n<h5><span style=\"font-weight: 400\"><span style=\"color: #ed0928\">| <\/span><\/span><span style=\"font-weight: 400\">Lave-linge et lave-vaisselle<\/span><\/h5>\n<\/div>\n\t<\/div>\n\t\t\t\t<\/div>\n\t\t\t\t<\/div>\n\t\t\t\t<\/div>\n\t\t\t\t<\/div>\n\t\t\t\t<div class=\"elementor-element elementor-element-2479366 elementor-widget__width-initial elementor-widget elementor-widget-qi_addons_for_elementor_section_title\" data-id=\"2479366\" data-element_type=\"widget\" data-widget_type=\"qi_addons_for_elementor_section_title.default\">\n\t\t\t\t<div class=\"elementor-widget-container\">\n\t\t\t\t\t<div class=\"qodef-shortcode qodef-m qodef-qi-section-title qodef-decoration--italic qodef-link--underline-draw qodef-subtitle-icon--left\">\n\t\t\t\t\t\t\t\t<div class=\"qodef-m-text\"><p>Les solutions adh\u00e9sives de Converzar sont con\u00e7ues pour am\u00e9liorer la durabilit\u00e9 et l\u2019efficacit\u00e9 des appareils \u00e9lectrom\u00e9nagers modernes.<\/p><p>Nos adh\u00e9sifs de haute qualit\u00e9 garantissent une adh\u00e9rence solide sur des surfaces telles que le plastique, le verre ou le m\u00e9tal, assurant la fabrication de produits fiables et durables.<\/p><p>Des r\u00e9frig\u00e9rateurs aux lave-linge, nos solutions permettent l\u2019assemblage, la fixation, l\u2019identification, la r\u00e9duction du bruit et la protection des appareils \u00e9lectrom\u00e9nagers. Le r\u00e9sultat : des \u00e9quipements robustes et s\u00fbrs, r\u00e9pondant aux exigences du march\u00e9 et des consommateurs d\u2019aujourd\u2019hui.<\/p><\/div>\n\t<\/div>\n\t\t\t\t<\/div>\n\t\t\t\t<\/div>\n\t\t\t\t\t<\/div>\n\t\t\t\t<\/div>\n\t\t\t\t<\/div>\n\t\t","protected":false},"excerpt":{"rendered":"<p>| Appareils m\u00e9nagers Le secteur&#8230;<\/p>\n","protected":false},"author":1,"featured_media":0,"parent":0,"menu_order":0,"comment_status":"closed","ping_status":"closed","template":"full_width.php","meta":{"_mbp_gutenberg_autopost":false,"footnotes":""},"class_list":["post-987504925","page","type-page","status-publish","hentry"],"yoast_head":"<!-- This site is optimized with the Yoast SEO plugin v24.8.1 - https:\/\/yoast.com\/wordpress\/plugins\/seo\/ -->\n<title>Adhesivos Industriales para Electrodom\u00e9sticos | Converzar<\/title>\n<meta name=\"description\" content=\"Adhesivos de alta resistencia para la fabricaci\u00f3n de electrodom\u00e9sticos. Uniones seguras y duraderas en cocinas, lavadoras y m\u00e1s.\" \/>\n<meta name=\"robots\" content=\"index, follow, max-snippet:-1, max-image-preview:large, max-video-preview:-1\" \/>\n<link rel=\"canonical\" href=\"https:\/\/converzar.com\/fr\/appareils-menagers\/\" \/>\n<meta property=\"og:locale\" content=\"fr_FR\" \/>\n<meta property=\"og:type\" content=\"article\" \/>\n<meta property=\"og:title\" content=\"Adhesivos Industriales para Electrodom\u00e9sticos | Converzar\" \/>\n<meta property=\"og:description\" content=\"Adhesivos de alta resistencia para la fabricaci\u00f3n de electrodom\u00e9sticos. Uniones seguras y duraderas en cocinas, lavadoras y m\u00e1s.\" \/>\n<meta property=\"og:url\" content=\"https:\/\/converzar.com\/fr\/appareils-menagers\/\" \/>\n<meta property=\"og:site_name\" content=\"Converzar\" \/>\n<meta property=\"article:modified_time\" content=\"2025-07-14T15:50:34+00:00\" \/>\n<meta property=\"og:image\" content=\"https:\/\/converzar.com\/wp-content\/uploads\/2025\/02\/Placaelectroddomestico.jpg\" \/>\n\t<meta property=\"og:image:width\" content=\"800\" \/>\n\t<meta property=\"og:image:height\" content=\"596\" \/>\n\t<meta property=\"og:image:type\" content=\"image\/jpeg\" \/>\n<meta name=\"twitter:card\" content=\"summary_large_image\" \/>\n<meta name=\"twitter:label1\" content=\"Dur\u00e9e de lecture estim\u00e9e\" \/>\n\t<meta name=\"twitter:data1\" content=\"2 minutes\" \/>\n<script type=\"application\/ld+json\" class=\"yoast-schema-graph\">{\"@context\":\"https:\/\/schema.org\",\"@graph\":[{\"@type\":\"WebPage\",\"@id\":\"https:\/\/converzar.com\/fr\/appareils-menagers\/\",\"url\":\"https:\/\/converzar.com\/fr\/appareils-menagers\/\",\"name\":\"Adhesivos Industriales para Electrodom\u00e9sticos | Converzar\",\"isPartOf\":{\"@id\":\"https:\/\/converzar.com\/fr\/#website\"},\"primaryImageOfPage\":{\"@id\":\"https:\/\/converzar.com\/fr\/appareils-menagers\/#primaryimage\"},\"image\":{\"@id\":\"https:\/\/converzar.com\/fr\/appareils-menagers\/#primaryimage\"},\"thumbnailUrl\":\"https:\/\/converzar.com\/wp-content\/uploads\/2025\/02\/Placaelectroddomestico.jpg\",\"datePublished\":\"2024-11-28T10:18:56+00:00\",\"dateModified\":\"2025-07-14T15:50:34+00:00\",\"description\":\"Adhesivos de alta resistencia para la fabricaci\u00f3n de electrodom\u00e9sticos. Uniones seguras y duraderas en cocinas, lavadoras y m\u00e1s.\",\"breadcrumb\":{\"@id\":\"https:\/\/converzar.com\/fr\/appareils-menagers\/#breadcrumb\"},\"inLanguage\":\"fr-FR\",\"potentialAction\":[{\"@type\":\"ReadAction\",\"target\":[\"https:\/\/converzar.com\/fr\/appareils-menagers\/\"]}]},{\"@type\":\"ImageObject\",\"inLanguage\":\"fr-FR\",\"@id\":\"https:\/\/converzar.com\/fr\/appareils-menagers\/#primaryimage\",\"url\":\"https:\/\/converzar.com\/wp-content\/uploads\/2025\/02\/Placaelectroddomestico.jpg\",\"contentUrl\":\"https:\/\/converzar.com\/wp-content\/uploads\/2025\/02\/Placaelectroddomestico.jpg\"},{\"@type\":\"BreadcrumbList\",\"@id\":\"https:\/\/converzar.com\/fr\/appareils-menagers\/#breadcrumb\",\"itemListElement\":[{\"@type\":\"ListItem\",\"position\":1,\"name\":\"Portada\",\"item\":\"https:\/\/converzar.com\/fr\/\"},{\"@type\":\"ListItem\",\"position\":2,\"name\":\"Appareils m\u00e9nagers\"}]},{\"@type\":\"WebSite\",\"@id\":\"https:\/\/converzar.com\/fr\/#website\",\"url\":\"https:\/\/converzar.com\/fr\/\",\"name\":\"Converzar\",\"description\":\"\",\"potentialAction\":[{\"@type\":\"SearchAction\",\"target\":{\"@type\":\"EntryPoint\",\"urlTemplate\":\"https:\/\/converzar.com\/fr\/?s={search_term_string}\"},\"query-input\":{\"@type\":\"PropertyValueSpecification\",\"valueRequired\":true,\"valueName\":\"search_term_string\"}}],\"inLanguage\":\"fr-FR\"}]}<\/script>\n<!-- \/ Yoast SEO plugin. -->","yoast_head_json":{"title":"Adhesivos Industriales para Electrodom\u00e9sticos | Converzar","description":"Adhesivos de alta resistencia para la fabricaci\u00f3n de electrodom\u00e9sticos. Uniones seguras y duraderas en cocinas, lavadoras y m\u00e1s.","robots":{"index":"index","follow":"follow","max-snippet":"max-snippet:-1","max-image-preview":"max-image-preview:large","max-video-preview":"max-video-preview:-1"},"canonical":"https:\/\/converzar.com\/fr\/appareils-menagers\/","og_locale":"fr_FR","og_type":"article","og_title":"Adhesivos Industriales para Electrodom\u00e9sticos | Converzar","og_description":"Adhesivos de alta resistencia para la fabricaci\u00f3n de electrodom\u00e9sticos. Uniones seguras y duraderas en cocinas, lavadoras y m\u00e1s.","og_url":"https:\/\/converzar.com\/fr\/appareils-menagers\/","og_site_name":"Converzar","article_modified_time":"2025-07-14T15:50:34+00:00","og_image":[{"width":800,"height":596,"url":"https:\/\/converzar.com\/wp-content\/uploads\/2025\/02\/Placaelectroddomestico.jpg","type":"image\/jpeg"}],"twitter_card":"summary_large_image","twitter_misc":{"Dur\u00e9e de lecture estim\u00e9e":"2 minutes"},"schema":{"@context":"https:\/\/schema.org","@graph":[{"@type":"WebPage","@id":"https:\/\/converzar.com\/fr\/appareils-menagers\/","url":"https:\/\/converzar.com\/fr\/appareils-menagers\/","name":"Adhesivos Industriales para Electrodom\u00e9sticos | Converzar","isPartOf":{"@id":"https:\/\/converzar.com\/fr\/#website"},"primaryImageOfPage":{"@id":"https:\/\/converzar.com\/fr\/appareils-menagers\/#primaryimage"},"image":{"@id":"https:\/\/converzar.com\/fr\/appareils-menagers\/#primaryimage"},"thumbnailUrl":"https:\/\/converzar.com\/wp-content\/uploads\/2025\/02\/Placaelectroddomestico.jpg","datePublished":"2024-11-28T10:18:56+00:00","dateModified":"2025-07-14T15:50:34+00:00","description":"Adhesivos de alta resistencia para la fabricaci\u00f3n de electrodom\u00e9sticos. Uniones seguras y duraderas en cocinas, lavadoras y m\u00e1s.","breadcrumb":{"@id":"https:\/\/converzar.com\/fr\/appareils-menagers\/#breadcrumb"},"inLanguage":"fr-FR","potentialAction":[{"@type":"ReadAction","target":["https:\/\/converzar.com\/fr\/appareils-menagers\/"]}]},{"@type":"ImageObject","inLanguage":"fr-FR","@id":"https:\/\/converzar.com\/fr\/appareils-menagers\/#primaryimage","url":"https:\/\/converzar.com\/wp-content\/uploads\/2025\/02\/Placaelectroddomestico.jpg","contentUrl":"https:\/\/converzar.com\/wp-content\/uploads\/2025\/02\/Placaelectroddomestico.jpg"},{"@type":"BreadcrumbList","@id":"https:\/\/converzar.com\/fr\/appareils-menagers\/#breadcrumb","itemListElement":[{"@type":"ListItem","position":1,"name":"Portada","item":"https:\/\/converzar.com\/fr\/"},{"@type":"ListItem","position":2,"name":"Appareils m\u00e9nagers"}]},{"@type":"WebSite","@id":"https:\/\/converzar.com\/fr\/#website","url":"https:\/\/converzar.com\/fr\/","name":"Converzar","description":"","potentialAction":[{"@type":"SearchAction","target":{"@type":"EntryPoint","urlTemplate":"https:\/\/converzar.com\/fr\/?s={search_term_string}"},"query-input":{"@type":"PropertyValueSpecification","valueRequired":true,"valueName":"search_term_string"}}],"inLanguage":"fr-FR"}]}},"_links":{"self":[{"href":"https:\/\/converzar.com\/fr\/wp-json\/wp\/v2\/pages\/987504925","targetHints":{"allow":["GET"]}}],"collection":[{"href":"https:\/\/converzar.com\/fr\/wp-json\/wp\/v2\/pages"}],"about":[{"href":"https:\/\/converzar.com\/fr\/wp-json\/wp\/v2\/types\/page"}],"author":[{"embeddable":true,"href":"https:\/\/converzar.com\/fr\/wp-json\/wp\/v2\/users\/1"}],"replies":[{"embeddable":true,"href":"https:\/\/converzar.com\/fr\/wp-json\/wp\/v2\/comments?post=987504925"}],"version-history":[{"count":7,"href":"https:\/\/converzar.com\/fr\/wp-json\/wp\/v2\/pages\/987504925\/revisions"}],"predecessor-version":[{"id":987505056,"href":"https:\/\/converzar.com\/fr\/wp-json\/wp\/v2\/pages\/987504925\/revisions\/987505056"}],"wp:attachment":[{"href":"https:\/\/converzar.com\/fr\/wp-json\/wp\/v2\/media?parent=987504925"}],"curies":[{"name":"wp","href":"https:\/\/api.w.org\/{rel}","templated":true}]}}