{"id":987504935,"date":"2025-04-11T08:41:04","date_gmt":"2025-04-11T08:41:04","guid":{"rendered":"https:\/\/converzar.com\/aeroespacial\/"},"modified":"2025-07-14T15:54:00","modified_gmt":"2025-07-14T15:54:00","slug":"aerospatiale","status":"publish","type":"page","link":"https:\/\/converzar.com\/fr\/aerospatiale\/","title":{"rendered":"A\u00e9rospatiale"},"content":{"rendered":"\t\t<div data-elementor-type=\"wp-page\" data-elementor-id=\"987504935\" class=\"elementor elementor-987504935 elementor-987503913\">\n\t\t\t\t<div class=\"elementor-element elementor-element-3975df32 e-con-full e-flex parallax_section_no qode_elementor_container_no e-con e-parent\" data-id=\"3975df32\" data-element_type=\"container\">\n\t\t<div class=\"elementor-element elementor-element-137eef36 e-con-full e-flex parallax_section_no qode_elementor_container_no e-con e-child\" data-id=\"137eef36\" data-element_type=\"container\">\n\t\t\t\t<div class=\"elementor-element elementor-element-4267b21 elementor-widget elementor-widget-image\" data-id=\"4267b21\" data-element_type=\"widget\" data-widget_type=\"image.default\">\n\t\t\t\t<div class=\"elementor-widget-container\">\n\t\t\t\t\t\t\t\t\t\t\t\t\t\t\t<img fetchpriority=\"high\" decoding=\"async\" width=\"3200\" height=\"2384\" src=\"https:\/\/converzar.com\/wp-content\/uploads\/2025\/02\/wmremove-transformed-3.png\" class=\"attachment-full size-full wp-image-987502919\" alt=\"\" srcset=\"https:\/\/converzar.com\/wp-content\/uploads\/2025\/02\/wmremove-transformed-3.png 3200w, https:\/\/converzar.com\/wp-content\/uploads\/2025\/02\/wmremove-transformed-3-300x224.png 300w, https:\/\/converzar.com\/wp-content\/uploads\/2025\/02\/wmremove-transformed-3-1024x763.png 1024w, https:\/\/converzar.com\/wp-content\/uploads\/2025\/02\/wmremove-transformed-3-768x572.png 768w, https:\/\/converzar.com\/wp-content\/uploads\/2025\/02\/wmremove-transformed-3-1536x1144.png 1536w, https:\/\/converzar.com\/wp-content\/uploads\/2025\/02\/wmremove-transformed-3-2048x1526.png 2048w, https:\/\/converzar.com\/wp-content\/uploads\/2025\/02\/wmremove-transformed-3-700x522.png 700w\" sizes=\"(max-width: 3200px) 100vw, 3200px\" \/>\t\t\t\t\t\t\t\t\t\t\t\t\t\t\t<\/div>\n\t\t\t\t<\/div>\n\t\t\t\t<div class=\"elementor-element elementor-element-7fd385a elementor-widget elementor-widget-heading\" data-id=\"7fd385a\" data-element_type=\"widget\" data-widget_type=\"heading.default\">\n\t\t\t\t<div class=\"elementor-widget-container\">\n\t\t\t\t\t<h1 class=\"elementor-heading-title elementor-size-default\">| A\u00e9rospatiale\n<\/h1>\t\t\t\t<\/div>\n\t\t\t\t<\/div>\n\t\t\t\t<div class=\"elementor-element elementor-element-7ad497ed elementor-widget__width-initial elementor-widget elementor-widget-qi_addons_for_elementor_section_title\" data-id=\"7ad497ed\" data-element_type=\"widget\" data-widget_type=\"qi_addons_for_elementor_section_title.default\">\n\t\t\t\t<div class=\"elementor-widget-container\">\n\t\t\t\t\t<div class=\"qodef-shortcode qodef-m qodef-qi-section-title qodef-decoration--italic qodef-link--underline-draw qodef-subtitle-icon--left\">\n\t\t\t\t\t\t\t\t<div class=\"qodef-m-text\"><p style=\"text-align: right\">Les structures, pi\u00e8ces et composants des a\u00e9ronefs n\u00e9cessitent des capacit\u00e9s adh\u00e9sives et des caract\u00e9ristiques tr\u00e8s sp\u00e9cifiques.<\/p><\/div>\n\t<\/div>\n\t\t\t\t<\/div>\n\t\t\t\t<\/div>\n\t\t\t\t<\/div>\n\t\t<div class=\"elementor-element elementor-element-1cfb4d8a e-con-full e-flex parallax_section_no qode_elementor_container_no e-con e-child\" data-id=\"1cfb4d8a\" data-element_type=\"container\">\n\t\t\t\t<div class=\"elementor-element elementor-element-3f981d29 elementor-widget__width-auto elementor-widget elementor-widget-bridge_image_gallery\" data-id=\"3f981d29\" data-element_type=\"widget\" data-widget_type=\"bridge_image_gallery.default\">\n\t\t\t\t<div class=\"elementor-widget-container\">\n\t\t\t\t\t<div class=\"qode-image-gallery\"><div class=\"qode-image-gallery-inner\"><div class=\"qode-image-gallery-slides drag_enabled wpb_image_grid\" data-interval=\"\"data-control=&quot;false&quot;data-direction=&quot;false&quot;data-pause-on-hover=&quot;false&quot;data-drag=&quot;true&quot;><div class=\"gallery_holder\"><ul class=\"gallery_inner   v0\"><li class=\"no_grayscale\"><img decoding=\"async\" src=\"https:\/\/converzar.com\/wp-content\/uploads\/2024\/11\/Aeroespacial_.png\" \/><\/li><\/ul><\/div><\/div><\/div><\/div>\t\t\t\t<\/div>\n\t\t\t\t<\/div>\n\t\t\t\t<\/div>\n\t\t\t\t<\/div>\n\t\t<div class=\"elementor-element elementor-element-87bb7e9 e-flex e-con-boxed parallax_section_no qode_elementor_container_no e-con e-parent\" data-id=\"87bb7e9\" data-element_type=\"container\" data-settings=\"{&quot;background_background&quot;:&quot;classic&quot;}\">\n\t\t\t\t\t<div class=\"e-con-inner\">\n\t\t<div class=\"elementor-element elementor-element-f364d28 e-con-full e-flex parallax_section_no qode_elementor_container_no e-con e-child\" data-id=\"f364d28\" data-element_type=\"container\">\n\t\t<div class=\"elementor-element elementor-element-ab2d472 e-con-full e-flex parallax_section_no qode_elementor_container_no e-con e-child\" data-id=\"ab2d472\" data-element_type=\"container\">\n\t\t\t\t<div class=\"elementor-element elementor-element-66121c7 elementor-widget elementor-widget-text-editor\" data-id=\"66121c7\" data-element_type=\"widget\" data-widget_type=\"text-editor.default\">\n\t\t\t\t<div class=\"elementor-widget-container\">\n\t\t\t\t\t\t\t\t\t<span style=\"color: #ed0928; font-size: 14px;\"><img decoding=\"async\" class=\"alignnone wp-image-11298\" style=\"margin-top: -5px;\" src=\"https:\/\/converzar.com\/wp-content\/uploads\/2024\/10\/Imago_converzar.png\" alt=\"\" width=\"14\" height=\"18\" \/> <span style=\"font-weight: 400;\">APPLICATIONS AVIONABLES<\/span><\/span>\t\t\t\t\t\t\t\t<\/div>\n\t\t\t\t<\/div>\n\t\t\t\t<div class=\"elementor-element elementor-element-9fc9951 elementor-widget__width-initial elementor-widget elementor-widget-qi_addons_for_elementor_section_title\" data-id=\"9fc9951\" data-element_type=\"widget\" data-widget_type=\"qi_addons_for_elementor_section_title.default\">\n\t\t\t\t<div class=\"elementor-widget-container\">\n\t\t\t\t\t<div class=\"qodef-shortcode qodef-m qodef-qi-section-title qodef-decoration--italic qodef-link--underline-draw qodef-subtitle-icon--left\">\n\t\t\t\t\t\t\t\t<div class=\"qodef-m-text\"><h5><span style=\"font-weight: 400\"><span style=\"color: #ed0928\">| <\/span><\/span><span style=\"font-weight: 400\">C\u00e2blage<\/span><\/h5>\n<h5><span style=\"font-weight: 400\"><span style=\"color: #ed0928\">| <\/span><\/span><span style=\"font-weight: 400\">\u00c9tanch\u00e9it\u00e9 de la soute avion<\/span><\/h5>\n<h5><span style=\"font-weight: 400\"><span style=\"color: #ed0928\">| <\/span><\/span><span style=\"font-weight: 400\">Fixation des moquettes<\/span><\/h5>\n<h5><span style=\"font-weight: 400\"><span style=\"color: #ed0928\">| <\/span><\/span><span style=\"font-weight: 400\">Anticorrosion<\/span><\/h5>\n<h5><span style=\"font-weight: 400\"><span style=\"color: #ed0928\">| <\/span><\/span><span style=\"font-weight: 400\">\u00c9tanch\u00e9it\u00e9 des filetages de tuyauterie<\/span><\/h5>\n<h5><span style=\"font-weight: 400\"><span style=\"color: #ed0928\">| <\/span><\/span><span style=\"font-weight: 400\">Blindage \u00e9lectromagn\u00e9tique<\/span><\/h5>\n<\/div>\n\t<\/div>\n\t\t\t\t<\/div>\n\t\t\t\t<\/div>\n\t\t\t\t<div class=\"elementor-element elementor-element-3ad170b elementor-widget elementor-widget-text-editor\" data-id=\"3ad170b\" data-element_type=\"widget\" data-widget_type=\"text-editor.default\">\n\t\t\t\t<div class=\"elementor-widget-container\">\n\t\t\t\t\t\t\t\t\t<span style=\"color: #ed0928; font-size: 14px;\"><img decoding=\"async\" class=\"alignnone wp-image-11298\" style=\"margin-top: -5px;\" src=\"https:\/\/converzar.com\/wp-content\/uploads\/2024\/10\/Imago_converzar.png\" alt=\"\" width=\"14\" height=\"18\" \/> <span style=\"font-weight: 400;\">APPLICATIONS NON AVIONABLES<\/span><\/span>\t\t\t\t\t\t\t\t<\/div>\n\t\t\t\t<\/div>\n\t\t\t\t<div class=\"elementor-element elementor-element-9c373d4 elementor-widget__width-initial elementor-widget elementor-widget-qi_addons_for_elementor_section_title\" data-id=\"9c373d4\" data-element_type=\"widget\" data-widget_type=\"qi_addons_for_elementor_section_title.default\">\n\t\t\t\t<div class=\"elementor-widget-container\">\n\t\t\t\t\t<div class=\"qodef-shortcode qodef-m qodef-qi-section-title qodef-decoration--italic qodef-link--underline-draw qodef-subtitle-icon--left\">\n\t\t\t\t\t\t\t\t<div class=\"qodef-m-text\"><h5><span style=\"font-weight: 400\"><span style=\"color: #ed0928\">| <\/span><\/span><span style=\"font-weight: 400\">Masquage pour peinture<\/span><\/h5>\n<h5><span style=\"font-weight: 400\"><span style=\"color: #ed0928\">| <\/span><\/span><span style=\"font-weight: 400\">Fabrication de composites<\/span><\/h5>\n<h5><span style=\"font-weight: 400\"><span style=\"color: #ed0928\">| <\/span><\/span><span style=\"font-weight: 400\">Masquage de fen\u00eatres<\/span><\/h5>\n<h5><span style=\"font-weight: 400\"><span style=\"color: #ed0928\">| <\/span><\/span><span style=\"font-weight: 400\">Protection de surfaces<\/span><\/h5>\n<\/div>\n\t<\/div>\n\t\t\t\t<\/div>\n\t\t\t\t<\/div>\n\t\t\t\t<\/div>\n\t\t\t\t<\/div>\n\t\t\t\t<div class=\"elementor-element elementor-element-2479366 elementor-widget__width-initial elementor-widget elementor-widget-qi_addons_for_elementor_section_title\" data-id=\"2479366\" data-element_type=\"widget\" data-widget_type=\"qi_addons_for_elementor_section_title.default\">\n\t\t\t\t<div class=\"elementor-widget-container\">\n\t\t\t\t\t<div class=\"qodef-shortcode qodef-m qodef-qi-section-title qodef-decoration--italic qodef-link--underline-draw qodef-subtitle-icon--left\">\n\t\t\t\t\t\t\t\t<div class=\"qodef-m-text\"><p>Les conditions auxquelles ces syst\u00e8mes sont expos\u00e9s peuvent \u00eatre particuli\u00e8rement difficiles \u00e0 supporter. C\u2019est pourquoi nos projets sont r\u00e9alis\u00e9s avec le plus grand soin, gr\u00e2ce \u00e0 notre d\u00e9partement d\u2019ing\u00e9nierie, qui nous permet d\u2019offrir une fabrication interne et sur mesure.<\/p><p>Dans l\u2019industrie a\u00e9rospatiale, les solutions adh\u00e9sives de Converzar sont essentielles pour garantir la s\u00e9curit\u00e9 et la performance. Nous proposons des adh\u00e9sifs structurels haute r\u00e9sistance, capables de supporter des conditions extr\u00eames et de r\u00e9pondre aux normes strictes du secteur.<\/p><p>Des composants de fuselage aux assemblages de syst\u00e8mes \u00e9lectroniques, nos solutions assurent une liaison s\u00fbre et durable, tout en r\u00e9duisant le poids des a\u00e9ronefs et en am\u00e9liorant leur efficacit\u00e9.<\/p><p>Nous distinguons par ailleurs les solutions avionables, c\u2019est-\u00e0-dire utilis\u00e9es dans la construction d\u2019a\u00e9ronefs, et les solutions non avionables, destin\u00e9es \u00e0 la fabrication ou \u00e0 leurs composants.<\/p><\/div>\n\t<\/div>\n\t\t\t\t<\/div>\n\t\t\t\t<\/div>\n\t\t\t\t\t<\/div>\n\t\t\t\t<\/div>\n\t\t\t\t<\/div>\n\t\t","protected":false},"excerpt":{"rendered":"<p>| A\u00e9rospatiale Les structures, pi\u00e8ces&#8230;<\/p>\n","protected":false},"author":1,"featured_media":0,"parent":0,"menu_order":0,"comment_status":"closed","ping_status":"closed","template":"full_width.php","meta":{"_mbp_gutenberg_autopost":false,"footnotes":""},"class_list":["post-987504935","page","type-page","status-publish","hentry"],"yoast_head":"<!-- This site is optimized with the Yoast SEO plugin v24.8.1 - https:\/\/yoast.com\/wordpress\/plugins\/seo\/ -->\n<title>Adhesivos Industriales para el Sector Aeroespacial | Converzar<\/title>\n<meta name=\"description\" content=\"Descubre adhesivos industriales de alta resistencia para la industria aeroespacial. Soluciones avanzadas para uniones duraderas y seguras.\" \/>\n<meta name=\"robots\" content=\"index, follow, max-snippet:-1, max-image-preview:large, max-video-preview:-1\" \/>\n<link rel=\"canonical\" href=\"https:\/\/converzar.com\/fr\/aerospatiale\/\" \/>\n<meta property=\"og:locale\" content=\"fr_FR\" \/>\n<meta property=\"og:type\" content=\"article\" \/>\n<meta property=\"og:title\" content=\"Adhesivos Industriales para el Sector Aeroespacial | Converzar\" \/>\n<meta property=\"og:description\" content=\"Descubre adhesivos industriales de alta resistencia para la industria aeroespacial. Soluciones avanzadas para uniones duraderas y seguras.\" \/>\n<meta property=\"og:url\" content=\"https:\/\/converzar.com\/fr\/aerospatiale\/\" \/>\n<meta property=\"og:site_name\" content=\"Converzar\" \/>\n<meta property=\"article:modified_time\" content=\"2025-07-14T15:54:00+00:00\" \/>\n<meta property=\"og:image\" content=\"https:\/\/converzar.com\/wp-content\/uploads\/2025\/02\/wmremove-transformed-3.png\" \/>\n\t<meta property=\"og:image:width\" content=\"3200\" \/>\n\t<meta property=\"og:image:height\" content=\"2384\" \/>\n\t<meta property=\"og:image:type\" content=\"image\/png\" \/>\n<meta name=\"twitter:card\" content=\"summary_large_image\" \/>\n<meta name=\"twitter:label1\" content=\"Dur\u00e9e de lecture estim\u00e9e\" \/>\n\t<meta name=\"twitter:data1\" content=\"2 minutes\" \/>\n<script type=\"application\/ld+json\" class=\"yoast-schema-graph\">{\"@context\":\"https:\/\/schema.org\",\"@graph\":[{\"@type\":\"WebPage\",\"@id\":\"https:\/\/converzar.com\/fr\/aerospatiale\/\",\"url\":\"https:\/\/converzar.com\/fr\/aerospatiale\/\",\"name\":\"Adhesivos Industriales para el Sector Aeroespacial | Converzar\",\"isPartOf\":{\"@id\":\"https:\/\/converzar.com\/fr\/#website\"},\"primaryImageOfPage\":{\"@id\":\"https:\/\/converzar.com\/fr\/aerospatiale\/#primaryimage\"},\"image\":{\"@id\":\"https:\/\/converzar.com\/fr\/aerospatiale\/#primaryimage\"},\"thumbnailUrl\":\"https:\/\/converzar.com\/wp-content\/uploads\/2025\/02\/wmremove-transformed-3.png\",\"datePublished\":\"2025-04-11T08:41:04+00:00\",\"dateModified\":\"2025-07-14T15:54:00+00:00\",\"description\":\"Descubre adhesivos industriales de alta resistencia para la industria aeroespacial. Soluciones avanzadas para uniones duraderas y seguras.\",\"breadcrumb\":{\"@id\":\"https:\/\/converzar.com\/fr\/aerospatiale\/#breadcrumb\"},\"inLanguage\":\"fr-FR\",\"potentialAction\":[{\"@type\":\"ReadAction\",\"target\":[\"https:\/\/converzar.com\/fr\/aerospatiale\/\"]}]},{\"@type\":\"ImageObject\",\"inLanguage\":\"fr-FR\",\"@id\":\"https:\/\/converzar.com\/fr\/aerospatiale\/#primaryimage\",\"url\":\"https:\/\/converzar.com\/wp-content\/uploads\/2025\/02\/wmremove-transformed-3.png\",\"contentUrl\":\"https:\/\/converzar.com\/wp-content\/uploads\/2025\/02\/wmremove-transformed-3.png\"},{\"@type\":\"BreadcrumbList\",\"@id\":\"https:\/\/converzar.com\/fr\/aerospatiale\/#breadcrumb\",\"itemListElement\":[{\"@type\":\"ListItem\",\"position\":1,\"name\":\"Portada\",\"item\":\"https:\/\/converzar.com\/fr\/\"},{\"@type\":\"ListItem\",\"position\":2,\"name\":\"A\u00e9rospatiale\"}]},{\"@type\":\"WebSite\",\"@id\":\"https:\/\/converzar.com\/fr\/#website\",\"url\":\"https:\/\/converzar.com\/fr\/\",\"name\":\"Converzar\",\"description\":\"\",\"potentialAction\":[{\"@type\":\"SearchAction\",\"target\":{\"@type\":\"EntryPoint\",\"urlTemplate\":\"https:\/\/converzar.com\/fr\/?s={search_term_string}\"},\"query-input\":{\"@type\":\"PropertyValueSpecification\",\"valueRequired\":true,\"valueName\":\"search_term_string\"}}],\"inLanguage\":\"fr-FR\"}]}<\/script>\n<!-- \/ Yoast SEO plugin. -->","yoast_head_json":{"title":"Adhesivos Industriales para el Sector Aeroespacial | Converzar","description":"Descubre adhesivos industriales de alta resistencia para la industria aeroespacial. Soluciones avanzadas para uniones duraderas y seguras.","robots":{"index":"index","follow":"follow","max-snippet":"max-snippet:-1","max-image-preview":"max-image-preview:large","max-video-preview":"max-video-preview:-1"},"canonical":"https:\/\/converzar.com\/fr\/aerospatiale\/","og_locale":"fr_FR","og_type":"article","og_title":"Adhesivos Industriales para el Sector Aeroespacial | Converzar","og_description":"Descubre adhesivos industriales de alta resistencia para la industria aeroespacial. Soluciones avanzadas para uniones duraderas y seguras.","og_url":"https:\/\/converzar.com\/fr\/aerospatiale\/","og_site_name":"Converzar","article_modified_time":"2025-07-14T15:54:00+00:00","og_image":[{"width":3200,"height":2384,"url":"https:\/\/converzar.com\/wp-content\/uploads\/2025\/02\/wmremove-transformed-3.png","type":"image\/png"}],"twitter_card":"summary_large_image","twitter_misc":{"Dur\u00e9e de lecture estim\u00e9e":"2 minutes"},"schema":{"@context":"https:\/\/schema.org","@graph":[{"@type":"WebPage","@id":"https:\/\/converzar.com\/fr\/aerospatiale\/","url":"https:\/\/converzar.com\/fr\/aerospatiale\/","name":"Adhesivos Industriales para el Sector Aeroespacial | Converzar","isPartOf":{"@id":"https:\/\/converzar.com\/fr\/#website"},"primaryImageOfPage":{"@id":"https:\/\/converzar.com\/fr\/aerospatiale\/#primaryimage"},"image":{"@id":"https:\/\/converzar.com\/fr\/aerospatiale\/#primaryimage"},"thumbnailUrl":"https:\/\/converzar.com\/wp-content\/uploads\/2025\/02\/wmremove-transformed-3.png","datePublished":"2025-04-11T08:41:04+00:00","dateModified":"2025-07-14T15:54:00+00:00","description":"Descubre adhesivos industriales de alta resistencia para la industria aeroespacial. Soluciones avanzadas para uniones duraderas y seguras.","breadcrumb":{"@id":"https:\/\/converzar.com\/fr\/aerospatiale\/#breadcrumb"},"inLanguage":"fr-FR","potentialAction":[{"@type":"ReadAction","target":["https:\/\/converzar.com\/fr\/aerospatiale\/"]}]},{"@type":"ImageObject","inLanguage":"fr-FR","@id":"https:\/\/converzar.com\/fr\/aerospatiale\/#primaryimage","url":"https:\/\/converzar.com\/wp-content\/uploads\/2025\/02\/wmremove-transformed-3.png","contentUrl":"https:\/\/converzar.com\/wp-content\/uploads\/2025\/02\/wmremove-transformed-3.png"},{"@type":"BreadcrumbList","@id":"https:\/\/converzar.com\/fr\/aerospatiale\/#breadcrumb","itemListElement":[{"@type":"ListItem","position":1,"name":"Portada","item":"https:\/\/converzar.com\/fr\/"},{"@type":"ListItem","position":2,"name":"A\u00e9rospatiale"}]},{"@type":"WebSite","@id":"https:\/\/converzar.com\/fr\/#website","url":"https:\/\/converzar.com\/fr\/","name":"Converzar","description":"","potentialAction":[{"@type":"SearchAction","target":{"@type":"EntryPoint","urlTemplate":"https:\/\/converzar.com\/fr\/?s={search_term_string}"},"query-input":{"@type":"PropertyValueSpecification","valueRequired":true,"valueName":"search_term_string"}}],"inLanguage":"fr-FR"}]}},"_links":{"self":[{"href":"https:\/\/converzar.com\/fr\/wp-json\/wp\/v2\/pages\/987504935","targetHints":{"allow":["GET"]}}],"collection":[{"href":"https:\/\/converzar.com\/fr\/wp-json\/wp\/v2\/pages"}],"about":[{"href":"https:\/\/converzar.com\/fr\/wp-json\/wp\/v2\/types\/page"}],"author":[{"embeddable":true,"href":"https:\/\/converzar.com\/fr\/wp-json\/wp\/v2\/users\/1"}],"replies":[{"embeddable":true,"href":"https:\/\/converzar.com\/fr\/wp-json\/wp\/v2\/comments?post=987504935"}],"version-history":[{"count":7,"href":"https:\/\/converzar.com\/fr\/wp-json\/wp\/v2\/pages\/987504935\/revisions"}],"predecessor-version":[{"id":987505059,"href":"https:\/\/converzar.com\/fr\/wp-json\/wp\/v2\/pages\/987504935\/revisions\/987505059"}],"wp:attachment":[{"href":"https:\/\/converzar.com\/fr\/wp-json\/wp\/v2\/media?parent=987504935"}],"curies":[{"name":"wp","href":"https:\/\/api.w.org\/{rel}","templated":true}]}}