{"id":987504936,"date":"2025-04-15T13:58:35","date_gmt":"2025-04-15T13:58:35","guid":{"rendered":"https:\/\/converzar.com\/movilidad-electrica\/"},"modified":"2025-07-14T15:48:27","modified_gmt":"2025-07-14T15:48:27","slug":"mobilite-electrique","status":"publish","type":"page","link":"https:\/\/converzar.com\/fr\/mobilite-electrique\/","title":{"rendered":"Mobilit\u00e9 \u00e9lectrique"},"content":{"rendered":"\t\t<div data-elementor-type=\"wp-page\" data-elementor-id=\"987504936\" class=\"elementor elementor-987504936 elementor-987504158\">\n\t\t\t\t<div class=\"elementor-element elementor-element-3975df32 e-con-full e-flex parallax_section_no qode_elementor_container_no e-con e-parent\" data-id=\"3975df32\" data-element_type=\"container\">\n\t\t<div class=\"elementor-element elementor-element-137eef36 e-con-full e-flex parallax_section_no qode_elementor_container_no e-con e-child\" data-id=\"137eef36\" data-element_type=\"container\">\n\t\t\t\t<div class=\"elementor-element elementor-element-4267b21 elementor-widget elementor-widget-image\" data-id=\"4267b21\" data-element_type=\"widget\" data-widget_type=\"image.default\">\n\t\t\t\t<div class=\"elementor-widget-container\">\n\t\t\t\t\t\t\t\t\t\t\t\t\t\t\t<img fetchpriority=\"high\" decoding=\"async\" width=\"800\" height=\"596\" src=\"https:\/\/converzar.com\/wp-content\/uploads\/2025\/02\/sectores_batterypack_p.jpg\" class=\"attachment-full size-full wp-image-987503165\" alt=\"\" srcset=\"https:\/\/converzar.com\/wp-content\/uploads\/2025\/02\/sectores_batterypack_p.jpg 800w, https:\/\/converzar.com\/wp-content\/uploads\/2025\/02\/sectores_batterypack_p-300x224.jpg 300w, https:\/\/converzar.com\/wp-content\/uploads\/2025\/02\/sectores_batterypack_p-768x572.jpg 768w, https:\/\/converzar.com\/wp-content\/uploads\/2025\/02\/sectores_batterypack_p-700x522.jpg 700w\" sizes=\"(max-width: 800px) 100vw, 800px\" \/>\t\t\t\t\t\t\t\t\t\t\t\t\t\t\t<\/div>\n\t\t\t\t<\/div>\n\t\t\t\t<div class=\"elementor-element elementor-element-7fd385a elementor-widget elementor-widget-heading\" data-id=\"7fd385a\" data-element_type=\"widget\" data-widget_type=\"heading.default\">\n\t\t\t\t<div class=\"elementor-widget-container\">\n\t\t\t\t\t<h1 class=\"elementor-heading-title elementor-size-default\">| EV-Batery pack\n<\/h1>\t\t\t\t<\/div>\n\t\t\t\t<\/div>\n\t\t\t\t<div class=\"elementor-element elementor-element-7ad497ed elementor-widget__width-initial elementor-widget elementor-widget-qi_addons_for_elementor_section_title\" data-id=\"7ad497ed\" data-element_type=\"widget\" data-widget_type=\"qi_addons_for_elementor_section_title.default\">\n\t\t\t\t<div class=\"elementor-widget-container\">\n\t\t\t\t\t<div class=\"qodef-shortcode qodef-m qodef-qi-section-title qodef-decoration--italic qodef-link--underline-draw qodef-subtitle-icon--left\">\n\t\t\t\t\t\t\t\t<div class=\"qodef-m-text\"><p style=\"text-align: right\">La mobilit\u00e9 \u00e9lectrique a chang\u00e9 les r\u00e8gles du jeu\u2026 De nouvelles plateformes d\u2019ing\u00e9nierie, des centaines de nouveaux composants et, surtout, de nouveaux besoins en mati\u00e8re d\u2019assemblage, d\u2019isolation et, avant tout, de gestion thermique du battery pack et du groupe motopropulseur (powertrain).<\/p><\/div>\n\t<\/div>\n\t\t\t\t<\/div>\n\t\t\t\t<\/div>\n\t\t\t\t<\/div>\n\t\t<div class=\"elementor-element elementor-element-1cfb4d8a e-con-full e-flex parallax_section_no qode_elementor_container_no e-con e-child\" data-id=\"1cfb4d8a\" data-element_type=\"container\">\n\t\t\t\t<div class=\"elementor-element elementor-element-3f981d29 elementor-widget__width-auto elementor-widget elementor-widget-bridge_image_gallery\" data-id=\"3f981d29\" data-element_type=\"widget\" data-widget_type=\"bridge_image_gallery.default\">\n\t\t\t\t<div class=\"elementor-widget-container\">\n\t\t\t\t\t<div class=\"qode-image-gallery\"><div class=\"qode-image-gallery-inner\"><div class=\"qode-image-gallery-slides drag_enabled wpb_image_grid\" data-interval=\"\"data-control=&quot;false&quot;data-direction=&quot;false&quot;data-pause-on-hover=&quot;false&quot;data-drag=&quot;true&quot;><div class=\"gallery_holder\"><ul class=\"gallery_inner   v0\"><li class=\"no_grayscale\"><img decoding=\"async\" src=\"https:\/\/converzar.com\/wp-content\/uploads\/2024\/11\/movilidadelectrica.png\" \/><\/li><\/ul><\/div><\/div><\/div><\/div>\t\t\t\t<\/div>\n\t\t\t\t<\/div>\n\t\t\t\t<\/div>\n\t\t\t\t<\/div>\n\t\t<div class=\"elementor-element elementor-element-87bb7e9 e-flex e-con-boxed parallax_section_no qode_elementor_container_no e-con e-parent\" data-id=\"87bb7e9\" data-element_type=\"container\" data-settings=\"{&quot;background_background&quot;:&quot;classic&quot;}\">\n\t\t\t\t\t<div class=\"e-con-inner\">\n\t\t<div class=\"elementor-element elementor-element-f364d28 e-con-full e-flex parallax_section_no qode_elementor_container_no e-con e-child\" data-id=\"f364d28\" data-element_type=\"container\">\n\t\t<div class=\"elementor-element elementor-element-ab2d472 e-con-full e-flex parallax_section_no qode_elementor_container_no e-con e-child\" data-id=\"ab2d472\" data-element_type=\"container\">\n\t\t\t\t<div class=\"elementor-element elementor-element-66121c7 elementor-widget elementor-widget-text-editor\" data-id=\"66121c7\" data-element_type=\"widget\" data-widget_type=\"text-editor.default\">\n\t\t\t\t<div class=\"elementor-widget-container\">\n\t\t\t\t\t\t\t\t\t<span style=\"color: #ed0928; font-size: 14px; line-height: 1px;\"><img decoding=\"async\" class=\"alignnone wp-image-11298\" style=\"margin-top: -5px;\" src=\"https:\/\/converzar.com\/wp-content\/uploads\/2024\/10\/Imago_converzar.png\" alt=\"\" width=\"14\" height=\"18\" \/> <span style=\"font-weight: 400;\">APPLICATIONS DANS LE DOMAINE DE LA MOBILIT\u00c9 \u00c9LECTRIQUE\/DES BATTERIES<\/span><\/span>\t\t\t\t\t\t\t\t<\/div>\n\t\t\t\t<\/div>\n\t\t\t\t<div class=\"elementor-element elementor-element-9fc9951 elementor-widget__width-initial elementor-widget elementor-widget-qi_addons_for_elementor_section_title\" data-id=\"9fc9951\" data-element_type=\"widget\" data-widget_type=\"qi_addons_for_elementor_section_title.default\">\n\t\t\t\t<div class=\"elementor-widget-container\">\n\t\t\t\t\t<div class=\"qodef-shortcode qodef-m qodef-qi-section-title qodef-decoration--italic qodef-link--underline-draw qodef-subtitle-icon--left\">\n\t\t\t\t\t\t\t\t<div class=\"qodef-m-text\"><h5 style=\"margin-bottom: 8px\"><span style=\"font-weight: 400\"><span style=\"color: #ed0928\">|<\/span> <\/span><span style=\"font-weight: 400\">Liaison cellule \u00e0 cellule<\/span><\/h5>\n<h5 style=\"margin-bottom: 8px\"><span style=\"font-weight: 400\"><span style=\"color: #ed0928\">|<\/span> <\/span><span style=\"font-weight: 400\">Pads de compression<\/span><\/h5>\n<h5 style=\"margin-bottom: 8px\"><span style=\"font-weight: 400\"><span style=\"color: #ed0928\">|<\/span> <\/span><span style=\"font-weight: 400\">Protection contre le thermal runaway<\/span><\/h5>\n<h5 style=\"margin-bottom: 8px\"><span style=\"font-weight: 400\"><span style=\"color: #ed0928\">|<\/span> <\/span><span style=\"font-weight: 400\">Interface thermique<\/span><\/h5>\n<h5 style=\"margin-bottom: 8px\"><span style=\"font-weight: 400\"><span style=\"color: #ed0928\">|<\/span> <\/span><span style=\"font-weight: 400\">\u00c9tanch\u00e9it\u00e9<\/span><\/h5>\n<h5 style=\"margin-bottom: 8px\"><span style=\"font-weight: 400\"><span style=\"color: #ed0928\">|<\/span> <\/span><span style=\"font-weight: 400\">Isolation \u00e9lectrique<\/span><\/h5>\n<h5 style=\"margin-bottom: 8px\"><span style=\"font-weight: 400\"><span style=\"color: #ed0928\">|<\/span> <\/span><span style=\"font-weight: 400\">Barres omnibus (bus bar)<\/span><\/h5>\n<h5 style=\"margin-bottom: 8px\"><span style=\"font-weight: 400\"><span style=\"color: #ed0928\">|<\/span> <\/span><span style=\"font-weight: 400\">Enveloppement des cellules<\/span><\/h5>\n<\/div>\n\t<\/div>\n\t\t\t\t<\/div>\n\t\t\t\t<\/div>\n\t\t\t\t<\/div>\n\t\t\t\t<\/div>\n\t\t\t\t<div class=\"elementor-element elementor-element-2479366 elementor-widget__width-initial elementor-widget elementor-widget-qi_addons_for_elementor_section_title\" data-id=\"2479366\" data-element_type=\"widget\" data-widget_type=\"qi_addons_for_elementor_section_title.default\">\n\t\t\t\t<div class=\"elementor-widget-container\">\n\t\t\t\t\t<div class=\"qodef-shortcode qodef-m qodef-qi-section-title qodef-decoration--italic qodef-link--underline-draw qodef-subtitle-icon--left\">\n\t\t\t\t\t\t\t\t<div class=\"qodef-m-text\"><p>Notre mont\u00e9e en puissance technologique et en capacit\u00e9 s\u2019est accompagn\u00e9e de nouvelles applications. Nouveaux mat\u00e9riaux, nouvelles exigences et nouvelles m\u00e9thodes de fabrication : autant de d\u00e9fis d\u2019ing\u00e9nierie que nous avons relev\u00e9s chez Converzar pour r\u00e9pondre \u00e0 ces applications sp\u00e9cifiques.<\/p><p>Nous disposons d\u2019installations r\u00e9cemment agrandies de plus de 10 000 m\u00b2 et d\u2019un service logistique interne, ce qui nous permet d\u2019offrir une prestation compl\u00e8te et sur mesure. Nos adh\u00e9sifs conducteurs et thermiques garantissent une dissipation thermique efficace et des connexions s\u00fbres, contribuant \u00e0 la performance et \u00e0 la long\u00e9vit\u00e9 du v\u00e9hicule \u00e9lectrique. Converzar propose des adh\u00e9sifs personnalis\u00e9s conformes aux normes \u00e9lev\u00e9es de s\u00e9curit\u00e9 et de durabilit\u00e9 du secteur.<\/p><p>Les exigences techniques de ces applications nous ont conduits \u00e0 s\u00e9parer la logistique des activit\u00e9s de production, garantissant ainsi un environnement de travail conforme aux exigences de propret\u00e9 des composants selon la norme VDA 19.1.<\/p><p>Nous travaillons en \u00e9troite collaboration avec des partenaires comme Aedive.<\/p><\/div>\n\t<\/div>\n\t\t\t\t<\/div>\n\t\t\t\t<\/div>\n\t\t\t\t\t<\/div>\n\t\t\t\t<\/div>\n\t\t\t\t<\/div>\n\t\t","protected":false},"excerpt":{"rendered":"<p>| EV-Batery pack La mobilit\u00e9&#8230;<\/p>\n","protected":false},"author":1,"featured_media":0,"parent":0,"menu_order":0,"comment_status":"closed","ping_status":"closed","template":"full_width.php","meta":{"_mbp_gutenberg_autopost":false,"footnotes":""},"class_list":["post-987504936","page","type-page","status-publish","hentry"],"yoast_head":"<!-- This site is optimized with the Yoast SEO plugin v24.8.1 - https:\/\/yoast.com\/wordpress\/plugins\/seo\/ -->\n<title>Battery Pack | Adhesivos para movilidad el\u00e9ctrica Converzar<\/title>\n<meta name=\"description\" content=\"Adhesivos avanzados para la fabricaci\u00f3n de veh\u00edculos el\u00e9ctricos. Soluciones para ensamblaje, gesti\u00f3n t\u00e9rmica y battery pack.\" \/>\n<meta name=\"robots\" content=\"index, follow, max-snippet:-1, max-image-preview:large, max-video-preview:-1\" \/>\n<link rel=\"canonical\" href=\"https:\/\/converzar.com\/fr\/mobilite-electrique\/\" \/>\n<meta property=\"og:locale\" content=\"fr_FR\" \/>\n<meta property=\"og:type\" content=\"article\" \/>\n<meta property=\"og:title\" content=\"Battery Pack | Adhesivos para movilidad el\u00e9ctrica Converzar\" \/>\n<meta property=\"og:description\" content=\"Adhesivos avanzados para la fabricaci\u00f3n de veh\u00edculos el\u00e9ctricos. Soluciones para ensamblaje, gesti\u00f3n t\u00e9rmica y battery pack.\" \/>\n<meta property=\"og:url\" content=\"https:\/\/converzar.com\/fr\/mobilite-electrique\/\" \/>\n<meta property=\"og:site_name\" content=\"Converzar\" \/>\n<meta property=\"article:modified_time\" content=\"2025-07-14T15:48:27+00:00\" \/>\n<meta property=\"og:image\" content=\"https:\/\/converzar.com\/wp-content\/uploads\/2025\/02\/sectores_batterypack_p.jpg\" \/>\n\t<meta property=\"og:image:width\" content=\"800\" \/>\n\t<meta property=\"og:image:height\" content=\"596\" \/>\n\t<meta property=\"og:image:type\" content=\"image\/jpeg\" \/>\n<meta name=\"twitter:card\" content=\"summary_large_image\" \/>\n<meta name=\"twitter:label1\" content=\"Dur\u00e9e de lecture estim\u00e9e\" \/>\n\t<meta name=\"twitter:data1\" content=\"2 minutes\" \/>\n<script type=\"application\/ld+json\" class=\"yoast-schema-graph\">{\"@context\":\"https:\/\/schema.org\",\"@graph\":[{\"@type\":\"WebPage\",\"@id\":\"https:\/\/converzar.com\/fr\/mobilite-electrique\/\",\"url\":\"https:\/\/converzar.com\/fr\/mobilite-electrique\/\",\"name\":\"Battery Pack | Adhesivos para movilidad el\u00e9ctrica Converzar\",\"isPartOf\":{\"@id\":\"https:\/\/converzar.com\/fr\/#website\"},\"primaryImageOfPage\":{\"@id\":\"https:\/\/converzar.com\/fr\/mobilite-electrique\/#primaryimage\"},\"image\":{\"@id\":\"https:\/\/converzar.com\/fr\/mobilite-electrique\/#primaryimage\"},\"thumbnailUrl\":\"https:\/\/converzar.com\/wp-content\/uploads\/2025\/02\/sectores_batterypack_p.jpg\",\"datePublished\":\"2025-04-15T13:58:35+00:00\",\"dateModified\":\"2025-07-14T15:48:27+00:00\",\"description\":\"Adhesivos avanzados para la fabricaci\u00f3n de veh\u00edculos el\u00e9ctricos. Soluciones para ensamblaje, gesti\u00f3n t\u00e9rmica y battery pack.\",\"breadcrumb\":{\"@id\":\"https:\/\/converzar.com\/fr\/mobilite-electrique\/#breadcrumb\"},\"inLanguage\":\"fr-FR\",\"potentialAction\":[{\"@type\":\"ReadAction\",\"target\":[\"https:\/\/converzar.com\/fr\/mobilite-electrique\/\"]}]},{\"@type\":\"ImageObject\",\"inLanguage\":\"fr-FR\",\"@id\":\"https:\/\/converzar.com\/fr\/mobilite-electrique\/#primaryimage\",\"url\":\"https:\/\/converzar.com\/wp-content\/uploads\/2025\/02\/sectores_batterypack_p.jpg\",\"contentUrl\":\"https:\/\/converzar.com\/wp-content\/uploads\/2025\/02\/sectores_batterypack_p.jpg\"},{\"@type\":\"BreadcrumbList\",\"@id\":\"https:\/\/converzar.com\/fr\/mobilite-electrique\/#breadcrumb\",\"itemListElement\":[{\"@type\":\"ListItem\",\"position\":1,\"name\":\"Portada\",\"item\":\"https:\/\/converzar.com\/fr\/\"},{\"@type\":\"ListItem\",\"position\":2,\"name\":\"Mobilit\u00e9 \u00e9lectrique\"}]},{\"@type\":\"WebSite\",\"@id\":\"https:\/\/converzar.com\/fr\/#website\",\"url\":\"https:\/\/converzar.com\/fr\/\",\"name\":\"Converzar\",\"description\":\"\",\"potentialAction\":[{\"@type\":\"SearchAction\",\"target\":{\"@type\":\"EntryPoint\",\"urlTemplate\":\"https:\/\/converzar.com\/fr\/?s={search_term_string}\"},\"query-input\":{\"@type\":\"PropertyValueSpecification\",\"valueRequired\":true,\"valueName\":\"search_term_string\"}}],\"inLanguage\":\"fr-FR\"}]}<\/script>\n<!-- \/ Yoast SEO plugin. -->","yoast_head_json":{"title":"Battery Pack | Adhesivos para movilidad el\u00e9ctrica Converzar","description":"Adhesivos avanzados para la fabricaci\u00f3n de veh\u00edculos el\u00e9ctricos. Soluciones para ensamblaje, gesti\u00f3n t\u00e9rmica y battery pack.","robots":{"index":"index","follow":"follow","max-snippet":"max-snippet:-1","max-image-preview":"max-image-preview:large","max-video-preview":"max-video-preview:-1"},"canonical":"https:\/\/converzar.com\/fr\/mobilite-electrique\/","og_locale":"fr_FR","og_type":"article","og_title":"Battery Pack | Adhesivos para movilidad el\u00e9ctrica Converzar","og_description":"Adhesivos avanzados para la fabricaci\u00f3n de veh\u00edculos el\u00e9ctricos. Soluciones para ensamblaje, gesti\u00f3n t\u00e9rmica y battery pack.","og_url":"https:\/\/converzar.com\/fr\/mobilite-electrique\/","og_site_name":"Converzar","article_modified_time":"2025-07-14T15:48:27+00:00","og_image":[{"width":800,"height":596,"url":"https:\/\/converzar.com\/wp-content\/uploads\/2025\/02\/sectores_batterypack_p.jpg","type":"image\/jpeg"}],"twitter_card":"summary_large_image","twitter_misc":{"Dur\u00e9e de lecture estim\u00e9e":"2 minutes"},"schema":{"@context":"https:\/\/schema.org","@graph":[{"@type":"WebPage","@id":"https:\/\/converzar.com\/fr\/mobilite-electrique\/","url":"https:\/\/converzar.com\/fr\/mobilite-electrique\/","name":"Battery Pack | Adhesivos para movilidad el\u00e9ctrica Converzar","isPartOf":{"@id":"https:\/\/converzar.com\/fr\/#website"},"primaryImageOfPage":{"@id":"https:\/\/converzar.com\/fr\/mobilite-electrique\/#primaryimage"},"image":{"@id":"https:\/\/converzar.com\/fr\/mobilite-electrique\/#primaryimage"},"thumbnailUrl":"https:\/\/converzar.com\/wp-content\/uploads\/2025\/02\/sectores_batterypack_p.jpg","datePublished":"2025-04-15T13:58:35+00:00","dateModified":"2025-07-14T15:48:27+00:00","description":"Adhesivos avanzados para la fabricaci\u00f3n de veh\u00edculos el\u00e9ctricos. Soluciones para ensamblaje, gesti\u00f3n t\u00e9rmica y battery pack.","breadcrumb":{"@id":"https:\/\/converzar.com\/fr\/mobilite-electrique\/#breadcrumb"},"inLanguage":"fr-FR","potentialAction":[{"@type":"ReadAction","target":["https:\/\/converzar.com\/fr\/mobilite-electrique\/"]}]},{"@type":"ImageObject","inLanguage":"fr-FR","@id":"https:\/\/converzar.com\/fr\/mobilite-electrique\/#primaryimage","url":"https:\/\/converzar.com\/wp-content\/uploads\/2025\/02\/sectores_batterypack_p.jpg","contentUrl":"https:\/\/converzar.com\/wp-content\/uploads\/2025\/02\/sectores_batterypack_p.jpg"},{"@type":"BreadcrumbList","@id":"https:\/\/converzar.com\/fr\/mobilite-electrique\/#breadcrumb","itemListElement":[{"@type":"ListItem","position":1,"name":"Portada","item":"https:\/\/converzar.com\/fr\/"},{"@type":"ListItem","position":2,"name":"Mobilit\u00e9 \u00e9lectrique"}]},{"@type":"WebSite","@id":"https:\/\/converzar.com\/fr\/#website","url":"https:\/\/converzar.com\/fr\/","name":"Converzar","description":"","potentialAction":[{"@type":"SearchAction","target":{"@type":"EntryPoint","urlTemplate":"https:\/\/converzar.com\/fr\/?s={search_term_string}"},"query-input":{"@type":"PropertyValueSpecification","valueRequired":true,"valueName":"search_term_string"}}],"inLanguage":"fr-FR"}]}},"_links":{"self":[{"href":"https:\/\/converzar.com\/fr\/wp-json\/wp\/v2\/pages\/987504936","targetHints":{"allow":["GET"]}}],"collection":[{"href":"https:\/\/converzar.com\/fr\/wp-json\/wp\/v2\/pages"}],"about":[{"href":"https:\/\/converzar.com\/fr\/wp-json\/wp\/v2\/types\/page"}],"author":[{"embeddable":true,"href":"https:\/\/converzar.com\/fr\/wp-json\/wp\/v2\/users\/1"}],"replies":[{"embeddable":true,"href":"https:\/\/converzar.com\/fr\/wp-json\/wp\/v2\/comments?post=987504936"}],"version-history":[{"count":4,"href":"https:\/\/converzar.com\/fr\/wp-json\/wp\/v2\/pages\/987504936\/revisions"}],"predecessor-version":[{"id":987505053,"href":"https:\/\/converzar.com\/fr\/wp-json\/wp\/v2\/pages\/987504936\/revisions\/987505053"}],"wp:attachment":[{"href":"https:\/\/converzar.com\/fr\/wp-json\/wp\/v2\/media?parent=987504936"}],"curies":[{"name":"wp","href":"https:\/\/api.w.org\/{rel}","templated":true}]}}