{"id":987505109,"date":"2024-11-28T09:10:55","date_gmt":"2024-11-28T09:10:55","guid":{"rendered":"https:\/\/converzar.com\/aviso-legal\/"},"modified":"2026-02-11T15:34:23","modified_gmt":"2026-02-11T15:34:23","slug":"mentions-legales","status":"publish","type":"page","link":"https:\/\/converzar.com\/fr\/mentions-legales\/","title":{"rendered":"Mentions l\u00e9gales"},"content":{"rendered":"\t\t<div data-elementor-type=\"wp-page\" data-elementor-id=\"987505109\" class=\"elementor elementor-987505109 elementor-987502509\">\n\t\t\t\t<div class=\"elementor-element elementor-element-a3184c1 e-con-full e-flex parallax_section_no qode_elementor_container_no e-con e-parent\" data-id=\"a3184c1\" data-element_type=\"container\" data-settings=\"{&quot;background_background&quot;:&quot;classic&quot;}\">\n\t\t<div class=\"elementor-element elementor-element-7bba2da e-con-full e-flex parallax_section_no qode_elementor_container_no e-con e-child\" data-id=\"7bba2da\" data-element_type=\"container\">\n\t\t\t\t<div class=\"elementor-element elementor-element-d52322c elementor-widget__width-initial elementor-widget elementor-widget-text-editor\" data-id=\"d52322c\" data-element_type=\"widget\" data-widget_type=\"text-editor.default\">\n\t\t\t\t<div class=\"elementor-widget-container\">\n\t\t\t\t\t\t\t\t\t<h3><span style=\"font-weight: 400;\"><span style=\"color: #ed0928;\">|<\/span> <\/span>Avis juridique<\/h3>\t\t\t\t\t\t\t\t<\/div>\n\t\t\t\t<\/div>\n\t\t\t\t<div class=\"elementor-element elementor-element-2be4dd4 elementor-widget elementor-widget-text-editor\" data-id=\"2be4dd4\" data-element_type=\"widget\" data-widget_type=\"text-editor.default\">\n\t\t\t\t<div class=\"elementor-widget-container\">\n\t\t\t\t\t\t\t\t\t<p>Information g\u00e9n\u00e9rale relative \u00e0 l&rsquo;article 10 de la loi 34\/2.002, du 11 juin, sur les services de la soci\u00e9t\u00e9 de l&rsquo;information et du commerce \u00e9lectronique<\/p><p>Comercial Edizar, S.A<\/p><p>Pol\u00edgono Industrial El Borao, Ctra. Barcelona 341, 500, Parcela 16-17, CP 50.172, Alfajar\u00edn, Zaragoza.<br \/>CIF A-50.034.131<\/p><p>Registre du commerce de Zaragoza Tomo 209, General 122, Secci\u00f3n 3\u00aa del libro de Sociedades, Folio 192-204, Hoja 3662.<br \/>T\u00e9l\u00e9phone et fax 976 138 097<br \/>E-mail : info@converzar.com<\/p>\t\t\t\t\t\t\t\t<\/div>\n\t\t\t\t<\/div>\n\t\t\t\t<\/div>\n\t\t\t\t<\/div>\n\t\t\t\t<\/div>\n\t\t","protected":false},"excerpt":{"rendered":"<p>| Avis juridique Information g\u00e9n\u00e9rale&#8230;<\/p>\n","protected":false},"author":1,"featured_media":0,"parent":0,"menu_order":0,"comment_status":"closed","ping_status":"closed","template":"qi-blocks-full-width.php","meta":{"_mbp_gutenberg_autopost":false,"footnotes":""},"class_list":["post-987505109","page","type-page","status-publish","hentry"],"yoast_head":"<!-- This site is optimized with the Yoast SEO plugin v24.8.1 - https:\/\/yoast.com\/wordpress\/plugins\/seo\/ -->\n<title>Mentions l\u00e9gales - Converzar<\/title>\n<meta name=\"robots\" content=\"index, follow, max-snippet:-1, max-image-preview:large, max-video-preview:-1\" \/>\n<link rel=\"canonical\" href=\"https:\/\/converzar.com\/fr\/mentions-legales\/\" \/>\n<meta property=\"og:locale\" content=\"fr_FR\" \/>\n<meta property=\"og:type\" content=\"article\" \/>\n<meta property=\"og:title\" content=\"Mentions l\u00e9gales - Converzar\" \/>\n<meta property=\"og:description\" content=\"| Avis juridique Information g\u00e9n\u00e9rale...\" \/>\n<meta property=\"og:url\" content=\"https:\/\/converzar.com\/fr\/mentions-legales\/\" \/>\n<meta property=\"og:site_name\" content=\"Converzar\" \/>\n<meta property=\"article:modified_time\" content=\"2026-02-11T15:34:23+00:00\" \/>\n<meta name=\"twitter:card\" content=\"summary_large_image\" \/>\n<meta name=\"twitter:label1\" content=\"Dur\u00e9e de lecture estim\u00e9e\" \/>\n\t<meta name=\"twitter:data1\" content=\"1 minute\" \/>\n<script type=\"application\/ld+json\" class=\"yoast-schema-graph\">{\"@context\":\"https:\/\/schema.org\",\"@graph\":[{\"@type\":\"WebPage\",\"@id\":\"https:\/\/converzar.com\/fr\/mentions-legales\/\",\"url\":\"https:\/\/converzar.com\/fr\/mentions-legales\/\",\"name\":\"Mentions l\u00e9gales - Converzar\",\"isPartOf\":{\"@id\":\"https:\/\/converzar.com\/fr\/#website\"},\"datePublished\":\"2024-11-28T09:10:55+00:00\",\"dateModified\":\"2026-02-11T15:34:23+00:00\",\"breadcrumb\":{\"@id\":\"https:\/\/converzar.com\/fr\/mentions-legales\/#breadcrumb\"},\"inLanguage\":\"fr-FR\",\"potentialAction\":[{\"@type\":\"ReadAction\",\"target\":[\"https:\/\/converzar.com\/fr\/mentions-legales\/\"]}]},{\"@type\":\"BreadcrumbList\",\"@id\":\"https:\/\/converzar.com\/fr\/mentions-legales\/#breadcrumb\",\"itemListElement\":[{\"@type\":\"ListItem\",\"position\":1,\"name\":\"Portada\",\"item\":\"https:\/\/converzar.com\/fr\/\"},{\"@type\":\"ListItem\",\"position\":2,\"name\":\"Mentions l\u00e9gales\"}]},{\"@type\":\"WebSite\",\"@id\":\"https:\/\/converzar.com\/fr\/#website\",\"url\":\"https:\/\/converzar.com\/fr\/\",\"name\":\"Converzar\",\"description\":\"\",\"potentialAction\":[{\"@type\":\"SearchAction\",\"target\":{\"@type\":\"EntryPoint\",\"urlTemplate\":\"https:\/\/converzar.com\/fr\/?s={search_term_string}\"},\"query-input\":{\"@type\":\"PropertyValueSpecification\",\"valueRequired\":true,\"valueName\":\"search_term_string\"}}],\"inLanguage\":\"fr-FR\"}]}<\/script>\n<!-- \/ Yoast SEO plugin. -->","yoast_head_json":{"title":"Mentions l\u00e9gales - Converzar","robots":{"index":"index","follow":"follow","max-snippet":"max-snippet:-1","max-image-preview":"max-image-preview:large","max-video-preview":"max-video-preview:-1"},"canonical":"https:\/\/converzar.com\/fr\/mentions-legales\/","og_locale":"fr_FR","og_type":"article","og_title":"Mentions l\u00e9gales - Converzar","og_description":"| Avis juridique Information g\u00e9n\u00e9rale...","og_url":"https:\/\/converzar.com\/fr\/mentions-legales\/","og_site_name":"Converzar","article_modified_time":"2026-02-11T15:34:23+00:00","twitter_card":"summary_large_image","twitter_misc":{"Dur\u00e9e de lecture estim\u00e9e":"1 minute"},"schema":{"@context":"https:\/\/schema.org","@graph":[{"@type":"WebPage","@id":"https:\/\/converzar.com\/fr\/mentions-legales\/","url":"https:\/\/converzar.com\/fr\/mentions-legales\/","name":"Mentions l\u00e9gales - Converzar","isPartOf":{"@id":"https:\/\/converzar.com\/fr\/#website"},"datePublished":"2024-11-28T09:10:55+00:00","dateModified":"2026-02-11T15:34:23+00:00","breadcrumb":{"@id":"https:\/\/converzar.com\/fr\/mentions-legales\/#breadcrumb"},"inLanguage":"fr-FR","potentialAction":[{"@type":"ReadAction","target":["https:\/\/converzar.com\/fr\/mentions-legales\/"]}]},{"@type":"BreadcrumbList","@id":"https:\/\/converzar.com\/fr\/mentions-legales\/#breadcrumb","itemListElement":[{"@type":"ListItem","position":1,"name":"Portada","item":"https:\/\/converzar.com\/fr\/"},{"@type":"ListItem","position":2,"name":"Mentions l\u00e9gales"}]},{"@type":"WebSite","@id":"https:\/\/converzar.com\/fr\/#website","url":"https:\/\/converzar.com\/fr\/","name":"Converzar","description":"","potentialAction":[{"@type":"SearchAction","target":{"@type":"EntryPoint","urlTemplate":"https:\/\/converzar.com\/fr\/?s={search_term_string}"},"query-input":{"@type":"PropertyValueSpecification","valueRequired":true,"valueName":"search_term_string"}}],"inLanguage":"fr-FR"}]}},"_links":{"self":[{"href":"https:\/\/converzar.com\/fr\/wp-json\/wp\/v2\/pages\/987505109","targetHints":{"allow":["GET"]}}],"collection":[{"href":"https:\/\/converzar.com\/fr\/wp-json\/wp\/v2\/pages"}],"about":[{"href":"https:\/\/converzar.com\/fr\/wp-json\/wp\/v2\/types\/page"}],"author":[{"embeddable":true,"href":"https:\/\/converzar.com\/fr\/wp-json\/wp\/v2\/users\/1"}],"replies":[{"embeddable":true,"href":"https:\/\/converzar.com\/fr\/wp-json\/wp\/v2\/comments?post=987505109"}],"version-history":[{"count":10,"href":"https:\/\/converzar.com\/fr\/wp-json\/wp\/v2\/pages\/987505109\/revisions"}],"predecessor-version":[{"id":987506122,"href":"https:\/\/converzar.com\/fr\/wp-json\/wp\/v2\/pages\/987505109\/revisions\/987506122"}],"wp:attachment":[{"href":"https:\/\/converzar.com\/fr\/wp-json\/wp\/v2\/media?parent=987505109"}],"curies":[{"name":"wp","href":"https:\/\/api.w.org\/{rel}","templated":true}]}}