{"id":987505151,"date":"2024-11-28T09:15:30","date_gmt":"2024-11-28T09:15:30","guid":{"rendered":"https:\/\/converzar.com\/politica-privacidad\/"},"modified":"2025-07-15T13:55:35","modified_gmt":"2025-07-15T13:55:35","slug":"politique-de-confidentialite","status":"publish","type":"page","link":"https:\/\/converzar.com\/fr\/politique-de-confidentialite\/","title":{"rendered":"Politique de confidentialit\u00e9"},"content":{"rendered":"\t\t<div data-elementor-type=\"wp-page\" data-elementor-id=\"987505151\" class=\"elementor elementor-987505151 elementor-987502514\">\n\t\t\t\t<div class=\"elementor-element elementor-element-a3184c1 e-con-full e-flex parallax_section_no qode_elementor_container_no e-con e-parent\" data-id=\"a3184c1\" data-element_type=\"container\" data-settings=\"{&quot;background_background&quot;:&quot;classic&quot;}\">\n\t\t<div class=\"elementor-element elementor-element-7bba2da e-con-full e-flex parallax_section_no qode_elementor_container_no e-con e-child\" data-id=\"7bba2da\" data-element_type=\"container\">\n\t\t\t\t<div class=\"elementor-element elementor-element-d52322c elementor-widget__width-initial elementor-widget elementor-widget-text-editor\" data-id=\"d52322c\" data-element_type=\"widget\" data-widget_type=\"text-editor.default\">\n\t\t\t\t<div class=\"elementor-widget-container\">\n\t\t\t\t\t\t\t\t\t<h3><span style=\"font-weight: 400;\"><span style=\"color: #ed0928;\">|<\/span> <\/span>\nPolitique de confidentialit\u00e9<\/h3>\t\t\t\t\t\t\t\t<\/div>\n\t\t\t\t<\/div>\n\t\t\t\t<div class=\"elementor-element elementor-element-2be4dd4 elementor-widget elementor-widget-text-editor\" data-id=\"2be4dd4\" data-element_type=\"widget\" data-widget_type=\"text-editor.default\">\n\t\t\t\t<div class=\"elementor-widget-container\">\n\t\t\t\t\t\t\t\t\t<p>Ce site web ne collecte pas de donn\u00e9es personnelles des utilisateurs \u00e0 leur insu ou sans leur consentement, et ne les partage pas avec des tiers, sauf cas particulier.<br \/>Comercial Edizar, S.A. utilise ses propres cookies et ceux de tiers pour am\u00e9liorer votre exp\u00e9rience de navigation et effectuer des analyses. Pour plus d&rsquo;informations, consultez la Politique relative aux cookies publi\u00e9e sur ce site web, accessible via notre notice d&rsquo;information. Vous pouvez \u00e9galement accepter, refuser ou g\u00e9rer votre consentement aux cookies. En r\u00e8gle g\u00e9n\u00e9rale, si vous naviguez sur Internet, vous pouvez accepter ou refuser les cookies tiers depuis les param\u00e8tres de votre navigateur.<br \/>Informations de base sur la protection des donn\u00e9es<br \/>Nous vous informons ci-dessous de la politique de protection des donn\u00e9es de Comercial Edizar, S.A.<br \/>Responsable du traitement<br \/>Les donn\u00e9es personnelles collect\u00e9es directement aupr\u00e8s de la personne concern\u00e9e via notre formulaire de contact ou notre e-mail seront trait\u00e9es conform\u00e9ment aux crit\u00e8res r\u00e9gis par le R\u00e8glement g\u00e9n\u00e9ral sur la protection des donn\u00e9es et la loi organique 3\/2018 du 5 d\u00e9cembre relative \u00e0 la protection des donn\u00e9es personnelles et \u00e0 la garantie des droits num\u00e9riques, et uniquement et exclusivement aux fins de la gestion de notre relation.<br \/>Comercial Edizar, S.A. s&rsquo;engage \u00e0 traiter vos informations conform\u00e9ment aux principes relatifs au traitement des donn\u00e9es vis\u00e9s \u00e0 l&rsquo;article 5 du RGPD. Par cons\u00e9quent, les donn\u00e9es seront trait\u00e9es de mani\u00e8re licite, loyale et transparente \u00e0 l&rsquo;\u00e9gard de la personne concern\u00e9e, collect\u00e9es \u00e0 des fins d\u00e9termin\u00e9es, explicites et l\u00e9gitimes, et seront ad\u00e9quates, pertinentes et limit\u00e9es au regard de ces finalit\u00e9s. Elles seront \u00e9galement exactes et, si n\u00e9cessaire, mises \u00e0 jour\u00a0; conserv\u00e9es de mani\u00e8re \u00e0 permettre l&rsquo;identification des personnes concern\u00e9es pendant une dur\u00e9e n&rsquo;exc\u00e9dant pas celle n\u00e9cessaire aux finalit\u00e9s du traitement\u00a0; et trait\u00e9es de mani\u00e8re \u00e0 garantir la s\u00e9curit\u00e9 ad\u00e9quate des donn\u00e9es personnelles (int\u00e9grit\u00e9 et confidentialit\u00e9).<br \/>\u00c0 cet \u00e9gard, elles seront int\u00e9gr\u00e9es \u00e0 l&rsquo;ACTIVIT\u00c9 DE TRAITEMENT correspondante de Comercial Edizar, S.A.<br \/>La liste actualis\u00e9e des activit\u00e9s de traitement r\u00e9alis\u00e9es par Comercial Edizar, S.A. est disponible sur ce site web dans la section\u00a0: REGISTRE DES ACTIVIT\u00c9S DE TRAITEMENT.<br \/>Finalit\u00e9<br \/>La finalit\u00e9 du traitement des donn\u00e9es correspond \u00e0 chacune des activit\u00e9s de traitement r\u00e9alis\u00e9es par Comercial Edizar, S.A., lesquelles sont accessibles dans le Registre des Activit\u00e9s de Traitement publi\u00e9.<br \/>Base juridique<br \/>Le traitement de vos donn\u00e9es est effectu\u00e9 sur la base des conditions suivantes\u00a0:<\/p><p>La personne concern\u00e9e a donn\u00e9 son consentement (action positive) au traitement de ses donn\u00e9es personnelles pour une ou plusieurs finalit\u00e9s sp\u00e9cifiques\u00a0;<\/p><p>Le traitement est n\u00e9cessaire \u00e0 l&rsquo;ex\u00e9cution d&rsquo;un contrat auquel la personne concern\u00e9e est partie ou \u00e0 la mise en \u0153uvre, \u00e0 sa demande, de mesures pr\u00e9contractuelles\u00a0;<\/p><p>Le traitement est n\u00e9cessaire au respect d&rsquo;une obligation l\u00e9gale applicable au responsable du traitement.<br \/>Le traitement est n\u00e9cessaire \u00e0 la satisfaction d&rsquo;int\u00e9r\u00eats l\u00e9gitimes poursuivis par le responsable du traitement ou par un tiers.<\/p><p>Vous pouvez consulter la base juridique de chacune des activit\u00e9s de traitement r\u00e9alis\u00e9es par Comercial Edizar, S.A. dans le Registre des Activit\u00e9s de Traitement publi\u00e9 sur ce site web.<br \/>Conservation des donn\u00e9es<br \/>Les donn\u00e9es personnelles fournies seront conserv\u00e9es pendant la dur\u00e9e n\u00e9cessaire \u00e0 la r\u00e9alisation de la finalit\u00e9 pour laquelle elles ont \u00e9t\u00e9 collect\u00e9es, en fonction de chaque traitement, et afin de d\u00e9terminer les \u00e9ventuelles responsabilit\u00e9s qui pourraient en d\u00e9couler, outre les d\u00e9lais fix\u00e9s par la r\u00e9glementation relative aux archives et \u00e0 la documentation.<br \/>Communication des donn\u00e9es<br \/>En r\u00e8gle g\u00e9n\u00e9rale, les donn\u00e9es personnelles ne seront pas communiqu\u00e9es \u00e0 des tiers, sauf si la loi l&rsquo;exige, pour se conformer \u00e0 une r\u00e9glementation en vigueur ou pour le bon d\u00e9roulement de notre relation.<br \/>Vous pouvez consulter les destinataires de chaque traitement effectu\u00e9 par Comercial Edizar, S.A. dans le Registre des Traitements publi\u00e9.<br \/>Droits des personnes concern\u00e9es<br \/>Toute personne a le droit d&rsquo;obtenir la confirmation du traitement de ses donn\u00e9es par Comercial Edizar, S.A.<br \/>Vous pouvez exercer vos droits d&rsquo;acc\u00e8s, de rectification, de suppression et de portabilit\u00e9, ainsi que de limitation ou d&rsquo;opposition au traitement de vos donn\u00e9es, en contactant Comercial Edizar, S.A., apr\u00e8s avoir fourni une preuve d&rsquo;identit\u00e9 avec une photocopie de votre pi\u00e8ce d&rsquo;identit\u00e9. Vous pouvez adresser votre demande \u00e0 info@converzar.com ou par courrier \u00e0\u00a0: Pol\u00edgono Industrial El Borao, Ctra. Barcelona 341, 500, Parcela 16-17, CP 50172, Alfajar\u00edn, Saragosse.<br \/>Nous vous rappelons votre droit de d\u00e9poser une r\u00e9clamation aupr\u00e8s de l&rsquo;Agence espagnole de protection des donn\u00e9es si vous n&rsquo;\u00eates pas satisfait(e) de l&rsquo;exercice des droits susmentionn\u00e9s.<br \/>Mesures de s\u00e9curit\u00e9 techniques et organisationnelles<br \/>Comercial Edizar, S.A.<\/p>\t\t\t\t\t\t\t\t<\/div>\n\t\t\t\t<\/div>\n\t\t\t\t<\/div>\n\t\t\t\t<\/div>\n\t\t<div class=\"elementor-element elementor-element-3a666e1 e-flex e-con-boxed parallax_section_no qode_elementor_container_no e-con e-parent\" data-id=\"3a666e1\" data-element_type=\"container\">\n\t\t\t\t\t<div class=\"e-con-inner\">\n\t\t<div class=\"elementor-element elementor-element-609013c e-con-full e-flex parallax_section_no qode_elementor_container_no e-con e-child\" data-id=\"609013c\" data-element_type=\"container\">\n\t\t\t\t<div class=\"elementor-element elementor-element-2f5a6d7 elementor-widget elementor-widget-text-editor\" data-id=\"2f5a6d7\" data-element_type=\"widget\" data-widget_type=\"text-editor.default\">\n\t\t\t\t<div class=\"elementor-widget-container\">\n\t\t\t\t\t\t\t\t\t<p style=\"text-align: center;\">RESPONSABLE<\/p>\t\t\t\t\t\t\t\t<\/div>\n\t\t\t\t<\/div>\n\t\t\t\t<div class=\"elementor-element elementor-element-8ce0b74 elementor-widget elementor-widget-text-editor\" data-id=\"8ce0b74\" data-element_type=\"widget\" data-widget_type=\"text-editor.default\">\n\t\t\t\t<div class=\"elementor-widget-container\">\n\t\t\t\t\t\t\t\t\t<p style=\"text-align: center;\">TOTRAITEMENT<\/p>\t\t\t\t\t\t\t\t<\/div>\n\t\t\t\t<\/div>\n\t\t\t\t<div class=\"elementor-element elementor-element-5e55235 elementor-widget elementor-widget-text-editor\" data-id=\"5e55235\" data-element_type=\"widget\" data-widget_type=\"text-editor.default\">\n\t\t\t\t<div class=\"elementor-widget-container\">\n\t\t\t\t\t\t\t\t\t<p style=\"text-align: center;\">ADRESSE<\/p>\t\t\t\t\t\t\t\t<\/div>\n\t\t\t\t<\/div>\n\t\t\t\t<div class=\"elementor-element elementor-element-b74d022 elementor-widget elementor-widget-text-editor\" data-id=\"b74d022\" data-element_type=\"widget\" data-widget_type=\"text-editor.default\">\n\t\t\t\t<div class=\"elementor-widget-container\">\n\t\t\t\t\t\t\t\t\t<p style=\"text-align: center;\">T\u00c9L. ET COURRIEL<\/p>\t\t\t\t\t\t\t\t<\/div>\n\t\t\t\t<\/div>\n\t\t\t\t<div class=\"elementor-element elementor-element-7230476 elementor-widget elementor-widget-text-editor\" data-id=\"7230476\" data-element_type=\"widget\" data-widget_type=\"text-editor.default\">\n\t\t\t\t<div class=\"elementor-widget-container\">\n\t\t\t\t\t\t\t\t\t<p style=\"text-align: center;\">BUT<\/p>\t\t\t\t\t\t\t\t<\/div>\n\t\t\t\t<\/div>\n\t\t\t\t<div class=\"elementor-element elementor-element-5c3143b elementor-widget elementor-widget-text-editor\" data-id=\"5c3143b\" data-element_type=\"widget\" data-widget_type=\"text-editor.default\">\n\t\t\t\t<div class=\"elementor-widget-container\">\n\t\t\t\t\t\t\t\t\t<p style=\"text-align: center;\">L\u00c9GITIMATION<\/p>\t\t\t\t\t\t\t\t<\/div>\n\t\t\t\t<\/div>\n\t\t\t\t<div class=\"elementor-element elementor-element-fe06961 elementor-widget elementor-widget-text-editor\" data-id=\"fe06961\" data-element_type=\"widget\" data-widget_type=\"text-editor.default\">\n\t\t\t\t<div class=\"elementor-widget-container\">\n\t\t\t\t\t\t\t\t\t<p style=\"text-align: center;\">P\u00c9RIODE DE CONSERVATION<\/p>\t\t\t\t\t\t\t\t<\/div>\n\t\t\t\t<\/div>\n\t\t\t\t<div class=\"elementor-element elementor-element-ae6aeb0 elementor-widget elementor-widget-text-editor\" data-id=\"ae6aeb0\" data-element_type=\"widget\" data-widget_type=\"text-editor.default\">\n\t\t\t\t<div class=\"elementor-widget-container\">\n\t\t\t\t\t\t\t\t\t<p style=\"text-align: center;\">DESTINATAIRES POTENTIELS<\/p><p>\u00a0<\/p><p>\u00a0<\/p><p>\u00a0<\/p>\t\t\t\t\t\t\t\t<\/div>\n\t\t\t\t<\/div>\n\t\t\t\t<div class=\"elementor-element elementor-element-6e8522c elementor-widget elementor-widget-text-editor\" data-id=\"6e8522c\" data-element_type=\"widget\" data-widget_type=\"text-editor.default\">\n\t\t\t\t<div class=\"elementor-widget-container\">\n\t\t\t\t\t\t\t\t\t<p style=\"text-align: center;\">DROITS<\/p>\t\t\t\t\t\t\t\t<\/div>\n\t\t\t\t<\/div>\n\t\t\t\t<div class=\"elementor-element elementor-element-7f1213f elementor-widget elementor-widget-text-editor\" data-id=\"7f1213f\" data-element_type=\"widget\" data-widget_type=\"text-editor.default\">\n\t\t\t\t<div class=\"elementor-widget-container\">\n\t\t\t\t\t\t\t\t\t<p style=\"text-align: center;\">EXERCICE<\/p><p>\u00a0<\/p><p>\u00a0<\/p><p>\u00a0<\/p><p>\u00a0<\/p><p>\u00a0<\/p>\t\t\t\t\t\t\t\t<\/div>\n\t\t\t\t<\/div>\n\t\t\t\t<div class=\"elementor-element elementor-element-06858c3 elementor-widget elementor-widget-text-editor\" data-id=\"06858c3\" data-element_type=\"widget\" data-widget_type=\"text-editor.default\">\n\t\t\t\t<div class=\"elementor-widget-container\">\n\t\t\t\t\t\t\t\t\t<p style=\"text-align: center;\">INFORMATIONS COMPL\u00c9MENTAIRES<\/p>\t\t\t\t\t\t\t\t<\/div>\n\t\t\t\t<\/div>\n\t\t\t\t<\/div>\n\t\t<div class=\"elementor-element elementor-element-6df111e e-con-full e-flex parallax_section_no qode_elementor_container_no e-con e-child\" data-id=\"6df111e\" data-element_type=\"container\">\n\t\t\t\t<div class=\"elementor-element elementor-element-760d5e1 elementor-widget elementor-widget-text-editor\" data-id=\"760d5e1\" data-element_type=\"widget\" data-widget_type=\"text-editor.default\">\n\t\t\t\t<div class=\"elementor-widget-container\">\n\t\t\t\t\t\t\t\t\t<p style=\"text-align: center;\"><span style=\"color: #333333;\"><strong>Comercial Edizar, S.A.<\/strong><\/span><\/p>\t\t\t\t\t\t\t\t<\/div>\n\t\t\t\t<\/div>\n\t\t\t\t<div class=\"elementor-element elementor-element-df39758 elementor-widget elementor-widget-text-editor\" data-id=\"df39758\" data-element_type=\"widget\" data-widget_type=\"text-editor.default\">\n\t\t\t\t<div class=\"elementor-widget-container\">\n\t\t\t\t\t\t\t\t\t<p style=\"text-align: center;\">CLIENTES Y PROVEEDORES<\/p>\t\t\t\t\t\t\t\t<\/div>\n\t\t\t\t<\/div>\n\t\t\t\t<div class=\"elementor-element elementor-element-3b92e8c elementor-widget elementor-widget-text-editor\" data-id=\"3b92e8c\" data-element_type=\"widget\" data-widget_type=\"text-editor.default\">\n\t\t\t\t<div class=\"elementor-widget-container\">\n\t\t\t\t\t\t\t\t\t<p style=\"text-align: center;\">Pol\u00edgono Industrial El Borao, Ctra. Barcelona 341,500, Parcela 16-17, CP 50172, Alfajar\u00edn, Zaragoza<\/p>\t\t\t\t\t\t\t\t<\/div>\n\t\t\t\t<\/div>\n\t\t\t\t<div class=\"elementor-element elementor-element-a6f7520 elementor-widget elementor-widget-text-editor\" data-id=\"a6f7520\" data-element_type=\"widget\" data-widget_type=\"text-editor.default\">\n\t\t\t\t<div class=\"elementor-widget-container\">\n\t\t\t\t\t\t\t\t\t<p style=\"text-align: center;\">976 138 097\u00a0<\/p><p style=\"text-align: center;\">info@converzar.com<\/p>\t\t\t\t\t\t\t\t<\/div>\n\t\t\t\t<\/div>\n\t\t\t\t<div class=\"elementor-element elementor-element-a70fc5c elementor-widget elementor-widget-text-editor\" data-id=\"a70fc5c\" data-element_type=\"widget\" data-widget_type=\"text-editor.default\">\n\t\t\t\t<div class=\"elementor-widget-container\">\n\t\t\t\t\t\t\t\t\t<p style=\"text-align: center;\">Gestion des relations commerciales avec les clients et les fournisseurs de l&rsquo;entreprise.<br \/>R\u00e9ponse aux questions et demandes via le formulaire de contact du site web.<\/p>\t\t\t\t\t\t\t\t<\/div>\n\t\t\t\t<\/div>\n\t\t\t\t<div class=\"elementor-element elementor-element-1207cdc elementor-widget elementor-widget-text-editor\" data-id=\"1207cdc\" data-element_type=\"widget\" data-widget_type=\"text-editor.default\">\n\t\t\t\t<div class=\"elementor-widget-container\">\n\t\t\t\t\t\t\t\t\t<p style=\"text-align: center;\">Ex\u00e9cution d&rsquo;un contrat<br \/>Satisfaction des int\u00e9r\u00eats l\u00e9gitimes<br \/>Consentement des parties concern\u00e9es<\/p>\t\t\t\t\t\t\t\t<\/div>\n\t\t\t\t<\/div>\n\t\t\t\t<div class=\"elementor-element elementor-element-5b95208 elementor-widget elementor-widget-text-editor\" data-id=\"5b95208\" data-element_type=\"widget\" data-widget_type=\"text-editor.default\">\n\t\t\t\t<div class=\"elementor-widget-container\">\n\t\t\t\t\t\t\t\t\t<p style=\"text-align: center;\">Pendant la dur\u00e9e de la relation commerciale avec les clients et les fournisseurs<br \/>Pendant les ann\u00e9es n\u00e9cessaires au respect de la l\u00e9gislation en vigueur, sauf en cas d&rsquo;exercice du droit \u00e0 l&rsquo;effacement.<\/p>\t\t\t\t\t\t\t\t<\/div>\n\t\t\t\t<\/div>\n\t\t\t\t<div class=\"elementor-element elementor-element-d11494f elementor-widget elementor-widget-text-editor\" data-id=\"d11494f\" data-element_type=\"widget\" data-widget_type=\"text-editor.default\">\n\t\t\t\t<div class=\"elementor-widget-container\">\n\t\t\t\t\t\t\t\t\t<p style=\"text-align: center;\">Organismes ou personnes directement li\u00e9s \u00e0 la partie responsable<br \/>Administration fiscale<br \/>Banques, caisses d&rsquo;\u00e9pargne et caisses d&rsquo;\u00e9pargne rurales<br \/>Administration publique comp\u00e9tente en la mati\u00e8re<\/p>\t\t\t\t\t\t\t\t<\/div>\n\t\t\t\t<\/div>\n\t\t\t\t<div class=\"elementor-element elementor-element-753794d elementor-widget elementor-widget-text-editor\" data-id=\"753794d\" data-element_type=\"widget\" data-widget_type=\"text-editor.default\">\n\t\t\t\t<div class=\"elementor-widget-container\">\n\t\t\t\t\t\t\t\t\t<p style=\"text-align: center;\">Droits d&rsquo;acc\u00e8s, de rectification, de suppression et de portabilit\u00e9, ainsi que de limitation ou d&rsquo;opposition \u00e0 leur traitement<\/p>\t\t\t\t\t\t\t\t<\/div>\n\t\t\t\t<\/div>\n\t\t\t\t<div class=\"elementor-element elementor-element-ec56f34 elementor-widget elementor-widget-text-editor\" data-id=\"ec56f34\" data-element_type=\"widget\" data-widget_type=\"text-editor.default\">\n\t\t\t\t<div class=\"elementor-widget-container\">\n\t\t\t\t\t\t\t\t\t<p style=\"text-align: center;\">Devant cette soci\u00e9t\u00e9, apr\u00e8s avoir prouv\u00e9 votre identit\u00e9 avec une photocopie de votre carte d&rsquo;identit\u00e9, en envoyant votre demande \u00e0 l&#8217;email : info@converzar.com ou, par courrier postal<\/p>\t\t\t\t\t\t\t\t<\/div>\n\t\t\t\t<\/div>\n\t\t\t\t<div class=\"elementor-element elementor-element-6043125 elementor-widget elementor-widget-text-editor\" data-id=\"6043125\" data-element_type=\"widget\" data-widget_type=\"text-editor.default\">\n\t\t\t\t<div class=\"elementor-widget-container\">\n\t\t\t\t\t\t\t\t\t<p style=\"text-align: center;\">Nous vous rappelons votre droit de d\u00e9poser une plainte aupr\u00e8s de l&rsquo;Agence espagnole de protection des donn\u00e9es si vous n&rsquo;\u00eates pas satisfait apr\u00e8s avoir exerc\u00e9 vos droits. (Plus d&rsquo;informations sur converzar.com).<\/p>\t\t\t\t\t\t\t\t<\/div>\n\t\t\t\t<\/div>\n\t\t\t\t<\/div>\n\t\t\t\t\t<\/div>\n\t\t\t\t<\/div>\n\t\t\t\t<\/div>\n\t\t","protected":false},"excerpt":{"rendered":"<p>| Politique de confidentialit\u00e9 Ce&#8230;<\/p>\n","protected":false},"author":1,"featured_media":0,"parent":0,"menu_order":0,"comment_status":"closed","ping_status":"closed","template":"qi-blocks-full-width.php","meta":{"_mbp_gutenberg_autopost":false,"footnotes":""},"class_list":["post-987505151","page","type-page","status-publish","hentry"],"yoast_head":"<!-- This site is optimized with the Yoast SEO plugin v24.8.1 - https:\/\/yoast.com\/wordpress\/plugins\/seo\/ -->\n<title>Politique de confidentialit\u00e9 - Converzar<\/title>\n<meta name=\"robots\" content=\"index, follow, max-snippet:-1, max-image-preview:large, max-video-preview:-1\" \/>\n<link rel=\"canonical\" href=\"https:\/\/converzar.com\/fr\/politique-de-confidentialite\/\" \/>\n<meta property=\"og:locale\" content=\"fr_FR\" \/>\n<meta property=\"og:type\" content=\"article\" \/>\n<meta property=\"og:title\" content=\"Politique de confidentialit\u00e9 - Converzar\" \/>\n<meta property=\"og:description\" content=\"| Politique de confidentialit\u00e9 Ce...\" \/>\n<meta property=\"og:url\" content=\"https:\/\/converzar.com\/fr\/politique-de-confidentialite\/\" \/>\n<meta property=\"og:site_name\" content=\"Converzar\" \/>\n<meta property=\"article:modified_time\" content=\"2025-07-15T13:55:35+00:00\" \/>\n<meta name=\"twitter:card\" content=\"summary_large_image\" \/>\n<meta name=\"twitter:label1\" content=\"Dur\u00e9e de lecture estim\u00e9e\" \/>\n\t<meta name=\"twitter:data1\" content=\"5 minutes\" \/>\n<script type=\"application\/ld+json\" class=\"yoast-schema-graph\">{\"@context\":\"https:\/\/schema.org\",\"@graph\":[{\"@type\":\"WebPage\",\"@id\":\"https:\/\/converzar.com\/fr\/politique-de-confidentialite\/\",\"url\":\"https:\/\/converzar.com\/fr\/politique-de-confidentialite\/\",\"name\":\"Politique de confidentialit\u00e9 - Converzar\",\"isPartOf\":{\"@id\":\"https:\/\/converzar.com\/fr\/#website\"},\"datePublished\":\"2024-11-28T09:15:30+00:00\",\"dateModified\":\"2025-07-15T13:55:35+00:00\",\"breadcrumb\":{\"@id\":\"https:\/\/converzar.com\/fr\/politique-de-confidentialite\/#breadcrumb\"},\"inLanguage\":\"fr-FR\",\"potentialAction\":[{\"@type\":\"ReadAction\",\"target\":[\"https:\/\/converzar.com\/fr\/politique-de-confidentialite\/\"]}]},{\"@type\":\"BreadcrumbList\",\"@id\":\"https:\/\/converzar.com\/fr\/politique-de-confidentialite\/#breadcrumb\",\"itemListElement\":[{\"@type\":\"ListItem\",\"position\":1,\"name\":\"Portada\",\"item\":\"https:\/\/converzar.com\/fr\/\"},{\"@type\":\"ListItem\",\"position\":2,\"name\":\"Politique de confidentialit\u00e9\"}]},{\"@type\":\"WebSite\",\"@id\":\"https:\/\/converzar.com\/fr\/#website\",\"url\":\"https:\/\/converzar.com\/fr\/\",\"name\":\"Converzar\",\"description\":\"\",\"potentialAction\":[{\"@type\":\"SearchAction\",\"target\":{\"@type\":\"EntryPoint\",\"urlTemplate\":\"https:\/\/converzar.com\/fr\/?s={search_term_string}\"},\"query-input\":{\"@type\":\"PropertyValueSpecification\",\"valueRequired\":true,\"valueName\":\"search_term_string\"}}],\"inLanguage\":\"fr-FR\"}]}<\/script>\n<!-- \/ Yoast SEO plugin. -->","yoast_head_json":{"title":"Politique de confidentialit\u00e9 - Converzar","robots":{"index":"index","follow":"follow","max-snippet":"max-snippet:-1","max-image-preview":"max-image-preview:large","max-video-preview":"max-video-preview:-1"},"canonical":"https:\/\/converzar.com\/fr\/politique-de-confidentialite\/","og_locale":"fr_FR","og_type":"article","og_title":"Politique de confidentialit\u00e9 - Converzar","og_description":"| Politique de confidentialit\u00e9 Ce...","og_url":"https:\/\/converzar.com\/fr\/politique-de-confidentialite\/","og_site_name":"Converzar","article_modified_time":"2025-07-15T13:55:35+00:00","twitter_card":"summary_large_image","twitter_misc":{"Dur\u00e9e de lecture estim\u00e9e":"5 minutes"},"schema":{"@context":"https:\/\/schema.org","@graph":[{"@type":"WebPage","@id":"https:\/\/converzar.com\/fr\/politique-de-confidentialite\/","url":"https:\/\/converzar.com\/fr\/politique-de-confidentialite\/","name":"Politique de confidentialit\u00e9 - Converzar","isPartOf":{"@id":"https:\/\/converzar.com\/fr\/#website"},"datePublished":"2024-11-28T09:15:30+00:00","dateModified":"2025-07-15T13:55:35+00:00","breadcrumb":{"@id":"https:\/\/converzar.com\/fr\/politique-de-confidentialite\/#breadcrumb"},"inLanguage":"fr-FR","potentialAction":[{"@type":"ReadAction","target":["https:\/\/converzar.com\/fr\/politique-de-confidentialite\/"]}]},{"@type":"BreadcrumbList","@id":"https:\/\/converzar.com\/fr\/politique-de-confidentialite\/#breadcrumb","itemListElement":[{"@type":"ListItem","position":1,"name":"Portada","item":"https:\/\/converzar.com\/fr\/"},{"@type":"ListItem","position":2,"name":"Politique de confidentialit\u00e9"}]},{"@type":"WebSite","@id":"https:\/\/converzar.com\/fr\/#website","url":"https:\/\/converzar.com\/fr\/","name":"Converzar","description":"","potentialAction":[{"@type":"SearchAction","target":{"@type":"EntryPoint","urlTemplate":"https:\/\/converzar.com\/fr\/?s={search_term_string}"},"query-input":{"@type":"PropertyValueSpecification","valueRequired":true,"valueName":"search_term_string"}}],"inLanguage":"fr-FR"}]}},"_links":{"self":[{"href":"https:\/\/converzar.com\/fr\/wp-json\/wp\/v2\/pages\/987505151","targetHints":{"allow":["GET"]}}],"collection":[{"href":"https:\/\/converzar.com\/fr\/wp-json\/wp\/v2\/pages"}],"about":[{"href":"https:\/\/converzar.com\/fr\/wp-json\/wp\/v2\/types\/page"}],"author":[{"embeddable":true,"href":"https:\/\/converzar.com\/fr\/wp-json\/wp\/v2\/users\/1"}],"replies":[{"embeddable":true,"href":"https:\/\/converzar.com\/fr\/wp-json\/wp\/v2\/comments?post=987505151"}],"version-history":[{"count":7,"href":"https:\/\/converzar.com\/fr\/wp-json\/wp\/v2\/pages\/987505151\/revisions"}],"predecessor-version":[{"id":987505226,"href":"https:\/\/converzar.com\/fr\/wp-json\/wp\/v2\/pages\/987505151\/revisions\/987505226"}],"wp:attachment":[{"href":"https:\/\/converzar.com\/fr\/wp-json\/wp\/v2\/media?parent=987505151"}],"curies":[{"name":"wp","href":"https:\/\/api.w.org\/{rel}","templated":true}]}}