{"id":987505155,"date":"2024-11-28T09:49:58","date_gmt":"2024-11-28T09:49:58","guid":{"rendered":"https:\/\/converzar.com\/canal-etico\/"},"modified":"2025-07-15T17:48:15","modified_gmt":"2025-07-15T17:48:15","slug":"chaine-ethique","status":"publish","type":"page","link":"https:\/\/converzar.com\/fr\/chaine-ethique\/","title":{"rendered":"Cha\u00eene \u00e9thique"},"content":{"rendered":"\t\t<div data-elementor-type=\"wp-page\" data-elementor-id=\"987505155\" class=\"elementor elementor-987505155 elementor-987502531\">\n\t\t\t\t<div class=\"elementor-element elementor-element-a3184c1 e-con-full e-flex parallax_section_no qode_elementor_container_no e-con e-parent\" data-id=\"a3184c1\" data-element_type=\"container\" data-settings=\"{&quot;background_background&quot;:&quot;classic&quot;}\">\n\t\t<div class=\"elementor-element elementor-element-7bba2da e-con-full e-flex parallax_section_no qode_elementor_container_no e-con e-child\" data-id=\"7bba2da\" data-element_type=\"container\">\n\t\t\t\t<div class=\"elementor-element elementor-element-d52322c elementor-widget__width-initial elementor-widget elementor-widget-text-editor\" data-id=\"d52322c\" data-element_type=\"widget\" data-widget_type=\"text-editor.default\">\n\t\t\t\t<div class=\"elementor-widget-container\">\n\t\t\t\t\t\t\t\t\t<h3><span style=\"font-weight: 400;\"><span style=\"color: #ed0928;\">|<\/span> <\/span>Cha\u00eene \u00e9thique<\/h3>\t\t\t\t\t\t\t\t<\/div>\n\t\t\t\t<\/div>\n\t\t\t\t<div class=\"elementor-element elementor-element-2be4dd4 elementor-widget elementor-widget-text-editor\" data-id=\"2be4dd4\" data-element_type=\"widget\" data-widget_type=\"text-editor.default\">\n\t\t\t\t<div class=\"elementor-widget-container\">\n\t\t\t\t\t\t\t\t\t<p>\u00ab\u00a0Targatis est le seul canal interne de CONVERZAR, et constitue donc la voie privil\u00e9gi\u00e9e pour signaler des actions ou omissions susceptibles de constituer une infraction p\u00e9nale ou administrative grave ou tr\u00e8s grave, ou une violation du droit de l\u2019Union europ\u00e9enne, conform\u00e9ment \u00e0 la Loi de protection des lanceurs d\u2019alerte.\u00a0\u00bb<\/p><p>Targatis garantit l\u2019anonymat et la confidentialit\u00e9 du lanceur d\u2019alerte, et un proc\u00e9d\u00e9 de gestion est \u00e9tabli au sein de CONVERZAR, reposant sur des principes essentiels tels que l\u2019objectivit\u00e9, l\u2019impartialit\u00e9, l\u2019ind\u00e9pendance, la protection du d\u00e9nonciateur, la transparence et le respect de la l\u00e9galit\u00e9.<\/p><p>Pour plus d\u2019informations sur les principes du syst\u00e8me interne d\u2019information :<br \/><a href=\"https:\/\/converzar.com\/wp-content\/uploads\/2024\/11\/Politica-del-SII.pdf\" target=\"_blank\" rel=\"noopener\">T\u00e9l\u00e9chargez la politique du syst\u00e8me<\/a><\/p><p>Pour plus d\u2019informations sur l\u2019utilisation du canal interne d\u2019information :<br \/><a href=\"https:\/\/converzar.com\/wp-content\/uploads\/2024\/11\/Manual-de-uso-del-Canal.pdf\" target=\"_blank\" rel=\"noopener\">T\u00e9l\u00e9chargez le manuel d\u2019utilisation<\/a><\/p><p>En cliquant sur le lien suivant, vous quittez le site web de CONVERZAR et serez redirig\u00e9 vers https:\/\/comunicaciones.targatis.com\/es o\u00f9 vous pourrez transmettre les informations souhait\u00e9es de mani\u00e8re confidentielle ou anonyme.<\/p><p>Nous vous rappelons que vos donn\u00e9es seront trait\u00e9es par le cabinet d\u2019avocats Waterwhale Europe, S.L.P. et ne seront jamais communiqu\u00e9es \u00e0 CONVERZAR.<\/p><p><a href=\"https:\/\/comunicaciones.targatis.com\/es\" target=\"_blank\" rel=\"noopener\">Acc\u00e8s au canal \u00e9thique<\/a><\/p>\t\t\t\t\t\t\t\t<\/div>\n\t\t\t\t<\/div>\n\t\t\t\t<\/div>\n\t\t\t\t<\/div>\n\t\t\t\t<\/div>\n\t\t","protected":false},"excerpt":{"rendered":"<p>| Cha\u00eene \u00e9thique \u00ab\u00a0Targatis est&#8230;<\/p>\n","protected":false},"author":1,"featured_media":0,"parent":0,"menu_order":0,"comment_status":"closed","ping_status":"closed","template":"qi-blocks-full-width.php","meta":{"_mbp_gutenberg_autopost":false,"footnotes":""},"class_list":["post-987505155","page","type-page","status-publish","hentry"],"yoast_head":"<!-- This site is optimized with the Yoast SEO plugin v24.8.1 - https:\/\/yoast.com\/wordpress\/plugins\/seo\/ -->\n<title>Cha\u00eene \u00e9thique - Converzar<\/title>\n<meta name=\"robots\" content=\"index, follow, max-snippet:-1, max-image-preview:large, max-video-preview:-1\" \/>\n<link rel=\"canonical\" href=\"https:\/\/converzar.com\/fr\/chaine-ethique\/\" \/>\n<meta property=\"og:locale\" content=\"fr_FR\" \/>\n<meta property=\"og:type\" content=\"article\" \/>\n<meta property=\"og:title\" content=\"Cha\u00eene \u00e9thique - Converzar\" \/>\n<meta property=\"og:description\" content=\"| Cha\u00eene \u00e9thique \u00ab\u00a0Targatis est...\" \/>\n<meta property=\"og:url\" content=\"https:\/\/converzar.com\/fr\/chaine-ethique\/\" \/>\n<meta property=\"og:site_name\" content=\"Converzar\" \/>\n<meta property=\"article:modified_time\" content=\"2025-07-15T17:48:15+00:00\" \/>\n<meta name=\"twitter:card\" content=\"summary_large_image\" \/>\n<meta name=\"twitter:label1\" content=\"Dur\u00e9e de lecture estim\u00e9e\" \/>\n\t<meta name=\"twitter:data1\" content=\"1 minute\" \/>\n<script type=\"application\/ld+json\" class=\"yoast-schema-graph\">{\"@context\":\"https:\/\/schema.org\",\"@graph\":[{\"@type\":\"WebPage\",\"@id\":\"https:\/\/converzar.com\/fr\/chaine-ethique\/\",\"url\":\"https:\/\/converzar.com\/fr\/chaine-ethique\/\",\"name\":\"Cha\u00eene \u00e9thique - Converzar\",\"isPartOf\":{\"@id\":\"https:\/\/converzar.com\/fr\/#website\"},\"datePublished\":\"2024-11-28T09:49:58+00:00\",\"dateModified\":\"2025-07-15T17:48:15+00:00\",\"breadcrumb\":{\"@id\":\"https:\/\/converzar.com\/fr\/chaine-ethique\/#breadcrumb\"},\"inLanguage\":\"fr-FR\",\"potentialAction\":[{\"@type\":\"ReadAction\",\"target\":[\"https:\/\/converzar.com\/fr\/chaine-ethique\/\"]}]},{\"@type\":\"BreadcrumbList\",\"@id\":\"https:\/\/converzar.com\/fr\/chaine-ethique\/#breadcrumb\",\"itemListElement\":[{\"@type\":\"ListItem\",\"position\":1,\"name\":\"Portada\",\"item\":\"https:\/\/converzar.com\/fr\/\"},{\"@type\":\"ListItem\",\"position\":2,\"name\":\"Cha\u00eene \u00e9thique\"}]},{\"@type\":\"WebSite\",\"@id\":\"https:\/\/converzar.com\/fr\/#website\",\"url\":\"https:\/\/converzar.com\/fr\/\",\"name\":\"Converzar\",\"description\":\"\",\"potentialAction\":[{\"@type\":\"SearchAction\",\"target\":{\"@type\":\"EntryPoint\",\"urlTemplate\":\"https:\/\/converzar.com\/fr\/?s={search_term_string}\"},\"query-input\":{\"@type\":\"PropertyValueSpecification\",\"valueRequired\":true,\"valueName\":\"search_term_string\"}}],\"inLanguage\":\"fr-FR\"}]}<\/script>\n<!-- \/ Yoast SEO plugin. -->","yoast_head_json":{"title":"Cha\u00eene \u00e9thique - Converzar","robots":{"index":"index","follow":"follow","max-snippet":"max-snippet:-1","max-image-preview":"max-image-preview:large","max-video-preview":"max-video-preview:-1"},"canonical":"https:\/\/converzar.com\/fr\/chaine-ethique\/","og_locale":"fr_FR","og_type":"article","og_title":"Cha\u00eene \u00e9thique - Converzar","og_description":"| Cha\u00eene \u00e9thique \u00ab\u00a0Targatis est...","og_url":"https:\/\/converzar.com\/fr\/chaine-ethique\/","og_site_name":"Converzar","article_modified_time":"2025-07-15T17:48:15+00:00","twitter_card":"summary_large_image","twitter_misc":{"Dur\u00e9e de lecture estim\u00e9e":"1 minute"},"schema":{"@context":"https:\/\/schema.org","@graph":[{"@type":"WebPage","@id":"https:\/\/converzar.com\/fr\/chaine-ethique\/","url":"https:\/\/converzar.com\/fr\/chaine-ethique\/","name":"Cha\u00eene \u00e9thique - Converzar","isPartOf":{"@id":"https:\/\/converzar.com\/fr\/#website"},"datePublished":"2024-11-28T09:49:58+00:00","dateModified":"2025-07-15T17:48:15+00:00","breadcrumb":{"@id":"https:\/\/converzar.com\/fr\/chaine-ethique\/#breadcrumb"},"inLanguage":"fr-FR","potentialAction":[{"@type":"ReadAction","target":["https:\/\/converzar.com\/fr\/chaine-ethique\/"]}]},{"@type":"BreadcrumbList","@id":"https:\/\/converzar.com\/fr\/chaine-ethique\/#breadcrumb","itemListElement":[{"@type":"ListItem","position":1,"name":"Portada","item":"https:\/\/converzar.com\/fr\/"},{"@type":"ListItem","position":2,"name":"Cha\u00eene \u00e9thique"}]},{"@type":"WebSite","@id":"https:\/\/converzar.com\/fr\/#website","url":"https:\/\/converzar.com\/fr\/","name":"Converzar","description":"","potentialAction":[{"@type":"SearchAction","target":{"@type":"EntryPoint","urlTemplate":"https:\/\/converzar.com\/fr\/?s={search_term_string}"},"query-input":{"@type":"PropertyValueSpecification","valueRequired":true,"valueName":"search_term_string"}}],"inLanguage":"fr-FR"}]}},"_links":{"self":[{"href":"https:\/\/converzar.com\/fr\/wp-json\/wp\/v2\/pages\/987505155","targetHints":{"allow":["GET"]}}],"collection":[{"href":"https:\/\/converzar.com\/fr\/wp-json\/wp\/v2\/pages"}],"about":[{"href":"https:\/\/converzar.com\/fr\/wp-json\/wp\/v2\/types\/page"}],"author":[{"embeddable":true,"href":"https:\/\/converzar.com\/fr\/wp-json\/wp\/v2\/users\/1"}],"replies":[{"embeddable":true,"href":"https:\/\/converzar.com\/fr\/wp-json\/wp\/v2\/comments?post=987505155"}],"version-history":[{"count":7,"href":"https:\/\/converzar.com\/fr\/wp-json\/wp\/v2\/pages\/987505155\/revisions"}],"predecessor-version":[{"id":987505234,"href":"https:\/\/converzar.com\/fr\/wp-json\/wp\/v2\/pages\/987505155\/revisions\/987505234"}],"wp:attachment":[{"href":"https:\/\/converzar.com\/fr\/wp-json\/wp\/v2\/media?parent=987505155"}],"curies":[{"name":"wp","href":"https:\/\/api.w.org\/{rel}","templated":true}]}}