{"id":987505157,"date":"2024-11-28T10:29:45","date_gmt":"2024-11-28T10:29:45","guid":{"rendered":"https:\/\/converzar.com\/condiciones-generales-de-venta\/"},"modified":"2025-07-15T17:49:39","modified_gmt":"2025-07-15T17:49:39","slug":"conditions-generales-de-vente","status":"publish","type":"page","link":"https:\/\/converzar.com\/fr\/conditions-generales-de-vente\/","title":{"rendered":"Conditions g\u00e9n\u00e9rales de vente"},"content":{"rendered":"\t\t<div data-elementor-type=\"wp-page\" data-elementor-id=\"987505157\" class=\"elementor elementor-987505157 elementor-987502549\">\n\t\t\t\t<div class=\"elementor-element elementor-element-a3184c1 e-con-full e-flex parallax_section_no qode_elementor_container_no e-con e-parent\" data-id=\"a3184c1\" data-element_type=\"container\" data-settings=\"{&quot;background_background&quot;:&quot;classic&quot;}\">\n\t\t<div class=\"elementor-element elementor-element-7bba2da e-con-full e-flex parallax_section_no qode_elementor_container_no e-con e-child\" data-id=\"7bba2da\" data-element_type=\"container\">\n\t\t\t\t<div class=\"elementor-element elementor-element-d52322c elementor-widget__width-initial elementor-widget elementor-widget-text-editor\" data-id=\"d52322c\" data-element_type=\"widget\" data-widget_type=\"text-editor.default\">\n\t\t\t\t<div class=\"elementor-widget-container\">\n\t\t\t\t\t\t\t\t\t<h3><span style=\"font-weight: 400;\"><span style=\"color: #ed0928;\">|<\/span> <\/span>\nConditions g\u00e9n\u00e9rales de vente<\/h3>\t\t\t\t\t\t\t\t<\/div>\n\t\t\t\t<\/div>\n\t\t\t\t<div class=\"elementor-element elementor-element-2be4dd4 elementor-widget elementor-widget-text-editor\" data-id=\"2be4dd4\" data-element_type=\"widget\" data-widget_type=\"text-editor.default\">\n\t\t\t\t<div class=\"elementor-widget-container\">\n\t\t\t\t\t\t\t\t\t<p><strong>COMERCIAL EDIZAR, S.A.<\/strong> a mis en place les normes de qualit\u00e9 ISO 9001 et 14001 comme r\u00e9f\u00e9rence dans ses activit\u00e9s, afin de souligner son engagement en mati\u00e8re de qualit\u00e9. C\u2019est pourquoi le pr\u00e9sent document d\u00e9crit les engagements et conditions concernant la fourniture de marchandises par COMERCIAL EDIZAR, S.A. en cons\u00e9quence de toutes les commandes pass\u00e9es par ses clients\/acheteurs.<\/p><p><strong>PRIX :<\/strong> Les prix figurant sur nos bons de livraison et factures sont ceux convenus dans nos offres et n\u2019incluent pas la TVA ni autres taxes en vigueur.<\/p><p><strong>DELAI DE LIVRAISON :<\/strong> Le d\u00e9lai de livraison sera effectu\u00e9 selon les conditions convenues pour chaque commande, \u00e9tant toujours indicatif. COMERCIAL EDIZAR, S.A. ne pourra en aucun cas \u00eatre tenu responsable des retards pouvant survenir, qu\u2019ils soient dus \u00e0 des causes ind\u00e9pendantes de sa volont\u00e9 ou \u00e0 force majeure.<\/p><p><strong>TRANSPORT DES MARCHANDISES :<\/strong> Les marchandises sont consid\u00e9r\u00e9es comme \u00e9tant en possession du client\/acheteur d\u00e8s leur sortie de nos entrep\u00f4ts, voyageant \u00e0 ses risques et p\u00e9rils, m\u00eame si elles sont envoy\u00e9es en port pay\u00e9, quelle que soit la soci\u00e9t\u00e9 de transport.<\/p><p>Les envois sont en port pay\u00e9 \u00e0 partir de montants de 600 \u20ac par envoi pour tout le territoire national p\u00e9ninsulaire, \u00e0 l\u2019exception de Ceuta, Melilla et des \u00eeles Canaries, o\u00f9 les frais de port sont toujours \u00e0 la charge du client\/acheteur. Si le client souhaite recevoir la marchandise par ses propres moyens, il doit effectuer les d\u00e9marches n\u00e9cessaires.<\/p><p><strong>RECEPTION DES MARCHANDISES :<\/strong> Les marchandises livr\u00e9es sont consid\u00e9r\u00e9es conformes \u00e0 ce qui a \u00e9t\u00e9 convenu \u00e0 moins qu\u2019aucune r\u00e9clamation ne soit faite dans les 5 jours suivant la date de r\u00e9ception par le client\/acheteur. En cas de livraison jug\u00e9e d\u00e9fectueuse en raison de vices cach\u00e9s (non d\u00e9tectables \u00e0 la vue), le droit se limite au remplacement ou \u00e0 l\u2019annulation de la commande, toute autre forme d\u2019indemnisation \u00e9tant exclue.<\/p><p><strong>QUALIT\u00c9 :<\/strong> COMERCIAL EDIZAR, S.A. s\u2019engage \u00e0 informer le client de toutes les donn\u00e9es techniques du produit via la fiche technique, ainsi que des pr\u00e9cautions \u00e0 prendre lors de son utilisation, stockage, \u00e9tiquetage et emballage, etc., via les donn\u00e9es contenues dans la fiche de donn\u00e9es de s\u00e9curit\u00e9.<\/p><p>Il incombe \u00e0 l\u2019utilisateur de d\u00e9terminer l\u2019ad\u00e9quation des produits aux usages et applications pr\u00e9vus, conform\u00e9ment \u00e0 la r\u00e9glementation en vigueur (REACH et autres), ainsi que l\u2019aptitude des moyens de production et d\u2019application, les r\u00e9sultats relevant de sa seule responsabilit\u00e9. \u00c0 cet effet, des tests appropri\u00e9s devront \u00eatre effectu\u00e9s pour les usages pr\u00e9vus, incluant le temps de durcissement et la dur\u00e9e de vie.<\/p><p>Il revient \u00e9galement \u00e0 l\u2019utilisateur de prendre les pr\u00e9cautions recommand\u00e9es pour prot\u00e9ger toute personne ou bien des risques li\u00e9s \u00e0 la manipulation et \u00e0 l\u2019utilisation des produits. COMERCIAL EDIZAR, S.A. d\u00e9cline express\u00e9ment toute responsabilit\u00e9 en cas de dommages de toute nature, directs ou indirects, r\u00e9sultant de l\u2019utilisation des produits, y compris la perte de b\u00e9n\u00e9fices.<\/p><p><strong>RETOURS :<\/strong> Si la marchandise livr\u00e9e est jug\u00e9e d\u00e9fectueuse, l\u2019autorisation de retour sera accord\u00e9e, entra\u00eenant son remplacement ou l\u2019annulation de la fourniture. Si la marchandise retourn\u00e9e, apr\u00e8s examen, s\u2019av\u00e8re d\u00e9fectueuse en raison d\u2019une mauvaise utilisation, stockage, conservation, etc., elle sera renvoy\u00e9e au client\/acheteur avec facturation correspondante.<\/p><p>Dans les cas o\u00f9 il est objectivement prouv\u00e9 que le mat\u00e9riel fourni est non conforme, erron\u00e9, etc., COMERCIAL EDIZAR, S.A. s\u2019engage uniquement \u00e0 rembourser ou remplacer le mat\u00e9riel concern\u00e9.<\/p><p><strong>PAIEMENT :<\/strong> Les conditions de facturation et de paiement doivent se conformer \u00e0 la r\u00e9glementation en vigueur \u00e0 tout moment.<\/p><p>L\u2019inscription des conditions de paiement sur la facture constitue une autorisation explicite d\u2019\u00e9mettre des virements \u00e0 l\u2019\u00e9tablissement bancaire indiqu\u00e9.<\/p><p>La marchandise reste la propri\u00e9t\u00e9 de COMERCIAL EDIZAR, S.A. tant que le paiement n\u2019a pas \u00e9t\u00e9 effectu\u00e9. En cas de retard de paiement, COMERCIAL EDIZAR, S.A. se r\u00e9serve le droit de suspendre la fourniture de nouvelles commandes ou la relation commerciale, sans renoncer \u00e0 r\u00e9clamer des dommages et int\u00e9r\u00eats ainsi que des int\u00e9r\u00eats de retard.<\/p><p><strong>D\u00c9CHETS :<\/strong> Le d\u00e9tenteur des d\u00e9chets d\u2019emballage final ou usag\u00e9 est responsable de leur gestion environnementale correcte, conform\u00e9ment \u00e0 la r\u00e9glementation en vigueur.<\/p><p><strong>AUTRES INFORMATIONS :<\/strong> Ces conditions g\u00e9n\u00e9rales de vente sont r\u00e9put\u00e9es accept\u00e9es par l\u2019acheteur et seront incluses dans toute offre commerciale. Pour r\u00e9soudre toute interpr\u00e9tation et\/ou application des pr\u00e9sentes, les deux parties conviennent de se soumettre aux tribunaux comp\u00e9tents de la ville de Saragosse.<\/p><p><strong>LOI ORGANIQUE SUR LA PROTECTION DES DONN\u00c9ES :<\/strong> Conform\u00e9ment \u00e0 la Loi Organique 15\/1999 relative \u00e0 la Protection des Donn\u00e9es \u00e0 Caract\u00e8re Personnel, nous vous informons que vos donn\u00e9es personnelles seront int\u00e9gr\u00e9es dans un fichier automatis\u00e9 sous la responsabilit\u00e9 de COMERCIAL EDIZAR, S.A., dans le but de g\u00e9rer les engagements d\u00e9coulant de la relation commerciale. Vous pouvez exercer vos droits d\u2019acc\u00e8s, de suppression, de rectification et d\u2019opposition par \u00e9crit \u00e0 l\u2019adresse suivante : Pol\u00edgono de Malpica, C\/F Oeste, Grupo Quejido, nave 64, 50016 Saragosse. Tant que vous ne nous communiquerez pas de modification, nous consid\u00e9rerons que vos donn\u00e9es n\u2019ont pas chang\u00e9, que vous vous engagez \u00e0 nous notifier tout changement et que vous consentez \u00e0 leur utilisation afin de fid\u00e9liser la relation entre les parties.<\/p>\t\t\t\t\t\t\t\t<\/div>\n\t\t\t\t<\/div>\n\t\t\t\t<\/div>\n\t\t\t\t<\/div>\n\t\t\t\t<\/div>\n\t\t","protected":false},"excerpt":{"rendered":"<p>| Conditions g\u00e9n\u00e9rales de vente&#8230;<\/p>\n","protected":false},"author":1,"featured_media":0,"parent":0,"menu_order":0,"comment_status":"closed","ping_status":"closed","template":"qi-blocks-full-width.php","meta":{"_mbp_gutenberg_autopost":false,"footnotes":""},"class_list":["post-987505157","page","type-page","status-publish","hentry"],"yoast_head":"<!-- This site is optimized with the Yoast SEO plugin v24.8.1 - https:\/\/yoast.com\/wordpress\/plugins\/seo\/ -->\n<title>Conditions g\u00e9n\u00e9rales de vente - Converzar<\/title>\n<meta name=\"robots\" content=\"index, follow, max-snippet:-1, max-image-preview:large, max-video-preview:-1\" \/>\n<link rel=\"canonical\" href=\"https:\/\/converzar.com\/fr\/conditions-generales-de-vente\/\" \/>\n<meta property=\"og:locale\" content=\"fr_FR\" \/>\n<meta property=\"og:type\" content=\"article\" \/>\n<meta property=\"og:title\" content=\"Conditions g\u00e9n\u00e9rales de vente - Converzar\" \/>\n<meta property=\"og:description\" content=\"| Conditions g\u00e9n\u00e9rales de vente...\" \/>\n<meta property=\"og:url\" content=\"https:\/\/converzar.com\/fr\/conditions-generales-de-vente\/\" \/>\n<meta property=\"og:site_name\" content=\"Converzar\" \/>\n<meta property=\"article:modified_time\" content=\"2025-07-15T17:49:39+00:00\" \/>\n<meta name=\"twitter:card\" content=\"summary_large_image\" \/>\n<meta name=\"twitter:label1\" content=\"Dur\u00e9e de lecture estim\u00e9e\" \/>\n\t<meta name=\"twitter:data1\" content=\"5 minutes\" \/>\n<script type=\"application\/ld+json\" class=\"yoast-schema-graph\">{\"@context\":\"https:\/\/schema.org\",\"@graph\":[{\"@type\":\"WebPage\",\"@id\":\"https:\/\/converzar.com\/fr\/conditions-generales-de-vente\/\",\"url\":\"https:\/\/converzar.com\/fr\/conditions-generales-de-vente\/\",\"name\":\"Conditions g\u00e9n\u00e9rales de vente - Converzar\",\"isPartOf\":{\"@id\":\"https:\/\/converzar.com\/fr\/#website\"},\"datePublished\":\"2024-11-28T10:29:45+00:00\",\"dateModified\":\"2025-07-15T17:49:39+00:00\",\"breadcrumb\":{\"@id\":\"https:\/\/converzar.com\/fr\/conditions-generales-de-vente\/#breadcrumb\"},\"inLanguage\":\"fr-FR\",\"potentialAction\":[{\"@type\":\"ReadAction\",\"target\":[\"https:\/\/converzar.com\/fr\/conditions-generales-de-vente\/\"]}]},{\"@type\":\"BreadcrumbList\",\"@id\":\"https:\/\/converzar.com\/fr\/conditions-generales-de-vente\/#breadcrumb\",\"itemListElement\":[{\"@type\":\"ListItem\",\"position\":1,\"name\":\"Portada\",\"item\":\"https:\/\/converzar.com\/fr\/\"},{\"@type\":\"ListItem\",\"position\":2,\"name\":\"Conditions g\u00e9n\u00e9rales de vente\"}]},{\"@type\":\"WebSite\",\"@id\":\"https:\/\/converzar.com\/fr\/#website\",\"url\":\"https:\/\/converzar.com\/fr\/\",\"name\":\"Converzar\",\"description\":\"\",\"potentialAction\":[{\"@type\":\"SearchAction\",\"target\":{\"@type\":\"EntryPoint\",\"urlTemplate\":\"https:\/\/converzar.com\/fr\/?s={search_term_string}\"},\"query-input\":{\"@type\":\"PropertyValueSpecification\",\"valueRequired\":true,\"valueName\":\"search_term_string\"}}],\"inLanguage\":\"fr-FR\"}]}<\/script>\n<!-- \/ Yoast SEO plugin. -->","yoast_head_json":{"title":"Conditions g\u00e9n\u00e9rales de vente - Converzar","robots":{"index":"index","follow":"follow","max-snippet":"max-snippet:-1","max-image-preview":"max-image-preview:large","max-video-preview":"max-video-preview:-1"},"canonical":"https:\/\/converzar.com\/fr\/conditions-generales-de-vente\/","og_locale":"fr_FR","og_type":"article","og_title":"Conditions g\u00e9n\u00e9rales de vente - Converzar","og_description":"| Conditions g\u00e9n\u00e9rales de vente...","og_url":"https:\/\/converzar.com\/fr\/conditions-generales-de-vente\/","og_site_name":"Converzar","article_modified_time":"2025-07-15T17:49:39+00:00","twitter_card":"summary_large_image","twitter_misc":{"Dur\u00e9e de lecture estim\u00e9e":"5 minutes"},"schema":{"@context":"https:\/\/schema.org","@graph":[{"@type":"WebPage","@id":"https:\/\/converzar.com\/fr\/conditions-generales-de-vente\/","url":"https:\/\/converzar.com\/fr\/conditions-generales-de-vente\/","name":"Conditions g\u00e9n\u00e9rales de vente - Converzar","isPartOf":{"@id":"https:\/\/converzar.com\/fr\/#website"},"datePublished":"2024-11-28T10:29:45+00:00","dateModified":"2025-07-15T17:49:39+00:00","breadcrumb":{"@id":"https:\/\/converzar.com\/fr\/conditions-generales-de-vente\/#breadcrumb"},"inLanguage":"fr-FR","potentialAction":[{"@type":"ReadAction","target":["https:\/\/converzar.com\/fr\/conditions-generales-de-vente\/"]}]},{"@type":"BreadcrumbList","@id":"https:\/\/converzar.com\/fr\/conditions-generales-de-vente\/#breadcrumb","itemListElement":[{"@type":"ListItem","position":1,"name":"Portada","item":"https:\/\/converzar.com\/fr\/"},{"@type":"ListItem","position":2,"name":"Conditions g\u00e9n\u00e9rales de vente"}]},{"@type":"WebSite","@id":"https:\/\/converzar.com\/fr\/#website","url":"https:\/\/converzar.com\/fr\/","name":"Converzar","description":"","potentialAction":[{"@type":"SearchAction","target":{"@type":"EntryPoint","urlTemplate":"https:\/\/converzar.com\/fr\/?s={search_term_string}"},"query-input":{"@type":"PropertyValueSpecification","valueRequired":true,"valueName":"search_term_string"}}],"inLanguage":"fr-FR"}]}},"_links":{"self":[{"href":"https:\/\/converzar.com\/fr\/wp-json\/wp\/v2\/pages\/987505157","targetHints":{"allow":["GET"]}}],"collection":[{"href":"https:\/\/converzar.com\/fr\/wp-json\/wp\/v2\/pages"}],"about":[{"href":"https:\/\/converzar.com\/fr\/wp-json\/wp\/v2\/types\/page"}],"author":[{"embeddable":true,"href":"https:\/\/converzar.com\/fr\/wp-json\/wp\/v2\/users\/1"}],"replies":[{"embeddable":true,"href":"https:\/\/converzar.com\/fr\/wp-json\/wp\/v2\/comments?post=987505157"}],"version-history":[{"count":7,"href":"https:\/\/converzar.com\/fr\/wp-json\/wp\/v2\/pages\/987505157\/revisions"}],"predecessor-version":[{"id":987505237,"href":"https:\/\/converzar.com\/fr\/wp-json\/wp\/v2\/pages\/987505157\/revisions\/987505237"}],"wp:attachment":[{"href":"https:\/\/converzar.com\/fr\/wp-json\/wp\/v2\/media?parent=987505157"}],"curies":[{"name":"wp","href":"https:\/\/api.w.org\/{rel}","templated":true}]}}